{"id":15,"date":"2015-11-18T15:35:13","date_gmt":"2015-11-18T15:35:13","guid":{"rendered":"http:\/\/stay.bedandchai.com\/?page_id=15"},"modified":"2016-06-21T06:59:02","modified_gmt":"2016-06-21T06:59:02","slug":"frro","status":"publish","type":"page","link":"https:\/\/stay.bedandchai.com\/fr\/frro\/","title":{"rendered":"Le FRRO"},"content":{"rendered":"<h2>Le FRRO<\/h2>\n<p><a href=\"http:\/\/stay.bedandchai.com\/wp-content\/uploads\/2016\/02\/frro.jpg\" rel=\"attachment wp-att-201\"><img loading=\"lazy\" decoding=\"async\" class=\"alignleft size-medium wp-image-201\" src=\"http:\/\/stay.bedandchai.com\/wp-content\/uploads\/2016\/02\/frro-222x300.jpg\" alt=\"frro\" width=\"222\" height=\"300\" srcset=\"https:\/\/stay.bedandchai.com\/wp-content\/uploads\/2016\/02\/frro-222x300.jpg 222w, https:\/\/stay.bedandchai.com\/wp-content\/uploads\/2016\/02\/frro-768x1037.jpg 768w, https:\/\/stay.bedandchai.com\/wp-content\/uploads\/2016\/02\/frro-759x1024.jpg 759w, https:\/\/stay.bedandchai.com\/wp-content\/uploads\/2016\/02\/frro.jpg 1255w\" sizes=\"auto, (max-width: 222px) 100vw, 222px\" \/><\/a>Si vous avez un visa de plus de 6 mois ou si une petite ligne indique que vous devez vous enregistrez a votre arriv\u00e9e, vous devrez vous rendre au <a href=\"http:\/\/indianfrro.gov.in\/frro\/\" target=\"_blank\">FRRO<\/a>.<\/p>\n<p>C\u2019est \u00e9galement l\u2019endroit o\u00f9 se rendre en cas de\u00a0:<\/p>\n<ul>\n<li>Demande d\u2019extension de visa<\/li>\n<li>Perte de passeport (mais se rendre d\u2019abord \u00e0 votre ambassade)<\/li>\n<li>Enregistrement d\u2019une naissance<\/li>\n<\/ul>\n<p>Le FRRO est un espace unique, un concentr\u00e9 du monde en soi o\u00f9 vous rencontrerez tout type de personnalit\u00e9s et nationalit\u00e9s ! Il faut prendre cette \u00e9tape avec flegme, patience et sourire. Et voir les c\u00f4t\u00e9s positifs : un super lieu de rencontres (o\u00f9 vous aurez surement quelques heures \u00e0 passer, autant en profiter pour entamer la conversation), o\u00f9 observer la bureaucratie, mais surtout au final la patience du personnel.<\/p>\n<p>Vous devez vous enregistrer dans les 2 semaines apr\u00e8s votre arriv\u00e9e ou vous devrez payer des p\u00e9nalit\u00e9s.<\/p>\n<h2>Premi\u00e8re \u00e9tape\u00a0: l\u2019enregistrement en ligne<\/h2>\n<p>Avant de vous y rendre, enregistrez-vous en ligne <a href=\"http:\/\/indianfrro.gov.in\/frro\/\">http:\/\/indianfrro.gov.in\/frro\/<\/a><\/p>\n<p>Le plus dur est de r\u00e9ussir \u00e0 compresser les documents pour que leur taille soit inf\u00e9rieure \u00e0 200ko. Un casse-t\u00eate pour certains documents\u00a0!<\/p>\n<p>La liste des documents \u00e0 fournir sera indiqu\u00e9e \u00e0 la fin du formulaire.<\/p>\n<p><strong>Preuve d\u2019adresse<\/strong>\u00a0: vous n\u2019avez pas encore trouv\u00e9 d\u2019appartement\u00a0? Demandez \u00e0 votre h\u00f4tel votre C-Form. Vous devrez cependant retourner au FRRO pour changer votre adresse une fois \u00e9tabli. Attention, il arrive que le FRRO vienne contr\u00f4ler sur place.<\/p>\n<p><strong>Police verification<\/strong> : si possible essayer d\u2019obtenir un police verification form (votre propri\u00e9taire doit vous enregistrer aupr\u00e8s de la police locale) ou il vous sera peut-\u00eatre demande de revenir avec. Ce n\u2019est en g\u00e9n\u00e9ral pas un document bloquant l\u2019enregistrement.<\/p>\n<h2>Rendez-vous<\/h2>\n<p>Un rendez-vous vous sera indiqu\u00e9 sur le formulaire. L\u2019horaire n\u2019est pas tr\u00e8s important. Vous devez juste vous y rendre avant 15h. Voire ci-dessous nos conseils.<\/p>\n<p>Des agents peuvent vous accompagner, mais le service est assez cher pour peu d\u2019avantages. Si vous \u00eates bien organis\u00e9s, la proc\u00e9dure se fait en une demi-journ\u00e9e.<\/p>\n<p>A votre arriv\u00e9e, vous devrez passer un premier comptoir \u00e0 l\u2019ext\u00e9rieur. Vous devrez vous y enregistrer, montrer votre passeport et la raison de votre venue. Un num\u00e9ro vous sera alors donn\u00e9.<\/p>\n<p>Passez le portail de s\u00e9curit\u00e9, vous devrez attendre votre tour. Un second comptoir examinera alors votre dossier, qu\u2019il ne manque pas de documents. C\u2019est l\u2019\u00e9tape la plus compliqu\u00e9e. Souriez, \u00e7a peut aider\u00a0!<\/p>\n<p>Vous passerez ensuite \u00e0 plusieurs comptoirs selon votre demande\u00a0: v\u00e9rification du MCA, enregistrement de vos donn\u00e9es, payement, validation finale, etc. Il se peut qu\u2019un officier remarque un document manquant, il faudra donc revenir.<\/p>\n<h2>Resident Permit ou Stay Visa<\/h2>\n<p>Un resident permit ou stay visa vous sera alors remis. Ne le perdez pas, gardez en un scan et surtout prenez le avec vous quand vous sortez du territoire. 1 chance sur 2 pour que l&rsquo;officier \u00e0 l&rsquo;immigration vous le demande.<\/p>\n<h2>Quelques conseils<\/h2>\n<p>Pensez \u00e0 prendre votre ordinateur avec tous vos documents. S\u2019il en manque un, un internet caf\u00e9 se trouve \u00e0 la gauche du FRRO.<\/p>\n<p>Besoin d\u2019une photocopie suppl\u00e9mentaire\u00a0? Vous trouverez le service sur place, \u00e0 l\u2019ext\u00e9rieur.<\/p>\n<p>Besoin d\u2019une photocopie certifi\u00e9e\u00a0? Un notaire peu regardant se trouve \u00e0 la droite du FRRO a environ 300m (petit shop).<\/p>\n<p>Horaire\u00a0: de 9h \u00e0 15h. Apres 15h, seuls les dossiers en cours sont \u00e9tudi\u00e9s.<\/p>\n<p>Les employ\u00e9s ont une pause d\u00e9jeuner de 13h30 \u00e0 14h. Apres 14h, l\u2019ambiance est plus relax. Un passage \u00e0 14h45 est en g\u00e9n\u00e9ral plus rapide.<\/p>\n<p>Pour \u00e9viter la queue du matin, venir vers 8h\/8h30 et vous pr\u00e9enregistrez (feuille sur une table).<\/p>\n<h2>Adresse<\/h2>\n<p>East Block \u2014VIII, Level -2 Sector -1, R.K Puram New Delhi-66<\/p>\n","protected":false},"excerpt":{"rendered":"<p>Le FRRO Si vous avez un visa de plus de 6 mois ou si une petite ligne indique que vous devez vous enregistrez a votre arriv\u00e9e, vous devrez vous rendre au FRRO. C\u2019est \u00e9galement l\u2019endroit o\u00f9 se rendre en cas de\u00a0: Demande d\u2019extension de visa Perte de passeport (mais se [&hellip;]<\/p>\n","protected":false},"author":2,"featured_media":0,"parent":0,"menu_order":0,"comment_status":"closed","ping_status":"closed","template":"","meta":{"_bbp_topic_count":0,"_bbp_reply_count":0,"_bbp_total_topic_count":0,"_bbp_total_reply_count":0,"_bbp_voice_count":0,"_bbp_anonymous_reply_count":0,"_bbp_topic_count_hidden":0,"_bbp_reply_count_hidden":0,"_bbp_forum_subforum_count":0,"_themeisle_gutenberg_block_has_review":false,"footnotes":""},"class_list":["post-15","page","type-page","status-publish","hentry"],"yoast_head":"<!-- This site is optimized with the Yoast SEO plugin v27.4 - https:\/\/yoast.com\/product\/yoast-seo-wordpress\/ -->\n<title>Le FRRO - S&#039;installer \u00e0 Delhi avec Bed &amp; Chai<\/title>\n<meta name=\"robots\" content=\"index, follow, max-snippet:-1, max-image-preview:large, max-video-preview:-1\" \/>\n<link rel=\"canonical\" href=\"https:\/\/stay.bedandchai.com\/fr\/frro\/\" \/>\n<meta property=\"og:locale\" content=\"fr_FR\" \/>\n<meta property=\"og:type\" content=\"article\" \/>\n<meta property=\"og:title\" content=\"Le FRRO - S&#039;installer \u00e0 Delhi avec Bed &amp; Chai\" \/>\n<meta property=\"og:description\" content=\"Le FRRO Si vous avez un visa de plus de 6 mois ou si une petite ligne indique que vous devez vous enregistrez a votre arriv\u00e9e, vous devrez vous rendre au FRRO. C\u2019est \u00e9galement l\u2019endroit o\u00f9 se rendre en cas de\u00a0: Demande d\u2019extension de visa Perte de passeport (mais se [&hellip;]\" \/>\n<meta property=\"og:url\" content=\"https:\/\/stay.bedandchai.com\/fr\/frro\/\" \/>\n<meta property=\"og:site_name\" content=\"S&#039;installer \u00e0 Delhi avec Bed &amp; Chai\" \/>\n<meta property=\"article:modified_time\" content=\"2016-06-21T06:59:02+00:00\" \/>\n<meta property=\"og:image\" content=\"https:\/\/stay.bedandchai.com\/wp-content\/uploads\/2016\/02\/frro.jpg\" \/>\n\t<meta property=\"og:image:width\" content=\"1255\" \/>\n\t<meta property=\"og:image:height\" content=\"1694\" \/>\n\t<meta property=\"og:image:type\" content=\"image\/jpeg\" \/>\n<meta name=\"twitter:card\" content=\"summary_large_image\" \/>\n<meta name=\"twitter:label1\" content=\"Dur\u00e9e de lecture estim\u00e9e\" \/>\n\t<meta name=\"twitter:data1\" content=\"3 minutes\" \/>\n<script type=\"application\/ld+json\" class=\"yoast-schema-graph\">{\"@context\":\"https:\\\/\\\/schema.org\",\"@graph\":[{\"@type\":\"WebPage\",\"@id\":\"https:\\\/\\\/stay.bedandchai.com\\\/fr\\\/frro\\\/\",\"url\":\"https:\\\/\\\/stay.bedandchai.com\\\/fr\\\/frro\\\/\",\"name\":\"Le FRRO - S&#039;installer \u00e0 Delhi avec Bed &amp; Chai\",\"isPartOf\":{\"@id\":\"https:\\\/\\\/stay.bedandchai.com\\\/#website\"},\"primaryImageOfPage\":{\"@id\":\"https:\\\/\\\/stay.bedandchai.com\\\/fr\\\/frro\\\/#primaryimage\"},\"image\":{\"@id\":\"https:\\\/\\\/stay.bedandchai.com\\\/fr\\\/frro\\\/#primaryimage\"},\"thumbnailUrl\":\"http:\\\/\\\/stay.bedandchai.com\\\/wp-content\\\/uploads\\\/2016\\\/02\\\/frro-222x300.jpg\",\"datePublished\":\"2015-11-18T15:35:13+00:00\",\"dateModified\":\"2016-06-21T06:59:02+00:00\",\"breadcrumb\":{\"@id\":\"https:\\\/\\\/stay.bedandchai.com\\\/fr\\\/frro\\\/#breadcrumb\"},\"inLanguage\":\"fr-FR\",\"potentialAction\":[{\"@type\":\"ReadAction\",\"target\":[\"https:\\\/\\\/stay.bedandchai.com\\\/fr\\\/frro\\\/\"]}]},{\"@type\":\"ImageObject\",\"inLanguage\":\"fr-FR\",\"@id\":\"https:\\\/\\\/stay.bedandchai.com\\\/fr\\\/frro\\\/#primaryimage\",\"url\":\"http:\\\/\\\/stay.bedandchai.com\\\/wp-content\\\/uploads\\\/2016\\\/02\\\/frro-222x300.jpg\",\"contentUrl\":\"http:\\\/\\\/stay.bedandchai.com\\\/wp-content\\\/uploads\\\/2016\\\/02\\\/frro-222x300.jpg\"},{\"@type\":\"BreadcrumbList\",\"@id\":\"https:\\\/\\\/stay.bedandchai.com\\\/fr\\\/frro\\\/#breadcrumb\",\"itemListElement\":[{\"@type\":\"ListItem\",\"position\":1,\"name\":\"Home\",\"item\":\"https:\\\/\\\/stay.bedandchai.com\\\/\"},{\"@type\":\"ListItem\",\"position\":2,\"name\":\"Le FRRO\"}]},{\"@type\":\"WebSite\",\"@id\":\"https:\\\/\\\/stay.bedandchai.com\\\/#website\",\"url\":\"https:\\\/\\\/stay.bedandchai.com\\\/\",\"name\":\"S&#039;installer \u00e0 Delhi avec Bed &amp; Chai\",\"description\":\"Pour une arriv\u00e9e en douceur\",\"potentialAction\":[{\"@type\":\"SearchAction\",\"target\":{\"@type\":\"EntryPoint\",\"urlTemplate\":\"https:\\\/\\\/stay.bedandchai.com\\\/?s={search_term_string}\"},\"query-input\":{\"@type\":\"PropertyValueSpecification\",\"valueRequired\":true,\"valueName\":\"search_term_string\"}}],\"inLanguage\":\"fr-FR\"}]}<\/script>\n<!-- \/ Yoast SEO plugin. -->","yoast_head_json":{"title":"Le FRRO - S&#039;installer \u00e0 Delhi avec Bed &amp; Chai","robots":{"index":"index","follow":"follow","max-snippet":"max-snippet:-1","max-image-preview":"max-image-preview:large","max-video-preview":"max-video-preview:-1"},"canonical":"https:\/\/stay.bedandchai.com\/fr\/frro\/","og_locale":"fr_FR","og_type":"article","og_title":"Le FRRO - S&#039;installer \u00e0 Delhi avec Bed &amp; Chai","og_description":"Le FRRO Si vous avez un visa de plus de 6 mois ou si une petite ligne indique que vous devez vous enregistrez a votre arriv\u00e9e, vous devrez vous rendre au FRRO. C\u2019est \u00e9galement l\u2019endroit o\u00f9 se rendre en cas de\u00a0: Demande d\u2019extension de visa Perte de passeport (mais se [&hellip;]","og_url":"https:\/\/stay.bedandchai.com\/fr\/frro\/","og_site_name":"S&#039;installer \u00e0 Delhi avec Bed &amp; Chai","article_modified_time":"2016-06-21T06:59:02+00:00","og_image":[{"width":1255,"height":1694,"url":"https:\/\/stay.bedandchai.com\/wp-content\/uploads\/2016\/02\/frro.jpg","type":"image\/jpeg"}],"twitter_card":"summary_large_image","twitter_misc":{"Dur\u00e9e de lecture estim\u00e9e":"3 minutes"},"schema":{"@context":"https:\/\/schema.org","@graph":[{"@type":"WebPage","@id":"https:\/\/stay.bedandchai.com\/fr\/frro\/","url":"https:\/\/stay.bedandchai.com\/fr\/frro\/","name":"Le FRRO - S&#039;installer \u00e0 Delhi avec Bed &amp; Chai","isPartOf":{"@id":"https:\/\/stay.bedandchai.com\/#website"},"primaryImageOfPage":{"@id":"https:\/\/stay.bedandchai.com\/fr\/frro\/#primaryimage"},"image":{"@id":"https:\/\/stay.bedandchai.com\/fr\/frro\/#primaryimage"},"thumbnailUrl":"http:\/\/stay.bedandchai.com\/wp-content\/uploads\/2016\/02\/frro-222x300.jpg","datePublished":"2015-11-18T15:35:13+00:00","dateModified":"2016-06-21T06:59:02+00:00","breadcrumb":{"@id":"https:\/\/stay.bedandchai.com\/fr\/frro\/#breadcrumb"},"inLanguage":"fr-FR","potentialAction":[{"@type":"ReadAction","target":["https:\/\/stay.bedandchai.com\/fr\/frro\/"]}]},{"@type":"ImageObject","inLanguage":"fr-FR","@id":"https:\/\/stay.bedandchai.com\/fr\/frro\/#primaryimage","url":"http:\/\/stay.bedandchai.com\/wp-content\/uploads\/2016\/02\/frro-222x300.jpg","contentUrl":"http:\/\/stay.bedandchai.com\/wp-content\/uploads\/2016\/02\/frro-222x300.jpg"},{"@type":"BreadcrumbList","@id":"https:\/\/stay.bedandchai.com\/fr\/frro\/#breadcrumb","itemListElement":[{"@type":"ListItem","position":1,"name":"Home","item":"https:\/\/stay.bedandchai.com\/"},{"@type":"ListItem","position":2,"name":"Le FRRO"}]},{"@type":"WebSite","@id":"https:\/\/stay.bedandchai.com\/#website","url":"https:\/\/stay.bedandchai.com\/","name":"S&#039;installer \u00e0 Delhi avec Bed &amp; Chai","description":"Pour une arriv\u00e9e en douceur","potentialAction":[{"@type":"SearchAction","target":{"@type":"EntryPoint","urlTemplate":"https:\/\/stay.bedandchai.com\/?s={search_term_string}"},"query-input":{"@type":"PropertyValueSpecification","valueRequired":true,"valueName":"search_term_string"}}],"inLanguage":"fr-FR"}]}},"_links":{"self":[{"href":"https:\/\/stay.bedandchai.com\/fr\/wp-json\/wp\/v2\/pages\/15","targetHints":{"allow":["GET"]}}],"collection":[{"href":"https:\/\/stay.bedandchai.com\/fr\/wp-json\/wp\/v2\/pages"}],"about":[{"href":"https:\/\/stay.bedandchai.com\/fr\/wp-json\/wp\/v2\/types\/page"}],"author":[{"embeddable":true,"href":"https:\/\/stay.bedandchai.com\/fr\/wp-json\/wp\/v2\/users\/2"}],"replies":[{"embeddable":true,"href":"https:\/\/stay.bedandchai.com\/fr\/wp-json\/wp\/v2\/comments?post=15"}],"version-history":[{"count":7,"href":"https:\/\/stay.bedandchai.com\/fr\/wp-json\/wp\/v2\/pages\/15\/revisions"}],"predecessor-version":[{"id":542,"href":"https:\/\/stay.bedandchai.com\/fr\/wp-json\/wp\/v2\/pages\/15\/revisions\/542"}],"wp:attachment":[{"href":"https:\/\/stay.bedandchai.com\/fr\/wp-json\/wp\/v2\/media?parent=15"}],"curies":[{"name":"wp","href":"https:\/\/api.w.org\/{rel}","templated":true}]}}