{"id":17,"date":"2015-11-18T15:35:39","date_gmt":"2015-11-18T15:35:39","guid":{"rendered":"http:\/\/stay.bedandchai.com\/?page_id=17"},"modified":"2016-06-17T04:29:19","modified_gmt":"2016-06-17T04:29:19","slug":"passport-visa-india","status":"publish","type":"page","link":"https:\/\/stay.bedandchai.com\/fr\/passport-visa-india\/","title":{"rendered":"Passeport et visa"},"content":{"rendered":"<h2><strong>Les diff\u00e9rents types de Visa<\/strong><\/h2>\n<ol>\n<li>Vous \u00eates en Inde pour faire du tourisme :\u00a0<strong>tourist visa<\/strong>\u00a0&#8211; de 6 \u00e0 12 mois &#8211; entr\u00e9es multiples possible.<\/li>\n<li>Il existe depuis 2015 une demande de visa en ligne pour le\u00a0<strong>e-tourist visa<\/strong>\u00a0: <a href=\"https:\/\/indianvisaonline.gov.in\/visa\/tvoa.html\">indianvisaonline.gov.in\/visa\/tvoa.html<\/a><br \/>\nAttention ce visa n&rsquo;est valide que pour 30 jours seulement (pas un mois) et il est \u00e0 demander au moins 4 jours avant votre arriv\u00e9e. Un email de confirmation vous sera envoy\u00e9. Le visa ne sera accol\u00e9\u00a0qu&rsquo;une fois arriv\u00e9 \u00e0 l&rsquo;immigration.<\/li>\n<li>Vous \u00e9tudiez en Inde :\u00a0<strong>student visa<\/strong>.<\/li>\n<li>Vous travaillez en Inde (ou VIE ou stage bien r\u00e9mun\u00e9r\u00e9) :\u00a0<strong>employment visa<\/strong>. Il est obligatoire de s&rsquo;enregistrer au service des taxes en Inde et de les payer.<br \/>\nUn salaire d&rsquo;un minimum de 25000USD par an est obligatoire.<\/li>\n<li>Vous venez travailler ou faire un stage\u00a0dans une ONG ou vous accompagnez le d\u00e9tenteur d&rsquo;un employment ou d\u2019un business visa en tant que conjoint ou\u00a0enfants\u00a0:<strong>\u00a0entry visa<\/strong>.<\/li>\n<li>Vous venez pour cr\u00e9er une soci\u00e9t\u00e9 ou vous \u00eates envoy\u00e9s par votre soci\u00e9t\u00e9 pour prospecter, r\u00e9aliser une op\u00e9ration commerciale :\u00a0<strong>business visa.<\/strong><\/li>\n<li>Vous venez faire un stage. Pour de nombreux pays, il faut maintenant passer par l&rsquo;organisation\u00a0<a href=\"http:\/\/aiesec.org\/\">Aiesec<\/a>\u00a0pour sponsoriser\u00a0le stage et obtenir le visa. Sans eux, pas de visa pour votre stage. Ils chargent environ 100 euros l&rsquo;\u00e9tudiant et entre 8000 et 20000rs l&rsquo;entreprise. Avec le prix du visa, les frais montent donc vite! Vous obtiendrez alors un\u00a0<strong>business\u00a0visa<\/strong>.<\/li>\n<\/ol>\n<h2 style=\"text-align: left;\">Comment obtenir son visa pour l\u2019Inde ?<\/h2>\n<p><a href=\"http:\/\/stay.bedandchai.com\/wp-content\/uploads\/2015\/11\/Visa-T-pour-lInde-valable-6-mois-e1422636321535-590x786.jpg\" rel=\"attachment wp-att-108\"><img loading=\"lazy\" decoding=\"async\" class=\"wp-image-108 aligncenter\" src=\"http:\/\/stay.bedandchai.com\/wp-content\/uploads\/2015\/11\/Visa-T-pour-lInde-valable-6-mois-e1422636321535-590x786-225x300.jpg\" alt=\"Guesthouse\" width=\"335\" height=\"447\" srcset=\"https:\/\/stay.bedandchai.com\/wp-content\/uploads\/2015\/11\/Visa-T-pour-lInde-valable-6-mois-e1422636321535-590x786-225x300.jpg 225w, https:\/\/stay.bedandchai.com\/wp-content\/uploads\/2015\/11\/Visa-T-pour-lInde-valable-6-mois-e1422636321535-590x786.jpg 590w\" sizes=\"auto, (max-width: 335px) 100vw, 335px\" \/><\/a><\/p>\n<p>&nbsp;<\/p>\n<p style=\"text-align: left;\">Tout d&rsquo;abord, v\u00e9rifiez que votre passeport est\u00a0bien encore valide pour la dur\u00e9e du visa voulu et qu&rsquo;il dispose de deux pages vierges.<\/p>\n<p style=\"text-align: left;\">Les visas pour l\u2019Inde se demandent aupr\u00e8s de l\u2019organisme VFS :\u00a0<a href=\"http:\/\/www.vfsglobal.com\/\">www.vfsglobal.com<\/a><br \/>\nEn France il existe plusieurs centres de d\u00e9p\u00f4ts : Paris, Lyon &amp; Marseille. Vous pouvez opter pour le centre de d\u00e9p\u00f4t de votre choix.<\/p>\n<p style=\"text-align: left;\">G\u00e9n\u00e9ralement il vous faudra fournir au minimum les pi\u00e8ces suivantes :<\/p>\n<p style=\"text-align: left;\">&#8211; Photocopie de votre passeport (uniquement la double-page de votre identit\u00e9)<br \/>\n&#8211; Photos d\u2019identit\u00e9 aux normes du gouvernement indien (50 mm x 50 mm)<br \/>\n&#8211;\u00a0Quel que soit le visa souhait\u00e9, ce formulaire est \u00e0 remplir :\u00a0<a href=\"https:\/\/indianvisaonline.gov.in\/visa\/info1.jsp\" target=\"_blank\">indianvisaonline.gov.in\/visa\/info1.jsp<\/a><\/p>\n<p style=\"text-align: left;\"><em>NB: Lors de votre demande de visa, une photo d&rsquo;identit\u00e9 au format indien vous sera demand\u00e9e (50 mm x 50 mm). Il existe un photomaton dans le centre de VFS \u00e0 Paris, 6 photos au prix de 10\u20ac. Des logiciels comme Emjysoft vous permettent de r\u00e9aliser vos propres photos pour presque rien. Dans le quartier indien du 10 \u00e8me arrondissement de Paris (\u00e0 proximit\u00e9 du centre VFS) les photographes professionnelles pratiquent des tarifs moins \u00e9lev\u00e9s que le photomaton de VFS.<\/em><\/p>\n","protected":false},"excerpt":{"rendered":"<p>Les diff\u00e9rents types de Visa Vous \u00eates en Inde pour faire du tourisme :\u00a0tourist visa\u00a0&#8211; de 6 \u00e0 12 mois &#8211; entr\u00e9es multiples possible. Il existe depuis 2015 une demande de visa en ligne pour le\u00a0e-tourist visa\u00a0: indianvisaonline.gov.in\/visa\/tvoa.html Attention ce visa n&rsquo;est valide que pour 30 jours seulement (pas un [&hellip;]<\/p>\n","protected":false},"author":2,"featured_media":0,"parent":0,"menu_order":0,"comment_status":"closed","ping_status":"closed","template":"","meta":{"_bbp_topic_count":0,"_bbp_reply_count":0,"_bbp_total_topic_count":0,"_bbp_total_reply_count":0,"_bbp_voice_count":0,"_bbp_anonymous_reply_count":0,"_bbp_topic_count_hidden":0,"_bbp_reply_count_hidden":0,"_bbp_forum_subforum_count":0,"_themeisle_gutenberg_block_has_review":false,"footnotes":""},"class_list":["post-17","page","type-page","status-publish","hentry"],"yoast_head":"<!-- This site is optimized with the Yoast SEO plugin v27.4 - https:\/\/yoast.com\/product\/yoast-seo-wordpress\/ -->\n<title>Passeport et visa - S&#039;installer \u00e0 Delhi avec Bed &amp; Chai<\/title>\n<meta name=\"description\" content=\"The different types of Visa You&#039;re in India for tourism: tourist visa - from 3 to 12 months - multiple entries possible. It exists since 2015 an online visa\" \/>\n<meta name=\"robots\" content=\"index, follow, max-snippet:-1, max-image-preview:large, max-video-preview:-1\" \/>\n<link rel=\"canonical\" href=\"https:\/\/stay.bedandchai.com\/passport-visa-india\/\" \/>\n<meta property=\"og:locale\" content=\"fr_FR\" \/>\n<meta property=\"og:type\" content=\"article\" \/>\n<meta property=\"og:title\" content=\"Passeport et visa - S&#039;installer \u00e0 Delhi avec Bed &amp; Chai\" \/>\n<meta property=\"og:description\" content=\"The different types of Visa You&#039;re in India for tourism: tourist visa - from 3 to 12 months - multiple entries possible. It exists since 2015 an online visa\" \/>\n<meta property=\"og:url\" content=\"https:\/\/stay.bedandchai.com\/passport-visa-india\/\" \/>\n<meta property=\"og:site_name\" content=\"S&#039;installer \u00e0 Delhi avec Bed &amp; Chai\" \/>\n<meta property=\"article:modified_time\" content=\"2016-06-17T04:29:19+00:00\" \/>\n<meta property=\"og:image\" content=\"https:\/\/stay.bedandchai.com\/wp-content\/uploads\/2015\/11\/Visa-T-pour-lInde-valable-6-mois-e1422636321535-590x786.jpg\" \/>\n\t<meta property=\"og:image:width\" content=\"590\" \/>\n\t<meta property=\"og:image:height\" content=\"786\" \/>\n\t<meta property=\"og:image:type\" content=\"image\/jpeg\" \/>\n<meta name=\"twitter:card\" content=\"summary_large_image\" \/>\n<meta name=\"twitter:label1\" content=\"Dur\u00e9e de lecture estim\u00e9e\" \/>\n\t<meta name=\"twitter:data1\" content=\"2 minutes\" \/>\n<script type=\"application\/ld+json\" class=\"yoast-schema-graph\">{\"@context\":\"https:\\\/\\\/schema.org\",\"@graph\":[{\"@type\":\"WebPage\",\"@id\":\"https:\\\/\\\/stay.bedandchai.com\\\/passport-visa-india\\\/\",\"url\":\"https:\\\/\\\/stay.bedandchai.com\\\/passport-visa-india\\\/\",\"name\":\"Passeport et visa - S&#039;installer \u00e0 Delhi avec Bed &amp; Chai\",\"isPartOf\":{\"@id\":\"https:\\\/\\\/stay.bedandchai.com\\\/#website\"},\"primaryImageOfPage\":{\"@id\":\"https:\\\/\\\/stay.bedandchai.com\\\/passport-visa-india\\\/#primaryimage\"},\"image\":{\"@id\":\"https:\\\/\\\/stay.bedandchai.com\\\/passport-visa-india\\\/#primaryimage\"},\"thumbnailUrl\":\"http:\\\/\\\/stay.bedandchai.com\\\/wp-content\\\/uploads\\\/2015\\\/11\\\/Visa-T-pour-lInde-valable-6-mois-e1422636321535-590x786-225x300.jpg\",\"datePublished\":\"2015-11-18T15:35:39+00:00\",\"dateModified\":\"2016-06-17T04:29:19+00:00\",\"description\":\"The different types of Visa You're in India for tourism: tourist visa - from 3 to 12 months - multiple entries possible. It exists since 2015 an online visa\",\"breadcrumb\":{\"@id\":\"https:\\\/\\\/stay.bedandchai.com\\\/passport-visa-india\\\/#breadcrumb\"},\"inLanguage\":\"fr-FR\",\"potentialAction\":[{\"@type\":\"ReadAction\",\"target\":[\"https:\\\/\\\/stay.bedandchai.com\\\/passport-visa-india\\\/\"]}]},{\"@type\":\"ImageObject\",\"inLanguage\":\"fr-FR\",\"@id\":\"https:\\\/\\\/stay.bedandchai.com\\\/passport-visa-india\\\/#primaryimage\",\"url\":\"http:\\\/\\\/stay.bedandchai.com\\\/wp-content\\\/uploads\\\/2015\\\/11\\\/Visa-T-pour-lInde-valable-6-mois-e1422636321535-590x786-225x300.jpg\",\"contentUrl\":\"http:\\\/\\\/stay.bedandchai.com\\\/wp-content\\\/uploads\\\/2015\\\/11\\\/Visa-T-pour-lInde-valable-6-mois-e1422636321535-590x786-225x300.jpg\"},{\"@type\":\"BreadcrumbList\",\"@id\":\"https:\\\/\\\/stay.bedandchai.com\\\/passport-visa-india\\\/#breadcrumb\",\"itemListElement\":[{\"@type\":\"ListItem\",\"position\":1,\"name\":\"Home\",\"item\":\"https:\\\/\\\/stay.bedandchai.com\\\/\"},{\"@type\":\"ListItem\",\"position\":2,\"name\":\"Passport and visa for India\"}]},{\"@type\":\"WebSite\",\"@id\":\"https:\\\/\\\/stay.bedandchai.com\\\/#website\",\"url\":\"https:\\\/\\\/stay.bedandchai.com\\\/\",\"name\":\"S&#039;installer \u00e0 Delhi avec Bed &amp; Chai\",\"description\":\"Pour une arriv\u00e9e en douceur\",\"potentialAction\":[{\"@type\":\"SearchAction\",\"target\":{\"@type\":\"EntryPoint\",\"urlTemplate\":\"https:\\\/\\\/stay.bedandchai.com\\\/?s={search_term_string}\"},\"query-input\":{\"@type\":\"PropertyValueSpecification\",\"valueRequired\":true,\"valueName\":\"search_term_string\"}}],\"inLanguage\":\"fr-FR\"}]}<\/script>\n<!-- \/ Yoast SEO plugin. -->","yoast_head_json":{"title":"Passeport et visa - S&#039;installer \u00e0 Delhi avec Bed &amp; Chai","description":"The different types of Visa You're in India for tourism: tourist visa - from 3 to 12 months - multiple entries possible. It exists since 2015 an online visa","robots":{"index":"index","follow":"follow","max-snippet":"max-snippet:-1","max-image-preview":"max-image-preview:large","max-video-preview":"max-video-preview:-1"},"canonical":"https:\/\/stay.bedandchai.com\/passport-visa-india\/","og_locale":"fr_FR","og_type":"article","og_title":"Passeport et visa - S&#039;installer \u00e0 Delhi avec Bed &amp; Chai","og_description":"The different types of Visa You're in India for tourism: tourist visa - from 3 to 12 months - multiple entries possible. It exists since 2015 an online visa","og_url":"https:\/\/stay.bedandchai.com\/passport-visa-india\/","og_site_name":"S&#039;installer \u00e0 Delhi avec Bed &amp; Chai","article_modified_time":"2016-06-17T04:29:19+00:00","og_image":[{"width":590,"height":786,"url":"https:\/\/stay.bedandchai.com\/wp-content\/uploads\/2015\/11\/Visa-T-pour-lInde-valable-6-mois-e1422636321535-590x786.jpg","type":"image\/jpeg"}],"twitter_card":"summary_large_image","twitter_misc":{"Dur\u00e9e de lecture estim\u00e9e":"2 minutes"},"schema":{"@context":"https:\/\/schema.org","@graph":[{"@type":"WebPage","@id":"https:\/\/stay.bedandchai.com\/passport-visa-india\/","url":"https:\/\/stay.bedandchai.com\/passport-visa-india\/","name":"Passeport et visa - S&#039;installer \u00e0 Delhi avec Bed &amp; Chai","isPartOf":{"@id":"https:\/\/stay.bedandchai.com\/#website"},"primaryImageOfPage":{"@id":"https:\/\/stay.bedandchai.com\/passport-visa-india\/#primaryimage"},"image":{"@id":"https:\/\/stay.bedandchai.com\/passport-visa-india\/#primaryimage"},"thumbnailUrl":"http:\/\/stay.bedandchai.com\/wp-content\/uploads\/2015\/11\/Visa-T-pour-lInde-valable-6-mois-e1422636321535-590x786-225x300.jpg","datePublished":"2015-11-18T15:35:39+00:00","dateModified":"2016-06-17T04:29:19+00:00","description":"The different types of Visa You're in India for tourism: tourist visa - from 3 to 12 months - multiple entries possible. It exists since 2015 an online visa","breadcrumb":{"@id":"https:\/\/stay.bedandchai.com\/passport-visa-india\/#breadcrumb"},"inLanguage":"fr-FR","potentialAction":[{"@type":"ReadAction","target":["https:\/\/stay.bedandchai.com\/passport-visa-india\/"]}]},{"@type":"ImageObject","inLanguage":"fr-FR","@id":"https:\/\/stay.bedandchai.com\/passport-visa-india\/#primaryimage","url":"http:\/\/stay.bedandchai.com\/wp-content\/uploads\/2015\/11\/Visa-T-pour-lInde-valable-6-mois-e1422636321535-590x786-225x300.jpg","contentUrl":"http:\/\/stay.bedandchai.com\/wp-content\/uploads\/2015\/11\/Visa-T-pour-lInde-valable-6-mois-e1422636321535-590x786-225x300.jpg"},{"@type":"BreadcrumbList","@id":"https:\/\/stay.bedandchai.com\/passport-visa-india\/#breadcrumb","itemListElement":[{"@type":"ListItem","position":1,"name":"Home","item":"https:\/\/stay.bedandchai.com\/"},{"@type":"ListItem","position":2,"name":"Passport and visa for India"}]},{"@type":"WebSite","@id":"https:\/\/stay.bedandchai.com\/#website","url":"https:\/\/stay.bedandchai.com\/","name":"S&#039;installer \u00e0 Delhi avec Bed &amp; Chai","description":"Pour une arriv\u00e9e en douceur","potentialAction":[{"@type":"SearchAction","target":{"@type":"EntryPoint","urlTemplate":"https:\/\/stay.bedandchai.com\/?s={search_term_string}"},"query-input":{"@type":"PropertyValueSpecification","valueRequired":true,"valueName":"search_term_string"}}],"inLanguage":"fr-FR"}]}},"_links":{"self":[{"href":"https:\/\/stay.bedandchai.com\/fr\/wp-json\/wp\/v2\/pages\/17","targetHints":{"allow":["GET"]}}],"collection":[{"href":"https:\/\/stay.bedandchai.com\/fr\/wp-json\/wp\/v2\/pages"}],"about":[{"href":"https:\/\/stay.bedandchai.com\/fr\/wp-json\/wp\/v2\/types\/page"}],"author":[{"embeddable":true,"href":"https:\/\/stay.bedandchai.com\/fr\/wp-json\/wp\/v2\/users\/2"}],"replies":[{"embeddable":true,"href":"https:\/\/stay.bedandchai.com\/fr\/wp-json\/wp\/v2\/comments?post=17"}],"version-history":[{"count":15,"href":"https:\/\/stay.bedandchai.com\/fr\/wp-json\/wp\/v2\/pages\/17\/revisions"}],"predecessor-version":[{"id":862,"href":"https:\/\/stay.bedandchai.com\/fr\/wp-json\/wp\/v2\/pages\/17\/revisions\/862"}],"wp:attachment":[{"href":"https:\/\/stay.bedandchai.com\/fr\/wp-json\/wp\/v2\/media?parent=17"}],"curies":[{"name":"wp","href":"https:\/\/api.w.org\/{rel}","templated":true}]}}