{"id":21,"date":"2015-11-18T15:36:53","date_gmt":"2015-11-18T15:36:53","guid":{"rendered":"http:\/\/stay.bedandchai.com\/?page_id=21"},"modified":"2016-06-21T07:09:23","modified_gmt":"2016-06-21T07:09:23","slug":"vaccine","status":"publish","type":"page","link":"https:\/\/stay.bedandchai.com\/fr\/vaccine\/","title":{"rendered":"Vaccin"},"content":{"rendered":"<p><a href=\"http:\/\/stay.bedandchai.com\/wp-content\/uploads\/2016\/02\/vaccine.png\" rel=\"attachment wp-att-173\"><img loading=\"lazy\" decoding=\"async\" class=\"size-full wp-image-173 aligncenter\" src=\"http:\/\/stay.bedandchai.com\/wp-content\/uploads\/2016\/02\/vaccine.png\" alt=\"vaccine\" width=\"350\" height=\"344\" srcset=\"https:\/\/stay.bedandchai.com\/wp-content\/uploads\/2016\/02\/vaccine.png 350w, https:\/\/stay.bedandchai.com\/wp-content\/uploads\/2016\/02\/vaccine-300x295.png 300w\" sizes=\"auto, (max-width: 350px) 100vw, 350px\" \/><\/a><\/p>\n<h1 style=\"text-align: left;\">Petit S\u00e9jour<\/h1>\n<p style=\"text-align: left;\">Pour un s\u00e9jour court (de moins d\u2019un mois) en Inde, aucune vaccination n\u2019est obligatoire malgr\u00e9 les fiches tr\u00e8s longues de recommandations !<\/p>\n<h1 style=\"text-align: left;\">Long S\u00e9jour<\/h1>\n<p style=\"text-align: left;\">Pour un s\u00e9jour long : l&rsquo;id\u00e9al est d&rsquo;aller au centre de vaccinations internationales le plus proche de chez vous, ou \u00e0 l&rsquo;institut Pasteur. Un m\u00e9decin pourra \u00e9tablir la liste des vaccins recommand\u00e9s (aucun n&rsquo;est obligatoire) et vous d\u00e9livrera un livret de vaccinations \u00e0 emporter dans votre valise.<br \/>\nNous recommandons les h\u00e9patites et la typho\u00efde.<\/p>\n<h1 style=\"text-align: left;\">Rappel<\/h1>\n<p style=\"text-align: left;\">Pour\u00a0tout pays en d\u00e9veloppement, v\u00e9rifiez bien n\u00e9anmoins que vous \u00eates \u00e0 jour dans les vaccins de bases : BCG, Polio, T\u00e9tanos, H\u00e9patite B. V\u00e9rifiez bien que vous \u00eates \u00e0 jour dans vos rappels.<\/p>\n<p style=\"text-align: left;\">A Delhi, il existe de nombreux h\u00f4pitaux. Le vaccin contre la rage n&rsquo;est donc pas indispensable si vous ne vous rendez pas dans des zones \u00e0 plus de 12h d&rsquo;un h\u00f4pital.<\/p>\n<p style=\"text-align: left;\">L&rsquo;Inde du nord n&rsquo;est pas concern\u00e9e par le paludisme. Cependant si vous comptez voyager en Asie du Sud-Est vous pouvez prendre quelques bo\u00eetes de pr\u00e9ventifs contre le paludisme. Pr\u00e9f\u00e9rez alors la Savarine \u00e0 la Malarone, si vous avez un petit budget.<\/p>\n<p style=\"text-align: left;\">La dengue est assez pr\u00e9sente \u00e0 Delhi. Bien se prot\u00e9ger des moustiques surtout apr\u00e8s la mousson. Malheureusement rien d&rsquo;autre a faire.<\/p>\n<p style=\"text-align: left;\">Enfin l&rsquo;institut pasteur vous recommande le vaccin contre l&rsquo;h\u00e9patite A et B, contre la typho\u00efde et contre l&rsquo;enc\u00e9phalite japonaise. Ils ne sont pas n\u00e9cessaire mais le choix vous appartient.<\/p>\n<p style=\"text-align: left;\">Quelle que soit la dur\u00e9e de votre s\u00e9jour, pour peu que quelques r\u00e8gles de bases soient respect\u00e9es (se laver les mains tr\u00e8s souvent, surtout avant les repas, \u00eatre vigilant dans le choix des boissons et de la nourriture, \u00e9viter les fruits et l\u00e9gumes crus au d\u00e9but etc&#8230;), il n\u2019y a, a priori, aucune raison de contracter de maladies.<\/p>\n","protected":false},"excerpt":{"rendered":"<p>Petit S\u00e9jour Pour un s\u00e9jour court (de moins d\u2019un mois) en Inde, aucune vaccination n\u2019est obligatoire malgr\u00e9 les fiches tr\u00e8s longues de recommandations ! Long S\u00e9jour Pour un s\u00e9jour long : l&rsquo;id\u00e9al est d&rsquo;aller au centre de vaccinations internationales le plus proche de chez vous, ou \u00e0 l&rsquo;institut Pasteur. Un [&hellip;]<\/p>\n","protected":false},"author":2,"featured_media":0,"parent":0,"menu_order":0,"comment_status":"closed","ping_status":"closed","template":"","meta":{"_bbp_topic_count":0,"_bbp_reply_count":0,"_bbp_total_topic_count":0,"_bbp_total_reply_count":0,"_bbp_voice_count":0,"_bbp_anonymous_reply_count":0,"_bbp_topic_count_hidden":0,"_bbp_reply_count_hidden":0,"_bbp_forum_subforum_count":0,"_themeisle_gutenberg_block_has_review":false,"footnotes":""},"class_list":["post-21","page","type-page","status-publish","hentry"],"yoast_head":"<!-- This site is optimized with the Yoast SEO plugin v27.4 - https:\/\/yoast.com\/product\/yoast-seo-wordpress\/ -->\n<title>Vaccin - S&#039;installer \u00e0 Delhi avec Bed &amp; Chai<\/title>\n<meta name=\"description\" content=\"Which vaccine to take before to come in India? For a short stay in India, no vaccination is required. For a long time here some explanations.\" \/>\n<meta name=\"robots\" content=\"index, follow, max-snippet:-1, max-image-preview:large, max-video-preview:-1\" \/>\n<link rel=\"canonical\" href=\"https:\/\/stay.bedandchai.com\/vaccine\/\" \/>\n<meta property=\"og:locale\" content=\"fr_FR\" \/>\n<meta property=\"og:type\" content=\"article\" \/>\n<meta property=\"og:title\" content=\"Vaccin - S&#039;installer \u00e0 Delhi avec Bed &amp; Chai\" \/>\n<meta property=\"og:description\" content=\"Which vaccine to take before to come in India? For a short stay in India, no vaccination is required. For a long time here some explanations.\" \/>\n<meta property=\"og:url\" content=\"https:\/\/stay.bedandchai.com\/vaccine\/\" \/>\n<meta property=\"og:site_name\" content=\"S&#039;installer \u00e0 Delhi avec Bed &amp; Chai\" \/>\n<meta property=\"article:modified_time\" content=\"2016-06-21T07:09:23+00:00\" \/>\n<meta property=\"og:image\" content=\"https:\/\/stay.bedandchai.com\/wp-content\/uploads\/2016\/02\/vaccine.png\" \/>\n\t<meta property=\"og:image:width\" content=\"350\" \/>\n\t<meta property=\"og:image:height\" content=\"344\" \/>\n\t<meta property=\"og:image:type\" content=\"image\/png\" \/>\n<meta name=\"twitter:card\" content=\"summary_large_image\" \/>\n<meta name=\"twitter:label1\" content=\"Dur\u00e9e de lecture estim\u00e9e\" \/>\n\t<meta name=\"twitter:data1\" content=\"2 minutes\" \/>\n<script type=\"application\/ld+json\" class=\"yoast-schema-graph\">{\"@context\":\"https:\\\/\\\/schema.org\",\"@graph\":[{\"@type\":\"WebPage\",\"@id\":\"https:\\\/\\\/stay.bedandchai.com\\\/vaccine\\\/\",\"url\":\"https:\\\/\\\/stay.bedandchai.com\\\/vaccine\\\/\",\"name\":\"Vaccin - S&#039;installer \u00e0 Delhi avec Bed &amp; Chai\",\"isPartOf\":{\"@id\":\"https:\\\/\\\/stay.bedandchai.com\\\/#website\"},\"primaryImageOfPage\":{\"@id\":\"https:\\\/\\\/stay.bedandchai.com\\\/vaccine\\\/#primaryimage\"},\"image\":{\"@id\":\"https:\\\/\\\/stay.bedandchai.com\\\/vaccine\\\/#primaryimage\"},\"thumbnailUrl\":\"http:\\\/\\\/stay.bedandchai.com\\\/wp-content\\\/uploads\\\/2016\\\/02\\\/vaccine.png\",\"datePublished\":\"2015-11-18T15:36:53+00:00\",\"dateModified\":\"2016-06-21T07:09:23+00:00\",\"description\":\"Which vaccine to take before to come in India? For a short stay in India, no vaccination is required. For a long time here some explanations.\",\"breadcrumb\":{\"@id\":\"https:\\\/\\\/stay.bedandchai.com\\\/vaccine\\\/#breadcrumb\"},\"inLanguage\":\"fr-FR\",\"potentialAction\":[{\"@type\":\"ReadAction\",\"target\":[\"https:\\\/\\\/stay.bedandchai.com\\\/vaccine\\\/\"]}]},{\"@type\":\"ImageObject\",\"inLanguage\":\"fr-FR\",\"@id\":\"https:\\\/\\\/stay.bedandchai.com\\\/vaccine\\\/#primaryimage\",\"url\":\"http:\\\/\\\/stay.bedandchai.com\\\/wp-content\\\/uploads\\\/2016\\\/02\\\/vaccine.png\",\"contentUrl\":\"http:\\\/\\\/stay.bedandchai.com\\\/wp-content\\\/uploads\\\/2016\\\/02\\\/vaccine.png\"},{\"@type\":\"BreadcrumbList\",\"@id\":\"https:\\\/\\\/stay.bedandchai.com\\\/vaccine\\\/#breadcrumb\",\"itemListElement\":[{\"@type\":\"ListItem\",\"position\":1,\"name\":\"Home\",\"item\":\"https:\\\/\\\/stay.bedandchai.com\\\/\"},{\"@type\":\"ListItem\",\"position\":2,\"name\":\"Vaccine to come in India\"}]},{\"@type\":\"WebSite\",\"@id\":\"https:\\\/\\\/stay.bedandchai.com\\\/#website\",\"url\":\"https:\\\/\\\/stay.bedandchai.com\\\/\",\"name\":\"S&#039;installer \u00e0 Delhi avec Bed &amp; Chai\",\"description\":\"Pour une arriv\u00e9e en douceur\",\"potentialAction\":[{\"@type\":\"SearchAction\",\"target\":{\"@type\":\"EntryPoint\",\"urlTemplate\":\"https:\\\/\\\/stay.bedandchai.com\\\/?s={search_term_string}\"},\"query-input\":{\"@type\":\"PropertyValueSpecification\",\"valueRequired\":true,\"valueName\":\"search_term_string\"}}],\"inLanguage\":\"fr-FR\"}]}<\/script>\n<!-- \/ Yoast SEO plugin. -->","yoast_head_json":{"title":"Vaccin - S&#039;installer \u00e0 Delhi avec Bed &amp; Chai","description":"Which vaccine to take before to come in India? For a short stay in India, no vaccination is required. For a long time here some explanations.","robots":{"index":"index","follow":"follow","max-snippet":"max-snippet:-1","max-image-preview":"max-image-preview:large","max-video-preview":"max-video-preview:-1"},"canonical":"https:\/\/stay.bedandchai.com\/vaccine\/","og_locale":"fr_FR","og_type":"article","og_title":"Vaccin - S&#039;installer \u00e0 Delhi avec Bed &amp; Chai","og_description":"Which vaccine to take before to come in India? For a short stay in India, no vaccination is required. For a long time here some explanations.","og_url":"https:\/\/stay.bedandchai.com\/vaccine\/","og_site_name":"S&#039;installer \u00e0 Delhi avec Bed &amp; Chai","article_modified_time":"2016-06-21T07:09:23+00:00","og_image":[{"width":350,"height":344,"url":"https:\/\/stay.bedandchai.com\/wp-content\/uploads\/2016\/02\/vaccine.png","type":"image\/png"}],"twitter_card":"summary_large_image","twitter_misc":{"Dur\u00e9e de lecture estim\u00e9e":"2 minutes"},"schema":{"@context":"https:\/\/schema.org","@graph":[{"@type":"WebPage","@id":"https:\/\/stay.bedandchai.com\/vaccine\/","url":"https:\/\/stay.bedandchai.com\/vaccine\/","name":"Vaccin - S&#039;installer \u00e0 Delhi avec Bed &amp; Chai","isPartOf":{"@id":"https:\/\/stay.bedandchai.com\/#website"},"primaryImageOfPage":{"@id":"https:\/\/stay.bedandchai.com\/vaccine\/#primaryimage"},"image":{"@id":"https:\/\/stay.bedandchai.com\/vaccine\/#primaryimage"},"thumbnailUrl":"http:\/\/stay.bedandchai.com\/wp-content\/uploads\/2016\/02\/vaccine.png","datePublished":"2015-11-18T15:36:53+00:00","dateModified":"2016-06-21T07:09:23+00:00","description":"Which vaccine to take before to come in India? For a short stay in India, no vaccination is required. For a long time here some explanations.","breadcrumb":{"@id":"https:\/\/stay.bedandchai.com\/vaccine\/#breadcrumb"},"inLanguage":"fr-FR","potentialAction":[{"@type":"ReadAction","target":["https:\/\/stay.bedandchai.com\/vaccine\/"]}]},{"@type":"ImageObject","inLanguage":"fr-FR","@id":"https:\/\/stay.bedandchai.com\/vaccine\/#primaryimage","url":"http:\/\/stay.bedandchai.com\/wp-content\/uploads\/2016\/02\/vaccine.png","contentUrl":"http:\/\/stay.bedandchai.com\/wp-content\/uploads\/2016\/02\/vaccine.png"},{"@type":"BreadcrumbList","@id":"https:\/\/stay.bedandchai.com\/vaccine\/#breadcrumb","itemListElement":[{"@type":"ListItem","position":1,"name":"Home","item":"https:\/\/stay.bedandchai.com\/"},{"@type":"ListItem","position":2,"name":"Vaccine to come in India"}]},{"@type":"WebSite","@id":"https:\/\/stay.bedandchai.com\/#website","url":"https:\/\/stay.bedandchai.com\/","name":"S&#039;installer \u00e0 Delhi avec Bed &amp; Chai","description":"Pour une arriv\u00e9e en douceur","potentialAction":[{"@type":"SearchAction","target":{"@type":"EntryPoint","urlTemplate":"https:\/\/stay.bedandchai.com\/?s={search_term_string}"},"query-input":{"@type":"PropertyValueSpecification","valueRequired":true,"valueName":"search_term_string"}}],"inLanguage":"fr-FR"}]}},"_links":{"self":[{"href":"https:\/\/stay.bedandchai.com\/fr\/wp-json\/wp\/v2\/pages\/21","targetHints":{"allow":["GET"]}}],"collection":[{"href":"https:\/\/stay.bedandchai.com\/fr\/wp-json\/wp\/v2\/pages"}],"about":[{"href":"https:\/\/stay.bedandchai.com\/fr\/wp-json\/wp\/v2\/types\/page"}],"author":[{"embeddable":true,"href":"https:\/\/stay.bedandchai.com\/fr\/wp-json\/wp\/v2\/users\/2"}],"replies":[{"embeddable":true,"href":"https:\/\/stay.bedandchai.com\/fr\/wp-json\/wp\/v2\/comments?post=21"}],"version-history":[{"count":11,"href":"https:\/\/stay.bedandchai.com\/fr\/wp-json\/wp\/v2\/pages\/21\/revisions"}],"predecessor-version":[{"id":875,"href":"https:\/\/stay.bedandchai.com\/fr\/wp-json\/wp\/v2\/pages\/21\/revisions\/875"}],"wp:attachment":[{"href":"https:\/\/stay.bedandchai.com\/fr\/wp-json\/wp\/v2\/media?parent=21"}],"curies":[{"name":"wp","href":"https:\/\/api.w.org\/{rel}","templated":true}]}}