{"id":23,"date":"2015-11-18T15:37:16","date_gmt":"2015-11-18T15:37:16","guid":{"rendered":"http:\/\/stay.bedandchai.com\/?page_id=23"},"modified":"2016-06-21T07:25:36","modified_gmt":"2016-06-21T07:25:36","slug":"water","status":"publish","type":"page","link":"https:\/\/stay.bedandchai.com\/fr\/water\/","title":{"rendered":"L&rsquo;eau"},"content":{"rendered":"<p>L\u2019eau du robinet en Inde n\u2019est pas potable. \u2028Il faut donc y pr\u00eater attention : bien essuyer couverts et assiettes s\u2019ils viennent d\u2019\u00eatre lav\u00e9s par exemple.<\/p>\n<p>On vous proposera souvent de l\u2019eau filtr\u00e9e (\u00ab Filtred water \u00bb\/ \u00ab RO \u00bb ou \u00ab Reverse Osmosis Water \u00bb), tout d\u00e9pend de l\u2019\u00e9tat d\u2019entretien de la machine! \u2028Autrement, prenez de l\u2019eau en bouteille, vous en trouverez absolument \u00e0 chaque coin de rue lors de votre s\u00e9jour. Le co\u00fbt est de 20 \u00e0 30 roupies\u00a0la bouteille selon la marque, ne vous en privez pas !<\/p>\n<p>Pour votre appartement, deux solutions s&rsquo;offrent \u00e0 vous. Si votre appartement est \u00e9quip\u00e9 d&rsquo;une machine qui permet de filtrer l&rsquo;eau, il vous suffira de v\u00e9rifier \u00e0 bien renouveler le filtre r\u00e9guli\u00e8rement. Si ce n&rsquo;est pas le cas vous pourrez vous fournir en bonbonnes d&rsquo;eau de 5 litres au prix de 80\/100rs \u00a0au petit magasin \u00e0\u00a0cot\u00e9 de chez vous. Vous pourrez vous faire livrer pour 10 roupies suppl\u00e9mentaire. La solution la plus \u00e9conomique d\u00e9pend du nombre de personnes dans l&rsquo;appartement.<\/p>\n<p>Dans la m\u00eame logique, demandez vos boissons sans gla\u00e7on.\u2028 N\u2019h\u00e9sitez pas en revanche \u00e0 prendre caf\u00e9 &amp; Chai (th\u00e9 masala) \u00e0 volont\u00e9, l\u2019eau filtr\u00e9e ayant \u00e9t\u00e9 bouillie.<\/p>\n","protected":false},"excerpt":{"rendered":"<p>L\u2019eau du robinet en Inde n\u2019est pas potable. \u2028Il faut donc y pr\u00eater attention : bien essuyer couverts et assiettes s\u2019ils viennent d\u2019\u00eatre lav\u00e9s par exemple. On vous proposera souvent de l\u2019eau filtr\u00e9e (\u00ab Filtred water \u00bb\/ \u00ab RO \u00bb ou \u00ab Reverse Osmosis Water \u00bb), tout d\u00e9pend de l\u2019\u00e9tat [&hellip;]<\/p>\n","protected":false},"author":2,"featured_media":0,"parent":0,"menu_order":0,"comment_status":"closed","ping_status":"closed","template":"","meta":{"_bbp_topic_count":0,"_bbp_reply_count":0,"_bbp_total_topic_count":0,"_bbp_total_reply_count":0,"_bbp_voice_count":0,"_bbp_anonymous_reply_count":0,"_bbp_topic_count_hidden":0,"_bbp_reply_count_hidden":0,"_bbp_forum_subforum_count":0,"_themeisle_gutenberg_block_has_review":false,"footnotes":""},"class_list":["post-23","page","type-page","status-publish","hentry"],"yoast_head":"<!-- This site is optimized with the Yoast SEO plugin v27.4 - https:\/\/yoast.com\/product\/yoast-seo-wordpress\/ -->\n<title>L&#039;eau - S&#039;installer \u00e0 Delhi avec Bed &amp; Chai<\/title>\n<meta name=\"description\" content=\"Tap water in India is not drinkable. We must therefore pay attention: dry cutlery and plates if they have just been washed for example.\" \/>\n<meta name=\"robots\" content=\"index, follow, max-snippet:-1, max-image-preview:large, max-video-preview:-1\" \/>\n<link rel=\"canonical\" href=\"https:\/\/stay.bedandchai.com\/water\/\" \/>\n<meta property=\"og:locale\" content=\"fr_FR\" \/>\n<meta property=\"og:type\" content=\"article\" \/>\n<meta property=\"og:title\" content=\"L&#039;eau - S&#039;installer \u00e0 Delhi avec Bed &amp; Chai\" \/>\n<meta property=\"og:description\" content=\"Tap water in India is not drinkable. We must therefore pay attention: dry cutlery and plates if they have just been washed for example.\" \/>\n<meta property=\"og:url\" content=\"https:\/\/stay.bedandchai.com\/water\/\" \/>\n<meta property=\"og:site_name\" content=\"S&#039;installer \u00e0 Delhi avec Bed &amp; Chai\" \/>\n<meta property=\"article:modified_time\" content=\"2016-06-21T07:25:36+00:00\" \/>\n<meta property=\"og:image\" content=\"https:\/\/stay.bedandchai.com\/wp-content\/uploads\/2015\/11\/home.jpg\" \/>\n\t<meta property=\"og:image:width\" content=\"264\" \/>\n\t<meta property=\"og:image:height\" content=\"345\" \/>\n\t<meta property=\"og:image:type\" content=\"image\/jpeg\" \/>\n<meta name=\"twitter:card\" content=\"summary_large_image\" \/>\n<meta name=\"twitter:label1\" content=\"Dur\u00e9e de lecture estim\u00e9e\" \/>\n\t<meta name=\"twitter:data1\" content=\"1 minute\" \/>\n<script type=\"application\/ld+json\" class=\"yoast-schema-graph\">{\"@context\":\"https:\\\/\\\/schema.org\",\"@graph\":[{\"@type\":\"WebPage\",\"@id\":\"https:\\\/\\\/stay.bedandchai.com\\\/water\\\/\",\"url\":\"https:\\\/\\\/stay.bedandchai.com\\\/water\\\/\",\"name\":\"L'eau - S&#039;installer \u00e0 Delhi avec Bed &amp; Chai\",\"isPartOf\":{\"@id\":\"https:\\\/\\\/stay.bedandchai.com\\\/#website\"},\"datePublished\":\"2015-11-18T15:37:16+00:00\",\"dateModified\":\"2016-06-21T07:25:36+00:00\",\"description\":\"Tap water in India is not drinkable. We must therefore pay attention: dry cutlery and plates if they have just been washed for example.\",\"breadcrumb\":{\"@id\":\"https:\\\/\\\/stay.bedandchai.com\\\/water\\\/#breadcrumb\"},\"inLanguage\":\"fr-FR\",\"potentialAction\":[{\"@type\":\"ReadAction\",\"target\":[\"https:\\\/\\\/stay.bedandchai.com\\\/water\\\/\"]}]},{\"@type\":\"BreadcrumbList\",\"@id\":\"https:\\\/\\\/stay.bedandchai.com\\\/water\\\/#breadcrumb\",\"itemListElement\":[{\"@type\":\"ListItem\",\"position\":1,\"name\":\"Home\",\"item\":\"https:\\\/\\\/stay.bedandchai.com\\\/\"},{\"@type\":\"ListItem\",\"position\":2,\"name\":\"Water\"}]},{\"@type\":\"WebSite\",\"@id\":\"https:\\\/\\\/stay.bedandchai.com\\\/#website\",\"url\":\"https:\\\/\\\/stay.bedandchai.com\\\/\",\"name\":\"S&#039;installer \u00e0 Delhi avec Bed &amp; Chai\",\"description\":\"Pour une arriv\u00e9e en douceur\",\"potentialAction\":[{\"@type\":\"SearchAction\",\"target\":{\"@type\":\"EntryPoint\",\"urlTemplate\":\"https:\\\/\\\/stay.bedandchai.com\\\/?s={search_term_string}\"},\"query-input\":{\"@type\":\"PropertyValueSpecification\",\"valueRequired\":true,\"valueName\":\"search_term_string\"}}],\"inLanguage\":\"fr-FR\"}]}<\/script>\n<!-- \/ Yoast SEO plugin. -->","yoast_head_json":{"title":"L'eau - S&#039;installer \u00e0 Delhi avec Bed &amp; Chai","description":"Tap water in India is not drinkable. We must therefore pay attention: dry cutlery and plates if they have just been washed for example.","robots":{"index":"index","follow":"follow","max-snippet":"max-snippet:-1","max-image-preview":"max-image-preview:large","max-video-preview":"max-video-preview:-1"},"canonical":"https:\/\/stay.bedandchai.com\/water\/","og_locale":"fr_FR","og_type":"article","og_title":"L'eau - S&#039;installer \u00e0 Delhi avec Bed &amp; Chai","og_description":"Tap water in India is not drinkable. We must therefore pay attention: dry cutlery and plates if they have just been washed for example.","og_url":"https:\/\/stay.bedandchai.com\/water\/","og_site_name":"S&#039;installer \u00e0 Delhi avec Bed &amp; Chai","article_modified_time":"2016-06-21T07:25:36+00:00","og_image":[{"width":264,"height":345,"url":"https:\/\/stay.bedandchai.com\/wp-content\/uploads\/2015\/11\/home.jpg","type":"image\/jpeg"}],"twitter_card":"summary_large_image","twitter_misc":{"Dur\u00e9e de lecture estim\u00e9e":"1 minute"},"schema":{"@context":"https:\/\/schema.org","@graph":[{"@type":"WebPage","@id":"https:\/\/stay.bedandchai.com\/water\/","url":"https:\/\/stay.bedandchai.com\/water\/","name":"L'eau - S&#039;installer \u00e0 Delhi avec Bed &amp; Chai","isPartOf":{"@id":"https:\/\/stay.bedandchai.com\/#website"},"datePublished":"2015-11-18T15:37:16+00:00","dateModified":"2016-06-21T07:25:36+00:00","description":"Tap water in India is not drinkable. We must therefore pay attention: dry cutlery and plates if they have just been washed for example.","breadcrumb":{"@id":"https:\/\/stay.bedandchai.com\/water\/#breadcrumb"},"inLanguage":"fr-FR","potentialAction":[{"@type":"ReadAction","target":["https:\/\/stay.bedandchai.com\/water\/"]}]},{"@type":"BreadcrumbList","@id":"https:\/\/stay.bedandchai.com\/water\/#breadcrumb","itemListElement":[{"@type":"ListItem","position":1,"name":"Home","item":"https:\/\/stay.bedandchai.com\/"},{"@type":"ListItem","position":2,"name":"Water"}]},{"@type":"WebSite","@id":"https:\/\/stay.bedandchai.com\/#website","url":"https:\/\/stay.bedandchai.com\/","name":"S&#039;installer \u00e0 Delhi avec Bed &amp; Chai","description":"Pour une arriv\u00e9e en douceur","potentialAction":[{"@type":"SearchAction","target":{"@type":"EntryPoint","urlTemplate":"https:\/\/stay.bedandchai.com\/?s={search_term_string}"},"query-input":{"@type":"PropertyValueSpecification","valueRequired":true,"valueName":"search_term_string"}}],"inLanguage":"fr-FR"}]}},"_links":{"self":[{"href":"https:\/\/stay.bedandchai.com\/fr\/wp-json\/wp\/v2\/pages\/23","targetHints":{"allow":["GET"]}}],"collection":[{"href":"https:\/\/stay.bedandchai.com\/fr\/wp-json\/wp\/v2\/pages"}],"about":[{"href":"https:\/\/stay.bedandchai.com\/fr\/wp-json\/wp\/v2\/types\/page"}],"author":[{"embeddable":true,"href":"https:\/\/stay.bedandchai.com\/fr\/wp-json\/wp\/v2\/users\/2"}],"replies":[{"embeddable":true,"href":"https:\/\/stay.bedandchai.com\/fr\/wp-json\/wp\/v2\/comments?post=23"}],"version-history":[{"count":9,"href":"https:\/\/stay.bedandchai.com\/fr\/wp-json\/wp\/v2\/pages\/23\/revisions"}],"predecessor-version":[{"id":879,"href":"https:\/\/stay.bedandchai.com\/fr\/wp-json\/wp\/v2\/pages\/23\/revisions\/879"}],"wp:attachment":[{"href":"https:\/\/stay.bedandchai.com\/fr\/wp-json\/wp\/v2\/media?parent=23"}],"curies":[{"name":"wp","href":"https:\/\/api.w.org\/{rel}","templated":true}]}}