{"id":243,"date":"2016-02-22T20:42:11","date_gmt":"2016-02-22T20:42:11","guid":{"rendered":"http:\/\/stay.bedandchai.com\/?page_id=243"},"modified":"2016-12-19T13:12:31","modified_gmt":"2016-12-19T13:12:31","slug":"our-offer","status":"publish","type":"page","link":"https:\/\/stay.bedandchai.com\/fr\/our-offer\/","title":{"rendered":"Notre offre de logement"},"content":{"rendered":"<p style=\"text-align: left;\">Nous avons 13 chambres et 1 dortoir. Notre r\u00e9ception est ouverte de 7h \u00e0 23h, mais le check-in est possible la nuit sur demande.<\/p>\n<p style=\"text-align: left;\">Notre jardin sur le toit\u00a0est l&rsquo;endroit id\u00e9al pour se d\u00e9tendre le soir apr\u00e8s votre journ\u00e9e de visite.<\/p>\n<p style=\"text-align: left;\">Le petit d\u00e9jeuner est inclus. Les d\u00eeners sont disponibles sur commande. Vous pouvez \u00e9galement commander depuis les\u00a0restaurants ext\u00e9rieurs. Une cuisine avec frigo et une machine\u00a0\u00e0 laver sont disponibles.<\/p>\n<p style=\"text-align: left;\">Vous pouvez r\u00e9server votre chambre en nous envoyant un e-mail \u00e0 <a href=\"mailto:contact@bedandchai.com\" target=\"_blank\">contact@bedandchai.com<\/a>\u00a0ou en ligne sur notre site <a href=\"http:\/\/www.bedandchai.com\/\" target=\"_blank\">www.bedandchai.com<\/a>. Nous avons des offres sp\u00e9ciales pour l&rsquo;\u00e9t\u00e9 et les s\u00e9jours long terme sont les bienvenus. Les prix d\u00e9marrent \u00e0 500rs\/nuit.<\/p>\n<div align=\"center\">[acx_slideshow name=\u00a0\u00bboriginal\u00a0\u00bb]<\/div>\n","protected":false},"excerpt":{"rendered":"<p>Nous avons 13 chambres et 1 dortoir. Notre r\u00e9ception est ouverte de 7h \u00e0 23h, mais le check-in est possible la nuit sur demande. Notre jardin sur le toit\u00a0est l&rsquo;endroit id\u00e9al pour se d\u00e9tendre le soir apr\u00e8s votre journ\u00e9e de visite. Le petit d\u00e9jeuner est inclus. Les d\u00eeners sont disponibles [&hellip;]<\/p>\n","protected":false},"author":2,"featured_media":0,"parent":0,"menu_order":0,"comment_status":"closed","ping_status":"closed","template":"template-fullwidth.php","meta":{"_bbp_topic_count":0,"_bbp_reply_count":0,"_bbp_total_topic_count":0,"_bbp_total_reply_count":0,"_bbp_voice_count":0,"_bbp_anonymous_reply_count":0,"_bbp_topic_count_hidden":0,"_bbp_reply_count_hidden":0,"_bbp_forum_subforum_count":0,"_themeisle_gutenberg_block_has_review":false,"footnotes":""},"class_list":["post-243","page","type-page","status-publish","hentry"],"yoast_head":"<!-- This site is optimized with the Yoast SEO plugin v27.4 - https:\/\/yoast.com\/product\/yoast-seo-wordpress\/ -->\n<title>Notre offre de logement - S&#039;installer \u00e0 Delhi avec Bed &amp; Chai<\/title>\n<meta name=\"description\" content=\"(English) Discover our two guest house in south Delhi. Beautiful and cosy place to enjoy your stay. Well situated, you will have acces to others cities in India.\" \/>\n<meta name=\"robots\" content=\"index, follow, max-snippet:-1, max-image-preview:large, max-video-preview:-1\" \/>\n<link rel=\"canonical\" href=\"https:\/\/stay.bedandchai.com\/fr\/our-offer\/\" \/>\n<meta property=\"og:locale\" content=\"fr_FR\" \/>\n<meta property=\"og:type\" content=\"article\" \/>\n<meta property=\"og:title\" content=\"Notre offre de logement - S&#039;installer \u00e0 Delhi avec Bed &amp; Chai\" \/>\n<meta property=\"og:description\" content=\"(English) Discover our two guest house in south Delhi. Beautiful and cosy place to enjoy your stay. Well situated, you will have acces to others cities in India.\" \/>\n<meta property=\"og:url\" content=\"https:\/\/stay.bedandchai.com\/fr\/our-offer\/\" \/>\n<meta property=\"og:site_name\" content=\"S&#039;installer \u00e0 Delhi avec Bed &amp; Chai\" \/>\n<meta property=\"article:modified_time\" content=\"2016-12-19T13:12:31+00:00\" \/>\n<meta name=\"twitter:card\" content=\"summary_large_image\" \/>\n<meta name=\"twitter:label1\" content=\"Dur\u00e9e de lecture estim\u00e9e\" \/>\n\t<meta name=\"twitter:data1\" content=\"1 minute\" \/>\n<script type=\"application\/ld+json\" class=\"yoast-schema-graph\">{\"@context\":\"https:\\\/\\\/schema.org\",\"@graph\":[{\"@type\":\"WebPage\",\"@id\":\"https:\\\/\\\/stay.bedandchai.com\\\/fr\\\/our-offer\\\/\",\"url\":\"https:\\\/\\\/stay.bedandchai.com\\\/fr\\\/our-offer\\\/\",\"name\":\"Notre offre de logement - S&#039;installer \u00e0 Delhi avec Bed &amp; Chai\",\"isPartOf\":{\"@id\":\"https:\\\/\\\/stay.bedandchai.com\\\/#website\"},\"datePublished\":\"2016-02-22T20:42:11+00:00\",\"dateModified\":\"2016-12-19T13:12:31+00:00\",\"description\":\"(English) Discover our two guest house in south Delhi. Beautiful and cosy place to enjoy your stay. Well situated, you will have acces to others cities in India.\",\"breadcrumb\":{\"@id\":\"https:\\\/\\\/stay.bedandchai.com\\\/fr\\\/our-offer\\\/#breadcrumb\"},\"inLanguage\":\"fr-FR\",\"potentialAction\":[{\"@type\":\"ReadAction\",\"target\":[\"https:\\\/\\\/stay.bedandchai.com\\\/fr\\\/our-offer\\\/\"]}]},{\"@type\":\"BreadcrumbList\",\"@id\":\"https:\\\/\\\/stay.bedandchai.com\\\/fr\\\/our-offer\\\/#breadcrumb\",\"itemListElement\":[{\"@type\":\"ListItem\",\"position\":1,\"name\":\"Home\",\"item\":\"https:\\\/\\\/stay.bedandchai.com\\\/\"},{\"@type\":\"ListItem\",\"position\":2,\"name\":\"Notre offre de logement\"}]},{\"@type\":\"WebSite\",\"@id\":\"https:\\\/\\\/stay.bedandchai.com\\\/#website\",\"url\":\"https:\\\/\\\/stay.bedandchai.com\\\/\",\"name\":\"S&#039;installer \u00e0 Delhi avec Bed &amp; Chai\",\"description\":\"Pour une arriv\u00e9e en douceur\",\"potentialAction\":[{\"@type\":\"SearchAction\",\"target\":{\"@type\":\"EntryPoint\",\"urlTemplate\":\"https:\\\/\\\/stay.bedandchai.com\\\/?s={search_term_string}\"},\"query-input\":{\"@type\":\"PropertyValueSpecification\",\"valueRequired\":true,\"valueName\":\"search_term_string\"}}],\"inLanguage\":\"fr-FR\"}]}<\/script>\n<!-- \/ Yoast SEO plugin. -->","yoast_head_json":{"title":"Notre offre de logement - S&#039;installer \u00e0 Delhi avec Bed &amp; Chai","description":"(English) Discover our two guest house in south Delhi. Beautiful and cosy place to enjoy your stay. Well situated, you will have acces to others cities in India.","robots":{"index":"index","follow":"follow","max-snippet":"max-snippet:-1","max-image-preview":"max-image-preview:large","max-video-preview":"max-video-preview:-1"},"canonical":"https:\/\/stay.bedandchai.com\/fr\/our-offer\/","og_locale":"fr_FR","og_type":"article","og_title":"Notre offre de logement - S&#039;installer \u00e0 Delhi avec Bed &amp; Chai","og_description":"(English) Discover our two guest house in south Delhi. Beautiful and cosy place to enjoy your stay. Well situated, you will have acces to others cities in India.","og_url":"https:\/\/stay.bedandchai.com\/fr\/our-offer\/","og_site_name":"S&#039;installer \u00e0 Delhi avec Bed &amp; Chai","article_modified_time":"2016-12-19T13:12:31+00:00","twitter_card":"summary_large_image","twitter_misc":{"Dur\u00e9e de lecture estim\u00e9e":"1 minute"},"schema":{"@context":"https:\/\/schema.org","@graph":[{"@type":"WebPage","@id":"https:\/\/stay.bedandchai.com\/fr\/our-offer\/","url":"https:\/\/stay.bedandchai.com\/fr\/our-offer\/","name":"Notre offre de logement - S&#039;installer \u00e0 Delhi avec Bed &amp; Chai","isPartOf":{"@id":"https:\/\/stay.bedandchai.com\/#website"},"datePublished":"2016-02-22T20:42:11+00:00","dateModified":"2016-12-19T13:12:31+00:00","description":"(English) Discover our two guest house in south Delhi. Beautiful and cosy place to enjoy your stay. Well situated, you will have acces to others cities in India.","breadcrumb":{"@id":"https:\/\/stay.bedandchai.com\/fr\/our-offer\/#breadcrumb"},"inLanguage":"fr-FR","potentialAction":[{"@type":"ReadAction","target":["https:\/\/stay.bedandchai.com\/fr\/our-offer\/"]}]},{"@type":"BreadcrumbList","@id":"https:\/\/stay.bedandchai.com\/fr\/our-offer\/#breadcrumb","itemListElement":[{"@type":"ListItem","position":1,"name":"Home","item":"https:\/\/stay.bedandchai.com\/"},{"@type":"ListItem","position":2,"name":"Notre offre de logement"}]},{"@type":"WebSite","@id":"https:\/\/stay.bedandchai.com\/#website","url":"https:\/\/stay.bedandchai.com\/","name":"S&#039;installer \u00e0 Delhi avec Bed &amp; Chai","description":"Pour une arriv\u00e9e en douceur","potentialAction":[{"@type":"SearchAction","target":{"@type":"EntryPoint","urlTemplate":"https:\/\/stay.bedandchai.com\/?s={search_term_string}"},"query-input":{"@type":"PropertyValueSpecification","valueRequired":true,"valueName":"search_term_string"}}],"inLanguage":"fr-FR"}]}},"_links":{"self":[{"href":"https:\/\/stay.bedandchai.com\/fr\/wp-json\/wp\/v2\/pages\/243","targetHints":{"allow":["GET"]}}],"collection":[{"href":"https:\/\/stay.bedandchai.com\/fr\/wp-json\/wp\/v2\/pages"}],"about":[{"href":"https:\/\/stay.bedandchai.com\/fr\/wp-json\/wp\/v2\/types\/page"}],"author":[{"embeddable":true,"href":"https:\/\/stay.bedandchai.com\/fr\/wp-json\/wp\/v2\/users\/2"}],"replies":[{"embeddable":true,"href":"https:\/\/stay.bedandchai.com\/fr\/wp-json\/wp\/v2\/comments?post=243"}],"version-history":[{"count":38,"href":"https:\/\/stay.bedandchai.com\/fr\/wp-json\/wp\/v2\/pages\/243\/revisions"}],"predecessor-version":[{"id":937,"href":"https:\/\/stay.bedandchai.com\/fr\/wp-json\/wp\/v2\/pages\/243\/revisions\/937"}],"wp:attachment":[{"href":"https:\/\/stay.bedandchai.com\/fr\/wp-json\/wp\/v2\/media?parent=243"}],"curies":[{"name":"wp","href":"https:\/\/api.w.org\/{rel}","templated":true}]}}