{"id":25,"date":"2015-11-18T15:38:06","date_gmt":"2015-11-18T15:38:06","guid":{"rendered":"http:\/\/stay.bedandchai.com\/?page_id=25"},"modified":"2016-06-20T07:29:24","modified_gmt":"2016-06-20T07:29:24","slug":"pharmacy-kit","status":"publish","type":"page","link":"https:\/\/stay.bedandchai.com\/fr\/pharmacy-kit\/","title":{"rendered":"Trousse \u00e0 pharmacie"},"content":{"rendered":"<p><a href=\"http:\/\/stay.bedandchai.com\/wp-content\/uploads\/2015\/11\/12665717_10208595479552583_823983595_n.jpg\" rel=\"attachment wp-att-113\"><img loading=\"lazy\" decoding=\"async\" class=\"wp-image-113 aligncenter\" src=\"http:\/\/stay.bedandchai.com\/wp-content\/uploads\/2015\/11\/12665717_10208595479552583_823983595_n-174x300.jpg\" alt=\"Medicament Inde\" width=\"261\" height=\"450\" srcset=\"https:\/\/stay.bedandchai.com\/wp-content\/uploads\/2015\/11\/12665717_10208595479552583_823983595_n-174x300.jpg 174w, https:\/\/stay.bedandchai.com\/wp-content\/uploads\/2015\/11\/12665717_10208595479552583_823983595_n.jpg 271w\" sizes=\"auto, (max-width: 261px) 100vw, 261px\" \/><\/a><\/p>\n<h2>Quels m\u00e9dicaments dans sa trousse \u00e0 pharmacie ?<\/h2>\n<p>Pas besoin de prendre avec vous des tas de m\u00e9dicaments, il est tr\u00e8s facile de se procurer les m\u00e9dicaments de base en Inde !<\/p>\n<p>Pr\u00e9voyez, du Spasfon et du Citrate de B\u00e9ta\u00efne (car ces 2 m\u00e9dicaments n\u2019existent pas en Inde).\u00a0Si votre peau est sensible au soleil emportez de la cr\u00e8me solaire avec un indice de protection \u00e9lev\u00e9 (vous ne trouverez que de la cr\u00e8me \u00e0 faible indice et ch\u00e8re).<\/p>\n<p>Il arrive quelques fois d\u2019attraper une petite tourista, cela n\u2019est pas grave et c\u2019est m\u00eame plut\u00f4t normal lorsque l\u2019on change totalement d\u2019alimentation et d\u2019environnement.D\u00e8s les premiers sympt\u00f4mes, n\u2019h\u00e9sitez pas \u00e0 vous procurez, dans n\u2019importe quelle pharmacie, des sels de r\u00e9hydratation (\u00ab Electral \u00bb 1 sachet pour 1 Litre d\u2019eau), et des probiotiques, cela vous remettra sur pied tr\u00e8s rapidement.<\/p>\n<p>Pas besoin de prendre d&rsquo;anti-moustiques avec vous, Odomos est un anti-moustiques indien tr\u00e8s efficace que vous pourrez trouver dans toutes les pharmacies pour un prix bien inf\u00e9rieur aux r\u00e9pulsifs europ\u00e9ens.<\/p>\n<p>Seuls les sympt\u00f4mes suivants doivent vous inqui\u00e9ter et vous devrez consulter rapidement : une fi\u00e8vre qui dure plus de 24h, de fortes crampes d\u2019estomac\/intestinales, des sympt\u00f4mes de d\u00e9shydratation. Dans ce cas, rapportez-vous au paragraphe concernant les <a href=\"http:\/\/stay.bedandchai.com\/fr\/medical-services\/\">services m\u00e9dicaux<\/a> \u00e0 Delhi dans la partie Vie pratique \u00e0 Delhi.<\/p>\n<h2>Choses utiles \u00e0 emporter avec vous en voyage<\/h2>\n<ul>\n<li>Bandages adh\u00e9sifs, pansements de plusieurs tailles<\/li>\n<li>Ciseaux, pince \u00e0 \u00e9piler (oursins, \u00e9chardes par exemple)<\/li>\n<li>Compresses de gaze st\u00e9riles<\/li>\n<li>D\u00e9sinfectant pour les mains antibact\u00e9rien<\/li>\n<li>Spray ou cr\u00e8me antibact\u00e9rienne et antifongique<\/li>\n<li>Lingettes antiseptiques<\/li>\n<li>Thermom\u00e8tre<\/li>\n<li>Comprim\u00e9s de purification de l\u2019eau<\/li>\n<\/ul>\n","protected":false},"excerpt":{"rendered":"<p>Quels m\u00e9dicaments dans sa trousse \u00e0 pharmacie ? Pas besoin de prendre avec vous des tas de m\u00e9dicaments, il est tr\u00e8s facile de se procurer les m\u00e9dicaments de base en Inde ! Pr\u00e9voyez, du Spasfon et du Citrate de B\u00e9ta\u00efne (car ces 2 m\u00e9dicaments n\u2019existent pas en Inde).\u00a0Si votre peau [&hellip;]<\/p>\n","protected":false},"author":2,"featured_media":0,"parent":0,"menu_order":0,"comment_status":"closed","ping_status":"closed","template":"","meta":{"_bbp_topic_count":0,"_bbp_reply_count":0,"_bbp_total_topic_count":0,"_bbp_total_reply_count":0,"_bbp_voice_count":0,"_bbp_anonymous_reply_count":0,"_bbp_topic_count_hidden":0,"_bbp_reply_count_hidden":0,"_bbp_forum_subforum_count":0,"_themeisle_gutenberg_block_has_review":false,"footnotes":""},"class_list":["post-25","page","type-page","status-publish","hentry"],"yoast_head":"<!-- This site is optimized with the Yoast SEO plugin v27.5 - https:\/\/yoast.com\/product\/yoast-seo-wordpress\/ -->\n<title>Trousse \u00e0 pharmacie - S&#039;installer \u00e0 Delhi avec Bed &amp; Chai<\/title>\n<meta name=\"description\" content=\"What drugs in your pharmacy kit? No need to take with you a lot of drugs, it is very easy to obtain basic medicines in India and at low price !\" \/>\n<meta name=\"robots\" content=\"index, follow, max-snippet:-1, max-image-preview:large, max-video-preview:-1\" \/>\n<link rel=\"canonical\" href=\"https:\/\/stay.bedandchai.com\/pharmacy-kit\/\" \/>\n<meta property=\"og:locale\" content=\"fr_FR\" \/>\n<meta property=\"og:type\" content=\"article\" \/>\n<meta property=\"og:title\" content=\"Trousse \u00e0 pharmacie - S&#039;installer \u00e0 Delhi avec Bed &amp; Chai\" \/>\n<meta property=\"og:description\" content=\"What drugs in your pharmacy kit? No need to take with you a lot of drugs, it is very easy to obtain basic medicines in India and at low price !\" \/>\n<meta property=\"og:url\" content=\"https:\/\/stay.bedandchai.com\/pharmacy-kit\/\" \/>\n<meta property=\"og:site_name\" content=\"S&#039;installer \u00e0 Delhi avec Bed &amp; Chai\" \/>\n<meta property=\"article:modified_time\" content=\"2016-06-20T07:29:24+00:00\" \/>\n<meta property=\"og:image\" content=\"https:\/\/stay.bedandchai.com\/wp-content\/uploads\/2015\/11\/12665717_10208595479552583_823983595_n.jpg\" \/>\n\t<meta property=\"og:image:width\" content=\"271\" \/>\n\t<meta property=\"og:image:height\" content=\"466\" \/>\n\t<meta property=\"og:image:type\" content=\"image\/jpeg\" \/>\n<meta name=\"twitter:card\" content=\"summary_large_image\" \/>\n<meta name=\"twitter:label1\" content=\"Dur\u00e9e de lecture estim\u00e9e\" \/>\n\t<meta name=\"twitter:data1\" content=\"1 minute\" \/>\n<script type=\"application\/ld+json\" class=\"yoast-schema-graph\">{\"@context\":\"https:\\\/\\\/schema.org\",\"@graph\":[{\"@type\":\"WebPage\",\"@id\":\"https:\\\/\\\/stay.bedandchai.com\\\/pharmacy-kit\\\/\",\"url\":\"https:\\\/\\\/stay.bedandchai.com\\\/pharmacy-kit\\\/\",\"name\":\"Trousse \u00e0 pharmacie - S&#039;installer \u00e0 Delhi avec Bed &amp; Chai\",\"isPartOf\":{\"@id\":\"https:\\\/\\\/stay.bedandchai.com\\\/#website\"},\"primaryImageOfPage\":{\"@id\":\"https:\\\/\\\/stay.bedandchai.com\\\/pharmacy-kit\\\/#primaryimage\"},\"image\":{\"@id\":\"https:\\\/\\\/stay.bedandchai.com\\\/pharmacy-kit\\\/#primaryimage\"},\"thumbnailUrl\":\"http:\\\/\\\/stay.bedandchai.com\\\/wp-content\\\/uploads\\\/2015\\\/11\\\/12665717_10208595479552583_823983595_n-174x300.jpg\",\"datePublished\":\"2015-11-18T15:38:06+00:00\",\"dateModified\":\"2016-06-20T07:29:24+00:00\",\"description\":\"What drugs in your pharmacy kit? No need to take with you a lot of drugs, it is very easy to obtain basic medicines in India and at low price !\",\"breadcrumb\":{\"@id\":\"https:\\\/\\\/stay.bedandchai.com\\\/pharmacy-kit\\\/#breadcrumb\"},\"inLanguage\":\"fr-FR\",\"potentialAction\":[{\"@type\":\"ReadAction\",\"target\":[\"https:\\\/\\\/stay.bedandchai.com\\\/pharmacy-kit\\\/\"]}]},{\"@type\":\"ImageObject\",\"inLanguage\":\"fr-FR\",\"@id\":\"https:\\\/\\\/stay.bedandchai.com\\\/pharmacy-kit\\\/#primaryimage\",\"url\":\"http:\\\/\\\/stay.bedandchai.com\\\/wp-content\\\/uploads\\\/2015\\\/11\\\/12665717_10208595479552583_823983595_n-174x300.jpg\",\"contentUrl\":\"http:\\\/\\\/stay.bedandchai.com\\\/wp-content\\\/uploads\\\/2015\\\/11\\\/12665717_10208595479552583_823983595_n-174x300.jpg\"},{\"@type\":\"BreadcrumbList\",\"@id\":\"https:\\\/\\\/stay.bedandchai.com\\\/pharmacy-kit\\\/#breadcrumb\",\"itemListElement\":[{\"@type\":\"ListItem\",\"position\":1,\"name\":\"Home\",\"item\":\"https:\\\/\\\/stay.bedandchai.com\\\/\"},{\"@type\":\"ListItem\",\"position\":2,\"name\":\"Pharmacy kit\"}]},{\"@type\":\"WebSite\",\"@id\":\"https:\\\/\\\/stay.bedandchai.com\\\/#website\",\"url\":\"https:\\\/\\\/stay.bedandchai.com\\\/\",\"name\":\"S&#039;installer \u00e0 Delhi avec Bed &amp; Chai\",\"description\":\"Pour une arriv\u00e9e en douceur\",\"potentialAction\":[{\"@type\":\"SearchAction\",\"target\":{\"@type\":\"EntryPoint\",\"urlTemplate\":\"https:\\\/\\\/stay.bedandchai.com\\\/?s={search_term_string}\"},\"query-input\":{\"@type\":\"PropertyValueSpecification\",\"valueRequired\":true,\"valueName\":\"search_term_string\"}}],\"inLanguage\":\"fr-FR\"}]}<\/script>\n<!-- \/ Yoast SEO plugin. -->","yoast_head_json":{"title":"Trousse \u00e0 pharmacie - S&#039;installer \u00e0 Delhi avec Bed &amp; Chai","description":"What drugs in your pharmacy kit? No need to take with you a lot of drugs, it is very easy to obtain basic medicines in India and at low price !","robots":{"index":"index","follow":"follow","max-snippet":"max-snippet:-1","max-image-preview":"max-image-preview:large","max-video-preview":"max-video-preview:-1"},"canonical":"https:\/\/stay.bedandchai.com\/pharmacy-kit\/","og_locale":"fr_FR","og_type":"article","og_title":"Trousse \u00e0 pharmacie - S&#039;installer \u00e0 Delhi avec Bed &amp; Chai","og_description":"What drugs in your pharmacy kit? No need to take with you a lot of drugs, it is very easy to obtain basic medicines in India and at low price !","og_url":"https:\/\/stay.bedandchai.com\/pharmacy-kit\/","og_site_name":"S&#039;installer \u00e0 Delhi avec Bed &amp; Chai","article_modified_time":"2016-06-20T07:29:24+00:00","og_image":[{"width":271,"height":466,"url":"https:\/\/stay.bedandchai.com\/wp-content\/uploads\/2015\/11\/12665717_10208595479552583_823983595_n.jpg","type":"image\/jpeg"}],"twitter_card":"summary_large_image","twitter_misc":{"Dur\u00e9e de lecture estim\u00e9e":"1 minute"},"schema":{"@context":"https:\/\/schema.org","@graph":[{"@type":"WebPage","@id":"https:\/\/stay.bedandchai.com\/pharmacy-kit\/","url":"https:\/\/stay.bedandchai.com\/pharmacy-kit\/","name":"Trousse \u00e0 pharmacie - S&#039;installer \u00e0 Delhi avec Bed &amp; Chai","isPartOf":{"@id":"https:\/\/stay.bedandchai.com\/#website"},"primaryImageOfPage":{"@id":"https:\/\/stay.bedandchai.com\/pharmacy-kit\/#primaryimage"},"image":{"@id":"https:\/\/stay.bedandchai.com\/pharmacy-kit\/#primaryimage"},"thumbnailUrl":"http:\/\/stay.bedandchai.com\/wp-content\/uploads\/2015\/11\/12665717_10208595479552583_823983595_n-174x300.jpg","datePublished":"2015-11-18T15:38:06+00:00","dateModified":"2016-06-20T07:29:24+00:00","description":"What drugs in your pharmacy kit? No need to take with you a lot of drugs, it is very easy to obtain basic medicines in India and at low price !","breadcrumb":{"@id":"https:\/\/stay.bedandchai.com\/pharmacy-kit\/#breadcrumb"},"inLanguage":"fr-FR","potentialAction":[{"@type":"ReadAction","target":["https:\/\/stay.bedandchai.com\/pharmacy-kit\/"]}]},{"@type":"ImageObject","inLanguage":"fr-FR","@id":"https:\/\/stay.bedandchai.com\/pharmacy-kit\/#primaryimage","url":"http:\/\/stay.bedandchai.com\/wp-content\/uploads\/2015\/11\/12665717_10208595479552583_823983595_n-174x300.jpg","contentUrl":"http:\/\/stay.bedandchai.com\/wp-content\/uploads\/2015\/11\/12665717_10208595479552583_823983595_n-174x300.jpg"},{"@type":"BreadcrumbList","@id":"https:\/\/stay.bedandchai.com\/pharmacy-kit\/#breadcrumb","itemListElement":[{"@type":"ListItem","position":1,"name":"Home","item":"https:\/\/stay.bedandchai.com\/"},{"@type":"ListItem","position":2,"name":"Pharmacy kit"}]},{"@type":"WebSite","@id":"https:\/\/stay.bedandchai.com\/#website","url":"https:\/\/stay.bedandchai.com\/","name":"S&#039;installer \u00e0 Delhi avec Bed &amp; Chai","description":"Pour une arriv\u00e9e en douceur","potentialAction":[{"@type":"SearchAction","target":{"@type":"EntryPoint","urlTemplate":"https:\/\/stay.bedandchai.com\/?s={search_term_string}"},"query-input":{"@type":"PropertyValueSpecification","valueRequired":true,"valueName":"search_term_string"}}],"inLanguage":"fr-FR"}]}},"_links":{"self":[{"href":"https:\/\/stay.bedandchai.com\/fr\/wp-json\/wp\/v2\/pages\/25","targetHints":{"allow":["GET"]}}],"collection":[{"href":"https:\/\/stay.bedandchai.com\/fr\/wp-json\/wp\/v2\/pages"}],"about":[{"href":"https:\/\/stay.bedandchai.com\/fr\/wp-json\/wp\/v2\/types\/page"}],"author":[{"embeddable":true,"href":"https:\/\/stay.bedandchai.com\/fr\/wp-json\/wp\/v2\/users\/2"}],"replies":[{"embeddable":true,"href":"https:\/\/stay.bedandchai.com\/fr\/wp-json\/wp\/v2\/comments?post=25"}],"version-history":[{"count":14,"href":"https:\/\/stay.bedandchai.com\/fr\/wp-json\/wp\/v2\/pages\/25\/revisions"}],"predecessor-version":[{"id":863,"href":"https:\/\/stay.bedandchai.com\/fr\/wp-json\/wp\/v2\/pages\/25\/revisions\/863"}],"wp:attachment":[{"href":"https:\/\/stay.bedandchai.com\/fr\/wp-json\/wp\/v2\/media?parent=25"}],"curies":[{"name":"wp","href":"https:\/\/api.w.org\/{rel}","templated":true}]}}