{"id":27,"date":"2015-11-18T15:38:33","date_gmt":"2015-11-18T15:38:33","guid":{"rendered":"http:\/\/stay.bedandchai.com\/?page_id=27"},"modified":"2016-06-20T09:39:10","modified_gmt":"2016-06-20T09:39:10","slug":"prepare-your-suitcase","status":"publish","type":"page","link":"https:\/\/stay.bedandchai.com\/fr\/prepare-your-suitcase\/","title":{"rendered":"Pr\u00e9parer sa valise"},"content":{"rendered":"<p><a href=\"http:\/\/stay.bedandchai.com\/wp-content\/uploads\/2015\/11\/SL371247.jpg\" rel=\"attachment wp-att-105\"><img loading=\"lazy\" decoding=\"async\" class=\" wp-image-105 aligncenter\" src=\"http:\/\/stay.bedandchai.com\/wp-content\/uploads\/2015\/11\/SL371247-300x225.jpg\" alt=\"Delhi hotel\" width=\"448\" height=\"336\" srcset=\"https:\/\/stay.bedandchai.com\/wp-content\/uploads\/2015\/11\/SL371247-300x225.jpg 300w, https:\/\/stay.bedandchai.com\/wp-content\/uploads\/2015\/11\/SL371247-768x576.jpg 768w, https:\/\/stay.bedandchai.com\/wp-content\/uploads\/2015\/11\/SL371247-1024x768.jpg 1024w, https:\/\/stay.bedandchai.com\/wp-content\/uploads\/2015\/11\/SL371247-285x214.jpg 285w\" sizes=\"auto, (max-width: 448px) 100vw, 448px\" \/><\/a><\/p>\n<h1 style=\"text-align: left;\">Sac \u00e0 dos ou Valise ?<\/h1>\n<p style=\"text-align: left;\">Le\u00a0sac-\u00e0-dos, bon plan pour ce type de voyage , surtout si vous faites de l\u2019itin\u00e9rant. Il est plus simple \u00e0 porter dans les trains, bus et autres transports en commun. Les routes en Inde ne sont pas toujours goudronn\u00e9es donc devoir tirer sa valise \u00e0 roulettes est assez contraignant.<\/p>\n<p style=\"text-align: left;\">Il est important de bien se renseigner sur le poids des valises accept\u00e9es en soute pour \u00e9viter toute mauvaise surprise \u00e0 l\u2019a\u00e9roport. Le poids varie en fonction des compagnies.<\/p>\n<h1 style=\"text-align: left;\">Comment pr\u00e9parer sa valise ?<\/h1>\n<p><a href=\"http:\/\/stay.bedandchai.com\/wp-content\/uploads\/2016\/02\/suitcase.jpg\" rel=\"attachment wp-att-172\"><img loading=\"lazy\" decoding=\"async\" class=\"alignleft wp-image-172 size-medium\" src=\"http:\/\/stay.bedandchai.com\/wp-content\/uploads\/2016\/02\/suitcase-228x300.jpg\" alt=\"Valise voyage inde\" width=\"228\" height=\"300\" srcset=\"https:\/\/stay.bedandchai.com\/wp-content\/uploads\/2016\/02\/suitcase-228x300.jpg 228w, https:\/\/stay.bedandchai.com\/wp-content\/uploads\/2016\/02\/suitcase.jpg 480w\" sizes=\"auto, (max-width: 228px) 100vw, 228px\" \/><\/a><\/p>\n<p style=\"text-align: left;\">Tout d\u00e9pend de la p\u00e9riode \u00e0 la quelle vous allez r\u00e9sider \u00e0 Delhi. Sachez qu&rsquo;il fait froid en hiver. L&rsquo;hiver dure de mi-d\u00e9cembre \u00e0 fin janvier.\u00a0Le reste de l&rsquo;ann\u00e9e les v\u00eatements chauds ne vous serviront qu&rsquo;en cas de climatisation excessive dans votre bureau (fr\u00e9quent) ou si vous vous rendez en altitude.<\/p>\n<p style=\"text-align: left;\">Pour les filles, le mieux est d\u2019\u00e9viter les jupes et d\u00e9collet\u00e9s m\u00eame si la chaleur invite \u00e0 se v\u00eatir de nos tenues d&rsquo;\u00e9t\u00e9, sauf dans le Sud de Delhi. Toujours se couvrir les jambes et les \u00e9paules. Les pantalons en lin ou sarouels peuvent faire l&rsquo;affaire. Egalement des t-shirts en cotons larges, des longs gilets ou longues jupes. Cela pourra vous servir en cas de visite de monuments religieux!<\/p>\n<p style=\"text-align: left;\">Pour les gar\u00e7ons, le short n&rsquo;est pas possible dans les monuments religieux. Vous verrez peu d&rsquo;Indiens en porter.<\/p>\n<p style=\"text-align: left;\">Un foulard pour se prot\u00e9ger de la pollution et de la poussi\u00e8re. Si vous prenez le touk-touk (moyen de transport tr\u00e8s courant en Inde), vous pourrez nouer votre foulard autour du nez pour \u00e9viter de respirer les mauvaises particules ou le mettre sur les cheveux pour la poussi\u00e8re. Contre la pollution, un masque sera toujours plus efficace, mais le foulard d\u00e9panne.<\/p>\n<p style=\"text-align: left;\">Pour les chaussures, tout simplement une paire des basket ou des sandales , en fonctions de la saison.<\/p>\n<h1 style=\"text-align: left;\">Ca peut \u00eatre utile<\/h1>\n<ul>\n<li style=\"text-align: left;\">Un spray d\u2019eau rafra\u00eechissante lors des grosses chaleurs<\/li>\n<li style=\"text-align: left;\">Des lingettes pour se d\u00e9barbouiller rapidement en journ\u00e9e (poussi\u00e8re, sueur, pollution\u2026)<\/li>\n<li style=\"text-align: left;\">Un poncho si vous partez en p\u00e9riode de mousson<\/li>\n<\/ul>\n<p style=\"text-align: left;\"><em>Ne pas oublier de\u00a0conserver avec soi une photocopie et un scan de son passeport et de tout autre papier jug\u00e9 important, au cas o\u00f9 l\u2019on perde l\u2019original.<\/em><\/p>\n","protected":false},"excerpt":{"rendered":"<p>Sac \u00e0 dos ou Valise ? Le\u00a0sac-\u00e0-dos, bon plan pour ce type de voyage , surtout si vous faites de l\u2019itin\u00e9rant. Il est plus simple \u00e0 porter dans les trains, bus et autres transports en commun. Les routes en Inde ne sont pas toujours goudronn\u00e9es donc devoir tirer sa valise [&hellip;]<\/p>\n","protected":false},"author":2,"featured_media":0,"parent":0,"menu_order":0,"comment_status":"closed","ping_status":"closed","template":"","meta":{"_bbp_topic_count":0,"_bbp_reply_count":0,"_bbp_total_topic_count":0,"_bbp_total_reply_count":0,"_bbp_voice_count":0,"_bbp_anonymous_reply_count":0,"_bbp_topic_count_hidden":0,"_bbp_reply_count_hidden":0,"_bbp_forum_subforum_count":0,"_themeisle_gutenberg_block_has_review":false,"footnotes":""},"class_list":["post-27","page","type-page","status-publish","hentry"],"yoast_head":"<!-- This site is optimized with the Yoast SEO plugin v27.6 - https:\/\/yoast.com\/product\/yoast-seo-wordpress\/ -->\n<title>Pr\u00e9parer sa valise - S&#039;installer \u00e0 Delhi avec Bed &amp; Chai<\/title>\n<meta name=\"description\" content=\"Need to prepare your suitcase or backpack for India? Here some advices about what you will really need for this wonderful trip!\" \/>\n<meta name=\"robots\" content=\"index, follow, max-snippet:-1, max-image-preview:large, max-video-preview:-1\" \/>\n<link rel=\"canonical\" href=\"https:\/\/stay.bedandchai.com\/prepare-your-suitcase\/\" \/>\n<meta property=\"og:locale\" content=\"fr_FR\" \/>\n<meta property=\"og:type\" content=\"article\" \/>\n<meta property=\"og:title\" content=\"Pr\u00e9parer sa valise - S&#039;installer \u00e0 Delhi avec Bed &amp; Chai\" \/>\n<meta property=\"og:description\" content=\"Need to prepare your suitcase or backpack for India? Here some advices about what you will really need for this wonderful trip!\" \/>\n<meta property=\"og:url\" content=\"https:\/\/stay.bedandchai.com\/prepare-your-suitcase\/\" \/>\n<meta property=\"og:site_name\" content=\"S&#039;installer \u00e0 Delhi avec Bed &amp; Chai\" \/>\n<meta property=\"article:modified_time\" content=\"2016-06-20T09:39:10+00:00\" \/>\n<meta property=\"og:image\" content=\"https:\/\/stay.bedandchai.com\/wp-content\/uploads\/2015\/11\/SL371247.jpg\" \/>\n\t<meta property=\"og:image:width\" content=\"3072\" \/>\n\t<meta property=\"og:image:height\" content=\"2304\" \/>\n\t<meta property=\"og:image:type\" content=\"image\/jpeg\" \/>\n<meta name=\"twitter:card\" content=\"summary_large_image\" \/>\n<meta name=\"twitter:label1\" content=\"Dur\u00e9e de lecture estim\u00e9e\" \/>\n\t<meta name=\"twitter:data1\" content=\"2 minutes\" \/>\n<script type=\"application\/ld+json\" class=\"yoast-schema-graph\">{\"@context\":\"https:\\\/\\\/schema.org\",\"@graph\":[{\"@type\":\"WebPage\",\"@id\":\"https:\\\/\\\/stay.bedandchai.com\\\/prepare-your-suitcase\\\/\",\"url\":\"https:\\\/\\\/stay.bedandchai.com\\\/prepare-your-suitcase\\\/\",\"name\":\"Pr\u00e9parer sa valise - S&#039;installer \u00e0 Delhi avec Bed &amp; Chai\",\"isPartOf\":{\"@id\":\"https:\\\/\\\/stay.bedandchai.com\\\/#website\"},\"primaryImageOfPage\":{\"@id\":\"https:\\\/\\\/stay.bedandchai.com\\\/prepare-your-suitcase\\\/#primaryimage\"},\"image\":{\"@id\":\"https:\\\/\\\/stay.bedandchai.com\\\/prepare-your-suitcase\\\/#primaryimage\"},\"thumbnailUrl\":\"http:\\\/\\\/stay.bedandchai.com\\\/wp-content\\\/uploads\\\/2015\\\/11\\\/SL371247-300x225.jpg\",\"datePublished\":\"2015-11-18T15:38:33+00:00\",\"dateModified\":\"2016-06-20T09:39:10+00:00\",\"description\":\"Need to prepare your suitcase or backpack for India? Here some advices about what you will really need for this wonderful trip!\",\"breadcrumb\":{\"@id\":\"https:\\\/\\\/stay.bedandchai.com\\\/prepare-your-suitcase\\\/#breadcrumb\"},\"inLanguage\":\"fr-FR\",\"potentialAction\":[{\"@type\":\"ReadAction\",\"target\":[\"https:\\\/\\\/stay.bedandchai.com\\\/prepare-your-suitcase\\\/\"]}]},{\"@type\":\"ImageObject\",\"inLanguage\":\"fr-FR\",\"@id\":\"https:\\\/\\\/stay.bedandchai.com\\\/prepare-your-suitcase\\\/#primaryimage\",\"url\":\"http:\\\/\\\/stay.bedandchai.com\\\/wp-content\\\/uploads\\\/2015\\\/11\\\/SL371247-300x225.jpg\",\"contentUrl\":\"http:\\\/\\\/stay.bedandchai.com\\\/wp-content\\\/uploads\\\/2015\\\/11\\\/SL371247-300x225.jpg\"},{\"@type\":\"BreadcrumbList\",\"@id\":\"https:\\\/\\\/stay.bedandchai.com\\\/prepare-your-suitcase\\\/#breadcrumb\",\"itemListElement\":[{\"@type\":\"ListItem\",\"position\":1,\"name\":\"Home\",\"item\":\"https:\\\/\\\/stay.bedandchai.com\\\/\"},{\"@type\":\"ListItem\",\"position\":2,\"name\":\"Prepare your suitcase for India\"}]},{\"@type\":\"WebSite\",\"@id\":\"https:\\\/\\\/stay.bedandchai.com\\\/#website\",\"url\":\"https:\\\/\\\/stay.bedandchai.com\\\/\",\"name\":\"S&#039;installer \u00e0 Delhi avec Bed &amp; Chai\",\"description\":\"Pour une arriv\u00e9e en douceur\",\"potentialAction\":[{\"@type\":\"SearchAction\",\"target\":{\"@type\":\"EntryPoint\",\"urlTemplate\":\"https:\\\/\\\/stay.bedandchai.com\\\/?s={search_term_string}\"},\"query-input\":{\"@type\":\"PropertyValueSpecification\",\"valueRequired\":true,\"valueName\":\"search_term_string\"}}],\"inLanguage\":\"fr-FR\"}]}<\/script>\n<!-- \/ Yoast SEO plugin. -->","yoast_head_json":{"title":"Pr\u00e9parer sa valise - S&#039;installer \u00e0 Delhi avec Bed &amp; Chai","description":"Need to prepare your suitcase or backpack for India? Here some advices about what you will really need for this wonderful trip!","robots":{"index":"index","follow":"follow","max-snippet":"max-snippet:-1","max-image-preview":"max-image-preview:large","max-video-preview":"max-video-preview:-1"},"canonical":"https:\/\/stay.bedandchai.com\/prepare-your-suitcase\/","og_locale":"fr_FR","og_type":"article","og_title":"Pr\u00e9parer sa valise - S&#039;installer \u00e0 Delhi avec Bed &amp; Chai","og_description":"Need to prepare your suitcase or backpack for India? Here some advices about what you will really need for this wonderful trip!","og_url":"https:\/\/stay.bedandchai.com\/prepare-your-suitcase\/","og_site_name":"S&#039;installer \u00e0 Delhi avec Bed &amp; Chai","article_modified_time":"2016-06-20T09:39:10+00:00","og_image":[{"width":3072,"height":2304,"url":"https:\/\/stay.bedandchai.com\/wp-content\/uploads\/2015\/11\/SL371247.jpg","type":"image\/jpeg"}],"twitter_card":"summary_large_image","twitter_misc":{"Dur\u00e9e de lecture estim\u00e9e":"2 minutes"},"schema":{"@context":"https:\/\/schema.org","@graph":[{"@type":"WebPage","@id":"https:\/\/stay.bedandchai.com\/prepare-your-suitcase\/","url":"https:\/\/stay.bedandchai.com\/prepare-your-suitcase\/","name":"Pr\u00e9parer sa valise - S&#039;installer \u00e0 Delhi avec Bed &amp; Chai","isPartOf":{"@id":"https:\/\/stay.bedandchai.com\/#website"},"primaryImageOfPage":{"@id":"https:\/\/stay.bedandchai.com\/prepare-your-suitcase\/#primaryimage"},"image":{"@id":"https:\/\/stay.bedandchai.com\/prepare-your-suitcase\/#primaryimage"},"thumbnailUrl":"http:\/\/stay.bedandchai.com\/wp-content\/uploads\/2015\/11\/SL371247-300x225.jpg","datePublished":"2015-11-18T15:38:33+00:00","dateModified":"2016-06-20T09:39:10+00:00","description":"Need to prepare your suitcase or backpack for India? Here some advices about what you will really need for this wonderful trip!","breadcrumb":{"@id":"https:\/\/stay.bedandchai.com\/prepare-your-suitcase\/#breadcrumb"},"inLanguage":"fr-FR","potentialAction":[{"@type":"ReadAction","target":["https:\/\/stay.bedandchai.com\/prepare-your-suitcase\/"]}]},{"@type":"ImageObject","inLanguage":"fr-FR","@id":"https:\/\/stay.bedandchai.com\/prepare-your-suitcase\/#primaryimage","url":"http:\/\/stay.bedandchai.com\/wp-content\/uploads\/2015\/11\/SL371247-300x225.jpg","contentUrl":"http:\/\/stay.bedandchai.com\/wp-content\/uploads\/2015\/11\/SL371247-300x225.jpg"},{"@type":"BreadcrumbList","@id":"https:\/\/stay.bedandchai.com\/prepare-your-suitcase\/#breadcrumb","itemListElement":[{"@type":"ListItem","position":1,"name":"Home","item":"https:\/\/stay.bedandchai.com\/"},{"@type":"ListItem","position":2,"name":"Prepare your suitcase for India"}]},{"@type":"WebSite","@id":"https:\/\/stay.bedandchai.com\/#website","url":"https:\/\/stay.bedandchai.com\/","name":"S&#039;installer \u00e0 Delhi avec Bed &amp; Chai","description":"Pour une arriv\u00e9e en douceur","potentialAction":[{"@type":"SearchAction","target":{"@type":"EntryPoint","urlTemplate":"https:\/\/stay.bedandchai.com\/?s={search_term_string}"},"query-input":{"@type":"PropertyValueSpecification","valueRequired":true,"valueName":"search_term_string"}}],"inLanguage":"fr-FR"}]}},"_links":{"self":[{"href":"https:\/\/stay.bedandchai.com\/fr\/wp-json\/wp\/v2\/pages\/27","targetHints":{"allow":["GET"]}}],"collection":[{"href":"https:\/\/stay.bedandchai.com\/fr\/wp-json\/wp\/v2\/pages"}],"about":[{"href":"https:\/\/stay.bedandchai.com\/fr\/wp-json\/wp\/v2\/types\/page"}],"author":[{"embeddable":true,"href":"https:\/\/stay.bedandchai.com\/fr\/wp-json\/wp\/v2\/users\/2"}],"replies":[{"embeddable":true,"href":"https:\/\/stay.bedandchai.com\/fr\/wp-json\/wp\/v2\/comments?post=27"}],"version-history":[{"count":17,"href":"https:\/\/stay.bedandchai.com\/fr\/wp-json\/wp\/v2\/pages\/27\/revisions"}],"predecessor-version":[{"id":867,"href":"https:\/\/stay.bedandchai.com\/fr\/wp-json\/wp\/v2\/pages\/27\/revisions\/867"}],"wp:attachment":[{"href":"https:\/\/stay.bedandchai.com\/fr\/wp-json\/wp\/v2\/media?parent=27"}],"curies":[{"name":"wp","href":"https:\/\/api.w.org\/{rel}","templated":true}]}}