{"id":29,"date":"2015-11-18T15:38:54","date_gmt":"2015-11-18T15:38:54","guid":{"rendered":"http:\/\/stay.bedandchai.com\/?page_id=29"},"modified":"2016-06-14T05:52:10","modified_gmt":"2016-06-14T05:52:10","slug":"insurance","status":"publish","type":"page","link":"https:\/\/stay.bedandchai.com\/fr\/insurance\/","title":{"rendered":"Assurance"},"content":{"rendered":"<p><a href=\"http:\/\/stay.bedandchai.com\/wp-content\/uploads\/2016\/02\/travel-insurance.jpg\" rel=\"attachment wp-att-171\"><img loading=\"lazy\" decoding=\"async\" class=\"size-full wp-image-171\" src=\"http:\/\/stay.bedandchai.com\/wp-content\/uploads\/2016\/02\/travel-insurance.jpg\" alt=\"travel insurance\" width=\"660\" height=\"300\" srcset=\"https:\/\/stay.bedandchai.com\/wp-content\/uploads\/2016\/02\/travel-insurance.jpg 660w, https:\/\/stay.bedandchai.com\/wp-content\/uploads\/2016\/02\/travel-insurance-300x136.jpg 300w\" sizes=\"auto, (max-width: 660px) 100vw, 660px\" \/><\/a><\/p>\n<h2 style=\"text-align: left;\">Vous avez une carte bancaire ? Alors vous \u00eates d\u00e9j\u00e0 assur\u00e9\u00a0!<\/h2>\n<p style=\"text-align: left;\">On est souvent tr\u00e8s<b>\u00a0<\/b>bien assur\u00e9 rien qu&rsquo;avec sa carte bleue !\u00a0Renseignez-vous sur le site internet de votre banque, vous y trouvez g\u00e9n\u00e9ralement les informations relatives \u00e0 votre carte bleue. En g\u00e9n\u00e9ral, on est assur\u00e9 pour un voyage jusqu&rsquo;\u00e0\u00a090 jours si l&rsquo;on paye ses billets avec la dite carte bleue. Vous avez automatiquement le droit \u00e0 :<\/p>\n<ul style=\"text-align: left;\">\n<li>une assistance rapatriement (comprenant la prise en charge de quelques frais m\u00e9dicaux)<\/li>\n<li>une assurance d\u00e9c\u00e8s-invalidit\u00e9<\/li>\n<\/ul>\n<h2 style=\"text-align: left;\">Lorsque vous choisissez une assurance voyage vous devez pr\u00eater attention aux \u00e9l\u00e9ments suivants :<\/h2>\n<p style=\"text-align: left;\">Lors de la recherche de l\u2019assurance voyage la plus adapt\u00e9e \u00e0 vos besoins, assurez-vous que la solution pour laquelle vous optez couvre largement vos frais m\u00e9dicaux.<\/p>\n<ul style=\"text-align: left;\">\n<li>Elle doit \u00eatre valide dans la majeure partie du monde.<\/li>\n<li>La protection qu\u2019elle vous offre doit s\u2019\u00e9tendre au moins en partie \u00e0 vos appareils \u00e9lectroniques (g\u00e9n\u00e9ralement durant le transport ; avion, bus, train)<\/li>\n<li>Elle doit couvrir vos \u00e9ventuelles blessures ou maladies soudaines.<\/li>\n<li>En cas d\u2019urgence, vous devez pouvoir acc\u00e9der \u00e0 ses services d\u2019assistance 24h\/24.<\/li>\n<li>Elle doit couvrir la perte, la d\u00e9t\u00e9rioration ou le vol de vos objets personnels tels que vos bijoux, vos bagages, vos documents\u2026<\/li>\n<li>Elle doit couvrir toutes sortes d\u2019annulations (voyage, r\u00e9servations d\u2019h\u00f4tel, billets d\u2019avion ou de tout autre moyen de transport).<\/li>\n<li>Elle doit couvrir les situations d\u2019urgence ou les troubles survenant dans votre pays de destination et qui pourraient vous contraindre \u00e0 regagner votre pays d\u2019origine plus t\u00f4t que pr\u00e9vu.<\/li>\n<li>Elle doit inclure une couverture personnelle en cas d\u2019accident.<\/li>\n<li>Elle doit couvrir toute d\u00e9pense juridique si une telle d\u00e9pense s\u2019av\u00e8re n\u00e9cessaire.<\/li>\n<li>Elle doit vous fournir une protection financi\u00e8re dans le cas o\u00f9 la compagnie de transport que vous avez choisie ferait faillite et o\u00f9 vous vous retrouveriez coinc\u00e9 \u00e0 l\u2019\u00e9tranger.<\/li>\n<\/ul>\n<h2 style=\"text-align: left;\">Notre petite s\u00e9lection de meilleures compagnies d&rsquo;assurances de voyage :<\/h2>\n<ul style=\"text-align: left;\">\n<li><a href=\"http:\/\/www.frequence-expat.com\" target=\"_blank\">frequence-expat.com<\/a><\/li>\n<li><a href=\"http:\/\/april-international.com\" target=\"_blank\">april-international.com<\/a><\/li>\n<\/ul>\n","protected":false},"excerpt":{"rendered":"<p>Vous avez une carte bancaire ? Alors vous \u00eates d\u00e9j\u00e0 assur\u00e9\u00a0! On est souvent tr\u00e8s\u00a0bien assur\u00e9 rien qu&rsquo;avec sa carte bleue !\u00a0Renseignez-vous sur le site internet de votre banque, vous y trouvez g\u00e9n\u00e9ralement les informations relatives \u00e0 votre carte bleue. En g\u00e9n\u00e9ral, on est assur\u00e9 pour un voyage jusqu&rsquo;\u00e0\u00a090 jours [&hellip;]<\/p>\n","protected":false},"author":2,"featured_media":0,"parent":0,"menu_order":0,"comment_status":"closed","ping_status":"closed","template":"","meta":{"_bbp_topic_count":0,"_bbp_reply_count":0,"_bbp_total_topic_count":0,"_bbp_total_reply_count":0,"_bbp_voice_count":0,"_bbp_anonymous_reply_count":0,"_bbp_topic_count_hidden":0,"_bbp_reply_count_hidden":0,"_bbp_forum_subforum_count":0,"_themeisle_gutenberg_block_has_review":false,"footnotes":""},"class_list":["post-29","page","type-page","status-publish","hentry"],"yoast_head":"<!-- This site is optimized with the Yoast SEO plugin v27.4 - https:\/\/yoast.com\/product\/yoast-seo-wordpress\/ -->\n<title>Assurance - S&#039;installer \u00e0 Delhi avec Bed &amp; Chai<\/title>\n<meta name=\"description\" content=\"You have a credit card ? So you might be already insured. Here you will find some advices to choose a good travel insurance to come in India.\" \/>\n<meta name=\"robots\" content=\"index, follow, max-snippet:-1, max-image-preview:large, max-video-preview:-1\" \/>\n<link rel=\"canonical\" href=\"https:\/\/stay.bedandchai.com\/insurance\/\" \/>\n<meta property=\"og:locale\" content=\"fr_FR\" \/>\n<meta property=\"og:type\" content=\"article\" \/>\n<meta property=\"og:title\" content=\"Assurance - S&#039;installer \u00e0 Delhi avec Bed &amp; Chai\" \/>\n<meta property=\"og:description\" content=\"You have a credit card ? So you might be already insured. Here you will find some advices to choose a good travel insurance to come in India.\" \/>\n<meta property=\"og:url\" content=\"https:\/\/stay.bedandchai.com\/insurance\/\" \/>\n<meta property=\"og:site_name\" content=\"S&#039;installer \u00e0 Delhi avec Bed &amp; Chai\" \/>\n<meta property=\"article:modified_time\" content=\"2016-06-14T05:52:10+00:00\" \/>\n<meta property=\"og:image\" content=\"https:\/\/stay.bedandchai.com\/wp-content\/uploads\/2016\/02\/travel-insurance.jpg\" \/>\n\t<meta property=\"og:image:width\" content=\"660\" \/>\n\t<meta property=\"og:image:height\" content=\"300\" \/>\n\t<meta property=\"og:image:type\" content=\"image\/jpeg\" \/>\n<meta name=\"twitter:card\" content=\"summary_large_image\" \/>\n<meta name=\"twitter:label1\" content=\"Dur\u00e9e de lecture estim\u00e9e\" \/>\n\t<meta name=\"twitter:data1\" content=\"2 minutes\" \/>\n<script type=\"application\/ld+json\" class=\"yoast-schema-graph\">{\"@context\":\"https:\\\/\\\/schema.org\",\"@graph\":[{\"@type\":\"WebPage\",\"@id\":\"https:\\\/\\\/stay.bedandchai.com\\\/insurance\\\/\",\"url\":\"https:\\\/\\\/stay.bedandchai.com\\\/insurance\\\/\",\"name\":\"Assurance - S&#039;installer \u00e0 Delhi avec Bed &amp; Chai\",\"isPartOf\":{\"@id\":\"https:\\\/\\\/stay.bedandchai.com\\\/#website\"},\"primaryImageOfPage\":{\"@id\":\"https:\\\/\\\/stay.bedandchai.com\\\/insurance\\\/#primaryimage\"},\"image\":{\"@id\":\"https:\\\/\\\/stay.bedandchai.com\\\/insurance\\\/#primaryimage\"},\"thumbnailUrl\":\"http:\\\/\\\/stay.bedandchai.com\\\/wp-content\\\/uploads\\\/2016\\\/02\\\/travel-insurance.jpg\",\"datePublished\":\"2015-11-18T15:38:54+00:00\",\"dateModified\":\"2016-06-14T05:52:10+00:00\",\"description\":\"You have a credit card ? So you might be already insured. Here you will find some advices to choose a good travel insurance to come in India.\",\"breadcrumb\":{\"@id\":\"https:\\\/\\\/stay.bedandchai.com\\\/insurance\\\/#breadcrumb\"},\"inLanguage\":\"fr-FR\",\"potentialAction\":[{\"@type\":\"ReadAction\",\"target\":[\"https:\\\/\\\/stay.bedandchai.com\\\/insurance\\\/\"]}]},{\"@type\":\"ImageObject\",\"inLanguage\":\"fr-FR\",\"@id\":\"https:\\\/\\\/stay.bedandchai.com\\\/insurance\\\/#primaryimage\",\"url\":\"http:\\\/\\\/stay.bedandchai.com\\\/wp-content\\\/uploads\\\/2016\\\/02\\\/travel-insurance.jpg\",\"contentUrl\":\"http:\\\/\\\/stay.bedandchai.com\\\/wp-content\\\/uploads\\\/2016\\\/02\\\/travel-insurance.jpg\"},{\"@type\":\"BreadcrumbList\",\"@id\":\"https:\\\/\\\/stay.bedandchai.com\\\/insurance\\\/#breadcrumb\",\"itemListElement\":[{\"@type\":\"ListItem\",\"position\":1,\"name\":\"Home\",\"item\":\"https:\\\/\\\/stay.bedandchai.com\\\/\"},{\"@type\":\"ListItem\",\"position\":2,\"name\":\"Insurance\"}]},{\"@type\":\"WebSite\",\"@id\":\"https:\\\/\\\/stay.bedandchai.com\\\/#website\",\"url\":\"https:\\\/\\\/stay.bedandchai.com\\\/\",\"name\":\"S&#039;installer \u00e0 Delhi avec Bed &amp; Chai\",\"description\":\"Pour une arriv\u00e9e en douceur\",\"potentialAction\":[{\"@type\":\"SearchAction\",\"target\":{\"@type\":\"EntryPoint\",\"urlTemplate\":\"https:\\\/\\\/stay.bedandchai.com\\\/?s={search_term_string}\"},\"query-input\":{\"@type\":\"PropertyValueSpecification\",\"valueRequired\":true,\"valueName\":\"search_term_string\"}}],\"inLanguage\":\"fr-FR\"}]}<\/script>\n<!-- \/ Yoast SEO plugin. -->","yoast_head_json":{"title":"Assurance - S&#039;installer \u00e0 Delhi avec Bed &amp; Chai","description":"You have a credit card ? So you might be already insured. Here you will find some advices to choose a good travel insurance to come in India.","robots":{"index":"index","follow":"follow","max-snippet":"max-snippet:-1","max-image-preview":"max-image-preview:large","max-video-preview":"max-video-preview:-1"},"canonical":"https:\/\/stay.bedandchai.com\/insurance\/","og_locale":"fr_FR","og_type":"article","og_title":"Assurance - S&#039;installer \u00e0 Delhi avec Bed &amp; Chai","og_description":"You have a credit card ? So you might be already insured. Here you will find some advices to choose a good travel insurance to come in India.","og_url":"https:\/\/stay.bedandchai.com\/insurance\/","og_site_name":"S&#039;installer \u00e0 Delhi avec Bed &amp; Chai","article_modified_time":"2016-06-14T05:52:10+00:00","og_image":[{"width":660,"height":300,"url":"https:\/\/stay.bedandchai.com\/wp-content\/uploads\/2016\/02\/travel-insurance.jpg","type":"image\/jpeg"}],"twitter_card":"summary_large_image","twitter_misc":{"Dur\u00e9e de lecture estim\u00e9e":"2 minutes"},"schema":{"@context":"https:\/\/schema.org","@graph":[{"@type":"WebPage","@id":"https:\/\/stay.bedandchai.com\/insurance\/","url":"https:\/\/stay.bedandchai.com\/insurance\/","name":"Assurance - S&#039;installer \u00e0 Delhi avec Bed &amp; Chai","isPartOf":{"@id":"https:\/\/stay.bedandchai.com\/#website"},"primaryImageOfPage":{"@id":"https:\/\/stay.bedandchai.com\/insurance\/#primaryimage"},"image":{"@id":"https:\/\/stay.bedandchai.com\/insurance\/#primaryimage"},"thumbnailUrl":"http:\/\/stay.bedandchai.com\/wp-content\/uploads\/2016\/02\/travel-insurance.jpg","datePublished":"2015-11-18T15:38:54+00:00","dateModified":"2016-06-14T05:52:10+00:00","description":"You have a credit card ? So you might be already insured. Here you will find some advices to choose a good travel insurance to come in India.","breadcrumb":{"@id":"https:\/\/stay.bedandchai.com\/insurance\/#breadcrumb"},"inLanguage":"fr-FR","potentialAction":[{"@type":"ReadAction","target":["https:\/\/stay.bedandchai.com\/insurance\/"]}]},{"@type":"ImageObject","inLanguage":"fr-FR","@id":"https:\/\/stay.bedandchai.com\/insurance\/#primaryimage","url":"http:\/\/stay.bedandchai.com\/wp-content\/uploads\/2016\/02\/travel-insurance.jpg","contentUrl":"http:\/\/stay.bedandchai.com\/wp-content\/uploads\/2016\/02\/travel-insurance.jpg"},{"@type":"BreadcrumbList","@id":"https:\/\/stay.bedandchai.com\/insurance\/#breadcrumb","itemListElement":[{"@type":"ListItem","position":1,"name":"Home","item":"https:\/\/stay.bedandchai.com\/"},{"@type":"ListItem","position":2,"name":"Insurance"}]},{"@type":"WebSite","@id":"https:\/\/stay.bedandchai.com\/#website","url":"https:\/\/stay.bedandchai.com\/","name":"S&#039;installer \u00e0 Delhi avec Bed &amp; Chai","description":"Pour une arriv\u00e9e en douceur","potentialAction":[{"@type":"SearchAction","target":{"@type":"EntryPoint","urlTemplate":"https:\/\/stay.bedandchai.com\/?s={search_term_string}"},"query-input":{"@type":"PropertyValueSpecification","valueRequired":true,"valueName":"search_term_string"}}],"inLanguage":"fr-FR"}]}},"_links":{"self":[{"href":"https:\/\/stay.bedandchai.com\/fr\/wp-json\/wp\/v2\/pages\/29","targetHints":{"allow":["GET"]}}],"collection":[{"href":"https:\/\/stay.bedandchai.com\/fr\/wp-json\/wp\/v2\/pages"}],"about":[{"href":"https:\/\/stay.bedandchai.com\/fr\/wp-json\/wp\/v2\/types\/page"}],"author":[{"embeddable":true,"href":"https:\/\/stay.bedandchai.com\/fr\/wp-json\/wp\/v2\/users\/2"}],"replies":[{"embeddable":true,"href":"https:\/\/stay.bedandchai.com\/fr\/wp-json\/wp\/v2\/comments?post=29"}],"version-history":[{"count":9,"href":"https:\/\/stay.bedandchai.com\/fr\/wp-json\/wp\/v2\/pages\/29\/revisions"}],"predecessor-version":[{"id":471,"href":"https:\/\/stay.bedandchai.com\/fr\/wp-json\/wp\/v2\/pages\/29\/revisions\/471"}],"wp:attachment":[{"href":"https:\/\/stay.bedandchai.com\/fr\/wp-json\/wp\/v2\/media?parent=29"}],"curies":[{"name":"wp","href":"https:\/\/api.w.org\/{rel}","templated":true}]}}