{"id":305,"date":"2016-02-23T10:55:24","date_gmt":"2016-02-23T10:55:24","guid":{"rendered":"http:\/\/stay.bedandchai.com\/?page_id=305"},"modified":"2016-05-18T10:39:05","modified_gmt":"2016-05-18T10:39:05","slug":"get-broadband-connexion","status":"publish","type":"page","link":"https:\/\/stay.bedandchai.com\/fr\/get-broadband-connexion\/","title":{"rendered":"Obtenir un connexion internet"},"content":{"rendered":"<p>La premi\u00e8re chose que vous devez savoir, c&rsquo;est qu&rsquo;il n&rsquo;y a pas d&rsquo;offre Internet illimit\u00e9 disponible \u00e0 Delhi pour le moment. Donc, choisissez\u00a0judicieusement votre plan en fonction de vos besoins!<\/p>\n<p>Le principal fournisseur est <a href=\"http:\/\/www.airtel.in\" target=\"_blank\">airtel<\/a>.<\/p>\n<p>Il est g\u00e9n\u00e9ralement assez facile d&rsquo;obtenir internet avec eux. Allez sur leur site Web, enregistrez votre demande. Cela\u00a0prend g\u00e9n\u00e9ralement moins d&rsquo;une semaine, mais planifier une journ\u00e9e de cong\u00e9 le jour o\u00f9 ils viennent. D&rsquo;abord, un technicien viendra mettre en place les fils, puis un ing\u00e9nieur fera la connexion.<\/p>\n<p>Dans certaines quartiers, Airtel n&rsquo;est pas disponibles. Vous devriez alors demander dans votre quartier qui est le fournisseur local. Ils ne sont g\u00e9n\u00e9ralement pas aussi bons qu&rsquo;Airtel. Si vous \u00eates accro \u00e0 internet, il vaut mieux demander avant de louer un appartement!<\/p>\n","protected":false},"excerpt":{"rendered":"<p>La premi\u00e8re chose que vous devez savoir, c&rsquo;est qu&rsquo;il n&rsquo;y a pas d&rsquo;offre Internet illimit\u00e9 disponible \u00e0 Delhi pour le moment. Donc, choisissez\u00a0judicieusement votre plan en fonction de vos besoins! Le principal fournisseur est airtel. Il est g\u00e9n\u00e9ralement assez facile d&rsquo;obtenir internet avec eux. Allez sur leur site Web, enregistrez [&hellip;]<\/p>\n","protected":false},"author":2,"featured_media":0,"parent":0,"menu_order":0,"comment_status":"closed","ping_status":"closed","template":"","meta":{"_bbp_topic_count":0,"_bbp_reply_count":0,"_bbp_total_topic_count":0,"_bbp_total_reply_count":0,"_bbp_voice_count":0,"_bbp_anonymous_reply_count":0,"_bbp_topic_count_hidden":0,"_bbp_reply_count_hidden":0,"_bbp_forum_subforum_count":0,"_themeisle_gutenberg_block_has_review":false,"footnotes":""},"class_list":["post-305","page","type-page","status-publish","hentry"],"yoast_head":"<!-- This site is optimized with the Yoast SEO plugin v27.4 - https:\/\/yoast.com\/product\/yoast-seo-wordpress\/ -->\n<title>Obtenir un connexion internet - S&#039;installer \u00e0 Delhi avec Bed &amp; Chai<\/title>\n<meta name=\"description\" content=\"Need to get internet connexion in Delhi ? Here we will explain you in details what can you do to make your stay more comfortable.\" \/>\n<meta name=\"robots\" content=\"index, follow, max-snippet:-1, max-image-preview:large, max-video-preview:-1\" \/>\n<link rel=\"canonical\" href=\"https:\/\/stay.bedandchai.com\/get-broadband-connexion\/\" \/>\n<meta property=\"og:locale\" content=\"fr_FR\" \/>\n<meta property=\"og:type\" content=\"article\" \/>\n<meta property=\"og:title\" content=\"Obtenir un connexion internet - S&#039;installer \u00e0 Delhi avec Bed &amp; Chai\" \/>\n<meta property=\"og:description\" content=\"Need to get internet connexion in Delhi ? Here we will explain you in details what can you do to make your stay more comfortable.\" \/>\n<meta property=\"og:url\" content=\"https:\/\/stay.bedandchai.com\/get-broadband-connexion\/\" \/>\n<meta property=\"og:site_name\" content=\"S&#039;installer \u00e0 Delhi avec Bed &amp; Chai\" \/>\n<meta property=\"article:modified_time\" content=\"2016-05-18T10:39:05+00:00\" \/>\n<meta property=\"og:image\" content=\"http:\/\/tuffclassified.com\/oc-content\/uploads\/19122.jpg\" \/>\n<meta name=\"twitter:card\" content=\"summary_large_image\" \/>\n<meta name=\"twitter:label1\" content=\"Dur\u00e9e de lecture estim\u00e9e\" \/>\n\t<meta name=\"twitter:data1\" content=\"1 minute\" \/>\n<script type=\"application\/ld+json\" class=\"yoast-schema-graph\">{\"@context\":\"https:\\\/\\\/schema.org\",\"@graph\":[{\"@type\":\"WebPage\",\"@id\":\"https:\\\/\\\/stay.bedandchai.com\\\/get-broadband-connexion\\\/\",\"url\":\"https:\\\/\\\/stay.bedandchai.com\\\/get-broadband-connexion\\\/\",\"name\":\"Obtenir un connexion internet - S&#039;installer \u00e0 Delhi avec Bed &amp; Chai\",\"isPartOf\":{\"@id\":\"https:\\\/\\\/stay.bedandchai.com\\\/#website\"},\"datePublished\":\"2016-02-23T10:55:24+00:00\",\"dateModified\":\"2016-05-18T10:39:05+00:00\",\"description\":\"Need to get internet connexion in Delhi ? Here we will explain you in details what can you do to make your stay more comfortable.\",\"breadcrumb\":{\"@id\":\"https:\\\/\\\/stay.bedandchai.com\\\/get-broadband-connexion\\\/#breadcrumb\"},\"inLanguage\":\"fr-FR\",\"potentialAction\":[{\"@type\":\"ReadAction\",\"target\":[\"https:\\\/\\\/stay.bedandchai.com\\\/get-broadband-connexion\\\/\"]}]},{\"@type\":\"BreadcrumbList\",\"@id\":\"https:\\\/\\\/stay.bedandchai.com\\\/get-broadband-connexion\\\/#breadcrumb\",\"itemListElement\":[{\"@type\":\"ListItem\",\"position\":1,\"name\":\"Home\",\"item\":\"https:\\\/\\\/stay.bedandchai.com\\\/\"},{\"@type\":\"ListItem\",\"position\":2,\"name\":\"Get broadband internet connexion in Delhi\"}]},{\"@type\":\"WebSite\",\"@id\":\"https:\\\/\\\/stay.bedandchai.com\\\/#website\",\"url\":\"https:\\\/\\\/stay.bedandchai.com\\\/\",\"name\":\"S&#039;installer \u00e0 Delhi avec Bed &amp; Chai\",\"description\":\"Pour une arriv\u00e9e en douceur\",\"potentialAction\":[{\"@type\":\"SearchAction\",\"target\":{\"@type\":\"EntryPoint\",\"urlTemplate\":\"https:\\\/\\\/stay.bedandchai.com\\\/?s={search_term_string}\"},\"query-input\":{\"@type\":\"PropertyValueSpecification\",\"valueRequired\":true,\"valueName\":\"search_term_string\"}}],\"inLanguage\":\"fr-FR\"}]}<\/script>\n<!-- \/ Yoast SEO plugin. -->","yoast_head_json":{"title":"Obtenir un connexion internet - S&#039;installer \u00e0 Delhi avec Bed &amp; Chai","description":"Need to get internet connexion in Delhi ? Here we will explain you in details what can you do to make your stay more comfortable.","robots":{"index":"index","follow":"follow","max-snippet":"max-snippet:-1","max-image-preview":"max-image-preview:large","max-video-preview":"max-video-preview:-1"},"canonical":"https:\/\/stay.bedandchai.com\/get-broadband-connexion\/","og_locale":"fr_FR","og_type":"article","og_title":"Obtenir un connexion internet - S&#039;installer \u00e0 Delhi avec Bed &amp; Chai","og_description":"Need to get internet connexion in Delhi ? Here we will explain you in details what can you do to make your stay more comfortable.","og_url":"https:\/\/stay.bedandchai.com\/get-broadband-connexion\/","og_site_name":"S&#039;installer \u00e0 Delhi avec Bed &amp; Chai","article_modified_time":"2016-05-18T10:39:05+00:00","og_image":[{"url":"http:\/\/tuffclassified.com\/oc-content\/uploads\/19122.jpg","type":"","width":"","height":""}],"twitter_card":"summary_large_image","twitter_misc":{"Dur\u00e9e de lecture estim\u00e9e":"1 minute"},"schema":{"@context":"https:\/\/schema.org","@graph":[{"@type":"WebPage","@id":"https:\/\/stay.bedandchai.com\/get-broadband-connexion\/","url":"https:\/\/stay.bedandchai.com\/get-broadband-connexion\/","name":"Obtenir un connexion internet - S&#039;installer \u00e0 Delhi avec Bed &amp; Chai","isPartOf":{"@id":"https:\/\/stay.bedandchai.com\/#website"},"datePublished":"2016-02-23T10:55:24+00:00","dateModified":"2016-05-18T10:39:05+00:00","description":"Need to get internet connexion in Delhi ? Here we will explain you in details what can you do to make your stay more comfortable.","breadcrumb":{"@id":"https:\/\/stay.bedandchai.com\/get-broadband-connexion\/#breadcrumb"},"inLanguage":"fr-FR","potentialAction":[{"@type":"ReadAction","target":["https:\/\/stay.bedandchai.com\/get-broadband-connexion\/"]}]},{"@type":"BreadcrumbList","@id":"https:\/\/stay.bedandchai.com\/get-broadband-connexion\/#breadcrumb","itemListElement":[{"@type":"ListItem","position":1,"name":"Home","item":"https:\/\/stay.bedandchai.com\/"},{"@type":"ListItem","position":2,"name":"Get broadband internet connexion in Delhi"}]},{"@type":"WebSite","@id":"https:\/\/stay.bedandchai.com\/#website","url":"https:\/\/stay.bedandchai.com\/","name":"S&#039;installer \u00e0 Delhi avec Bed &amp; Chai","description":"Pour une arriv\u00e9e en douceur","potentialAction":[{"@type":"SearchAction","target":{"@type":"EntryPoint","urlTemplate":"https:\/\/stay.bedandchai.com\/?s={search_term_string}"},"query-input":{"@type":"PropertyValueSpecification","valueRequired":true,"valueName":"search_term_string"}}],"inLanguage":"fr-FR"}]}},"_links":{"self":[{"href":"https:\/\/stay.bedandchai.com\/fr\/wp-json\/wp\/v2\/pages\/305","targetHints":{"allow":["GET"]}}],"collection":[{"href":"https:\/\/stay.bedandchai.com\/fr\/wp-json\/wp\/v2\/pages"}],"about":[{"href":"https:\/\/stay.bedandchai.com\/fr\/wp-json\/wp\/v2\/types\/page"}],"author":[{"embeddable":true,"href":"https:\/\/stay.bedandchai.com\/fr\/wp-json\/wp\/v2\/users\/2"}],"replies":[{"embeddable":true,"href":"https:\/\/stay.bedandchai.com\/fr\/wp-json\/wp\/v2\/comments?post=305"}],"version-history":[{"count":10,"href":"https:\/\/stay.bedandchai.com\/fr\/wp-json\/wp\/v2\/pages\/305\/revisions"}],"predecessor-version":[{"id":813,"href":"https:\/\/stay.bedandchai.com\/fr\/wp-json\/wp\/v2\/pages\/305\/revisions\/813"}],"wp:attachment":[{"href":"https:\/\/stay.bedandchai.com\/fr\/wp-json\/wp\/v2\/media?parent=305"}],"curies":[{"name":"wp","href":"https:\/\/api.w.org\/{rel}","templated":true}]}}