{"id":31,"date":"2015-11-18T15:39:25","date_gmt":"2015-11-18T15:39:25","guid":{"rendered":"http:\/\/stay.bedandchai.com\/?page_id=31"},"modified":"2016-06-22T10:19:16","modified_gmt":"2016-06-22T10:19:16","slug":"immigration","status":"publish","type":"page","link":"https:\/\/stay.bedandchai.com\/fr\/immigration\/","title":{"rendered":"Immigration"},"content":{"rendered":"<h2>Immigration \u00e0 l&rsquo;arriv\u00e9e<\/h2>\n<p>Vous aurez un formulaire \u00e0 remplir dans l\u2019avion que vous devrez remettre \u00e0 l\u2019officier lors du passage \u00e0 l\u2019immigration (remis par le personnel de bord).<\/p>\n<p><a href=\"http:\/\/stay.bedandchai.com\/wp-content\/uploads\/2015\/11\/foreigner-arrival-card-india-1-1.jpg\" rel=\"attachment wp-att-301\"><img loading=\"lazy\" decoding=\"async\" class=\"wp-image-301 size-medium alignleft\" src=\"http:\/\/stay.bedandchai.com\/wp-content\/uploads\/2015\/11\/foreigner-arrival-card-india-1-1-201x300.jpg\" alt=\"fiche immigration inde\" width=\"201\" height=\"300\" srcset=\"https:\/\/stay.bedandchai.com\/wp-content\/uploads\/2015\/11\/foreigner-arrival-card-india-1-1-201x300.jpg 201w, https:\/\/stay.bedandchai.com\/wp-content\/uploads\/2015\/11\/foreigner-arrival-card-india-1-1-768x1146.jpg 768w, https:\/\/stay.bedandchai.com\/wp-content\/uploads\/2015\/11\/foreigner-arrival-card-india-1-1-686x1024.jpg 686w, https:\/\/stay.bedandchai.com\/wp-content\/uploads\/2015\/11\/foreigner-arrival-card-india-1-1.jpg 1050w\" sizes=\"auto, (max-width: 201px) 100vw, 201px\" \/><\/a><\/p>\n<p>Indiquez le num\u00e9ro de portable ainsi que l&rsquo;adresse de la Guesthouse principale :<\/p>\n<p>R-55, Top Floor, GK-1, New Delhi, 110048-India.<\/p>\n<p>+ 91 11 46 06 60 54<\/p>\n<p>&nbsp;<\/p>\n<p>&nbsp;<\/p>\n<p>&nbsp;<\/p>\n<p>&nbsp;<\/p>\n<p>&nbsp;<\/p>\n<p>&nbsp;<\/p>\n<h2>Visa\u00a0en ligne<\/h2>\n<p>Si vous avez fait une demande de visa en ligne, vous devez vous rendre aux services appropri\u00e9s tout au fond de la salle d&rsquo;immigration. Suivez les signes ou vous devrez faire la queue deux fois!<\/p>\n","protected":false},"excerpt":{"rendered":"<p>Immigration \u00e0 l&rsquo;arriv\u00e9e Vous aurez un formulaire \u00e0 remplir dans l\u2019avion que vous devrez remettre \u00e0 l\u2019officier lors du passage \u00e0 l\u2019immigration (remis par le personnel de bord). Indiquez le num\u00e9ro de portable ainsi que l&rsquo;adresse de la Guesthouse principale : R-55, Top Floor, GK-1, New Delhi, 110048-India. + 91 [&hellip;]<\/p>\n","protected":false},"author":2,"featured_media":0,"parent":0,"menu_order":0,"comment_status":"closed","ping_status":"closed","template":"","meta":{"_bbp_topic_count":0,"_bbp_reply_count":0,"_bbp_total_topic_count":0,"_bbp_total_reply_count":0,"_bbp_voice_count":0,"_bbp_anonymous_reply_count":0,"_bbp_topic_count_hidden":0,"_bbp_reply_count_hidden":0,"_bbp_forum_subforum_count":0,"_themeisle_gutenberg_block_has_review":false,"footnotes":""},"class_list":["post-31","page","type-page","status-publish","hentry"],"yoast_head":"<!-- This site is optimized with the Yoast SEO plugin v27.3 - https:\/\/yoast.com\/product\/yoast-seo-wordpress\/ -->\n<title>Immigration - S&#039;installer \u00e0 Delhi avec Bed &amp; Chai<\/title>\n<meta name=\"description\" content=\"Immigration on arrival You will have to fill out a form that you will give to the officer when passing immigration (given by airline staff).\" \/>\n<meta name=\"robots\" content=\"index, follow, max-snippet:-1, max-image-preview:large, max-video-preview:-1\" \/>\n<link rel=\"canonical\" href=\"https:\/\/stay.bedandchai.com\/immigration\/\" \/>\n<meta property=\"og:locale\" content=\"fr_FR\" \/>\n<meta property=\"og:type\" content=\"article\" \/>\n<meta property=\"og:title\" content=\"Immigration - S&#039;installer \u00e0 Delhi avec Bed &amp; Chai\" \/>\n<meta property=\"og:description\" content=\"Immigration on arrival You will have to fill out a form that you will give to the officer when passing immigration (given by airline staff).\" \/>\n<meta property=\"og:url\" content=\"https:\/\/stay.bedandchai.com\/immigration\/\" \/>\n<meta property=\"og:site_name\" content=\"S&#039;installer \u00e0 Delhi avec Bed &amp; Chai\" \/>\n<meta property=\"article:modified_time\" content=\"2016-06-22T10:19:16+00:00\" \/>\n<meta property=\"og:image\" content=\"https:\/\/stay.bedandchai.com\/wp-content\/uploads\/2015\/11\/foreigner-arrival-card-india-1-1.jpg\" \/>\n\t<meta property=\"og:image:width\" content=\"1050\" \/>\n\t<meta property=\"og:image:height\" content=\"1567\" \/>\n\t<meta property=\"og:image:type\" content=\"image\/jpeg\" \/>\n<meta name=\"twitter:card\" content=\"summary_large_image\" \/>\n<script type=\"application\/ld+json\" class=\"yoast-schema-graph\">{\"@context\":\"https:\\\/\\\/schema.org\",\"@graph\":[{\"@type\":\"WebPage\",\"@id\":\"https:\\\/\\\/stay.bedandchai.com\\\/immigration\\\/\",\"url\":\"https:\\\/\\\/stay.bedandchai.com\\\/immigration\\\/\",\"name\":\"Immigration - S&#039;installer \u00e0 Delhi avec Bed &amp; Chai\",\"isPartOf\":{\"@id\":\"https:\\\/\\\/stay.bedandchai.com\\\/#website\"},\"primaryImageOfPage\":{\"@id\":\"https:\\\/\\\/stay.bedandchai.com\\\/immigration\\\/#primaryimage\"},\"image\":{\"@id\":\"https:\\\/\\\/stay.bedandchai.com\\\/immigration\\\/#primaryimage\"},\"thumbnailUrl\":\"http:\\\/\\\/stay.bedandchai.com\\\/wp-content\\\/uploads\\\/2015\\\/11\\\/foreigner-arrival-card-india-1-1-201x300.jpg\",\"datePublished\":\"2015-11-18T15:39:25+00:00\",\"dateModified\":\"2016-06-22T10:19:16+00:00\",\"description\":\"Immigration on arrival You will have to fill out a form that you will give to the officer when passing immigration (given by airline staff).\",\"breadcrumb\":{\"@id\":\"https:\\\/\\\/stay.bedandchai.com\\\/immigration\\\/#breadcrumb\"},\"inLanguage\":\"fr-FR\",\"potentialAction\":[{\"@type\":\"ReadAction\",\"target\":[\"https:\\\/\\\/stay.bedandchai.com\\\/immigration\\\/\"]}]},{\"@type\":\"ImageObject\",\"inLanguage\":\"fr-FR\",\"@id\":\"https:\\\/\\\/stay.bedandchai.com\\\/immigration\\\/#primaryimage\",\"url\":\"http:\\\/\\\/stay.bedandchai.com\\\/wp-content\\\/uploads\\\/2015\\\/11\\\/foreigner-arrival-card-india-1-1-201x300.jpg\",\"contentUrl\":\"http:\\\/\\\/stay.bedandchai.com\\\/wp-content\\\/uploads\\\/2015\\\/11\\\/foreigner-arrival-card-india-1-1-201x300.jpg\"},{\"@type\":\"BreadcrumbList\",\"@id\":\"https:\\\/\\\/stay.bedandchai.com\\\/immigration\\\/#breadcrumb\",\"itemListElement\":[{\"@type\":\"ListItem\",\"position\":1,\"name\":\"Home\",\"item\":\"https:\\\/\\\/stay.bedandchai.com\\\/\"},{\"@type\":\"ListItem\",\"position\":2,\"name\":\"Immigration\"}]},{\"@type\":\"WebSite\",\"@id\":\"https:\\\/\\\/stay.bedandchai.com\\\/#website\",\"url\":\"https:\\\/\\\/stay.bedandchai.com\\\/\",\"name\":\"S&#039;installer \u00e0 Delhi avec Bed &amp; Chai\",\"description\":\"Pour une arriv\u00e9e en douceur\",\"potentialAction\":[{\"@type\":\"SearchAction\",\"target\":{\"@type\":\"EntryPoint\",\"urlTemplate\":\"https:\\\/\\\/stay.bedandchai.com\\\/?s={search_term_string}\"},\"query-input\":{\"@type\":\"PropertyValueSpecification\",\"valueRequired\":true,\"valueName\":\"search_term_string\"}}],\"inLanguage\":\"fr-FR\"}]}<\/script>\n<!-- \/ Yoast SEO plugin. -->","yoast_head_json":{"title":"Immigration - S&#039;installer \u00e0 Delhi avec Bed &amp; Chai","description":"Immigration on arrival You will have to fill out a form that you will give to the officer when passing immigration (given by airline staff).","robots":{"index":"index","follow":"follow","max-snippet":"max-snippet:-1","max-image-preview":"max-image-preview:large","max-video-preview":"max-video-preview:-1"},"canonical":"https:\/\/stay.bedandchai.com\/immigration\/","og_locale":"fr_FR","og_type":"article","og_title":"Immigration - S&#039;installer \u00e0 Delhi avec Bed &amp; Chai","og_description":"Immigration on arrival You will have to fill out a form that you will give to the officer when passing immigration (given by airline staff).","og_url":"https:\/\/stay.bedandchai.com\/immigration\/","og_site_name":"S&#039;installer \u00e0 Delhi avec Bed &amp; Chai","article_modified_time":"2016-06-22T10:19:16+00:00","og_image":[{"width":1050,"height":1567,"url":"https:\/\/stay.bedandchai.com\/wp-content\/uploads\/2015\/11\/foreigner-arrival-card-india-1-1.jpg","type":"image\/jpeg"}],"twitter_card":"summary_large_image","schema":{"@context":"https:\/\/schema.org","@graph":[{"@type":"WebPage","@id":"https:\/\/stay.bedandchai.com\/immigration\/","url":"https:\/\/stay.bedandchai.com\/immigration\/","name":"Immigration - S&#039;installer \u00e0 Delhi avec Bed &amp; Chai","isPartOf":{"@id":"https:\/\/stay.bedandchai.com\/#website"},"primaryImageOfPage":{"@id":"https:\/\/stay.bedandchai.com\/immigration\/#primaryimage"},"image":{"@id":"https:\/\/stay.bedandchai.com\/immigration\/#primaryimage"},"thumbnailUrl":"http:\/\/stay.bedandchai.com\/wp-content\/uploads\/2015\/11\/foreigner-arrival-card-india-1-1-201x300.jpg","datePublished":"2015-11-18T15:39:25+00:00","dateModified":"2016-06-22T10:19:16+00:00","description":"Immigration on arrival You will have to fill out a form that you will give to the officer when passing immigration (given by airline staff).","breadcrumb":{"@id":"https:\/\/stay.bedandchai.com\/immigration\/#breadcrumb"},"inLanguage":"fr-FR","potentialAction":[{"@type":"ReadAction","target":["https:\/\/stay.bedandchai.com\/immigration\/"]}]},{"@type":"ImageObject","inLanguage":"fr-FR","@id":"https:\/\/stay.bedandchai.com\/immigration\/#primaryimage","url":"http:\/\/stay.bedandchai.com\/wp-content\/uploads\/2015\/11\/foreigner-arrival-card-india-1-1-201x300.jpg","contentUrl":"http:\/\/stay.bedandchai.com\/wp-content\/uploads\/2015\/11\/foreigner-arrival-card-india-1-1-201x300.jpg"},{"@type":"BreadcrumbList","@id":"https:\/\/stay.bedandchai.com\/immigration\/#breadcrumb","itemListElement":[{"@type":"ListItem","position":1,"name":"Home","item":"https:\/\/stay.bedandchai.com\/"},{"@type":"ListItem","position":2,"name":"Immigration"}]},{"@type":"WebSite","@id":"https:\/\/stay.bedandchai.com\/#website","url":"https:\/\/stay.bedandchai.com\/","name":"S&#039;installer \u00e0 Delhi avec Bed &amp; Chai","description":"Pour une arriv\u00e9e en douceur","potentialAction":[{"@type":"SearchAction","target":{"@type":"EntryPoint","urlTemplate":"https:\/\/stay.bedandchai.com\/?s={search_term_string}"},"query-input":{"@type":"PropertyValueSpecification","valueRequired":true,"valueName":"search_term_string"}}],"inLanguage":"fr-FR"}]}},"_links":{"self":[{"href":"https:\/\/stay.bedandchai.com\/fr\/wp-json\/wp\/v2\/pages\/31","targetHints":{"allow":["GET"]}}],"collection":[{"href":"https:\/\/stay.bedandchai.com\/fr\/wp-json\/wp\/v2\/pages"}],"about":[{"href":"https:\/\/stay.bedandchai.com\/fr\/wp-json\/wp\/v2\/types\/page"}],"author":[{"embeddable":true,"href":"https:\/\/stay.bedandchai.com\/fr\/wp-json\/wp\/v2\/users\/2"}],"replies":[{"embeddable":true,"href":"https:\/\/stay.bedandchai.com\/fr\/wp-json\/wp\/v2\/comments?post=31"}],"version-history":[{"count":9,"href":"https:\/\/stay.bedandchai.com\/fr\/wp-json\/wp\/v2\/pages\/31\/revisions"}],"predecessor-version":[{"id":886,"href":"https:\/\/stay.bedandchai.com\/fr\/wp-json\/wp\/v2\/pages\/31\/revisions\/886"}],"wp:attachment":[{"href":"https:\/\/stay.bedandchai.com\/fr\/wp-json\/wp\/v2\/media?parent=31"}],"curies":[{"name":"wp","href":"https:\/\/api.w.org\/{rel}","templated":true}]}}