{"id":33,"date":"2015-11-18T15:39:46","date_gmt":"2015-11-18T15:39:46","guid":{"rendered":"http:\/\/stay.bedandchai.com\/?page_id=33"},"modified":"2016-06-21T06:31:47","modified_gmt":"2016-06-21T06:31:47","slug":"sim-card","status":"publish","type":"page","link":"https:\/\/stay.bedandchai.com\/fr\/sim-card\/","title":{"rendered":"Carte SIM"},"content":{"rendered":"<p>Avoir un num\u00e9ro de t\u00e9l\u00e9phone indien n\u2019est pas indispensable pendant votre s\u00e9jour, mais cela peut s\u2019av\u00e9rer tr\u00e8s utile dans certaines situations. Ce n\u2019est pas difficile de s\u2019en procurer un et cela vous permettra de t\u00e9l\u00e9phoner, recevoir des appels et avoir la 3G, voire la 4G ; le tout pour un prix tr\u00e8s raisonnable. Tout ce qu\u2019il vous faut c\u2019est un t\u00e9l\u00e9phone d\u00e9bloqu\u00e9 et vous rendre chez un op\u00e9rateur t\u00e9l\u00e9phonique.<\/p>\n<p><a href=\"http:\/\/stay.bedandchai.com\/wp-content\/uploads\/2015\/11\/airtel_shop_india_reuters.jpg\" rel=\"attachment wp-att-145\"><img loading=\"lazy\" decoding=\"async\" class=\"aligncenter wp-image-145 size-medium\" src=\"http:\/\/stay.bedandchai.com\/wp-content\/uploads\/2015\/11\/airtel_shop_india_reuters-300x224.jpg\" alt=\"sim card india\" width=\"300\" height=\"224\" srcset=\"https:\/\/stay.bedandchai.com\/wp-content\/uploads\/2015\/11\/airtel_shop_india_reuters-300x224.jpg 300w, https:\/\/stay.bedandchai.com\/wp-content\/uploads\/2015\/11\/airtel_shop_india_reuters-285x214.jpg 285w, https:\/\/stay.bedandchai.com\/wp-content\/uploads\/2015\/11\/airtel_shop_india_reuters.jpg 635w\" sizes=\"auto, (max-width: 300px) 100vw, 300px\" \/><\/a><\/p>\n<p>Pour cela, il vous faudra r\u00e9unir quelques documents :<\/p>\n<ul>\n<li>une photo au format passeport<\/li>\n<li>une copie du passeport<\/li>\n<li>une copie du visa<\/li>\n<li>le num\u00e9ro d\u2019un r\u00e9sident indien que vous connaissez et son adresse. Pour des raisons de s\u00e9curit\u00e9 int\u00e9rieure, cette personne sera en th\u00e9orie contact\u00e9e pour v\u00e9rifier qu&rsquo;elle vous connait bien.<\/li>\n<\/ul>\n<p>Vous trouverez de petits magasins un peu partout qui vendent des cartes SIM et des t\u00e9l\u00e9phones portables, mais nous conseillons d&rsquo;aller dans le magasin d&rsquo;une enseigne, plus s\u00e9rieux et rapide. Airtel est r\u00e9put\u00e9 comme ayant le meilleur r\u00e9seau \u00e0 Delhi.<\/p>\n<p>Veuillez noter que vous n\u2019aurez toutefois pas acc\u00e8s \u00e0 votre compte tout de suite, mais \u00a0apr\u00e8s 12\/24 heures.<\/p>\n<p>En dehors de Delhi, vous serez en roaming. Vous payerez donc pour recevoir des communications.<\/p>\n<p><a href=\"http:\/\/stay.bedandchai.com\/wp-content\/uploads\/2015\/11\/airtel.jpg\" rel=\"attachment wp-att-146\"><img loading=\"lazy\" decoding=\"async\" class=\"size-full wp-image-146 aligncenter\" src=\"http:\/\/stay.bedandchai.com\/wp-content\/uploads\/2015\/11\/airtel.jpg\" alt=\"delhi guesthouse\" width=\"560\" height=\"420\" srcset=\"https:\/\/stay.bedandchai.com\/wp-content\/uploads\/2015\/11\/airtel.jpg 560w, https:\/\/stay.bedandchai.com\/wp-content\/uploads\/2015\/11\/airtel-300x225.jpg 300w, https:\/\/stay.bedandchai.com\/wp-content\/uploads\/2015\/11\/airtel-285x214.jpg 285w\" sizes=\"auto, (max-width: 560px) 100vw, 560px\" \/><\/a><\/p>\n<p>Notons qu\u2019un kiosque pour recharger son t\u00e9l\u00e9phone peut ressembler \u00e0 N\u2019IMPORTE QUOI, comme vous pouvez le constater sur la photo ci-dessus. G\u00e9n\u00e9ralement, ce sont de minuscules boutiques sur le bord de la rue.\u00a0Si vous ne les trouvez pas, le r\u00e9ceptionniste de votre h\u00f4tel pourra vous aider dans vos d\u00e9marches. Des stands d\u2019op\u00e9rateurs sont \u00e9galement pr\u00e9sents dans les a\u00e9roports du pays. La carte SIM y est plus ch\u00e8re mais l&rsquo;activation ne prend que 30min.<\/p>\n<p>&nbsp;<\/p>\n","protected":false},"excerpt":{"rendered":"<p>Avoir un num\u00e9ro de t\u00e9l\u00e9phone indien n\u2019est pas indispensable pendant votre s\u00e9jour, mais cela peut s\u2019av\u00e9rer tr\u00e8s utile dans certaines situations. Ce n\u2019est pas difficile de s\u2019en procurer un et cela vous permettra de t\u00e9l\u00e9phoner, recevoir des appels et avoir la 3G, voire la 4G ; le tout pour un [&hellip;]<\/p>\n","protected":false},"author":2,"featured_media":0,"parent":0,"menu_order":0,"comment_status":"closed","ping_status":"closed","template":"","meta":{"_bbp_topic_count":0,"_bbp_reply_count":0,"_bbp_total_topic_count":0,"_bbp_total_reply_count":0,"_bbp_voice_count":0,"_bbp_anonymous_reply_count":0,"_bbp_topic_count_hidden":0,"_bbp_reply_count_hidden":0,"_bbp_forum_subforum_count":0,"_themeisle_gutenberg_block_has_review":false,"footnotes":""},"class_list":["post-33","page","type-page","status-publish","hentry"],"yoast_head":"<!-- This site is optimized with the Yoast SEO plugin v27.4 - https:\/\/yoast.com\/product\/yoast-seo-wordpress\/ -->\n<title>Carte SIM - S&#039;installer \u00e0 Delhi avec Bed &amp; Chai<\/title>\n<meta name=\"description\" content=\"Have an Indian phone number is not essential during your stay but this can be very useful in certain situations. Here how to get one.\" \/>\n<meta name=\"robots\" content=\"index, follow, max-snippet:-1, max-image-preview:large, max-video-preview:-1\" \/>\n<link rel=\"canonical\" href=\"https:\/\/stay.bedandchai.com\/sim-card\/\" \/>\n<meta property=\"og:locale\" content=\"fr_FR\" \/>\n<meta property=\"og:type\" content=\"article\" \/>\n<meta property=\"og:title\" content=\"Carte SIM - S&#039;installer \u00e0 Delhi avec Bed &amp; Chai\" \/>\n<meta property=\"og:description\" content=\"Have an Indian phone number is not essential during your stay but this can be very useful in certain situations. Here how to get one.\" \/>\n<meta property=\"og:url\" content=\"https:\/\/stay.bedandchai.com\/sim-card\/\" \/>\n<meta property=\"og:site_name\" content=\"S&#039;installer \u00e0 Delhi avec Bed &amp; Chai\" \/>\n<meta property=\"article:modified_time\" content=\"2016-06-21T06:31:47+00:00\" \/>\n<meta property=\"og:image\" content=\"https:\/\/stay.bedandchai.com\/wp-content\/uploads\/2015\/11\/airtel_shop_india_reuters.jpg\" \/>\n\t<meta property=\"og:image:width\" content=\"635\" \/>\n\t<meta property=\"og:image:height\" content=\"475\" \/>\n\t<meta property=\"og:image:type\" content=\"image\/jpeg\" \/>\n<meta name=\"twitter:card\" content=\"summary_large_image\" \/>\n<meta name=\"twitter:label1\" content=\"Dur\u00e9e de lecture estim\u00e9e\" \/>\n\t<meta name=\"twitter:data1\" content=\"2 minutes\" \/>\n<script type=\"application\/ld+json\" class=\"yoast-schema-graph\">{\"@context\":\"https:\\\/\\\/schema.org\",\"@graph\":[{\"@type\":\"WebPage\",\"@id\":\"https:\\\/\\\/stay.bedandchai.com\\\/sim-card\\\/\",\"url\":\"https:\\\/\\\/stay.bedandchai.com\\\/sim-card\\\/\",\"name\":\"Carte SIM - S&#039;installer \u00e0 Delhi avec Bed &amp; Chai\",\"isPartOf\":{\"@id\":\"https:\\\/\\\/stay.bedandchai.com\\\/#website\"},\"primaryImageOfPage\":{\"@id\":\"https:\\\/\\\/stay.bedandchai.com\\\/sim-card\\\/#primaryimage\"},\"image\":{\"@id\":\"https:\\\/\\\/stay.bedandchai.com\\\/sim-card\\\/#primaryimage\"},\"thumbnailUrl\":\"http:\\\/\\\/stay.bedandchai.com\\\/wp-content\\\/uploads\\\/2015\\\/11\\\/airtel_shop_india_reuters-300x224.jpg\",\"datePublished\":\"2015-11-18T15:39:46+00:00\",\"dateModified\":\"2016-06-21T06:31:47+00:00\",\"description\":\"Have an Indian phone number is not essential during your stay but this can be very useful in certain situations. Here how to get one.\",\"breadcrumb\":{\"@id\":\"https:\\\/\\\/stay.bedandchai.com\\\/sim-card\\\/#breadcrumb\"},\"inLanguage\":\"fr-FR\",\"potentialAction\":[{\"@type\":\"ReadAction\",\"target\":[\"https:\\\/\\\/stay.bedandchai.com\\\/sim-card\\\/\"]}]},{\"@type\":\"ImageObject\",\"inLanguage\":\"fr-FR\",\"@id\":\"https:\\\/\\\/stay.bedandchai.com\\\/sim-card\\\/#primaryimage\",\"url\":\"http:\\\/\\\/stay.bedandchai.com\\\/wp-content\\\/uploads\\\/2015\\\/11\\\/airtel_shop_india_reuters-300x224.jpg\",\"contentUrl\":\"http:\\\/\\\/stay.bedandchai.com\\\/wp-content\\\/uploads\\\/2015\\\/11\\\/airtel_shop_india_reuters-300x224.jpg\"},{\"@type\":\"BreadcrumbList\",\"@id\":\"https:\\\/\\\/stay.bedandchai.com\\\/sim-card\\\/#breadcrumb\",\"itemListElement\":[{\"@type\":\"ListItem\",\"position\":1,\"name\":\"Home\",\"item\":\"https:\\\/\\\/stay.bedandchai.com\\\/\"},{\"@type\":\"ListItem\",\"position\":2,\"name\":\"SIM card\"}]},{\"@type\":\"WebSite\",\"@id\":\"https:\\\/\\\/stay.bedandchai.com\\\/#website\",\"url\":\"https:\\\/\\\/stay.bedandchai.com\\\/\",\"name\":\"S&#039;installer \u00e0 Delhi avec Bed &amp; Chai\",\"description\":\"Pour une arriv\u00e9e en douceur\",\"potentialAction\":[{\"@type\":\"SearchAction\",\"target\":{\"@type\":\"EntryPoint\",\"urlTemplate\":\"https:\\\/\\\/stay.bedandchai.com\\\/?s={search_term_string}\"},\"query-input\":{\"@type\":\"PropertyValueSpecification\",\"valueRequired\":true,\"valueName\":\"search_term_string\"}}],\"inLanguage\":\"fr-FR\"}]}<\/script>\n<!-- \/ Yoast SEO plugin. -->","yoast_head_json":{"title":"Carte SIM - S&#039;installer \u00e0 Delhi avec Bed &amp; Chai","description":"Have an Indian phone number is not essential during your stay but this can be very useful in certain situations. Here how to get one.","robots":{"index":"index","follow":"follow","max-snippet":"max-snippet:-1","max-image-preview":"max-image-preview:large","max-video-preview":"max-video-preview:-1"},"canonical":"https:\/\/stay.bedandchai.com\/sim-card\/","og_locale":"fr_FR","og_type":"article","og_title":"Carte SIM - S&#039;installer \u00e0 Delhi avec Bed &amp; Chai","og_description":"Have an Indian phone number is not essential during your stay but this can be very useful in certain situations. Here how to get one.","og_url":"https:\/\/stay.bedandchai.com\/sim-card\/","og_site_name":"S&#039;installer \u00e0 Delhi avec Bed &amp; Chai","article_modified_time":"2016-06-21T06:31:47+00:00","og_image":[{"width":635,"height":475,"url":"https:\/\/stay.bedandchai.com\/wp-content\/uploads\/2015\/11\/airtel_shop_india_reuters.jpg","type":"image\/jpeg"}],"twitter_card":"summary_large_image","twitter_misc":{"Dur\u00e9e de lecture estim\u00e9e":"2 minutes"},"schema":{"@context":"https:\/\/schema.org","@graph":[{"@type":"WebPage","@id":"https:\/\/stay.bedandchai.com\/sim-card\/","url":"https:\/\/stay.bedandchai.com\/sim-card\/","name":"Carte SIM - S&#039;installer \u00e0 Delhi avec Bed &amp; Chai","isPartOf":{"@id":"https:\/\/stay.bedandchai.com\/#website"},"primaryImageOfPage":{"@id":"https:\/\/stay.bedandchai.com\/sim-card\/#primaryimage"},"image":{"@id":"https:\/\/stay.bedandchai.com\/sim-card\/#primaryimage"},"thumbnailUrl":"http:\/\/stay.bedandchai.com\/wp-content\/uploads\/2015\/11\/airtel_shop_india_reuters-300x224.jpg","datePublished":"2015-11-18T15:39:46+00:00","dateModified":"2016-06-21T06:31:47+00:00","description":"Have an Indian phone number is not essential during your stay but this can be very useful in certain situations. Here how to get one.","breadcrumb":{"@id":"https:\/\/stay.bedandchai.com\/sim-card\/#breadcrumb"},"inLanguage":"fr-FR","potentialAction":[{"@type":"ReadAction","target":["https:\/\/stay.bedandchai.com\/sim-card\/"]}]},{"@type":"ImageObject","inLanguage":"fr-FR","@id":"https:\/\/stay.bedandchai.com\/sim-card\/#primaryimage","url":"http:\/\/stay.bedandchai.com\/wp-content\/uploads\/2015\/11\/airtel_shop_india_reuters-300x224.jpg","contentUrl":"http:\/\/stay.bedandchai.com\/wp-content\/uploads\/2015\/11\/airtel_shop_india_reuters-300x224.jpg"},{"@type":"BreadcrumbList","@id":"https:\/\/stay.bedandchai.com\/sim-card\/#breadcrumb","itemListElement":[{"@type":"ListItem","position":1,"name":"Home","item":"https:\/\/stay.bedandchai.com\/"},{"@type":"ListItem","position":2,"name":"SIM card"}]},{"@type":"WebSite","@id":"https:\/\/stay.bedandchai.com\/#website","url":"https:\/\/stay.bedandchai.com\/","name":"S&#039;installer \u00e0 Delhi avec Bed &amp; Chai","description":"Pour une arriv\u00e9e en douceur","potentialAction":[{"@type":"SearchAction","target":{"@type":"EntryPoint","urlTemplate":"https:\/\/stay.bedandchai.com\/?s={search_term_string}"},"query-input":{"@type":"PropertyValueSpecification","valueRequired":true,"valueName":"search_term_string"}}],"inLanguage":"fr-FR"}]}},"_links":{"self":[{"href":"https:\/\/stay.bedandchai.com\/fr\/wp-json\/wp\/v2\/pages\/33","targetHints":{"allow":["GET"]}}],"collection":[{"href":"https:\/\/stay.bedandchai.com\/fr\/wp-json\/wp\/v2\/pages"}],"about":[{"href":"https:\/\/stay.bedandchai.com\/fr\/wp-json\/wp\/v2\/types\/page"}],"author":[{"embeddable":true,"href":"https:\/\/stay.bedandchai.com\/fr\/wp-json\/wp\/v2\/users\/2"}],"replies":[{"embeddable":true,"href":"https:\/\/stay.bedandchai.com\/fr\/wp-json\/wp\/v2\/comments?post=33"}],"version-history":[{"count":9,"href":"https:\/\/stay.bedandchai.com\/fr\/wp-json\/wp\/v2\/pages\/33\/revisions"}],"predecessor-version":[{"id":872,"href":"https:\/\/stay.bedandchai.com\/fr\/wp-json\/wp\/v2\/pages\/33\/revisions\/872"}],"wp:attachment":[{"href":"https:\/\/stay.bedandchai.com\/fr\/wp-json\/wp\/v2\/media?parent=33"}],"curies":[{"name":"wp","href":"https:\/\/api.w.org\/{rel}","templated":true}]}}