{"id":35,"date":"2015-11-18T15:40:16","date_gmt":"2015-11-18T15:40:16","guid":{"rendered":"http:\/\/stay.bedandchai.com\/?page_id=35"},"modified":"2016-06-08T06:53:38","modified_gmt":"2016-06-08T06:53:38","slug":"get-cash","status":"publish","type":"page","link":"https:\/\/stay.bedandchai.com\/fr\/get-cash\/","title":{"rendered":"Retirer des esp\u00e8ces"},"content":{"rendered":"<h2><a href=\"http:\/\/stay.bedandchai.com\/wp-content\/uploads\/2016\/02\/get-cash.png\" rel=\"attachment wp-att-200\"><img loading=\"lazy\" decoding=\"async\" class=\"aligncenter wp-image-200 size-medium\" src=\"http:\/\/stay.bedandchai.com\/wp-content\/uploads\/2016\/02\/get-cash-300x180.png\" alt=\"Cash in Delhi\" width=\"300\" height=\"180\" srcset=\"https:\/\/stay.bedandchai.com\/wp-content\/uploads\/2016\/02\/get-cash-300x180.png 300w, https:\/\/stay.bedandchai.com\/wp-content\/uploads\/2016\/02\/get-cash.png 750w\" sizes=\"auto, (max-width: 300px) 100vw, 300px\" \/><\/a><b>Utilisez les distributeurs<\/b><\/h2>\n<p><strong>\u00a0<\/strong>Vous trouverez facilement des distributeurs de banques dans toutes les villes, m\u00eame les petites. En Inde, on appelle les distributeurs ATM . L\u2019utilisation des cartes bancaires est g\u00e9n\u00e9ralement le plus simple, cela vous \u00e9vite de vous promener avec de grosses sommes d\u2019argent sur vous .<\/p>\n<p><a href=\"http:\/\/stay.bedandchai.com\/wp-content\/uploads\/2015\/11\/9017383040_c23c49cebb_z.jpg\" rel=\"attachment wp-att-297\"><img loading=\"lazy\" decoding=\"async\" class=\"alignleft wp-image-297 size-medium\" src=\"http:\/\/stay.bedandchai.com\/wp-content\/uploads\/2015\/11\/9017383040_c23c49cebb_z-300x201.jpg\" alt=\"Cash in delhi\" width=\"300\" height=\"201\" srcset=\"https:\/\/stay.bedandchai.com\/wp-content\/uploads\/2015\/11\/9017383040_c23c49cebb_z-300x201.jpg 300w, https:\/\/stay.bedandchai.com\/wp-content\/uploads\/2015\/11\/9017383040_c23c49cebb_z.jpg 640w\" sizes=\"auto, (max-width: 300px) 100vw, 300px\" \/><\/a><\/p>\n<p>Notez que les banques indiennes facturent 100-150 roupies (2 euros approx.) pour chaque transaction que vous faites ; vous devrez ajouter \u00e0 cela les frais de votre banque. Vous ne pouvez retirer que 10000 roupies\u00a0\u00e0 la fois (possibilit\u00e9 de renouveler l\u2019op\u00e9ration plusieurs fois) . Il est pr\u00e9f\u00e9rable, si possible, d\u2019apporter au moins deux cartes bancaires pour ne pas vous retrouver dans une situation difficile au\u00a0cas o\u00f9 une des deux cartes ne marchent pas.<\/p>\n<p>Pensez \u00e9galement \u00e0 v\u00e9rifier vos plafonds de retraits et de paiements par CB avant de partir, et n\u00e9gociez vos frais de retrait avec votre banquier (payer un montant fixe par mois par exemple).<\/p>\n<p>Il arrive assez souvent que Visa ou Mastercard bloquent votre carte. Il suffit d&rsquo;appeler leur service client pour la d\u00e9bloquer.<\/p>\n<h2><strong>Bureaux de change<\/strong><\/h2>\n<p>Deux bureaux de change se trouvant au M block Market, Greater Kailash 1 vous offriront un taux de change tr\u00e8s raisonnable et avantageux, en g\u00e9n\u00e9ral le taux de change du jour. Plus les billets sont gros, plus ils appr\u00e9cient!<\/p>\n","protected":false},"excerpt":{"rendered":"<p>Utilisez les distributeurs \u00a0Vous trouverez facilement des distributeurs de banques dans toutes les villes, m\u00eame les petites. En Inde, on appelle les distributeurs ATM . L\u2019utilisation des cartes bancaires est g\u00e9n\u00e9ralement le plus simple, cela vous \u00e9vite de vous promener avec de grosses sommes d\u2019argent sur vous . Notez que [&hellip;]<\/p>\n","protected":false},"author":2,"featured_media":0,"parent":0,"menu_order":0,"comment_status":"closed","ping_status":"closed","template":"","meta":{"_bbp_topic_count":0,"_bbp_reply_count":0,"_bbp_total_topic_count":0,"_bbp_total_reply_count":0,"_bbp_voice_count":0,"_bbp_anonymous_reply_count":0,"_bbp_topic_count_hidden":0,"_bbp_reply_count_hidden":0,"_bbp_forum_subforum_count":0,"_themeisle_gutenberg_block_has_review":false,"footnotes":""},"class_list":["post-35","page","type-page","status-publish","hentry"],"yoast_head":"<!-- This site is optimized with the Yoast SEO plugin v27.3 - https:\/\/yoast.com\/product\/yoast-seo-wordpress\/ -->\n<title>Retirer des esp\u00e8ces - S&#039;installer \u00e0 Delhi avec Bed &amp; Chai<\/title>\n<meta name=\"description\" content=\"(English) Get cash in Delhi is not so complicated. You easily find banks distributors in all cities, even small. Just ask for ATM machines.\" \/>\n<meta name=\"robots\" content=\"index, follow, max-snippet:-1, max-image-preview:large, max-video-preview:-1\" \/>\n<link rel=\"canonical\" href=\"https:\/\/stay.bedandchai.com\/fr\/get-cash\/\" \/>\n<meta property=\"og:locale\" content=\"fr_FR\" \/>\n<meta property=\"og:type\" content=\"article\" \/>\n<meta property=\"og:title\" content=\"Retirer des esp\u00e8ces - S&#039;installer \u00e0 Delhi avec Bed &amp; Chai\" \/>\n<meta property=\"og:description\" content=\"(English) Get cash in Delhi is not so complicated. You easily find banks distributors in all cities, even small. Just ask for ATM machines.\" \/>\n<meta property=\"og:url\" content=\"https:\/\/stay.bedandchai.com\/fr\/get-cash\/\" \/>\n<meta property=\"og:site_name\" content=\"S&#039;installer \u00e0 Delhi avec Bed &amp; Chai\" \/>\n<meta property=\"article:modified_time\" content=\"2016-06-08T06:53:38+00:00\" \/>\n<meta property=\"og:image\" content=\"https:\/\/stay.bedandchai.com\/wp-content\/uploads\/2015\/11\/9017383040_c23c49cebb_z.jpg\" \/>\n\t<meta property=\"og:image:width\" content=\"640\" \/>\n\t<meta property=\"og:image:height\" content=\"428\" \/>\n\t<meta property=\"og:image:type\" content=\"image\/jpeg\" \/>\n<meta name=\"twitter:card\" content=\"summary_large_image\" \/>\n<meta name=\"twitter:label1\" content=\"Dur\u00e9e de lecture estim\u00e9e\" \/>\n\t<meta name=\"twitter:data1\" content=\"1 minute\" \/>\n<script type=\"application\/ld+json\" class=\"yoast-schema-graph\">{\"@context\":\"https:\\\/\\\/schema.org\",\"@graph\":[{\"@type\":\"WebPage\",\"@id\":\"https:\\\/\\\/stay.bedandchai.com\\\/fr\\\/get-cash\\\/\",\"url\":\"https:\\\/\\\/stay.bedandchai.com\\\/fr\\\/get-cash\\\/\",\"name\":\"Retirer des esp\u00e8ces - S&#039;installer \u00e0 Delhi avec Bed &amp; Chai\",\"isPartOf\":{\"@id\":\"https:\\\/\\\/stay.bedandchai.com\\\/#website\"},\"primaryImageOfPage\":{\"@id\":\"https:\\\/\\\/stay.bedandchai.com\\\/fr\\\/get-cash\\\/#primaryimage\"},\"image\":{\"@id\":\"https:\\\/\\\/stay.bedandchai.com\\\/fr\\\/get-cash\\\/#primaryimage\"},\"thumbnailUrl\":\"http:\\\/\\\/stay.bedandchai.com\\\/wp-content\\\/uploads\\\/2016\\\/02\\\/get-cash-300x180.png\",\"datePublished\":\"2015-11-18T15:40:16+00:00\",\"dateModified\":\"2016-06-08T06:53:38+00:00\",\"description\":\"(English) Get cash in Delhi is not so complicated. You easily find banks distributors in all cities, even small. Just ask for ATM machines.\",\"breadcrumb\":{\"@id\":\"https:\\\/\\\/stay.bedandchai.com\\\/fr\\\/get-cash\\\/#breadcrumb\"},\"inLanguage\":\"fr-FR\",\"potentialAction\":[{\"@type\":\"ReadAction\",\"target\":[\"https:\\\/\\\/stay.bedandchai.com\\\/fr\\\/get-cash\\\/\"]}]},{\"@type\":\"ImageObject\",\"inLanguage\":\"fr-FR\",\"@id\":\"https:\\\/\\\/stay.bedandchai.com\\\/fr\\\/get-cash\\\/#primaryimage\",\"url\":\"http:\\\/\\\/stay.bedandchai.com\\\/wp-content\\\/uploads\\\/2016\\\/02\\\/get-cash-300x180.png\",\"contentUrl\":\"http:\\\/\\\/stay.bedandchai.com\\\/wp-content\\\/uploads\\\/2016\\\/02\\\/get-cash-300x180.png\"},{\"@type\":\"BreadcrumbList\",\"@id\":\"https:\\\/\\\/stay.bedandchai.com\\\/fr\\\/get-cash\\\/#breadcrumb\",\"itemListElement\":[{\"@type\":\"ListItem\",\"position\":1,\"name\":\"Home\",\"item\":\"https:\\\/\\\/stay.bedandchai.com\\\/\"},{\"@type\":\"ListItem\",\"position\":2,\"name\":\"Retirer des esp\u00e8ces\"}]},{\"@type\":\"WebSite\",\"@id\":\"https:\\\/\\\/stay.bedandchai.com\\\/#website\",\"url\":\"https:\\\/\\\/stay.bedandchai.com\\\/\",\"name\":\"S&#039;installer \u00e0 Delhi avec Bed &amp; Chai\",\"description\":\"Pour une arriv\u00e9e en douceur\",\"potentialAction\":[{\"@type\":\"SearchAction\",\"target\":{\"@type\":\"EntryPoint\",\"urlTemplate\":\"https:\\\/\\\/stay.bedandchai.com\\\/?s={search_term_string}\"},\"query-input\":{\"@type\":\"PropertyValueSpecification\",\"valueRequired\":true,\"valueName\":\"search_term_string\"}}],\"inLanguage\":\"fr-FR\"}]}<\/script>\n<!-- \/ Yoast SEO plugin. -->","yoast_head_json":{"title":"Retirer des esp\u00e8ces - S&#039;installer \u00e0 Delhi avec Bed &amp; Chai","description":"(English) Get cash in Delhi is not so complicated. You easily find banks distributors in all cities, even small. Just ask for ATM machines.","robots":{"index":"index","follow":"follow","max-snippet":"max-snippet:-1","max-image-preview":"max-image-preview:large","max-video-preview":"max-video-preview:-1"},"canonical":"https:\/\/stay.bedandchai.com\/fr\/get-cash\/","og_locale":"fr_FR","og_type":"article","og_title":"Retirer des esp\u00e8ces - S&#039;installer \u00e0 Delhi avec Bed &amp; Chai","og_description":"(English) Get cash in Delhi is not so complicated. You easily find banks distributors in all cities, even small. Just ask for ATM machines.","og_url":"https:\/\/stay.bedandchai.com\/fr\/get-cash\/","og_site_name":"S&#039;installer \u00e0 Delhi avec Bed &amp; Chai","article_modified_time":"2016-06-08T06:53:38+00:00","og_image":[{"width":640,"height":428,"url":"https:\/\/stay.bedandchai.com\/wp-content\/uploads\/2015\/11\/9017383040_c23c49cebb_z.jpg","type":"image\/jpeg"}],"twitter_card":"summary_large_image","twitter_misc":{"Dur\u00e9e de lecture estim\u00e9e":"1 minute"},"schema":{"@context":"https:\/\/schema.org","@graph":[{"@type":"WebPage","@id":"https:\/\/stay.bedandchai.com\/fr\/get-cash\/","url":"https:\/\/stay.bedandchai.com\/fr\/get-cash\/","name":"Retirer des esp\u00e8ces - S&#039;installer \u00e0 Delhi avec Bed &amp; Chai","isPartOf":{"@id":"https:\/\/stay.bedandchai.com\/#website"},"primaryImageOfPage":{"@id":"https:\/\/stay.bedandchai.com\/fr\/get-cash\/#primaryimage"},"image":{"@id":"https:\/\/stay.bedandchai.com\/fr\/get-cash\/#primaryimage"},"thumbnailUrl":"http:\/\/stay.bedandchai.com\/wp-content\/uploads\/2016\/02\/get-cash-300x180.png","datePublished":"2015-11-18T15:40:16+00:00","dateModified":"2016-06-08T06:53:38+00:00","description":"(English) Get cash in Delhi is not so complicated. You easily find banks distributors in all cities, even small. Just ask for ATM machines.","breadcrumb":{"@id":"https:\/\/stay.bedandchai.com\/fr\/get-cash\/#breadcrumb"},"inLanguage":"fr-FR","potentialAction":[{"@type":"ReadAction","target":["https:\/\/stay.bedandchai.com\/fr\/get-cash\/"]}]},{"@type":"ImageObject","inLanguage":"fr-FR","@id":"https:\/\/stay.bedandchai.com\/fr\/get-cash\/#primaryimage","url":"http:\/\/stay.bedandchai.com\/wp-content\/uploads\/2016\/02\/get-cash-300x180.png","contentUrl":"http:\/\/stay.bedandchai.com\/wp-content\/uploads\/2016\/02\/get-cash-300x180.png"},{"@type":"BreadcrumbList","@id":"https:\/\/stay.bedandchai.com\/fr\/get-cash\/#breadcrumb","itemListElement":[{"@type":"ListItem","position":1,"name":"Home","item":"https:\/\/stay.bedandchai.com\/"},{"@type":"ListItem","position":2,"name":"Retirer des esp\u00e8ces"}]},{"@type":"WebSite","@id":"https:\/\/stay.bedandchai.com\/#website","url":"https:\/\/stay.bedandchai.com\/","name":"S&#039;installer \u00e0 Delhi avec Bed &amp; Chai","description":"Pour une arriv\u00e9e en douceur","potentialAction":[{"@type":"SearchAction","target":{"@type":"EntryPoint","urlTemplate":"https:\/\/stay.bedandchai.com\/?s={search_term_string}"},"query-input":{"@type":"PropertyValueSpecification","valueRequired":true,"valueName":"search_term_string"}}],"inLanguage":"fr-FR"}]}},"_links":{"self":[{"href":"https:\/\/stay.bedandchai.com\/fr\/wp-json\/wp\/v2\/pages\/35","targetHints":{"allow":["GET"]}}],"collection":[{"href":"https:\/\/stay.bedandchai.com\/fr\/wp-json\/wp\/v2\/pages"}],"about":[{"href":"https:\/\/stay.bedandchai.com\/fr\/wp-json\/wp\/v2\/types\/page"}],"author":[{"embeddable":true,"href":"https:\/\/stay.bedandchai.com\/fr\/wp-json\/wp\/v2\/users\/2"}],"replies":[{"embeddable":true,"href":"https:\/\/stay.bedandchai.com\/fr\/wp-json\/wp\/v2\/comments?post=35"}],"version-history":[{"count":9,"href":"https:\/\/stay.bedandchai.com\/fr\/wp-json\/wp\/v2\/pages\/35\/revisions"}],"predecessor-version":[{"id":848,"href":"https:\/\/stay.bedandchai.com\/fr\/wp-json\/wp\/v2\/pages\/35\/revisions\/848"}],"wp:attachment":[{"href":"https:\/\/stay.bedandchai.com\/fr\/wp-json\/wp\/v2\/media?parent=35"}],"curies":[{"name":"wp","href":"https:\/\/api.w.org\/{rel}","templated":true}]}}