{"id":37,"date":"2015-11-18T15:40:46","date_gmt":"2015-11-18T15:40:46","guid":{"rendered":"http:\/\/stay.bedandchai.com\/?page_id=37"},"modified":"2016-06-20T11:29:56","modified_gmt":"2016-06-20T11:29:56","slug":"reach-the-guesthouse","status":"publish","type":"page","link":"https:\/\/stay.bedandchai.com\/fr\/reach-the-guesthouse\/","title":{"rendered":"Rejoindre la guesthouse"},"content":{"rendered":"<h2><a href=\"http:\/\/stay.bedandchai.com\/wp-content\/uploads\/2015\/11\/12190916_701420539957862_1170136305811413080_n-2.jpg\" rel=\"attachment wp-att-293\"><img loading=\"lazy\" decoding=\"async\" class=\"size-full wp-image-293 aligncenter\" src=\"http:\/\/stay.bedandchai.com\/wp-content\/uploads\/2015\/11\/12190916_701420539957862_1170136305811413080_n-2.jpg\" alt=\"Guesthouse delhi\" width=\"690\" height=\"396\" srcset=\"https:\/\/stay.bedandchai.com\/wp-content\/uploads\/2015\/11\/12190916_701420539957862_1170136305811413080_n-2.jpg 690w, https:\/\/stay.bedandchai.com\/wp-content\/uploads\/2015\/11\/12190916_701420539957862_1170136305811413080_n-2-300x172.jpg 300w\" sizes=\"auto, (max-width: 690px) 100vw, 690px\" \/><\/a><\/h2>\n<h2>Merci de bien prendre connaissance des informations suivantes si vous n&rsquo;avez pas r\u00e9serv\u00e9 de taxi avec nous :<\/h2>\n<ul>\n<li>Pour nous trouver plus facilement, voici le <a href=\"https:\/\/www.google.co.in\/maps\/place\/Bed+%26+Cha%C3%AF+Guest+House\/@28.548583,77.241997,17z\/data=!3m1!4b1!4m2!3m1!1s0x390ce3cce0a54b2f:0x86a8bad061e6c9e1?hl=en\" target=\"_blank\">lien<\/a> vers Google Maps.<\/li>\n<li>Regardez notre <a href=\"https:\/\/www.youtube.com\/watch?v=k_8JvrVzfG0\" target=\"_blank\">video<\/a> pour \u00e9viter les arnaques \u00e0 l&rsquo;a\u00e9roport. Cela fonctionne pour les gares \u00e9galement!<\/li>\n<li>Services de taxi\/ tuk-tuk depuis les a\u00e9roports et gares\n<ul>\n<li><u>Depuis l&rsquo;a\u00e9roport<\/u> : 2 options\n<ul>\n<li><strong>Meru Cabs\u00a0\/ EasyCab<\/strong>. Compagnies de taxi priv\u00e9es et s\u00e9rieuses. Un peu plus ch\u00e8res. Elles ont un comptoir \u00e0 la sortie de l&rsquo;a\u00e9roport. Entre 600 et 750rs.<\/li>\n<li><strong>Taxi \u00ab\u00a0noir et jaune\u00a0\u00bb<\/strong> prepay\u00e9 g\u00e9r\u00e9 par Delhi Police. Un comptoir \u00e0 l&rsquo;int\u00e9rieur et \u00e0 l&rsquo;ext\u00e9rieur de l&rsquo;a\u00e9roport. Compter entre 400 et 500rs. Indiquez \u00ab\u00a0GK1\u00a0\u00bb au comptoir, ils vous donneront un recu et un num\u00e9ro qui vous indique o\u00f9 prendre votre taxi sur le quai.<br \/>\nNous ne recommandons pas ce service si vous ne connaissez pas Delhi. Beaucoup de nos clients ont eu des probl\u00e8mes. Ne pas les croire s&rsquo;ils vous indiquent que l&rsquo;hotel est ferm\u00e9 ou qu&rsquo;il y a le moindre soucis. T\u00e9l\u00e9phonez nous vous-m\u00eame (et tapez vous-m\u00eame le numero) \u00e0 la moindre inqui\u00e9tude.<\/li>\n<\/ul>\n<\/li>\n<li><u>Depuis les gares de New Delhi, Old Delhi et Delhi Cant<\/u> : Taxi \u00ab\u00a0noir et jaune\u00a0\u00bb ou tuk-tuk. Vous pouvez essayer d&rsquo;aller au comptoir pr\u00e9pay\u00e9, mais il est parfois difficile d&rsquo;y avoir un taxi. N\u00e9gociez le taxi entre 300 et 400rs. Pour le tuk-tuk, il faut compter 150rs. Les tuk-tuks connaissent en g\u00e9n\u00e9ral mieux la ville que les taxis.<\/li>\n<li><u>Depuis la gare de Nizamuddin<\/u> : idem qu&rsquo;aux autres gares, mais nous ne sommes pas loin. Taxi \u00e0 environ 200rs et tuk-tuk entre 70 et 100rs.<\/li>\n<li><u>Depuis les gares de bus<\/u> : il y a en g\u00e9n\u00e9ral des tuk-tuks \u00e0 tous les stops. Evitez de payer plus de 150rs.<\/li>\n<\/ul>\n<\/li>\n<li>Vous pouvez prendre \u00e9galement le m\u00e9tro. Nous sommes \u00e0 15 min \u00e0 pied de la station m\u00e9tro Kailash Colony (ligne violette). Depuis le m\u00e9tro, prenez un v\u00e9lo rickshaw ou un tuk-tuk et demandez R block GK-1 main road, pas plus de 30rs.<\/li>\n<li>Nous sommes situ\u00e9s pr\u00e8s du M block market, au-dessus de Max Vets Hospital et Ose Shop, \u00e0 c\u00f4t\u00e9 de l\u2019h\u00f4tel Allure. Il n\u2019y a pas de panneau \u00e0 l\u2019ext\u00e9rieur. Les images suivantes peuvent vous aider \u00e0 nous trouver :<img loading=\"lazy\" decoding=\"async\" class=\"CToWUd a6T alignnone\" tabindex=\"0\" src=\"https:\/\/ci5.googleusercontent.com\/proxy\/ee2bQ6mqT_KcNODSauouR8hiGWiIqgyT903AwUboEFlaFmp3d78leWiYBbZXO8C4X54yYEW5wS0yUrArMx0fsTN3D8e12slf4UFpoU07WhgDafujUU8=s0-d-e1-ft#http:\/\/blog.bedandchai.com\/wp-content\/uploads\/2015\/03\/findus.png\" alt=\"Guesthouse Bed&amp;Chai\" width=\"600\" height=\"168\" \/><\/li>\n<li>Voici quelques indications pour nous trouver plus facilement :<br \/>\nGK1, R block. On main road. Near M block market.<\/li>\n<\/ul>\n","protected":false},"excerpt":{"rendered":"<p>Merci de bien prendre connaissance des informations suivantes si vous n&rsquo;avez pas r\u00e9serv\u00e9 de taxi avec nous : Pour nous trouver plus facilement, voici le lien vers Google Maps. Regardez notre video pour \u00e9viter les arnaques \u00e0 l&rsquo;a\u00e9roport. Cela fonctionne pour les gares \u00e9galement! Services de taxi\/ tuk-tuk depuis les [&hellip;]<\/p>\n","protected":false},"author":2,"featured_media":0,"parent":0,"menu_order":0,"comment_status":"closed","ping_status":"closed","template":"","meta":{"_bbp_topic_count":0,"_bbp_reply_count":0,"_bbp_total_topic_count":0,"_bbp_total_reply_count":0,"_bbp_voice_count":0,"_bbp_anonymous_reply_count":0,"_bbp_topic_count_hidden":0,"_bbp_reply_count_hidden":0,"_bbp_forum_subforum_count":0,"_themeisle_gutenberg_block_has_review":false,"footnotes":""},"class_list":["post-37","page","type-page","status-publish","hentry"],"yoast_head":"<!-- This site is optimized with the Yoast SEO plugin v27.4 - https:\/\/yoast.com\/product\/yoast-seo-wordpress\/ -->\n<title>Rejoindre la guesthouse - S&#039;installer \u00e0 Delhi avec Bed &amp; Chai<\/title>\n<meta name=\"description\" content=\"(English) Please read the following information carefully if you have not booked a taxi with guesthouse Bed&amp;Chai: Here is the Google Maps link to find us easier.\" \/>\n<meta name=\"robots\" content=\"index, follow, max-snippet:-1, max-image-preview:large, max-video-preview:-1\" \/>\n<link rel=\"canonical\" href=\"https:\/\/stay.bedandchai.com\/fr\/reach-the-guesthouse\/\" \/>\n<meta property=\"og:locale\" content=\"fr_FR\" \/>\n<meta property=\"og:type\" content=\"article\" \/>\n<meta property=\"og:title\" content=\"Rejoindre la guesthouse - S&#039;installer \u00e0 Delhi avec Bed &amp; Chai\" \/>\n<meta property=\"og:description\" content=\"(English) Please read the following information carefully if you have not booked a taxi with guesthouse Bed&amp;Chai: Here is the Google Maps link to find us easier.\" \/>\n<meta property=\"og:url\" content=\"https:\/\/stay.bedandchai.com\/fr\/reach-the-guesthouse\/\" \/>\n<meta property=\"og:site_name\" content=\"S&#039;installer \u00e0 Delhi avec Bed &amp; Chai\" \/>\n<meta property=\"article:modified_time\" content=\"2016-06-20T11:29:56+00:00\" \/>\n<meta property=\"og:image\" content=\"https:\/\/stay.bedandchai.com\/wp-content\/uploads\/2015\/11\/12190916_701420539957862_1170136305811413080_n-2.jpg\" \/>\n\t<meta property=\"og:image:width\" content=\"690\" \/>\n\t<meta property=\"og:image:height\" content=\"396\" \/>\n\t<meta property=\"og:image:type\" content=\"image\/jpeg\" \/>\n<meta name=\"twitter:card\" content=\"summary_large_image\" \/>\n<meta name=\"twitter:label1\" content=\"Dur\u00e9e de lecture estim\u00e9e\" \/>\n\t<meta name=\"twitter:data1\" content=\"2 minutes\" \/>\n<script type=\"application\/ld+json\" class=\"yoast-schema-graph\">{\"@context\":\"https:\\\/\\\/schema.org\",\"@graph\":[{\"@type\":\"WebPage\",\"@id\":\"https:\\\/\\\/stay.bedandchai.com\\\/fr\\\/reach-the-guesthouse\\\/\",\"url\":\"https:\\\/\\\/stay.bedandchai.com\\\/fr\\\/reach-the-guesthouse\\\/\",\"name\":\"Rejoindre la guesthouse - S&#039;installer \u00e0 Delhi avec Bed &amp; Chai\",\"isPartOf\":{\"@id\":\"https:\\\/\\\/stay.bedandchai.com\\\/#website\"},\"primaryImageOfPage\":{\"@id\":\"https:\\\/\\\/stay.bedandchai.com\\\/fr\\\/reach-the-guesthouse\\\/#primaryimage\"},\"image\":{\"@id\":\"https:\\\/\\\/stay.bedandchai.com\\\/fr\\\/reach-the-guesthouse\\\/#primaryimage\"},\"thumbnailUrl\":\"http:\\\/\\\/stay.bedandchai.com\\\/wp-content\\\/uploads\\\/2015\\\/11\\\/12190916_701420539957862_1170136305811413080_n-2.jpg\",\"datePublished\":\"2015-11-18T15:40:46+00:00\",\"dateModified\":\"2016-06-20T11:29:56+00:00\",\"description\":\"(English) Please read the following information carefully if you have not booked a taxi with guesthouse Bed&Chai: Here is the Google Maps link to find us easier.\",\"breadcrumb\":{\"@id\":\"https:\\\/\\\/stay.bedandchai.com\\\/fr\\\/reach-the-guesthouse\\\/#breadcrumb\"},\"inLanguage\":\"fr-FR\",\"potentialAction\":[{\"@type\":\"ReadAction\",\"target\":[\"https:\\\/\\\/stay.bedandchai.com\\\/fr\\\/reach-the-guesthouse\\\/\"]}]},{\"@type\":\"ImageObject\",\"inLanguage\":\"fr-FR\",\"@id\":\"https:\\\/\\\/stay.bedandchai.com\\\/fr\\\/reach-the-guesthouse\\\/#primaryimage\",\"url\":\"http:\\\/\\\/stay.bedandchai.com\\\/wp-content\\\/uploads\\\/2015\\\/11\\\/12190916_701420539957862_1170136305811413080_n-2.jpg\",\"contentUrl\":\"http:\\\/\\\/stay.bedandchai.com\\\/wp-content\\\/uploads\\\/2015\\\/11\\\/12190916_701420539957862_1170136305811413080_n-2.jpg\"},{\"@type\":\"BreadcrumbList\",\"@id\":\"https:\\\/\\\/stay.bedandchai.com\\\/fr\\\/reach-the-guesthouse\\\/#breadcrumb\",\"itemListElement\":[{\"@type\":\"ListItem\",\"position\":1,\"name\":\"Home\",\"item\":\"https:\\\/\\\/stay.bedandchai.com\\\/\"},{\"@type\":\"ListItem\",\"position\":2,\"name\":\"Rejoindre la guesthouse\"}]},{\"@type\":\"WebSite\",\"@id\":\"https:\\\/\\\/stay.bedandchai.com\\\/#website\",\"url\":\"https:\\\/\\\/stay.bedandchai.com\\\/\",\"name\":\"S&#039;installer \u00e0 Delhi avec Bed &amp; Chai\",\"description\":\"Pour une arriv\u00e9e en douceur\",\"potentialAction\":[{\"@type\":\"SearchAction\",\"target\":{\"@type\":\"EntryPoint\",\"urlTemplate\":\"https:\\\/\\\/stay.bedandchai.com\\\/?s={search_term_string}\"},\"query-input\":{\"@type\":\"PropertyValueSpecification\",\"valueRequired\":true,\"valueName\":\"search_term_string\"}}],\"inLanguage\":\"fr-FR\"}]}<\/script>\n<!-- \/ Yoast SEO plugin. -->","yoast_head_json":{"title":"Rejoindre la guesthouse - S&#039;installer \u00e0 Delhi avec Bed &amp; Chai","description":"(English) Please read the following information carefully if you have not booked a taxi with guesthouse Bed&Chai: Here is the Google Maps link to find us easier.","robots":{"index":"index","follow":"follow","max-snippet":"max-snippet:-1","max-image-preview":"max-image-preview:large","max-video-preview":"max-video-preview:-1"},"canonical":"https:\/\/stay.bedandchai.com\/fr\/reach-the-guesthouse\/","og_locale":"fr_FR","og_type":"article","og_title":"Rejoindre la guesthouse - S&#039;installer \u00e0 Delhi avec Bed &amp; Chai","og_description":"(English) Please read the following information carefully if you have not booked a taxi with guesthouse Bed&Chai: Here is the Google Maps link to find us easier.","og_url":"https:\/\/stay.bedandchai.com\/fr\/reach-the-guesthouse\/","og_site_name":"S&#039;installer \u00e0 Delhi avec Bed &amp; Chai","article_modified_time":"2016-06-20T11:29:56+00:00","og_image":[{"width":690,"height":396,"url":"https:\/\/stay.bedandchai.com\/wp-content\/uploads\/2015\/11\/12190916_701420539957862_1170136305811413080_n-2.jpg","type":"image\/jpeg"}],"twitter_card":"summary_large_image","twitter_misc":{"Dur\u00e9e de lecture estim\u00e9e":"2 minutes"},"schema":{"@context":"https:\/\/schema.org","@graph":[{"@type":"WebPage","@id":"https:\/\/stay.bedandchai.com\/fr\/reach-the-guesthouse\/","url":"https:\/\/stay.bedandchai.com\/fr\/reach-the-guesthouse\/","name":"Rejoindre la guesthouse - S&#039;installer \u00e0 Delhi avec Bed &amp; Chai","isPartOf":{"@id":"https:\/\/stay.bedandchai.com\/#website"},"primaryImageOfPage":{"@id":"https:\/\/stay.bedandchai.com\/fr\/reach-the-guesthouse\/#primaryimage"},"image":{"@id":"https:\/\/stay.bedandchai.com\/fr\/reach-the-guesthouse\/#primaryimage"},"thumbnailUrl":"http:\/\/stay.bedandchai.com\/wp-content\/uploads\/2015\/11\/12190916_701420539957862_1170136305811413080_n-2.jpg","datePublished":"2015-11-18T15:40:46+00:00","dateModified":"2016-06-20T11:29:56+00:00","description":"(English) Please read the following information carefully if you have not booked a taxi with guesthouse Bed&Chai: Here is the Google Maps link to find us easier.","breadcrumb":{"@id":"https:\/\/stay.bedandchai.com\/fr\/reach-the-guesthouse\/#breadcrumb"},"inLanguage":"fr-FR","potentialAction":[{"@type":"ReadAction","target":["https:\/\/stay.bedandchai.com\/fr\/reach-the-guesthouse\/"]}]},{"@type":"ImageObject","inLanguage":"fr-FR","@id":"https:\/\/stay.bedandchai.com\/fr\/reach-the-guesthouse\/#primaryimage","url":"http:\/\/stay.bedandchai.com\/wp-content\/uploads\/2015\/11\/12190916_701420539957862_1170136305811413080_n-2.jpg","contentUrl":"http:\/\/stay.bedandchai.com\/wp-content\/uploads\/2015\/11\/12190916_701420539957862_1170136305811413080_n-2.jpg"},{"@type":"BreadcrumbList","@id":"https:\/\/stay.bedandchai.com\/fr\/reach-the-guesthouse\/#breadcrumb","itemListElement":[{"@type":"ListItem","position":1,"name":"Home","item":"https:\/\/stay.bedandchai.com\/"},{"@type":"ListItem","position":2,"name":"Rejoindre la guesthouse"}]},{"@type":"WebSite","@id":"https:\/\/stay.bedandchai.com\/#website","url":"https:\/\/stay.bedandchai.com\/","name":"S&#039;installer \u00e0 Delhi avec Bed &amp; Chai","description":"Pour une arriv\u00e9e en douceur","potentialAction":[{"@type":"SearchAction","target":{"@type":"EntryPoint","urlTemplate":"https:\/\/stay.bedandchai.com\/?s={search_term_string}"},"query-input":{"@type":"PropertyValueSpecification","valueRequired":true,"valueName":"search_term_string"}}],"inLanguage":"fr-FR"}]}},"_links":{"self":[{"href":"https:\/\/stay.bedandchai.com\/fr\/wp-json\/wp\/v2\/pages\/37","targetHints":{"allow":["GET"]}}],"collection":[{"href":"https:\/\/stay.bedandchai.com\/fr\/wp-json\/wp\/v2\/pages"}],"about":[{"href":"https:\/\/stay.bedandchai.com\/fr\/wp-json\/wp\/v2\/types\/page"}],"author":[{"embeddable":true,"href":"https:\/\/stay.bedandchai.com\/fr\/wp-json\/wp\/v2\/users\/2"}],"replies":[{"embeddable":true,"href":"https:\/\/stay.bedandchai.com\/fr\/wp-json\/wp\/v2\/comments?post=37"}],"version-history":[{"count":8,"href":"https:\/\/stay.bedandchai.com\/fr\/wp-json\/wp\/v2\/pages\/37\/revisions"}],"predecessor-version":[{"id":870,"href":"https:\/\/stay.bedandchai.com\/fr\/wp-json\/wp\/v2\/pages\/37\/revisions\/870"}],"wp:attachment":[{"href":"https:\/\/stay.bedandchai.com\/fr\/wp-json\/wp\/v2\/media?parent=37"}],"curies":[{"name":"wp","href":"https:\/\/api.w.org\/{rel}","templated":true}]}}