{"id":39,"date":"2015-11-18T15:41:16","date_gmt":"2015-11-18T15:41:16","guid":{"rendered":"http:\/\/stay.bedandchai.com\/?page_id=39"},"modified":"2018-11-01T10:38:31","modified_gmt":"2018-11-01T10:38:31","slug":"find-a-flat","status":"publish","type":"page","link":"https:\/\/stay.bedandchai.com\/fr\/find-a-flat\/","title":{"rendered":"Trouver un logement"},"content":{"rendered":"<p><a href=\"http:\/\/stay.bedandchai.com\/wp-content\/uploads\/2015\/11\/delhi.png\" rel=\"attachment wp-att-157\"><img loading=\"lazy\" decoding=\"async\" class=\"wp-image-157 aligncenter\" src=\"http:\/\/stay.bedandchai.com\/wp-content\/uploads\/2015\/11\/delhi.png\" alt=\"Appartement delhi\" width=\"555\" height=\"359\" srcset=\"https:\/\/stay.bedandchai.com\/wp-content\/uploads\/2015\/11\/delhi.png 834w, https:\/\/stay.bedandchai.com\/wp-content\/uploads\/2015\/11\/delhi-300x194.png 300w, https:\/\/stay.bedandchai.com\/wp-content\/uploads\/2015\/11\/delhi-768x496.png 768w\" sizes=\"auto, (max-width: 555px) 100vw, 555px\" \/><\/a><\/p>\n<p>Chercher un appartement \u00e0 Delhi n\u2019est pas toujours tr\u00e8s facile. Cela demande du temps, de la patience ainsi que des bons tuyaux\u00a0!<\/p>\n<p>D\u2019abord, vous devez d\u00e9finir les quartiers o\u00f9 vous souhaitez habiter si vous ne voulez pas perdre de temps. Delhi est une grande ville o\u00f9 l\u2019on peut trouver des milliers d\u2019appartements \u00e0 visiter.<\/p>\n<p>Ensuite, si vous n\u2019avez pas de budget \u00e0 consacrer \u00e0 un agent immobilier (broker) vous pouvez rechercher un appartement ou une chambre et poster des annonces sur les sites et groupes suivants:<\/p>\n<ul>\n<li>Flat and Flatmates (Delhi Chapter) :\u00a0<a href=\"https:\/\/www.facebook.com\/groups\/172025699544799\/\" target=\"_blank\" rel=\"noopener\">www.facebook.com\/groups\/172025699544799<\/a><\/li>\n<li>Yuninet :\n<ul>\n<li><a href=\"https:\/\/www.facebook.com\/groups\/yuninet\/\" target=\"_blank\" rel=\"noopener\">www.facebook.com\/groups\/yuninet\/<\/a><\/li>\n<li><a href=\"http:\/\/groups.yahoo.com\/neo\/groups\/Yuni-Net\/info\" target=\"_blank\" rel=\"noopener\">groups.yahoo.com\/neo\/groups\/Yuni-Net\/info<\/a><\/li>\n<li><a href=\"https:\/\/groups.yahoo.com\/neo\/groups\/yuninet-delhi\/info\" target=\"_blank\" rel=\"noopener\">groups.yahoo.com\/neo\/groups\/yuninet-delhi\/info<\/a><\/li>\n<\/ul>\n<\/li>\n<\/ul>\n<p>Les groupes Yahoo \u00e9vitent les demandes incongrues sur Facebook (surtout si vous \u00eates une fille)<\/p>\n<ul>\n<li>Expat Info Delhi :\u00a0<a href=\"https:\/\/www.facebook.com\/groups\/expatinfodelhi\/\" target=\"_blank\" rel=\"noopener\">www.facebook.com\/groups\/expatinfodelhi<\/a><\/li>\n<li>United homes and mates :\u00a0<a href=\"https:\/\/www.facebook.com\/groups\/unitedhomes\/\" target=\"_blank\" rel=\"noopener\">www.facebook.com\/groups\/unitedhomes<\/a><\/li>\n<li>Delhi Expat Club :\u00a0<a href=\"http:\/\/delhiexpatclub.com\/\" target=\"_blank\" rel=\"noopener\">delhiexpatclub.com<\/a><\/li>\n<li>Delhi Friends :\u00a0<a href=\"https:\/\/www.facebook.com\/groups\/354595251217601\/\" target=\"_blank\" rel=\"noopener\">www.facebook.com\/groups\/354595251217601<\/a><\/li>\n<li>Delhi Accueil :\u00a0<a href=\"http:\/\/www.delhi-accueil.com\/\" target=\"_blank\" rel=\"noopener\">www.delhi-accueil.com<\/a><\/li>\n<\/ul>\n<p>Si vous cherchez un appartement complet, nous vous recommandons ces agences :<\/p>\n<ul>\n<li><span style=\"background-color: #ffffff;\">R &#8211; Real Estate<\/span> : rahulsatrawla84@gmail.com \/ 9811909612<\/li>\n<li>Sid Estates : <a href=\"https:\/\/www.facebook.com\/SidEstatesDelhi\/\" target=\"_blank\" rel=\"noopener\">www.facebook.com\/SidEstatesDelhi\/<\/a><\/li>\n<\/ul>\n<h2>Voici quelques conseils avant la signature du contrat<\/h2>\n<ul>\n<li>Demandez la dur\u00e9e du contrat<\/li>\n<li>Demandez s\u2019il y\u2019aura une augmentation \u00e0 la fin du contrat (10% par an en g\u00e9n\u00e9ral mais n\u00e9gociable)<\/li>\n<li>Demandez si l\u2019eau et\/l\u2019\u00e9lectricit\u00e9 sera \u00e0 votre charge et comment vous devrez les payer, assurez vous que les compteurs soient s\u00e9par\u00e9s et demandez les factures de l\u2019ann\u00e9e pr\u00e9c\u00e9dente pour anticiper votre consommation (\u00e7a peut \u00eatre tr\u00e8s \u00e9lev\u00e9 l\u2019\u00e9t\u00e9, c\u2019est un budget \u00e0 prendre en compte)<\/li>\n<li>Demandez si les climatisations sont pr\u00eates \u00e0 \u00eatre pos\u00e9es ou s\u2019il faut installer le c\u00e2blage vous-m\u00eame (pr\u00e9voir un petit budget suppl\u00e9mentaire dans ce cas)<\/li>\n<li>Soyez sur que le propri\u00e9taire est d\u2019accord pour que vous receviez des amis ou petits amis<\/li>\n<li>V\u00e9rifiez que les \u00e9quipements \u00e9lectriques ainsi que la plomberie fonctionnent bien avant de signer<\/li>\n<li>Demandez comment fonctionne l&rsquo;eau. Il est possible que vous ayez \u00e0 vous lever t\u00f4t le matin pour mettre une pompe en marche<\/li>\n<li>Pr\u00e9f\u00e9rez un appartement o\u00f9 les propri\u00e9taires n&rsquo;habitent pas en dessous<\/li>\n<li>Les appartements au rez-de-chauss\u00e9e sont plus frais l&rsquo;\u00e9t\u00e9. Les loyers sont moins chers pour les derniers \u00e9tages.<\/li>\n<\/ul>\n","protected":false},"excerpt":{"rendered":"<p>Chercher un appartement \u00e0 Delhi n\u2019est pas toujours tr\u00e8s facile. Cela demande du temps, de la patience ainsi que des bons tuyaux\u00a0! D\u2019abord, vous devez d\u00e9finir les quartiers o\u00f9 vous souhaitez habiter si vous ne voulez pas perdre de temps. Delhi est une grande ville o\u00f9 l\u2019on peut trouver des [&hellip;]<\/p>\n","protected":false},"author":2,"featured_media":0,"parent":0,"menu_order":0,"comment_status":"closed","ping_status":"closed","template":"","meta":{"_bbp_topic_count":0,"_bbp_reply_count":0,"_bbp_total_topic_count":0,"_bbp_total_reply_count":0,"_bbp_voice_count":0,"_bbp_anonymous_reply_count":0,"_bbp_topic_count_hidden":0,"_bbp_reply_count_hidden":0,"_bbp_forum_subforum_count":0,"_themeisle_gutenberg_block_has_review":false,"footnotes":""},"class_list":["post-39","page","type-page","status-publish","hentry"],"yoast_head":"<!-- This site is optimized with the Yoast SEO plugin v27.4 - https:\/\/yoast.com\/product\/yoast-seo-wordpress\/ -->\n<title>Trouver un logement - S&#039;installer \u00e0 Delhi avec Bed &amp; Chai<\/title>\n<meta name=\"description\" content=\"How to find a flat in India ? Hunting for a flat in Delhi is not always an easy thing. It requires time, patience and good tips!\" \/>\n<meta name=\"robots\" content=\"index, follow, max-snippet:-1, max-image-preview:large, max-video-preview:-1\" \/>\n<link rel=\"canonical\" href=\"https:\/\/stay.bedandchai.com\/find-a-flat\/\" \/>\n<meta property=\"og:locale\" content=\"fr_FR\" \/>\n<meta property=\"og:type\" content=\"article\" \/>\n<meta property=\"og:title\" content=\"Trouver un logement - S&#039;installer \u00e0 Delhi avec Bed &amp; Chai\" \/>\n<meta property=\"og:description\" content=\"How to find a flat in India ? Hunting for a flat in Delhi is not always an easy thing. It requires time, patience and good tips!\" \/>\n<meta property=\"og:url\" content=\"https:\/\/stay.bedandchai.com\/find-a-flat\/\" \/>\n<meta property=\"og:site_name\" content=\"S&#039;installer \u00e0 Delhi avec Bed &amp; Chai\" \/>\n<meta property=\"article:modified_time\" content=\"2018-11-01T10:38:31+00:00\" \/>\n<meta property=\"og:image\" content=\"https:\/\/stay.bedandchai.com\/wp-content\/uploads\/2015\/11\/delhi.png\" \/>\n\t<meta property=\"og:image:width\" content=\"834\" \/>\n\t<meta property=\"og:image:height\" content=\"539\" \/>\n\t<meta property=\"og:image:type\" content=\"image\/png\" \/>\n<meta name=\"twitter:card\" content=\"summary_large_image\" \/>\n<meta name=\"twitter:label1\" content=\"Dur\u00e9e de lecture estim\u00e9e\" \/>\n\t<meta name=\"twitter:data1\" content=\"2 minutes\" \/>\n<script type=\"application\/ld+json\" class=\"yoast-schema-graph\">{\"@context\":\"https:\\\/\\\/schema.org\",\"@graph\":[{\"@type\":\"WebPage\",\"@id\":\"https:\\\/\\\/stay.bedandchai.com\\\/find-a-flat\\\/\",\"url\":\"https:\\\/\\\/stay.bedandchai.com\\\/find-a-flat\\\/\",\"name\":\"Trouver un logement - S&#039;installer \u00e0 Delhi avec Bed &amp; Chai\",\"isPartOf\":{\"@id\":\"https:\\\/\\\/stay.bedandchai.com\\\/#website\"},\"primaryImageOfPage\":{\"@id\":\"https:\\\/\\\/stay.bedandchai.com\\\/find-a-flat\\\/#primaryimage\"},\"image\":{\"@id\":\"https:\\\/\\\/stay.bedandchai.com\\\/find-a-flat\\\/#primaryimage\"},\"thumbnailUrl\":\"http:\\\/\\\/stay.bedandchai.com\\\/wp-content\\\/uploads\\\/2015\\\/11\\\/delhi.png\",\"datePublished\":\"2015-11-18T15:41:16+00:00\",\"dateModified\":\"2018-11-01T10:38:31+00:00\",\"description\":\"How to find a flat in India ? Hunting for a flat in Delhi is not always an easy thing. It requires time, patience and good tips!\",\"breadcrumb\":{\"@id\":\"https:\\\/\\\/stay.bedandchai.com\\\/find-a-flat\\\/#breadcrumb\"},\"inLanguage\":\"fr-FR\",\"potentialAction\":[{\"@type\":\"ReadAction\",\"target\":[\"https:\\\/\\\/stay.bedandchai.com\\\/find-a-flat\\\/\"]}]},{\"@type\":\"ImageObject\",\"inLanguage\":\"fr-FR\",\"@id\":\"https:\\\/\\\/stay.bedandchai.com\\\/find-a-flat\\\/#primaryimage\",\"url\":\"http:\\\/\\\/stay.bedandchai.com\\\/wp-content\\\/uploads\\\/2015\\\/11\\\/delhi.png\",\"contentUrl\":\"http:\\\/\\\/stay.bedandchai.com\\\/wp-content\\\/uploads\\\/2015\\\/11\\\/delhi.png\"},{\"@type\":\"BreadcrumbList\",\"@id\":\"https:\\\/\\\/stay.bedandchai.com\\\/find-a-flat\\\/#breadcrumb\",\"itemListElement\":[{\"@type\":\"ListItem\",\"position\":1,\"name\":\"Home\",\"item\":\"https:\\\/\\\/stay.bedandchai.com\\\/\"},{\"@type\":\"ListItem\",\"position\":2,\"name\":\"Find a flat in India\"}]},{\"@type\":\"WebSite\",\"@id\":\"https:\\\/\\\/stay.bedandchai.com\\\/#website\",\"url\":\"https:\\\/\\\/stay.bedandchai.com\\\/\",\"name\":\"S&#039;installer \u00e0 Delhi avec Bed &amp; Chai\",\"description\":\"Pour une arriv\u00e9e en douceur\",\"potentialAction\":[{\"@type\":\"SearchAction\",\"target\":{\"@type\":\"EntryPoint\",\"urlTemplate\":\"https:\\\/\\\/stay.bedandchai.com\\\/?s={search_term_string}\"},\"query-input\":{\"@type\":\"PropertyValueSpecification\",\"valueRequired\":true,\"valueName\":\"search_term_string\"}}],\"inLanguage\":\"fr-FR\"}]}<\/script>\n<!-- \/ Yoast SEO plugin. -->","yoast_head_json":{"title":"Trouver un logement - S&#039;installer \u00e0 Delhi avec Bed &amp; Chai","description":"How to find a flat in India ? Hunting for a flat in Delhi is not always an easy thing. It requires time, patience and good tips!","robots":{"index":"index","follow":"follow","max-snippet":"max-snippet:-1","max-image-preview":"max-image-preview:large","max-video-preview":"max-video-preview:-1"},"canonical":"https:\/\/stay.bedandchai.com\/find-a-flat\/","og_locale":"fr_FR","og_type":"article","og_title":"Trouver un logement - S&#039;installer \u00e0 Delhi avec Bed &amp; Chai","og_description":"How to find a flat in India ? Hunting for a flat in Delhi is not always an easy thing. It requires time, patience and good tips!","og_url":"https:\/\/stay.bedandchai.com\/find-a-flat\/","og_site_name":"S&#039;installer \u00e0 Delhi avec Bed &amp; Chai","article_modified_time":"2018-11-01T10:38:31+00:00","og_image":[{"width":834,"height":539,"url":"https:\/\/stay.bedandchai.com\/wp-content\/uploads\/2015\/11\/delhi.png","type":"image\/png"}],"twitter_card":"summary_large_image","twitter_misc":{"Dur\u00e9e de lecture estim\u00e9e":"2 minutes"},"schema":{"@context":"https:\/\/schema.org","@graph":[{"@type":"WebPage","@id":"https:\/\/stay.bedandchai.com\/find-a-flat\/","url":"https:\/\/stay.bedandchai.com\/find-a-flat\/","name":"Trouver un logement - S&#039;installer \u00e0 Delhi avec Bed &amp; Chai","isPartOf":{"@id":"https:\/\/stay.bedandchai.com\/#website"},"primaryImageOfPage":{"@id":"https:\/\/stay.bedandchai.com\/find-a-flat\/#primaryimage"},"image":{"@id":"https:\/\/stay.bedandchai.com\/find-a-flat\/#primaryimage"},"thumbnailUrl":"http:\/\/stay.bedandchai.com\/wp-content\/uploads\/2015\/11\/delhi.png","datePublished":"2015-11-18T15:41:16+00:00","dateModified":"2018-11-01T10:38:31+00:00","description":"How to find a flat in India ? Hunting for a flat in Delhi is not always an easy thing. It requires time, patience and good tips!","breadcrumb":{"@id":"https:\/\/stay.bedandchai.com\/find-a-flat\/#breadcrumb"},"inLanguage":"fr-FR","potentialAction":[{"@type":"ReadAction","target":["https:\/\/stay.bedandchai.com\/find-a-flat\/"]}]},{"@type":"ImageObject","inLanguage":"fr-FR","@id":"https:\/\/stay.bedandchai.com\/find-a-flat\/#primaryimage","url":"http:\/\/stay.bedandchai.com\/wp-content\/uploads\/2015\/11\/delhi.png","contentUrl":"http:\/\/stay.bedandchai.com\/wp-content\/uploads\/2015\/11\/delhi.png"},{"@type":"BreadcrumbList","@id":"https:\/\/stay.bedandchai.com\/find-a-flat\/#breadcrumb","itemListElement":[{"@type":"ListItem","position":1,"name":"Home","item":"https:\/\/stay.bedandchai.com\/"},{"@type":"ListItem","position":2,"name":"Find a flat in India"}]},{"@type":"WebSite","@id":"https:\/\/stay.bedandchai.com\/#website","url":"https:\/\/stay.bedandchai.com\/","name":"S&#039;installer \u00e0 Delhi avec Bed &amp; Chai","description":"Pour une arriv\u00e9e en douceur","potentialAction":[{"@type":"SearchAction","target":{"@type":"EntryPoint","urlTemplate":"https:\/\/stay.bedandchai.com\/?s={search_term_string}"},"query-input":{"@type":"PropertyValueSpecification","valueRequired":true,"valueName":"search_term_string"}}],"inLanguage":"fr-FR"}]}},"_links":{"self":[{"href":"https:\/\/stay.bedandchai.com\/fr\/wp-json\/wp\/v2\/pages\/39","targetHints":{"allow":["GET"]}}],"collection":[{"href":"https:\/\/stay.bedandchai.com\/fr\/wp-json\/wp\/v2\/pages"}],"about":[{"href":"https:\/\/stay.bedandchai.com\/fr\/wp-json\/wp\/v2\/types\/page"}],"author":[{"embeddable":true,"href":"https:\/\/stay.bedandchai.com\/fr\/wp-json\/wp\/v2\/users\/2"}],"replies":[{"embeddable":true,"href":"https:\/\/stay.bedandchai.com\/fr\/wp-json\/wp\/v2\/comments?post=39"}],"version-history":[{"count":19,"href":"https:\/\/stay.bedandchai.com\/fr\/wp-json\/wp\/v2\/pages\/39\/revisions"}],"predecessor-version":[{"id":964,"href":"https:\/\/stay.bedandchai.com\/fr\/wp-json\/wp\/v2\/pages\/39\/revisions\/964"}],"wp:attachment":[{"href":"https:\/\/stay.bedandchai.com\/fr\/wp-json\/wp\/v2\/media?parent=39"}],"curies":[{"name":"wp","href":"https:\/\/api.w.org\/{rel}","templated":true}]}}