{"id":41,"date":"2015-11-18T15:41:45","date_gmt":"2015-11-18T15:41:45","guid":{"rendered":"http:\/\/stay.bedandchai.com\/?page_id=41"},"modified":"2016-06-14T09:01:41","modified_gmt":"2016-06-14T09:01:41","slug":"move-in-delhi","status":"publish","type":"page","link":"https:\/\/stay.bedandchai.com\/fr\/move-in-delhi\/","title":{"rendered":"Se d\u00e9placer \u00e0 Delhi"},"content":{"rendered":"<h2>M\u00e9tro<\/h2>\n<p><a href=\"http:\/\/stay.bedandchai.com\/wp-content\/uploads\/2015\/11\/Delhi_metro_rail_network.png\" rel=\"attachment wp-att-599\"><img loading=\"lazy\" decoding=\"async\" class=\"wp-image-599 size-medium\" src=\"http:\/\/stay.bedandchai.com\/wp-content\/uploads\/2015\/11\/Delhi_metro_rail_network-300x268.png\" alt=\"Delhi_metro_rail_network\" width=\"300\" height=\"268\" srcset=\"https:\/\/stay.bedandchai.com\/wp-content\/uploads\/2015\/11\/Delhi_metro_rail_network-300x268.png 300w, https:\/\/stay.bedandchai.com\/wp-content\/uploads\/2015\/11\/Delhi_metro_rail_network-768x687.png 768w, https:\/\/stay.bedandchai.com\/wp-content\/uploads\/2015\/11\/Delhi_metro_rail_network-1024x916.png 1024w\" sizes=\"auto, (max-width: 300px) 100vw, 300px\" \/><\/a><br \/>\nLe m\u00e9tro \u00e0 Delhi est un moyen s\u00fbr et fiable de se d\u00e9placer en ville.<br \/>\nIl y a wagon enti\u00e8rement r\u00e9server au femmes situ\u00e9 \u00e0 l&rsquo;avant du train si vous ne vous sentez pas \u00e0 l&rsquo;aise entour\u00e9 d&rsquo;hommes.<br \/>\nLe prix d&rsquo;un trajet est entre 9 et 30 Rs. Pratique pour aller \u00e0 Old Delhi. Un peu moins pour aller dans le Sud de Delhi. Plusieurs lignes ne sont pas encore reli\u00e9es les unes au autres (mais c&rsquo;est pour bient\u00f4t!).<br \/>\nLa ligne expresse pour l&rsquo;a\u00e9roport est pratique pour \u00e9viter les embouteillages mais vous devez vous rendre \u00e0 New Delhi Station pour y avoir acc\u00e8s.<\/p>\n<h2>Auto-Rickshaw<\/h2>\n<p><img loading=\"lazy\" decoding=\"async\" class=\"size-medium wp-image-271 alignright\" src=\"http:\/\/stay.bedandchai.com\/wp-content\/uploads\/2016\/02\/transport-delhi-300x235.jpg\" alt=\"transport Delhi\" width=\"300\" height=\"235\" srcset=\"https:\/\/stay.bedandchai.com\/wp-content\/uploads\/2016\/02\/transport-delhi-300x235.jpg 300w, https:\/\/stay.bedandchai.com\/wp-content\/uploads\/2016\/02\/transport-delhi.jpg 450w\" sizes=\"auto, (max-width: 300px) 100vw, 300px\" \/>Tuk-tuks (pour les touristes) ou auto pour les locaux, sont tr\u00e8s pratiques pour de courtes distances. Utilisez Google Maps pour d\u00e9terminer la distance jusqu&rsquo;\u00e0 votre destination finale.<br \/>\nLe prix est d&rsquo;environ 10 Rs par km. Vous devez insister aupr\u00e8s du conducteur afin qu&rsquo;il utilise le compteur (\u00ab\u00a0go by meter\u00a0\u00bb ou \u00ab\u00a0meter se\u00a0\u00bb). Mais c&rsquo;est en g\u00e9n\u00e9ral difficile de pour de petites distances.<\/p>\n<h2>Taxi<\/h2>\n<p>Les taxis ne sont pas autoris\u00e9s \u00e0 circuler s&rsquo;ils n&rsquo;ont pas \u00e9t\u00e9 r\u00e9server au pr\u00e9alable. Vous avez 3 sortes de taxi\u00a0:<\/p>\n<ul>\n<li><strong>Les taxis jaune et noir<\/strong>\u00a0: vous devriez trouver un stand de taxi pr\u00e8s de chez vous. Un peu cher mais g\u00e9n\u00e9ralement une bonne solution en cas d&rsquo;urgence. Vous pouvez aussi n\u00e9gocier un prix si vous avez besoin d&rsquo;un taxi tous les jours.<\/li>\n<li><strong>Les applications de taxi<\/strong>\u00a0: Uber a un concurrent un peu moins cher.\n<ul>\n<li>Ola Cabs\u00a0and Taxi for sure :\u00a0<a href=\"https:\/\/www.olacabs.com\/\" target=\"_blank\">www.olacabs.com<\/a><\/li>\n<li>Uber :\u00a0<a href=\"http:\/\/www.uber.com\/\">www.uber.com<\/a><\/li>\n<\/ul>\n<\/li>\n<li><strong>Les post-paid taxis<\/strong>. Les plus chers mais les plus fiables.\n<ul>\n<li>Meru Cabs: <a href=\"http:\/\/www.merucabs.com\/\" target=\"_blank\">www.merucabs.com<\/a><\/li>\n<li>EasyCab:<a href=\"http:\/\/www.easycabs.com\/\" target=\"_blank\">www.easycabs.com<\/a><\/li>\n<\/ul>\n<\/li>\n<\/ul>\n<h2>Taxi pour la journ\u00e9e, ou \u00a0vous partez en voyage<\/h2>\n<p>Un taxi pour la journ\u00e9e ou pour aller hors Delhi\u00a0? Nous vous recommandons Arun\u00a0! <a href=\"http:\/\/www.arun-taxi-driver-indi.in\/\">www.arun-taxi-driver-indi.in<\/a> . Le plus sympathique des conducteurs de taxi de l&rsquo;Himachal Pradesh\u00a0!<\/p>\n<p>Vous pouvez aussi essayer\u00a0<a href=\"http:\/\/www.blablacar.in\" target=\"_blank\">www.blablacar.in\u00a0<\/a>;\u00a0une option un peu moins ch\u00e8re.<\/p>\n<h2>Conduire soi-m\u00eame<\/h2>\n<p>Vous voulez conduire vous-m\u00eame?\u00a0<a href=\"http:\/\/www.mylescars.com\" target=\"_blank\">www.mylescars.com<\/a><\/p>\n<h2>Cycle Rickshaws<\/h2>\n<p>Pour des tr\u00e8s petites distances, vous pouvez utiliser des\u00a0cycle rickshaws.<\/p>\n","protected":false},"excerpt":{"rendered":"<p>M\u00e9tro Le m\u00e9tro \u00e0 Delhi est un moyen s\u00fbr et fiable de se d\u00e9placer en ville. Il y a wagon enti\u00e8rement r\u00e9server au femmes situ\u00e9 \u00e0 l&rsquo;avant du train si vous ne vous sentez pas \u00e0 l&rsquo;aise entour\u00e9 d&rsquo;hommes. Le prix d&rsquo;un trajet est entre 9 et 30 Rs. Pratique [&hellip;]<\/p>\n","protected":false},"author":2,"featured_media":0,"parent":0,"menu_order":0,"comment_status":"closed","ping_status":"closed","template":"","meta":{"_bbp_topic_count":0,"_bbp_reply_count":0,"_bbp_total_topic_count":0,"_bbp_total_reply_count":0,"_bbp_voice_count":0,"_bbp_anonymous_reply_count":0,"_bbp_topic_count_hidden":0,"_bbp_reply_count_hidden":0,"_bbp_forum_subforum_count":0,"_themeisle_gutenberg_block_has_review":false,"footnotes":""},"class_list":["post-41","page","type-page","status-publish","hentry"],"yoast_head":"<!-- This site is optimized with the Yoast SEO plugin v27.3 - https:\/\/yoast.com\/product\/yoast-seo-wordpress\/ -->\n<title>Se d\u00e9placer \u00e0 Delhi - S&#039;installer \u00e0 Delhi avec Bed &amp; Chai<\/title>\n<meta name=\"description\" content=\"(English) As a big city Delhi offer you differents ways to move from one place to an other one. Here some example of differents ways to move in Delhi.\" \/>\n<meta name=\"robots\" content=\"index, follow, max-snippet:-1, max-image-preview:large, max-video-preview:-1\" \/>\n<link rel=\"canonical\" href=\"https:\/\/stay.bedandchai.com\/fr\/move-in-delhi\/\" \/>\n<meta property=\"og:locale\" content=\"fr_FR\" \/>\n<meta property=\"og:type\" content=\"article\" \/>\n<meta property=\"og:title\" content=\"Se d\u00e9placer \u00e0 Delhi - S&#039;installer \u00e0 Delhi avec Bed &amp; Chai\" \/>\n<meta property=\"og:description\" content=\"(English) As a big city Delhi offer you differents ways to move from one place to an other one. Here some example of differents ways to move in Delhi.\" \/>\n<meta property=\"og:url\" content=\"https:\/\/stay.bedandchai.com\/fr\/move-in-delhi\/\" \/>\n<meta property=\"og:site_name\" content=\"S&#039;installer \u00e0 Delhi avec Bed &amp; Chai\" \/>\n<meta property=\"article:modified_time\" content=\"2016-06-14T09:01:41+00:00\" \/>\n<meta property=\"og:image\" content=\"https:\/\/stay.bedandchai.com\/wp-content\/uploads\/2015\/11\/Delhi_metro_rail_network.png\" \/>\n\t<meta property=\"og:image:width\" content=\"3722\" \/>\n\t<meta property=\"og:image:height\" content=\"3328\" \/>\n\t<meta property=\"og:image:type\" content=\"image\/png\" \/>\n<meta name=\"twitter:card\" content=\"summary_large_image\" \/>\n<meta name=\"twitter:label1\" content=\"Dur\u00e9e de lecture estim\u00e9e\" \/>\n\t<meta name=\"twitter:data1\" content=\"2 minutes\" \/>\n<script type=\"application\/ld+json\" class=\"yoast-schema-graph\">{\"@context\":\"https:\\\/\\\/schema.org\",\"@graph\":[{\"@type\":\"WebPage\",\"@id\":\"https:\\\/\\\/stay.bedandchai.com\\\/fr\\\/move-in-delhi\\\/\",\"url\":\"https:\\\/\\\/stay.bedandchai.com\\\/fr\\\/move-in-delhi\\\/\",\"name\":\"Se d\u00e9placer \u00e0 Delhi - S&#039;installer \u00e0 Delhi avec Bed &amp; Chai\",\"isPartOf\":{\"@id\":\"https:\\\/\\\/stay.bedandchai.com\\\/#website\"},\"primaryImageOfPage\":{\"@id\":\"https:\\\/\\\/stay.bedandchai.com\\\/fr\\\/move-in-delhi\\\/#primaryimage\"},\"image\":{\"@id\":\"https:\\\/\\\/stay.bedandchai.com\\\/fr\\\/move-in-delhi\\\/#primaryimage\"},\"thumbnailUrl\":\"http:\\\/\\\/stay.bedandchai.com\\\/wp-content\\\/uploads\\\/2015\\\/11\\\/Delhi_metro_rail_network-300x268.png\",\"datePublished\":\"2015-11-18T15:41:45+00:00\",\"dateModified\":\"2016-06-14T09:01:41+00:00\",\"description\":\"(English) As a big city Delhi offer you differents ways to move from one place to an other one. Here some example of differents ways to move in Delhi.\",\"breadcrumb\":{\"@id\":\"https:\\\/\\\/stay.bedandchai.com\\\/fr\\\/move-in-delhi\\\/#breadcrumb\"},\"inLanguage\":\"fr-FR\",\"potentialAction\":[{\"@type\":\"ReadAction\",\"target\":[\"https:\\\/\\\/stay.bedandchai.com\\\/fr\\\/move-in-delhi\\\/\"]}]},{\"@type\":\"ImageObject\",\"inLanguage\":\"fr-FR\",\"@id\":\"https:\\\/\\\/stay.bedandchai.com\\\/fr\\\/move-in-delhi\\\/#primaryimage\",\"url\":\"http:\\\/\\\/stay.bedandchai.com\\\/wp-content\\\/uploads\\\/2015\\\/11\\\/Delhi_metro_rail_network-300x268.png\",\"contentUrl\":\"http:\\\/\\\/stay.bedandchai.com\\\/wp-content\\\/uploads\\\/2015\\\/11\\\/Delhi_metro_rail_network-300x268.png\"},{\"@type\":\"BreadcrumbList\",\"@id\":\"https:\\\/\\\/stay.bedandchai.com\\\/fr\\\/move-in-delhi\\\/#breadcrumb\",\"itemListElement\":[{\"@type\":\"ListItem\",\"position\":1,\"name\":\"Home\",\"item\":\"https:\\\/\\\/stay.bedandchai.com\\\/\"},{\"@type\":\"ListItem\",\"position\":2,\"name\":\"Se d\u00e9placer \u00e0 Delhi\"}]},{\"@type\":\"WebSite\",\"@id\":\"https:\\\/\\\/stay.bedandchai.com\\\/#website\",\"url\":\"https:\\\/\\\/stay.bedandchai.com\\\/\",\"name\":\"S&#039;installer \u00e0 Delhi avec Bed &amp; Chai\",\"description\":\"Pour une arriv\u00e9e en douceur\",\"potentialAction\":[{\"@type\":\"SearchAction\",\"target\":{\"@type\":\"EntryPoint\",\"urlTemplate\":\"https:\\\/\\\/stay.bedandchai.com\\\/?s={search_term_string}\"},\"query-input\":{\"@type\":\"PropertyValueSpecification\",\"valueRequired\":true,\"valueName\":\"search_term_string\"}}],\"inLanguage\":\"fr-FR\"}]}<\/script>\n<!-- \/ Yoast SEO plugin. -->","yoast_head_json":{"title":"Se d\u00e9placer \u00e0 Delhi - S&#039;installer \u00e0 Delhi avec Bed &amp; Chai","description":"(English) As a big city Delhi offer you differents ways to move from one place to an other one. Here some example of differents ways to move in Delhi.","robots":{"index":"index","follow":"follow","max-snippet":"max-snippet:-1","max-image-preview":"max-image-preview:large","max-video-preview":"max-video-preview:-1"},"canonical":"https:\/\/stay.bedandchai.com\/fr\/move-in-delhi\/","og_locale":"fr_FR","og_type":"article","og_title":"Se d\u00e9placer \u00e0 Delhi - S&#039;installer \u00e0 Delhi avec Bed &amp; Chai","og_description":"(English) As a big city Delhi offer you differents ways to move from one place to an other one. Here some example of differents ways to move in Delhi.","og_url":"https:\/\/stay.bedandchai.com\/fr\/move-in-delhi\/","og_site_name":"S&#039;installer \u00e0 Delhi avec Bed &amp; Chai","article_modified_time":"2016-06-14T09:01:41+00:00","og_image":[{"width":3722,"height":3328,"url":"https:\/\/stay.bedandchai.com\/wp-content\/uploads\/2015\/11\/Delhi_metro_rail_network.png","type":"image\/png"}],"twitter_card":"summary_large_image","twitter_misc":{"Dur\u00e9e de lecture estim\u00e9e":"2 minutes"},"schema":{"@context":"https:\/\/schema.org","@graph":[{"@type":"WebPage","@id":"https:\/\/stay.bedandchai.com\/fr\/move-in-delhi\/","url":"https:\/\/stay.bedandchai.com\/fr\/move-in-delhi\/","name":"Se d\u00e9placer \u00e0 Delhi - S&#039;installer \u00e0 Delhi avec Bed &amp; Chai","isPartOf":{"@id":"https:\/\/stay.bedandchai.com\/#website"},"primaryImageOfPage":{"@id":"https:\/\/stay.bedandchai.com\/fr\/move-in-delhi\/#primaryimage"},"image":{"@id":"https:\/\/stay.bedandchai.com\/fr\/move-in-delhi\/#primaryimage"},"thumbnailUrl":"http:\/\/stay.bedandchai.com\/wp-content\/uploads\/2015\/11\/Delhi_metro_rail_network-300x268.png","datePublished":"2015-11-18T15:41:45+00:00","dateModified":"2016-06-14T09:01:41+00:00","description":"(English) As a big city Delhi offer you differents ways to move from one place to an other one. Here some example of differents ways to move in Delhi.","breadcrumb":{"@id":"https:\/\/stay.bedandchai.com\/fr\/move-in-delhi\/#breadcrumb"},"inLanguage":"fr-FR","potentialAction":[{"@type":"ReadAction","target":["https:\/\/stay.bedandchai.com\/fr\/move-in-delhi\/"]}]},{"@type":"ImageObject","inLanguage":"fr-FR","@id":"https:\/\/stay.bedandchai.com\/fr\/move-in-delhi\/#primaryimage","url":"http:\/\/stay.bedandchai.com\/wp-content\/uploads\/2015\/11\/Delhi_metro_rail_network-300x268.png","contentUrl":"http:\/\/stay.bedandchai.com\/wp-content\/uploads\/2015\/11\/Delhi_metro_rail_network-300x268.png"},{"@type":"BreadcrumbList","@id":"https:\/\/stay.bedandchai.com\/fr\/move-in-delhi\/#breadcrumb","itemListElement":[{"@type":"ListItem","position":1,"name":"Home","item":"https:\/\/stay.bedandchai.com\/"},{"@type":"ListItem","position":2,"name":"Se d\u00e9placer \u00e0 Delhi"}]},{"@type":"WebSite","@id":"https:\/\/stay.bedandchai.com\/#website","url":"https:\/\/stay.bedandchai.com\/","name":"S&#039;installer \u00e0 Delhi avec Bed &amp; Chai","description":"Pour une arriv\u00e9e en douceur","potentialAction":[{"@type":"SearchAction","target":{"@type":"EntryPoint","urlTemplate":"https:\/\/stay.bedandchai.com\/?s={search_term_string}"},"query-input":{"@type":"PropertyValueSpecification","valueRequired":true,"valueName":"search_term_string"}}],"inLanguage":"fr-FR"}]}},"_links":{"self":[{"href":"https:\/\/stay.bedandchai.com\/fr\/wp-json\/wp\/v2\/pages\/41","targetHints":{"allow":["GET"]}}],"collection":[{"href":"https:\/\/stay.bedandchai.com\/fr\/wp-json\/wp\/v2\/pages"}],"about":[{"href":"https:\/\/stay.bedandchai.com\/fr\/wp-json\/wp\/v2\/types\/page"}],"author":[{"embeddable":true,"href":"https:\/\/stay.bedandchai.com\/fr\/wp-json\/wp\/v2\/users\/2"}],"replies":[{"embeddable":true,"href":"https:\/\/stay.bedandchai.com\/fr\/wp-json\/wp\/v2\/comments?post=41"}],"version-history":[{"count":7,"href":"https:\/\/stay.bedandchai.com\/fr\/wp-json\/wp\/v2\/pages\/41\/revisions"}],"predecessor-version":[{"id":854,"href":"https:\/\/stay.bedandchai.com\/fr\/wp-json\/wp\/v2\/pages\/41\/revisions\/854"}],"wp:attachment":[{"href":"https:\/\/stay.bedandchai.com\/fr\/wp-json\/wp\/v2\/media?parent=41"}],"curies":[{"name":"wp","href":"https:\/\/api.w.org\/{rel}","templated":true}]}}