{"id":45,"date":"2015-11-18T16:03:23","date_gmt":"2015-11-18T16:03:23","guid":{"rendered":"http:\/\/stay.bedandchai.com\/?page_id=45"},"modified":"2016-03-16T10:58:51","modified_gmt":"2016-03-16T10:58:51","slug":"destinations","status":"publish","type":"page","link":"https:\/\/stay.bedandchai.com\/fr\/destinations\/","title":{"rendered":"Destinations"},"content":{"rendered":"<h1>Informations Pratiques<\/h1>\n<p>Il est pr\u00e9f\u00e9rable de ne pas passer par des sites comme booking.com , prenant jusqu\u2019\u00e0 50% de commission sur votre r\u00e9servation. De plus, ce site ne vous garantit pas votre r\u00e9servation. Certains clients se sont d\u00e9j\u00e0 aper\u00e7us, arriv\u00e9s \u00e0 l\u2019h\u00f4tel, que leur r\u00e9servation n&rsquo;existait pas.\u00a0Vous vous retrouvez donc dans un h\u00f4tel pour lequel vous n&rsquo;avez pas r\u00e9serv\u00e9 (l\u2019h\u00f4tel peut \u00eatre mieux ou moins bien!). Envoyez directement un mail \u00e0 l\u2019h\u00f4tel concern\u00e9 !<\/p>\n<p>Voici quelques liens de sites \u00a0pouvant vous simplifier la vie et vous donner de bonnes id\u00e9es de voyage :<\/p>\n<ul>\n<li>\n<div><a href=\"http:\/\/www.rome2rio.com\" target=\"_blank\">www.rome2rio.com<\/a><\/div>\n<\/li>\n<li>\n<div><a href=\"http:\/\/www.cntraveller.in\" target=\"_blank\">www.cntraveller.in<\/a><\/div>\n<\/li>\n<li>\n<div><a href=\"http:\/\/www.mustseeindia.com\" target=\"_blank\">www.mustseeindia.com<\/a><\/div>\n<\/li>\n<li>\n<div><a href=\"http:\/\/goindia.about.com\" target=\"_blank\">goindia.about.com<\/a><\/div>\n<\/li>\n<\/ul>\n<p>Vous pouvez \u00e9galement consulter le\u00a0<em>\u00a052 breaks out of Delhi\u00a0<\/em>disponible en 2\u00a0versions :<\/p>\n<ul>\n<li><a href=\"http:\/\/www.readwhere.com\/publication\/9216\/Outlook-Traveller-Getaways-52-Weekend-Breaks-from-Delhi\" target=\"_blank\">Electronique<\/a><\/li>\n<li><a href=\"http:\/\/www.outlooktraveller.com\/trips\/long-weekend-getaways-from-delhi-1005669\" target=\"_blank\">Papier<\/a><\/li>\n<\/ul>\n<p>Voici une liste non exhaustive des destinations facilement accessibles \u00e0 partir de Delhi!<\/p>\n<ul>\n<li><a href=\"http:\/\/stay.bedandchai.com\/fr\/the-classics\/\">Les Classiques<\/a><\/li>\n<li><a href=\"http:\/\/stay.bedandchai.com\/fr\/nature\/\">Nature<\/a><\/li>\n<li><a href=\"http:\/\/stay.bedandchai.com\/fr\/off-the-beaten-tracks\/\">En dehors des sentiers battus<\/a><\/li>\n<li><a href=\"http:\/\/stay.bedandchai.com\/fr\/national-parks\">Les parcs nationaux<\/a><\/li>\n<\/ul>\n<p>&nbsp;<\/p>\n","protected":false},"excerpt":{"rendered":"<p>Informations Pratiques Il est pr\u00e9f\u00e9rable de ne pas passer par des sites comme booking.com , prenant jusqu\u2019\u00e0 50% de commission sur votre r\u00e9servation. De plus, ce site ne vous garantit pas votre r\u00e9servation. Certains clients se sont d\u00e9j\u00e0 aper\u00e7us, arriv\u00e9s \u00e0 l\u2019h\u00f4tel, que leur r\u00e9servation n&rsquo;existait pas.\u00a0Vous vous retrouvez donc [&hellip;]<\/p>\n","protected":false},"author":2,"featured_media":622,"parent":0,"menu_order":0,"comment_status":"closed","ping_status":"closed","template":"","meta":{"_bbp_topic_count":0,"_bbp_reply_count":0,"_bbp_total_topic_count":0,"_bbp_total_reply_count":0,"_bbp_voice_count":0,"_bbp_anonymous_reply_count":0,"_bbp_topic_count_hidden":0,"_bbp_reply_count_hidden":0,"_bbp_forum_subforum_count":0,"_themeisle_gutenberg_block_has_review":false,"footnotes":""},"class_list":["post-45","page","type-page","status-publish","has-post-thumbnail","hentry"],"yoast_head":"<!-- This site is optimized with the Yoast SEO plugin v27.4 - https:\/\/yoast.com\/product\/yoast-seo-wordpress\/ -->\n<title>Destinations - S&#039;installer \u00e0 Delhi avec Bed &amp; Chai<\/title>\n<meta name=\"robots\" content=\"index, follow, max-snippet:-1, max-image-preview:large, max-video-preview:-1\" \/>\n<link rel=\"canonical\" href=\"https:\/\/stay.bedandchai.com\/destinations\/\" \/>\n<meta property=\"og:locale\" content=\"fr_FR\" \/>\n<meta property=\"og:type\" content=\"article\" \/>\n<meta property=\"og:title\" content=\"Destinations - S&#039;installer \u00e0 Delhi avec Bed &amp; Chai\" \/>\n<meta property=\"og:description\" content=\"Informations Pratiques Il est pr\u00e9f\u00e9rable de ne pas passer par des sites comme booking.com , prenant jusqu\u2019\u00e0 50% de commission sur votre r\u00e9servation. De plus, ce site ne vous garantit pas votre r\u00e9servation. Certains clients se sont d\u00e9j\u00e0 aper\u00e7us, arriv\u00e9s \u00e0 l\u2019h\u00f4tel, que leur r\u00e9servation n&rsquo;existait pas.\u00a0Vous vous retrouvez donc [&hellip;]\" \/>\n<meta property=\"og:url\" content=\"https:\/\/stay.bedandchai.com\/destinations\/\" \/>\n<meta property=\"og:site_name\" content=\"S&#039;installer \u00e0 Delhi avec Bed &amp; Chai\" \/>\n<meta property=\"article:modified_time\" content=\"2016-03-16T10:58:51+00:00\" \/>\n<meta property=\"og:image\" content=\"https:\/\/stay.bedandchai.com\/wp-content\/uploads\/2015\/11\/laxman-jhula-scene_optimized-1024x768.jpg\" \/>\n\t<meta property=\"og:image:width\" content=\"1024\" \/>\n\t<meta property=\"og:image:height\" content=\"768\" \/>\n\t<meta property=\"og:image:type\" content=\"image\/jpeg\" \/>\n<meta name=\"twitter:card\" content=\"summary_large_image\" \/>\n<meta name=\"twitter:label1\" content=\"Dur\u00e9e de lecture estim\u00e9e\" \/>\n\t<meta name=\"twitter:data1\" content=\"1 minute\" \/>\n<script type=\"application\/ld+json\" class=\"yoast-schema-graph\">{\"@context\":\"https:\\\/\\\/schema.org\",\"@graph\":[{\"@type\":\"WebPage\",\"@id\":\"https:\\\/\\\/stay.bedandchai.com\\\/destinations\\\/\",\"url\":\"https:\\\/\\\/stay.bedandchai.com\\\/destinations\\\/\",\"name\":\"Destinations - S&#039;installer \u00e0 Delhi avec Bed &amp; Chai\",\"isPartOf\":{\"@id\":\"https:\\\/\\\/stay.bedandchai.com\\\/#website\"},\"primaryImageOfPage\":{\"@id\":\"https:\\\/\\\/stay.bedandchai.com\\\/destinations\\\/#primaryimage\"},\"image\":{\"@id\":\"https:\\\/\\\/stay.bedandchai.com\\\/destinations\\\/#primaryimage\"},\"thumbnailUrl\":\"https:\\\/\\\/stay.bedandchai.com\\\/wp-content\\\/uploads\\\/2015\\\/11\\\/laxman-jhula-scene_optimized.jpg\",\"datePublished\":\"2015-11-18T16:03:23+00:00\",\"dateModified\":\"2016-03-16T10:58:51+00:00\",\"breadcrumb\":{\"@id\":\"https:\\\/\\\/stay.bedandchai.com\\\/destinations\\\/#breadcrumb\"},\"inLanguage\":\"fr-FR\",\"potentialAction\":[{\"@type\":\"ReadAction\",\"target\":[\"https:\\\/\\\/stay.bedandchai.com\\\/destinations\\\/\"]}]},{\"@type\":\"ImageObject\",\"inLanguage\":\"fr-FR\",\"@id\":\"https:\\\/\\\/stay.bedandchai.com\\\/destinations\\\/#primaryimage\",\"url\":\"https:\\\/\\\/stay.bedandchai.com\\\/wp-content\\\/uploads\\\/2015\\\/11\\\/laxman-jhula-scene_optimized.jpg\",\"contentUrl\":\"https:\\\/\\\/stay.bedandchai.com\\\/wp-content\\\/uploads\\\/2015\\\/11\\\/laxman-jhula-scene_optimized.jpg\",\"width\":3648,\"height\":2736,\"caption\":\"Rishikesh\"},{\"@type\":\"BreadcrumbList\",\"@id\":\"https:\\\/\\\/stay.bedandchai.com\\\/destinations\\\/#breadcrumb\",\"itemListElement\":[{\"@type\":\"ListItem\",\"position\":1,\"name\":\"Home\",\"item\":\"https:\\\/\\\/stay.bedandchai.com\\\/\"},{\"@type\":\"ListItem\",\"position\":2,\"name\":\"Destinations\"}]},{\"@type\":\"WebSite\",\"@id\":\"https:\\\/\\\/stay.bedandchai.com\\\/#website\",\"url\":\"https:\\\/\\\/stay.bedandchai.com\\\/\",\"name\":\"S&#039;installer \u00e0 Delhi avec Bed &amp; Chai\",\"description\":\"Pour une arriv\u00e9e en douceur\",\"potentialAction\":[{\"@type\":\"SearchAction\",\"target\":{\"@type\":\"EntryPoint\",\"urlTemplate\":\"https:\\\/\\\/stay.bedandchai.com\\\/?s={search_term_string}\"},\"query-input\":{\"@type\":\"PropertyValueSpecification\",\"valueRequired\":true,\"valueName\":\"search_term_string\"}}],\"inLanguage\":\"fr-FR\"}]}<\/script>\n<!-- \/ Yoast SEO plugin. -->","yoast_head_json":{"title":"Destinations - S&#039;installer \u00e0 Delhi avec Bed &amp; Chai","robots":{"index":"index","follow":"follow","max-snippet":"max-snippet:-1","max-image-preview":"max-image-preview:large","max-video-preview":"max-video-preview:-1"},"canonical":"https:\/\/stay.bedandchai.com\/destinations\/","og_locale":"fr_FR","og_type":"article","og_title":"Destinations - S&#039;installer \u00e0 Delhi avec Bed &amp; Chai","og_description":"Informations Pratiques Il est pr\u00e9f\u00e9rable de ne pas passer par des sites comme booking.com , prenant jusqu\u2019\u00e0 50% de commission sur votre r\u00e9servation. De plus, ce site ne vous garantit pas votre r\u00e9servation. Certains clients se sont d\u00e9j\u00e0 aper\u00e7us, arriv\u00e9s \u00e0 l\u2019h\u00f4tel, que leur r\u00e9servation n&rsquo;existait pas.\u00a0Vous vous retrouvez donc [&hellip;]","og_url":"https:\/\/stay.bedandchai.com\/destinations\/","og_site_name":"S&#039;installer \u00e0 Delhi avec Bed &amp; Chai","article_modified_time":"2016-03-16T10:58:51+00:00","og_image":[{"width":1024,"height":768,"url":"https:\/\/stay.bedandchai.com\/wp-content\/uploads\/2015\/11\/laxman-jhula-scene_optimized-1024x768.jpg","type":"image\/jpeg"}],"twitter_card":"summary_large_image","twitter_misc":{"Dur\u00e9e de lecture estim\u00e9e":"1 minute"},"schema":{"@context":"https:\/\/schema.org","@graph":[{"@type":"WebPage","@id":"https:\/\/stay.bedandchai.com\/destinations\/","url":"https:\/\/stay.bedandchai.com\/destinations\/","name":"Destinations - S&#039;installer \u00e0 Delhi avec Bed &amp; Chai","isPartOf":{"@id":"https:\/\/stay.bedandchai.com\/#website"},"primaryImageOfPage":{"@id":"https:\/\/stay.bedandchai.com\/destinations\/#primaryimage"},"image":{"@id":"https:\/\/stay.bedandchai.com\/destinations\/#primaryimage"},"thumbnailUrl":"https:\/\/stay.bedandchai.com\/wp-content\/uploads\/2015\/11\/laxman-jhula-scene_optimized.jpg","datePublished":"2015-11-18T16:03:23+00:00","dateModified":"2016-03-16T10:58:51+00:00","breadcrumb":{"@id":"https:\/\/stay.bedandchai.com\/destinations\/#breadcrumb"},"inLanguage":"fr-FR","potentialAction":[{"@type":"ReadAction","target":["https:\/\/stay.bedandchai.com\/destinations\/"]}]},{"@type":"ImageObject","inLanguage":"fr-FR","@id":"https:\/\/stay.bedandchai.com\/destinations\/#primaryimage","url":"https:\/\/stay.bedandchai.com\/wp-content\/uploads\/2015\/11\/laxman-jhula-scene_optimized.jpg","contentUrl":"https:\/\/stay.bedandchai.com\/wp-content\/uploads\/2015\/11\/laxman-jhula-scene_optimized.jpg","width":3648,"height":2736,"caption":"Rishikesh"},{"@type":"BreadcrumbList","@id":"https:\/\/stay.bedandchai.com\/destinations\/#breadcrumb","itemListElement":[{"@type":"ListItem","position":1,"name":"Home","item":"https:\/\/stay.bedandchai.com\/"},{"@type":"ListItem","position":2,"name":"Destinations"}]},{"@type":"WebSite","@id":"https:\/\/stay.bedandchai.com\/#website","url":"https:\/\/stay.bedandchai.com\/","name":"S&#039;installer \u00e0 Delhi avec Bed &amp; Chai","description":"Pour une arriv\u00e9e en douceur","potentialAction":[{"@type":"SearchAction","target":{"@type":"EntryPoint","urlTemplate":"https:\/\/stay.bedandchai.com\/?s={search_term_string}"},"query-input":{"@type":"PropertyValueSpecification","valueRequired":true,"valueName":"search_term_string"}}],"inLanguage":"fr-FR"}]}},"_links":{"self":[{"href":"https:\/\/stay.bedandchai.com\/fr\/wp-json\/wp\/v2\/pages\/45","targetHints":{"allow":["GET"]}}],"collection":[{"href":"https:\/\/stay.bedandchai.com\/fr\/wp-json\/wp\/v2\/pages"}],"about":[{"href":"https:\/\/stay.bedandchai.com\/fr\/wp-json\/wp\/v2\/types\/page"}],"author":[{"embeddable":true,"href":"https:\/\/stay.bedandchai.com\/fr\/wp-json\/wp\/v2\/users\/2"}],"replies":[{"embeddable":true,"href":"https:\/\/stay.bedandchai.com\/fr\/wp-json\/wp\/v2\/comments?post=45"}],"version-history":[{"count":25,"href":"https:\/\/stay.bedandchai.com\/fr\/wp-json\/wp\/v2\/pages\/45\/revisions"}],"predecessor-version":[{"id":731,"href":"https:\/\/stay.bedandchai.com\/fr\/wp-json\/wp\/v2\/pages\/45\/revisions\/731"}],"wp:featuredmedia":[{"embeddable":true,"href":"https:\/\/stay.bedandchai.com\/fr\/wp-json\/wp\/v2\/media\/622"}],"wp:attachment":[{"href":"https:\/\/stay.bedandchai.com\/fr\/wp-json\/wp\/v2\/media?parent=45"}],"curies":[{"name":"wp","href":"https:\/\/api.w.org\/{rel}","templated":true}]}}