{"id":490,"date":"2016-03-02T16:32:46","date_gmt":"2016-03-02T16:32:46","guid":{"rendered":"http:\/\/stay.bedandchai.com\/?page_id=490"},"modified":"2016-06-14T06:26:53","modified_gmt":"2016-06-14T06:26:53","slug":"medical-services","status":"publish","type":"page","link":"https:\/\/stay.bedandchai.com\/fr\/medical-services\/","title":{"rendered":"Services m\u00e9dicaux"},"content":{"rendered":"<p><a href=\"http:\/\/stay.bedandchai.com\/wp-content\/uploads\/2016\/02\/hopital_delhi.png\" rel=\"attachment wp-att-524\"><img loading=\"lazy\" decoding=\"async\" class=\"alignleft wp-image-524 size-medium\" src=\"http:\/\/stay.bedandchai.com\/wp-content\/uploads\/2016\/02\/hopital_delhi-300x240.png\" alt=\"hopital delhi\" width=\"300\" height=\"240\" \/><\/a><\/p>\n<p>Delhi a de bons h\u00f4pitaux avec syst\u00e8me tr\u00e8s efficace. Les h\u00f4pitaux publics n&rsquo;aiment pas traiter les \u00e9trangers.<br \/>\nEn cas de blessure grave, votre\u00a0ambassade sera appel\u00e9e.<br \/>\nLes meilleurs h\u00f4pitaux de Delhi sont:<\/p>\n<ul>\n<li>Max Hospital. Vous pouvez r\u00e9server un rendez-vous en ligne et m\u00eame v\u00e9rifier le CV de votre m\u00e9decin :\u00a0<a href=\"http:\/\/www.maxhealthcare.in\" target=\"_blank\">www.maxhealthcare.in<\/a> Leur Medcenter \u00e0 Panchsheel Park \u00a0est un bon endroit si vous avez juste besoin de voir un m\u00e9decin. Moins stressant\u00a0qu&rsquo;un h\u00f4pital!<\/li>\n<li>Fortis.\u00a0<a href=\"http:\/\/www.fortishealthcare.com\/india\/hospitals-in-delhi-ncr\" target=\"_blank\">www.fortishealthcare.com<\/a><\/li>\n<li>Apollo.\u00a0<a href=\"http:\/\/www.apollohospdelhi.com\/\" target=\"_blank\">www.apollohospdelhi.com<\/a><\/li>\n<\/ul>\n<p>Les m\u00e9decins recommand\u00e9s par l&rsquo;ambassade fran\u00e7aise sont :<\/p>\n<p><strong>Dr. Surinder Vohra<\/strong> (General practitioner)<br \/>\n62 Khan Market<br \/>\nTel : +91 11 24 61 85 93 \/ 24 69 02 39<br \/>\nMobile : +91 98 10 00 00 11<\/p>\n<p><strong>Dr. Monica Mahajan<\/strong> (Internal Medicine)<br \/>\nC-6\/9, Safdarjung Development Area, (Behind Hauz Khas Telephone Exchange)<br \/>\nTel : +91 11 26 96 39 99<br \/>\nMobile : +91 98 11 04 65 34<\/p>\n<p><strong>Dr. Dhiraj Bhatia<\/strong> (General practitioner)<br \/>\nL 23, Hauz Khas Enclave<br \/>\nTel :+91 11 26 51 31 70\/ 26 56 93 44<br \/>\nMobile : +91 98 11 18 98 28<\/p>\n<p><strong>Dr. Sharwan Kumar GUPTA<\/strong> (General practitioner)<br \/>\nCare Clinic &amp; Laboratory, 1468 Sangatrashan, Pahar Ganj, New Delhi 110 055<br \/>\nTel\u00a0: +91 11 23 58 78 41 (clinic) \/ +91 11 26 23 30 88 (personal)<br \/>\nMobile : +91 98 11 12 81 79<\/p>\n","protected":false},"excerpt":{"rendered":"<p>Delhi a de bons h\u00f4pitaux avec syst\u00e8me tr\u00e8s efficace. Les h\u00f4pitaux publics n&rsquo;aiment pas traiter les \u00e9trangers. En cas de blessure grave, votre\u00a0ambassade sera appel\u00e9e. Les meilleurs h\u00f4pitaux de Delhi sont: Max Hospital. Vous pouvez r\u00e9server un rendez-vous en ligne et m\u00eame v\u00e9rifier le CV de votre m\u00e9decin :\u00a0www.maxhealthcare.in Leur [&hellip;]<\/p>\n","protected":false},"author":2,"featured_media":0,"parent":0,"menu_order":0,"comment_status":"closed","ping_status":"closed","template":"","meta":{"_bbp_topic_count":0,"_bbp_reply_count":0,"_bbp_total_topic_count":0,"_bbp_total_reply_count":0,"_bbp_voice_count":0,"_bbp_anonymous_reply_count":0,"_bbp_topic_count_hidden":0,"_bbp_reply_count_hidden":0,"_bbp_forum_subforum_count":0,"_themeisle_gutenberg_block_has_review":false,"footnotes":""},"class_list":["post-490","page","type-page","status-publish","hentry"],"yoast_head":"<!-- This site is optimized with the Yoast SEO plugin v27.4 - https:\/\/yoast.com\/product\/yoast-seo-wordpress\/ -->\n<title>Services m\u00e9dicaux - S&#039;installer \u00e0 Delhi avec Bed &amp; Chai<\/title>\n<meta name=\"description\" content=\"Delhi has good hospitals with very effective system. Public hospitals do not like to treat foreigners. In case of sever injury, your embassy will be called.\" \/>\n<meta name=\"robots\" content=\"index, follow, max-snippet:-1, max-image-preview:large, max-video-preview:-1\" \/>\n<link rel=\"canonical\" href=\"https:\/\/stay.bedandchai.com\/medical-services\/\" \/>\n<meta property=\"og:locale\" content=\"fr_FR\" \/>\n<meta property=\"og:type\" content=\"article\" \/>\n<meta property=\"og:title\" content=\"Services m\u00e9dicaux - S&#039;installer \u00e0 Delhi avec Bed &amp; Chai\" \/>\n<meta property=\"og:description\" content=\"Delhi has good hospitals with very effective system. Public hospitals do not like to treat foreigners. In case of sever injury, your embassy will be called.\" \/>\n<meta property=\"og:url\" content=\"https:\/\/stay.bedandchai.com\/medical-services\/\" \/>\n<meta property=\"og:site_name\" content=\"S&#039;installer \u00e0 Delhi avec Bed &amp; Chai\" \/>\n<meta property=\"article:modified_time\" content=\"2016-06-14T06:26:53+00:00\" \/>\n<meta property=\"og:image\" content=\"https:\/\/stay.bedandchai.com\/wp-content\/uploads\/2016\/02\/hopital_delhi.png\" \/>\n\t<meta property=\"og:image:width\" content=\"300\" \/>\n\t<meta property=\"og:image:height\" content=\"240\" \/>\n\t<meta property=\"og:image:type\" content=\"image\/png\" \/>\n<meta name=\"twitter:card\" content=\"summary_large_image\" \/>\n<meta name=\"twitter:label1\" content=\"Dur\u00e9e de lecture estim\u00e9e\" \/>\n\t<meta name=\"twitter:data1\" content=\"1 minute\" \/>\n<script type=\"application\/ld+json\" class=\"yoast-schema-graph\">{\"@context\":\"https:\\\/\\\/schema.org\",\"@graph\":[{\"@type\":\"WebPage\",\"@id\":\"https:\\\/\\\/stay.bedandchai.com\\\/medical-services\\\/\",\"url\":\"https:\\\/\\\/stay.bedandchai.com\\\/medical-services\\\/\",\"name\":\"Services m\u00e9dicaux - S&#039;installer \u00e0 Delhi avec Bed &amp; Chai\",\"isPartOf\":{\"@id\":\"https:\\\/\\\/stay.bedandchai.com\\\/#website\"},\"primaryImageOfPage\":{\"@id\":\"https:\\\/\\\/stay.bedandchai.com\\\/medical-services\\\/#primaryimage\"},\"image\":{\"@id\":\"https:\\\/\\\/stay.bedandchai.com\\\/medical-services\\\/#primaryimage\"},\"thumbnailUrl\":\"http:\\\/\\\/stay.bedandchai.com\\\/wp-content\\\/uploads\\\/2016\\\/02\\\/hopital_delhi-300x240.png\",\"datePublished\":\"2016-03-02T16:32:46+00:00\",\"dateModified\":\"2016-06-14T06:26:53+00:00\",\"description\":\"Delhi has good hospitals with very effective system. Public hospitals do not like to treat foreigners. In case of sever injury, your embassy will be called.\",\"breadcrumb\":{\"@id\":\"https:\\\/\\\/stay.bedandchai.com\\\/medical-services\\\/#breadcrumb\"},\"inLanguage\":\"fr-FR\",\"potentialAction\":[{\"@type\":\"ReadAction\",\"target\":[\"https:\\\/\\\/stay.bedandchai.com\\\/medical-services\\\/\"]}]},{\"@type\":\"ImageObject\",\"inLanguage\":\"fr-FR\",\"@id\":\"https:\\\/\\\/stay.bedandchai.com\\\/medical-services\\\/#primaryimage\",\"url\":\"http:\\\/\\\/stay.bedandchai.com\\\/wp-content\\\/uploads\\\/2016\\\/02\\\/hopital_delhi-300x240.png\",\"contentUrl\":\"http:\\\/\\\/stay.bedandchai.com\\\/wp-content\\\/uploads\\\/2016\\\/02\\\/hopital_delhi-300x240.png\"},{\"@type\":\"BreadcrumbList\",\"@id\":\"https:\\\/\\\/stay.bedandchai.com\\\/medical-services\\\/#breadcrumb\",\"itemListElement\":[{\"@type\":\"ListItem\",\"position\":1,\"name\":\"Home\",\"item\":\"https:\\\/\\\/stay.bedandchai.com\\\/\"},{\"@type\":\"ListItem\",\"position\":2,\"name\":\"Medical services\"}]},{\"@type\":\"WebSite\",\"@id\":\"https:\\\/\\\/stay.bedandchai.com\\\/#website\",\"url\":\"https:\\\/\\\/stay.bedandchai.com\\\/\",\"name\":\"S&#039;installer \u00e0 Delhi avec Bed &amp; Chai\",\"description\":\"Pour une arriv\u00e9e en douceur\",\"potentialAction\":[{\"@type\":\"SearchAction\",\"target\":{\"@type\":\"EntryPoint\",\"urlTemplate\":\"https:\\\/\\\/stay.bedandchai.com\\\/?s={search_term_string}\"},\"query-input\":{\"@type\":\"PropertyValueSpecification\",\"valueRequired\":true,\"valueName\":\"search_term_string\"}}],\"inLanguage\":\"fr-FR\"}]}<\/script>\n<!-- \/ Yoast SEO plugin. -->","yoast_head_json":{"title":"Services m\u00e9dicaux - S&#039;installer \u00e0 Delhi avec Bed &amp; Chai","description":"Delhi has good hospitals with very effective system. Public hospitals do not like to treat foreigners. In case of sever injury, your embassy will be called.","robots":{"index":"index","follow":"follow","max-snippet":"max-snippet:-1","max-image-preview":"max-image-preview:large","max-video-preview":"max-video-preview:-1"},"canonical":"https:\/\/stay.bedandchai.com\/medical-services\/","og_locale":"fr_FR","og_type":"article","og_title":"Services m\u00e9dicaux - S&#039;installer \u00e0 Delhi avec Bed &amp; Chai","og_description":"Delhi has good hospitals with very effective system. Public hospitals do not like to treat foreigners. In case of sever injury, your embassy will be called.","og_url":"https:\/\/stay.bedandchai.com\/medical-services\/","og_site_name":"S&#039;installer \u00e0 Delhi avec Bed &amp; Chai","article_modified_time":"2016-06-14T06:26:53+00:00","og_image":[{"width":300,"height":240,"url":"https:\/\/stay.bedandchai.com\/wp-content\/uploads\/2016\/02\/hopital_delhi.png","type":"image\/png"}],"twitter_card":"summary_large_image","twitter_misc":{"Dur\u00e9e de lecture estim\u00e9e":"1 minute"},"schema":{"@context":"https:\/\/schema.org","@graph":[{"@type":"WebPage","@id":"https:\/\/stay.bedandchai.com\/medical-services\/","url":"https:\/\/stay.bedandchai.com\/medical-services\/","name":"Services m\u00e9dicaux - S&#039;installer \u00e0 Delhi avec Bed &amp; Chai","isPartOf":{"@id":"https:\/\/stay.bedandchai.com\/#website"},"primaryImageOfPage":{"@id":"https:\/\/stay.bedandchai.com\/medical-services\/#primaryimage"},"image":{"@id":"https:\/\/stay.bedandchai.com\/medical-services\/#primaryimage"},"thumbnailUrl":"http:\/\/stay.bedandchai.com\/wp-content\/uploads\/2016\/02\/hopital_delhi-300x240.png","datePublished":"2016-03-02T16:32:46+00:00","dateModified":"2016-06-14T06:26:53+00:00","description":"Delhi has good hospitals with very effective system. Public hospitals do not like to treat foreigners. In case of sever injury, your embassy will be called.","breadcrumb":{"@id":"https:\/\/stay.bedandchai.com\/medical-services\/#breadcrumb"},"inLanguage":"fr-FR","potentialAction":[{"@type":"ReadAction","target":["https:\/\/stay.bedandchai.com\/medical-services\/"]}]},{"@type":"ImageObject","inLanguage":"fr-FR","@id":"https:\/\/stay.bedandchai.com\/medical-services\/#primaryimage","url":"http:\/\/stay.bedandchai.com\/wp-content\/uploads\/2016\/02\/hopital_delhi-300x240.png","contentUrl":"http:\/\/stay.bedandchai.com\/wp-content\/uploads\/2016\/02\/hopital_delhi-300x240.png"},{"@type":"BreadcrumbList","@id":"https:\/\/stay.bedandchai.com\/medical-services\/#breadcrumb","itemListElement":[{"@type":"ListItem","position":1,"name":"Home","item":"https:\/\/stay.bedandchai.com\/"},{"@type":"ListItem","position":2,"name":"Medical services"}]},{"@type":"WebSite","@id":"https:\/\/stay.bedandchai.com\/#website","url":"https:\/\/stay.bedandchai.com\/","name":"S&#039;installer \u00e0 Delhi avec Bed &amp; Chai","description":"Pour une arriv\u00e9e en douceur","potentialAction":[{"@type":"SearchAction","target":{"@type":"EntryPoint","urlTemplate":"https:\/\/stay.bedandchai.com\/?s={search_term_string}"},"query-input":{"@type":"PropertyValueSpecification","valueRequired":true,"valueName":"search_term_string"}}],"inLanguage":"fr-FR"}]}},"_links":{"self":[{"href":"https:\/\/stay.bedandchai.com\/fr\/wp-json\/wp\/v2\/pages\/490","targetHints":{"allow":["GET"]}}],"collection":[{"href":"https:\/\/stay.bedandchai.com\/fr\/wp-json\/wp\/v2\/pages"}],"about":[{"href":"https:\/\/stay.bedandchai.com\/fr\/wp-json\/wp\/v2\/types\/page"}],"author":[{"embeddable":true,"href":"https:\/\/stay.bedandchai.com\/fr\/wp-json\/wp\/v2\/users\/2"}],"replies":[{"embeddable":true,"href":"https:\/\/stay.bedandchai.com\/fr\/wp-json\/wp\/v2\/comments?post=490"}],"version-history":[{"count":7,"href":"https:\/\/stay.bedandchai.com\/fr\/wp-json\/wp\/v2\/pages\/490\/revisions"}],"predecessor-version":[{"id":852,"href":"https:\/\/stay.bedandchai.com\/fr\/wp-json\/wp\/v2\/pages\/490\/revisions\/852"}],"wp:attachment":[{"href":"https:\/\/stay.bedandchai.com\/fr\/wp-json\/wp\/v2\/media?parent=490"}],"curies":[{"name":"wp","href":"https:\/\/api.w.org\/{rel}","templated":true}]}}