{"id":51,"date":"2015-11-18T16:05:27","date_gmt":"2015-11-18T16:05:27","guid":{"rendered":"http:\/\/stay.bedandchai.com\/?page_id=51"},"modified":"2016-09-22T11:57:12","modified_gmt":"2016-09-22T11:57:12","slug":"useful-apps","status":"publish","type":"page","link":"https:\/\/stay.bedandchai.com\/fr\/useful-apps\/","title":{"rendered":"Applications utiles"},"content":{"rendered":"<p>Les applications mobiles pour smartphones peuvent rendre bien des services lors d\u2019un p\u00e9riple en Inde. Que cela soit pour calculer un itin\u00e9raire, trouver un moyen de transport, d\u00e9nicher de bonnes adresses, certaines applications se r\u00e9v\u00e8lent d\u2019une efficacit\u00e9 remarquable. Voici une petite s\u00e9lection :<\/p>\n<ul>\n<li>\n<h3>Uber\/Olacab<\/h3>\n<\/li>\n<\/ul>\n<p><a href=\"http:\/\/stay.bedandchai.com\/wp-content\/uploads\/2015\/11\/Driver-Device2-1.jpg\" rel=\"attachment wp-att-150\"><img loading=\"lazy\" decoding=\"async\" class=\"alignleft wp-image-150 size-thumbnail\" src=\"http:\/\/stay.bedandchai.com\/wp-content\/uploads\/2015\/11\/Driver-Device2-1-150x150.jpg\" alt=\"application delhi\" width=\"150\" height=\"150\" srcset=\"https:\/\/stay.bedandchai.com\/wp-content\/uploads\/2015\/11\/Driver-Device2-1-150x150.jpg 150w, https:\/\/stay.bedandchai.com\/wp-content\/uploads\/2015\/11\/Driver-Device2-1-250x250.jpg 250w, https:\/\/stay.bedandchai.com\/wp-content\/uploads\/2015\/11\/Driver-Device2-1-174x174.jpg 174w\" sizes=\"auto, (max-width: 150px) 100vw, 150px\" \/><\/a><\/p>\n<p>Se d\u00e9placer en autorickshaw (tuk-tuk) est une exp\u00e9rience en soi, mais le soir, ces petits v\u00e9hicules \u00e0 trois roues sont moins agr\u00e9ables. Les chauffeurs sont difficiles \u00e0 trouver, ils chargent plus cher et les longs d\u00e9placements peuvent para\u00eetre interminables, surtout l\u2019hiver lorsqu\u2019il fait froid.<\/p>\n<p>Dans les deux cas, le principe est le m\u00eame. Le GPS de votre t\u00e9l\u00e9phone enregistre votre position, l\u2019application indique o\u00f9 est le chauffeur le plus proche, elle le contacte automatiquement et le logiciel calcule ensuite le prix de votre course.<\/p>\n<p><a href=\"http:\/\/www.olacabs.com\" target=\"_blank\">Olacabs<\/a>\u00a0poss\u00e8de l\u2019avantage de la quantit\u00e9 de voitures sur la route, et le service est offert dans plus de villes. Les chauffeurs sont souvent un peu moins habiles avec le logiciel. Ils risquent donc de vous t\u00e9l\u00e9phoner pour savoir o\u00f9 aller vous chercher (m\u00eame s\u2019ils ont votre emplacement sur la carte), ce qui peut \u00eatre complexe s\u2019ils ne parlent pas anglais.<\/p>\n<p><a href=\"http:\/\/www.uber.com\" target=\"_blank\">Uber<\/a>\u00a0est pour sa part un peu plus facile d\u2019utilisation, votre paiement s\u2019effectue automatiquement avec votre carte de cr\u00e9dit, mais vous risquez d\u2019attendre votre voiture plus longtemps.<\/p>\n<ul>\n<li>\n<h3>UrbanClap<\/h3>\n<\/li>\n<\/ul>\n<p>Besoin d&rsquo;un \u00e9lectricien, d&rsquo;un plombier ou d&rsquo;un prof de yoga ? Tout est a porter de click avec <a href=\"http:\/\/www.urbanclap.com\" target=\"_blank\">UrbanClap<\/a>.<\/p>\n<ul>\n<li>\n<h3>Mapsme<\/h3>\n<\/li>\n<\/ul>\n<p><a href=\"http:\/\/www.maps.me\" target=\"_blank\" rel=\"attachment wp-att-151\"><img loading=\"lazy\" decoding=\"async\" class=\"wp-image-151 size-thumbnail alignright\" src=\"http:\/\/stay.bedandchai.com\/wp-content\/uploads\/2015\/11\/mapsme-780x468-150x150.png\" alt=\"carte delhi\" width=\"150\" height=\"150\" srcset=\"https:\/\/stay.bedandchai.com\/wp-content\/uploads\/2015\/11\/mapsme-780x468-150x150.png 150w, https:\/\/stay.bedandchai.com\/wp-content\/uploads\/2015\/11\/mapsme-780x468-250x250.png 250w, https:\/\/stay.bedandchai.com\/wp-content\/uploads\/2015\/11\/mapsme-780x468-174x174.png 174w\" sizes=\"auto, (max-width: 150px) 100vw, 150px\" \/><\/a><\/p>\n<p><a href=\"http:\/\/www.Maps.me\" target=\"_blank\">Maps.me<\/a> est une application de cartographie permettant de t\u00e9l\u00e9charger localement les cartes du monde entier pour une consultation hors ligne. Maps.me dispose d&rsquo;un mode itin\u00e9raire utilisable partout en Inde.<\/p>\n<p>Toutes les cartes de Maps.me, \u00e0 t\u00e9l\u00e9charger au pr\u00e9alable, sont propos\u00e9es gratuitement. Les cartes sur lesquelles il est possible de zoomer sont tr\u00e8s d\u00e9taill\u00e9es et affichent un certain nombre de points d&rsquo;int\u00e9r\u00eat comme les magasins, restaurants, stations service, et distributeurs automatique de billets.<\/p>\n<ul>\n<li>\n<h3>CaptivaTour<\/h3>\n<\/li>\n<\/ul>\n<p>Des applications <a href=\"https:\/\/ok5i.app.link\/bednchaiwebsite\" target=\"_blank\">Audioguide <\/a>pour visiter Delhi en toute simplicit\u00e9 !\u00a0Pour ceux d&rsquo;entre vous qui aiment visiter les monuments du patrimoine, une bonne option est l&rsquo;application CaptivaTour, qui a des guides audio-visuels immersifs pour les principaux monuments de Delhi et d&rsquo;Agra. L&rsquo;application est disponible pour\u00a0iOS et Android. Une fois t\u00e9l\u00e9charg\u00e9e sur votre t\u00e9l\u00e9phone, elle fonctionne sans internet.<\/p>\n<p><a href=\"https:\/\/ok5i.app.link\/bednchaiwebsite\"><img loading=\"lazy\" decoding=\"async\" class=\"aligncenter wp-image-898 size-full\" src=\"http:\/\/stay.bedandchai.com\/wp-content\/uploads\/2015\/11\/CaptivaTour-logo.jpg\" alt=\"Captiva Tour\" width=\"149\" height=\"124\" \/><\/a><\/p>\n<ul>\n<li>\n<h3>Chalo Delhi<\/h3>\n<\/li>\n<\/ul>\n<p><a href=\"http:\/\/stay.bedandchai.com\/wp-content\/uploads\/2015\/11\/chalo-delhi.jpg\" rel=\"attachment wp-att-257\"><img loading=\"lazy\" decoding=\"async\" class=\"wp-image-257 size-medium alignleft\" src=\"http:\/\/stay.bedandchai.com\/wp-content\/uploads\/2015\/11\/chalo-delhi-300x172.jpg\" alt=\"Apps india\" width=\"300\" height=\"172\" srcset=\"https:\/\/stay.bedandchai.com\/wp-content\/uploads\/2015\/11\/chalo-delhi-300x172.jpg 300w, https:\/\/stay.bedandchai.com\/wp-content\/uploads\/2015\/11\/chalo-delhi-768x441.jpg 768w, https:\/\/stay.bedandchai.com\/wp-content\/uploads\/2015\/11\/chalo-delhi.jpg 940w\" sizes=\"auto, (max-width: 300px) 100vw, 300px\" \/><\/a><\/p>\n<p>Cette <a href=\"http:\/\/www.chalodelhi.in\" target=\"_blank\">application <\/a>vous renseignera sur les meilleurs\u00a0restaurants o\u00f9 manger, les bars cosy pour prendre un verre, les principaux monuments \u00e0\u00a0visiter \u00e0\u00a0Delhi, les march\u00e9s o\u00f9 chiner\u00a0et les diff\u00e9rences entre les nombreuses religions. Vous n\u2019aurez\u00a0plus de difficult\u00e9s \u00e0\u00a0d\u00e9chiffrer votre carte dans un resto indien en consultant\u00a0notre glossaire des plats traditionnels! Les cartes du m\u00e9tro et de la ville sont\u00a0\u00e9galement disponibles\u00a0sur l\u2019application.<\/p>\n<p>&nbsp;<\/p>\n<ul>\n<li>\n<h3>IRCTC Connect<\/h3>\n<\/li>\n<\/ul>\n<p><a href=\"http:\/\/stay.bedandchai.com\/wp-content\/uploads\/2015\/11\/irtc-connect.jpeg\" rel=\"attachment wp-att-258\"><img loading=\"lazy\" decoding=\"async\" class=\"alignright wp-image-258 size-medium\" src=\"http:\/\/stay.bedandchai.com\/wp-content\/uploads\/2015\/11\/irtc-connect-300x172.jpeg\" alt=\"Train delhi\" width=\"300\" height=\"172\" srcset=\"https:\/\/stay.bedandchai.com\/wp-content\/uploads\/2015\/11\/irtc-connect-300x172.jpeg 300w, https:\/\/stay.bedandchai.com\/wp-content\/uploads\/2015\/11\/irtc-connect-768x441.jpeg 768w, https:\/\/stay.bedandchai.com\/wp-content\/uploads\/2015\/11\/irtc-connect.jpeg 940w\" sizes=\"auto, (max-width: 300px) 100vw, 300px\" \/><\/a><\/p>\n<p>La r\u00e9servation des billets de train sur le site de IRCTC peut\u00a0\u00eatre une exp\u00e9rience fastidieuse. L\u2019application <a href=\"https:\/\/www.services.irctc.co.in\/\" target=\"_blank\">IRCTC Connect<\/a> vous\u00a0simplifie la vie en vous aidant \u00e0\u00a0rechercher, r\u00e9server et annuler vos billets. Elle sauvegarde les d\u00e9tails des passagers, ainsi vous n\u2019avez pas \u00e0\u00a0saisir les m\u00eames \u00e0\u00a0chaque fois. Cependant pour effectuer votre r\u00e9servation, vous devez obligatoirement avoir un compte en banque indien.<\/p>\n<ul>\n<li>\n<h3>Cleartrip Hotel, Flights, Irctc<\/h3>\n<\/li>\n<\/ul>\n<p><a href=\"http:\/\/stay.bedandchai.com\/wp-content\/uploads\/2015\/11\/o-CLEARTRIP-APP-570.jpg\" rel=\"attachment wp-att-260\"><img loading=\"lazy\" decoding=\"async\" class=\"wp-image-260 size-thumbnail alignleft\" src=\"http:\/\/stay.bedandchai.com\/wp-content\/uploads\/2015\/11\/o-CLEARTRIP-APP-570-150x150.jpg\" alt=\"Apps India\" width=\"150\" height=\"150\" srcset=\"https:\/\/stay.bedandchai.com\/wp-content\/uploads\/2015\/11\/o-CLEARTRIP-APP-570-150x150.jpg 150w, https:\/\/stay.bedandchai.com\/wp-content\/uploads\/2015\/11\/o-CLEARTRIP-APP-570-250x250.jpg 250w, https:\/\/stay.bedandchai.com\/wp-content\/uploads\/2015\/11\/o-CLEARTRIP-APP-570-174x174.jpg 174w\" sizes=\"auto, (max-width: 150px) 100vw, 150px\" \/><\/a><\/p>\n<p>Cette <a href=\"https:\/\/www.cleartrip.com\/mobile\/\" target=\"_blank\">application <\/a>vous permet de r\u00e9server des\u00a0chambres d\u2019h\u00f4tels, des billets de bus, de train et d\u2019avion. Vous aurez\u00a0besoin d\u2019un identifiant IRCTC pour les billets de train. Les paiements peuvent \u00eatre effectu\u00e9s par netbanking, carte de d\u00e9bit ou cr\u00e9dit. En outre, c\u2019est une des rares applications qui vous permet de payer avec votre carte de cr\u00e9dit internationale.<\/p>\n<p>&nbsp;<\/p>\n<p>&nbsp;<\/p>\n<ul>\n<li>\n<h3>English to Hindi Translator<\/h3>\n<\/li>\n<\/ul>\n<p><a href=\"http:\/\/stay.bedandchai.com\/wp-content\/uploads\/2015\/11\/english-to-hindi-translator-1-0-s-307x512.jpg\" rel=\"attachment wp-att-265\"><img loading=\"lazy\" decoding=\"async\" class=\"alignleft wp-image-265 size-medium\" src=\"http:\/\/stay.bedandchai.com\/wp-content\/uploads\/2015\/11\/english-to-hindi-translator-1-0-s-307x512-200x300.jpg\" alt=\"Traducteur anglais hindi\" width=\"200\" height=\"300\" srcset=\"https:\/\/stay.bedandchai.com\/wp-content\/uploads\/2015\/11\/english-to-hindi-translator-1-0-s-307x512-200x300.jpg 200w, https:\/\/stay.bedandchai.com\/wp-content\/uploads\/2015\/11\/english-to-hindi-translator-1-0-s-307x512.jpg 307w\" sizes=\"auto, (max-width: 200px) 100vw, 200px\" \/><\/a><\/p>\n<p>Si vous ne parlez pas un seul mot hindi, ne vous inqui\u00e9tez plus! D\u00e9sormais vous pouvez compter sur l\u2019application <a href=\"https:\/\/play.google.com\/store\/apps\/details?id=com.shorelineanimation.engtohinditranslator&amp;hl=en\" target=\"_blank\">English to Hindi Translator<\/a>\u00a0! Il y a plus de 500 mots et phrases utilis\u00e9s couramment dans la vie quotidienne indienne que vous allez pouvoir apprendre en \u00e9coutant la prononciation.<\/p>\n","protected":false},"excerpt":{"rendered":"<p>Les applications mobiles pour smartphones peuvent rendre bien des services lors d\u2019un p\u00e9riple en Inde. Que cela soit pour calculer un itin\u00e9raire, trouver un moyen de transport, d\u00e9nicher de bonnes adresses, certaines applications se r\u00e9v\u00e8lent d\u2019une efficacit\u00e9 remarquable. Voici une petite s\u00e9lection : Uber\/Olacab Se d\u00e9placer en autorickshaw (tuk-tuk) est [&hellip;]<\/p>\n","protected":false},"author":2,"featured_media":0,"parent":0,"menu_order":0,"comment_status":"closed","ping_status":"closed","template":"","meta":{"_bbp_topic_count":0,"_bbp_reply_count":0,"_bbp_total_topic_count":0,"_bbp_total_reply_count":0,"_bbp_voice_count":0,"_bbp_anonymous_reply_count":0,"_bbp_topic_count_hidden":0,"_bbp_reply_count_hidden":0,"_bbp_forum_subforum_count":0,"_themeisle_gutenberg_block_has_review":false,"footnotes":""},"class_list":["post-51","page","type-page","status-publish","hentry"],"yoast_head":"<!-- This site is optimized with the Yoast SEO plugin v27.3 - https:\/\/yoast.com\/product\/yoast-seo-wordpress\/ -->\n<title>Applications utiles - S&#039;installer \u00e0 Delhi avec Bed &amp; Chai<\/title>\n<meta name=\"description\" content=\"Mobile applications for smartphones can be quite useful during a trip to India. Whether for a route, find a means of transport, finding good places.\" \/>\n<meta name=\"robots\" content=\"index, follow, max-snippet:-1, max-image-preview:large, max-video-preview:-1\" \/>\n<link rel=\"canonical\" href=\"https:\/\/stay.bedandchai.com\/useful-apps\/\" \/>\n<meta property=\"og:locale\" content=\"fr_FR\" \/>\n<meta property=\"og:type\" content=\"article\" \/>\n<meta property=\"og:title\" content=\"Applications utiles - S&#039;installer \u00e0 Delhi avec Bed &amp; Chai\" \/>\n<meta property=\"og:description\" content=\"Mobile applications for smartphones can be quite useful during a trip to India. Whether for a route, find a means of transport, finding good places.\" \/>\n<meta property=\"og:url\" content=\"https:\/\/stay.bedandchai.com\/useful-apps\/\" \/>\n<meta property=\"og:site_name\" content=\"S&#039;installer \u00e0 Delhi avec Bed &amp; Chai\" \/>\n<meta property=\"article:modified_time\" content=\"2016-09-22T11:57:12+00:00\" \/>\n<meta property=\"og:image\" content=\"https:\/\/stay.bedandchai.com\/wp-content\/uploads\/2015\/11\/Driver-Device2-1.jpg\" \/>\n\t<meta property=\"og:image:width\" content=\"2000\" \/>\n\t<meta property=\"og:image:height\" content=\"1214\" \/>\n\t<meta property=\"og:image:type\" content=\"image\/jpeg\" \/>\n<meta name=\"twitter:card\" content=\"summary_large_image\" \/>\n<meta name=\"twitter:label1\" content=\"Dur\u00e9e de lecture estim\u00e9e\" \/>\n\t<meta name=\"twitter:data1\" content=\"3 minutes\" \/>\n<script type=\"application\/ld+json\" class=\"yoast-schema-graph\">{\"@context\":\"https:\\\/\\\/schema.org\",\"@graph\":[{\"@type\":\"WebPage\",\"@id\":\"https:\\\/\\\/stay.bedandchai.com\\\/useful-apps\\\/\",\"url\":\"https:\\\/\\\/stay.bedandchai.com\\\/useful-apps\\\/\",\"name\":\"Applications utiles - S&#039;installer \u00e0 Delhi avec Bed &amp; Chai\",\"isPartOf\":{\"@id\":\"https:\\\/\\\/stay.bedandchai.com\\\/#website\"},\"primaryImageOfPage\":{\"@id\":\"https:\\\/\\\/stay.bedandchai.com\\\/useful-apps\\\/#primaryimage\"},\"image\":{\"@id\":\"https:\\\/\\\/stay.bedandchai.com\\\/useful-apps\\\/#primaryimage\"},\"thumbnailUrl\":\"http:\\\/\\\/stay.bedandchai.com\\\/wp-content\\\/uploads\\\/2015\\\/11\\\/Driver-Device2-1-150x150.jpg\",\"datePublished\":\"2015-11-18T16:05:27+00:00\",\"dateModified\":\"2016-09-22T11:57:12+00:00\",\"description\":\"Mobile applications for smartphones can be quite useful during a trip to India. Whether for a route, find a means of transport, finding good places.\",\"breadcrumb\":{\"@id\":\"https:\\\/\\\/stay.bedandchai.com\\\/useful-apps\\\/#breadcrumb\"},\"inLanguage\":\"fr-FR\",\"potentialAction\":[{\"@type\":\"ReadAction\",\"target\":[\"https:\\\/\\\/stay.bedandchai.com\\\/useful-apps\\\/\"]}]},{\"@type\":\"ImageObject\",\"inLanguage\":\"fr-FR\",\"@id\":\"https:\\\/\\\/stay.bedandchai.com\\\/useful-apps\\\/#primaryimage\",\"url\":\"http:\\\/\\\/stay.bedandchai.com\\\/wp-content\\\/uploads\\\/2015\\\/11\\\/Driver-Device2-1-150x150.jpg\",\"contentUrl\":\"http:\\\/\\\/stay.bedandchai.com\\\/wp-content\\\/uploads\\\/2015\\\/11\\\/Driver-Device2-1-150x150.jpg\"},{\"@type\":\"BreadcrumbList\",\"@id\":\"https:\\\/\\\/stay.bedandchai.com\\\/useful-apps\\\/#breadcrumb\",\"itemListElement\":[{\"@type\":\"ListItem\",\"position\":1,\"name\":\"Home\",\"item\":\"https:\\\/\\\/stay.bedandchai.com\\\/\"},{\"@type\":\"ListItem\",\"position\":2,\"name\":\"Useful apps\"}]},{\"@type\":\"WebSite\",\"@id\":\"https:\\\/\\\/stay.bedandchai.com\\\/#website\",\"url\":\"https:\\\/\\\/stay.bedandchai.com\\\/\",\"name\":\"S&#039;installer \u00e0 Delhi avec Bed &amp; Chai\",\"description\":\"Pour une arriv\u00e9e en douceur\",\"potentialAction\":[{\"@type\":\"SearchAction\",\"target\":{\"@type\":\"EntryPoint\",\"urlTemplate\":\"https:\\\/\\\/stay.bedandchai.com\\\/?s={search_term_string}\"},\"query-input\":{\"@type\":\"PropertyValueSpecification\",\"valueRequired\":true,\"valueName\":\"search_term_string\"}}],\"inLanguage\":\"fr-FR\"}]}<\/script>\n<!-- \/ Yoast SEO plugin. -->","yoast_head_json":{"title":"Applications utiles - S&#039;installer \u00e0 Delhi avec Bed &amp; Chai","description":"Mobile applications for smartphones can be quite useful during a trip to India. Whether for a route, find a means of transport, finding good places.","robots":{"index":"index","follow":"follow","max-snippet":"max-snippet:-1","max-image-preview":"max-image-preview:large","max-video-preview":"max-video-preview:-1"},"canonical":"https:\/\/stay.bedandchai.com\/useful-apps\/","og_locale":"fr_FR","og_type":"article","og_title":"Applications utiles - S&#039;installer \u00e0 Delhi avec Bed &amp; Chai","og_description":"Mobile applications for smartphones can be quite useful during a trip to India. Whether for a route, find a means of transport, finding good places.","og_url":"https:\/\/stay.bedandchai.com\/useful-apps\/","og_site_name":"S&#039;installer \u00e0 Delhi avec Bed &amp; Chai","article_modified_time":"2016-09-22T11:57:12+00:00","og_image":[{"width":2000,"height":1214,"url":"https:\/\/stay.bedandchai.com\/wp-content\/uploads\/2015\/11\/Driver-Device2-1.jpg","type":"image\/jpeg"}],"twitter_card":"summary_large_image","twitter_misc":{"Dur\u00e9e de lecture estim\u00e9e":"3 minutes"},"schema":{"@context":"https:\/\/schema.org","@graph":[{"@type":"WebPage","@id":"https:\/\/stay.bedandchai.com\/useful-apps\/","url":"https:\/\/stay.bedandchai.com\/useful-apps\/","name":"Applications utiles - S&#039;installer \u00e0 Delhi avec Bed &amp; Chai","isPartOf":{"@id":"https:\/\/stay.bedandchai.com\/#website"},"primaryImageOfPage":{"@id":"https:\/\/stay.bedandchai.com\/useful-apps\/#primaryimage"},"image":{"@id":"https:\/\/stay.bedandchai.com\/useful-apps\/#primaryimage"},"thumbnailUrl":"http:\/\/stay.bedandchai.com\/wp-content\/uploads\/2015\/11\/Driver-Device2-1-150x150.jpg","datePublished":"2015-11-18T16:05:27+00:00","dateModified":"2016-09-22T11:57:12+00:00","description":"Mobile applications for smartphones can be quite useful during a trip to India. Whether for a route, find a means of transport, finding good places.","breadcrumb":{"@id":"https:\/\/stay.bedandchai.com\/useful-apps\/#breadcrumb"},"inLanguage":"fr-FR","potentialAction":[{"@type":"ReadAction","target":["https:\/\/stay.bedandchai.com\/useful-apps\/"]}]},{"@type":"ImageObject","inLanguage":"fr-FR","@id":"https:\/\/stay.bedandchai.com\/useful-apps\/#primaryimage","url":"http:\/\/stay.bedandchai.com\/wp-content\/uploads\/2015\/11\/Driver-Device2-1-150x150.jpg","contentUrl":"http:\/\/stay.bedandchai.com\/wp-content\/uploads\/2015\/11\/Driver-Device2-1-150x150.jpg"},{"@type":"BreadcrumbList","@id":"https:\/\/stay.bedandchai.com\/useful-apps\/#breadcrumb","itemListElement":[{"@type":"ListItem","position":1,"name":"Home","item":"https:\/\/stay.bedandchai.com\/"},{"@type":"ListItem","position":2,"name":"Useful apps"}]},{"@type":"WebSite","@id":"https:\/\/stay.bedandchai.com\/#website","url":"https:\/\/stay.bedandchai.com\/","name":"S&#039;installer \u00e0 Delhi avec Bed &amp; Chai","description":"Pour une arriv\u00e9e en douceur","potentialAction":[{"@type":"SearchAction","target":{"@type":"EntryPoint","urlTemplate":"https:\/\/stay.bedandchai.com\/?s={search_term_string}"},"query-input":{"@type":"PropertyValueSpecification","valueRequired":true,"valueName":"search_term_string"}}],"inLanguage":"fr-FR"}]}},"_links":{"self":[{"href":"https:\/\/stay.bedandchai.com\/fr\/wp-json\/wp\/v2\/pages\/51","targetHints":{"allow":["GET"]}}],"collection":[{"href":"https:\/\/stay.bedandchai.com\/fr\/wp-json\/wp\/v2\/pages"}],"about":[{"href":"https:\/\/stay.bedandchai.com\/fr\/wp-json\/wp\/v2\/types\/page"}],"author":[{"embeddable":true,"href":"https:\/\/stay.bedandchai.com\/fr\/wp-json\/wp\/v2\/users\/2"}],"replies":[{"embeddable":true,"href":"https:\/\/stay.bedandchai.com\/fr\/wp-json\/wp\/v2\/comments?post=51"}],"version-history":[{"count":15,"href":"https:\/\/stay.bedandchai.com\/fr\/wp-json\/wp\/v2\/pages\/51\/revisions"}],"predecessor-version":[{"id":906,"href":"https:\/\/stay.bedandchai.com\/fr\/wp-json\/wp\/v2\/pages\/51\/revisions\/906"}],"wp:attachment":[{"href":"https:\/\/stay.bedandchai.com\/fr\/wp-json\/wp\/v2\/media?parent=51"}],"curies":[{"name":"wp","href":"https:\/\/api.w.org\/{rel}","templated":true}]}}