{"id":53,"date":"2015-11-18T16:06:22","date_gmt":"2015-11-18T16:06:22","guid":{"rendered":"http:\/\/stay.bedandchai.com\/?page_id=53"},"modified":"2016-09-02T11:29:37","modified_gmt":"2016-09-02T11:29:37","slug":"find-furniture","status":"publish","type":"page","link":"https:\/\/stay.bedandchai.com\/fr\/find-furniture\/","title":{"rendered":"O\u00f9 se meubler"},"content":{"rendered":"<p>De nombreux march\u00e9s et sites vous aideront \u00e0 obtenir votre appartement meubl\u00e9. L&rsquo;artisanat indien est l&rsquo;un des meilleurs et si vous avez un peu de temps, votre d\u00e9coration pourrait \u00eatre unique!<\/p>\n<h3>Les march\u00e9s et les magasins<\/h3>\n<ul>\n<li>Amar Colony : pour plus de d\u00e9tails, consultez notre article <a href=\"http:\/\/blog.bedandchai.com\/amar-colony-furniture-market\/\" target=\"_blank\">blog.bedandchai.com\/amar-colony-furniture-market\/<\/a><\/li>\n<li>Fabindia in GK1, N block market et\u00a0Lajpat Nagar ; <a href=\"http:\/\/www.fabindia.com\" target=\"_blank\">www.fabindia.com<\/a><\/li>\n<li>Sharma Farms, pr\u00e8s de Chhatarpur Mandir. <a href=\"https:\/\/www.google.co.in\/maps\/place\/Sharma+Farms\/@28.4896315,77.1836215,15z\/data=!4m2!3m1!1s0x0:0x3004a5de647a3e32?sa=X&amp;ved=0ahUKEwik3J-71cLLAhVGt44KHV7wC20Q_BIIezAO\" target=\"_blank\">emplacement ici<\/a>\u00a0et\u00a0email:\u00a0<a href=\"mailto:sharma_farm@hotmail.com\" target=\"_blank\">sharma_farm@hotmail.com<\/a><\/li>\n<li>Kirti Nagar dans le Nord de\u00a0Delhi.\u00a0Un immense march\u00e9 avec des meubles type Ikea<\/li>\n<li>Munirka market pour des lits pas chers. Le num\u00e9ro de notre charpentier est\u00a098 10 98 54 81. (Il parle anglais)<\/li>\n<li>Lajpat Nagar\u00a0pour les ustensiles de tous les jours<\/li>\n<li>Matelas\u00a0: Nous recommandons la marque\u00a0SpringUp pour un bon rapport qualit\u00e9\/prix. Vous les trouverez \u00e0\u00a0Lajpat Nagar: Fine Fabrics Tel:- 29842988, 9811078949, pr\u00e8s\u00a0de la station de m\u00e9tro<\/li>\n<\/ul>\n<h3>Website<\/h3>\n<ul>\n<li><a href=\"http:\/\/www.fabfurnish.com\" target=\"_blank\">www.fabfurnish.com<\/a><\/li>\n<li><a href=\"http:\/\/www.urbanladder.com\" target=\"_blank\">www.urbanladder.com<\/a><\/li>\n<li><a href=\"http:\/\/www.pepperfry.com\" target=\"_blank\">www.pepperfry.com<\/a><\/li>\n<\/ul>\n<h3>Occasion<\/h3>\n<p>Vous pouvez trouver des meubles et de la d\u00e9coration d&rsquo;occasion sur :<\/p>\n<ul>\n<li><a href=\"http:\/\/delhi.olx.in\" target=\"_blank\">delhi.olx.in<\/a>\u00a0Ne pas h\u00e9sitez \u00e0\u00a0n\u00e9gocier !<\/li>\n<li>Yuninet :\n<ul>\n<li><a href=\"https:\/\/www.facebook.com\/groups\/yuninet\/\" target=\"_blank\">www.facebook.com\/groups\/yuninet<\/a><\/li>\n<li><a href=\"http:\/\/groups.yahoo.com\/neo\/groups\/Yuni-Net\/info\" target=\"_blank\">groups.yahoo.com\/neo\/groups\/Yuni-Net\/info<\/a><\/li>\n<li><a href=\"https:\/\/groups.yahoo.com\/neo\/groups\/yuninet-delhi\/info\" target=\"_blank\">groups.yahoo.com\/neo\/groups\/yuninet-delhi\/info<\/a><\/li>\n<\/ul>\n<\/li>\n<\/ul>\n<h3>Jodhpur<\/h3>\n<p>Vous aimez la\u00a0d\u00e9coration de notre guesthouse? Notre fournisseur principal est \u00e0 Jodhpur<\/p>\n<p><strong>Bonafide Exports<\/strong><br \/>\n1030\/740, Nakoda Industrial erstate<br \/>\nBasni 2nd phase,\u00a0Jodhpur<br \/>\nMob:+91-9314713034\/9314457475<\/p>\n<p>Vous trouverez \u00e9galement beaucoup de magasins d&rsquo;usines sur Palace road. Le paradis pour les chercheurs de tr\u00e9sor!<\/p>\n","protected":false},"excerpt":{"rendered":"<p>De nombreux march\u00e9s et sites vous aideront \u00e0 obtenir votre appartement meubl\u00e9. L&rsquo;artisanat indien est l&rsquo;un des meilleurs et si vous avez un peu de temps, votre d\u00e9coration pourrait \u00eatre unique! Les march\u00e9s et les magasins Amar Colony : pour plus de d\u00e9tails, consultez notre article blog.bedandchai.com\/amar-colony-furniture-market\/ Fabindia in GK1, [&hellip;]<\/p>\n","protected":false},"author":2,"featured_media":0,"parent":0,"menu_order":0,"comment_status":"closed","ping_status":"closed","template":"","meta":{"_bbp_topic_count":0,"_bbp_reply_count":0,"_bbp_total_topic_count":0,"_bbp_total_reply_count":0,"_bbp_voice_count":0,"_bbp_anonymous_reply_count":0,"_bbp_topic_count_hidden":0,"_bbp_reply_count_hidden":0,"_bbp_forum_subforum_count":0,"_themeisle_gutenberg_block_has_review":false,"footnotes":""},"class_list":["post-53","page","type-page","status-publish","hentry"],"yoast_head":"<!-- This site is optimized with the Yoast SEO plugin v27.3 - https:\/\/yoast.com\/product\/yoast-seo-wordpress\/ -->\n<title>O\u00f9 se meubler - S&#039;installer \u00e0 Delhi avec Bed &amp; Chai<\/title>\n<meta name=\"description\" content=\"(English) Numerous markets and websites will help you to get your flat furnished. Indian handicrafts are amongs the best. Here some address to find furniture.\" \/>\n<meta name=\"robots\" content=\"index, follow, max-snippet:-1, max-image-preview:large, max-video-preview:-1\" \/>\n<link rel=\"canonical\" href=\"https:\/\/stay.bedandchai.com\/fr\/find-furniture\/\" \/>\n<meta property=\"og:locale\" content=\"fr_FR\" \/>\n<meta property=\"og:type\" content=\"article\" \/>\n<meta property=\"og:title\" content=\"O\u00f9 se meubler - S&#039;installer \u00e0 Delhi avec Bed &amp; Chai\" \/>\n<meta property=\"og:description\" content=\"(English) Numerous markets and websites will help you to get your flat furnished. Indian handicrafts are amongs the best. Here some address to find furniture.\" \/>\n<meta property=\"og:url\" content=\"https:\/\/stay.bedandchai.com\/fr\/find-furniture\/\" \/>\n<meta property=\"og:site_name\" content=\"S&#039;installer \u00e0 Delhi avec Bed &amp; Chai\" \/>\n<meta property=\"article:modified_time\" content=\"2016-09-02T11:29:37+00:00\" \/>\n<meta property=\"og:image\" content=\"https:\/\/stay.bedandchai.com\/wp-content\/uploads\/2015\/11\/shopping-secondhand-furniture-flea-market-728x273.jpg\" \/>\n\t<meta property=\"og:image:width\" content=\"728\" \/>\n\t<meta property=\"og:image:height\" content=\"273\" \/>\n\t<meta property=\"og:image:type\" content=\"image\/jpeg\" \/>\n<meta name=\"twitter:card\" content=\"summary_large_image\" \/>\n<meta name=\"twitter:label1\" content=\"Dur\u00e9e de lecture estim\u00e9e\" \/>\n\t<meta name=\"twitter:data1\" content=\"1 minute\" \/>\n<script type=\"application\/ld+json\" class=\"yoast-schema-graph\">{\"@context\":\"https:\\\/\\\/schema.org\",\"@graph\":[{\"@type\":\"WebPage\",\"@id\":\"https:\\\/\\\/stay.bedandchai.com\\\/fr\\\/find-furniture\\\/\",\"url\":\"https:\\\/\\\/stay.bedandchai.com\\\/fr\\\/find-furniture\\\/\",\"name\":\"O\u00f9 se meubler - S&#039;installer \u00e0 Delhi avec Bed &amp; Chai\",\"isPartOf\":{\"@id\":\"https:\\\/\\\/stay.bedandchai.com\\\/#website\"},\"datePublished\":\"2015-11-18T16:06:22+00:00\",\"dateModified\":\"2016-09-02T11:29:37+00:00\",\"description\":\"(English) Numerous markets and websites will help you to get your flat furnished. Indian handicrafts are amongs the best. Here some address to find furniture.\",\"breadcrumb\":{\"@id\":\"https:\\\/\\\/stay.bedandchai.com\\\/fr\\\/find-furniture\\\/#breadcrumb\"},\"inLanguage\":\"fr-FR\",\"potentialAction\":[{\"@type\":\"ReadAction\",\"target\":[\"https:\\\/\\\/stay.bedandchai.com\\\/fr\\\/find-furniture\\\/\"]}]},{\"@type\":\"BreadcrumbList\",\"@id\":\"https:\\\/\\\/stay.bedandchai.com\\\/fr\\\/find-furniture\\\/#breadcrumb\",\"itemListElement\":[{\"@type\":\"ListItem\",\"position\":1,\"name\":\"Home\",\"item\":\"https:\\\/\\\/stay.bedandchai.com\\\/\"},{\"@type\":\"ListItem\",\"position\":2,\"name\":\"O\u00f9 se meubler\"}]},{\"@type\":\"WebSite\",\"@id\":\"https:\\\/\\\/stay.bedandchai.com\\\/#website\",\"url\":\"https:\\\/\\\/stay.bedandchai.com\\\/\",\"name\":\"S&#039;installer \u00e0 Delhi avec Bed &amp; Chai\",\"description\":\"Pour une arriv\u00e9e en douceur\",\"potentialAction\":[{\"@type\":\"SearchAction\",\"target\":{\"@type\":\"EntryPoint\",\"urlTemplate\":\"https:\\\/\\\/stay.bedandchai.com\\\/?s={search_term_string}\"},\"query-input\":{\"@type\":\"PropertyValueSpecification\",\"valueRequired\":true,\"valueName\":\"search_term_string\"}}],\"inLanguage\":\"fr-FR\"}]}<\/script>\n<!-- \/ Yoast SEO plugin. -->","yoast_head_json":{"title":"O\u00f9 se meubler - S&#039;installer \u00e0 Delhi avec Bed &amp; Chai","description":"(English) Numerous markets and websites will help you to get your flat furnished. Indian handicrafts are amongs the best. Here some address to find furniture.","robots":{"index":"index","follow":"follow","max-snippet":"max-snippet:-1","max-image-preview":"max-image-preview:large","max-video-preview":"max-video-preview:-1"},"canonical":"https:\/\/stay.bedandchai.com\/fr\/find-furniture\/","og_locale":"fr_FR","og_type":"article","og_title":"O\u00f9 se meubler - S&#039;installer \u00e0 Delhi avec Bed &amp; Chai","og_description":"(English) Numerous markets and websites will help you to get your flat furnished. Indian handicrafts are amongs the best. Here some address to find furniture.","og_url":"https:\/\/stay.bedandchai.com\/fr\/find-furniture\/","og_site_name":"S&#039;installer \u00e0 Delhi avec Bed &amp; Chai","article_modified_time":"2016-09-02T11:29:37+00:00","og_image":[{"width":728,"height":273,"url":"https:\/\/stay.bedandchai.com\/wp-content\/uploads\/2015\/11\/shopping-secondhand-furniture-flea-market-728x273.jpg","type":"image\/jpeg"}],"twitter_card":"summary_large_image","twitter_misc":{"Dur\u00e9e de lecture estim\u00e9e":"1 minute"},"schema":{"@context":"https:\/\/schema.org","@graph":[{"@type":"WebPage","@id":"https:\/\/stay.bedandchai.com\/fr\/find-furniture\/","url":"https:\/\/stay.bedandchai.com\/fr\/find-furniture\/","name":"O\u00f9 se meubler - S&#039;installer \u00e0 Delhi avec Bed &amp; Chai","isPartOf":{"@id":"https:\/\/stay.bedandchai.com\/#website"},"datePublished":"2015-11-18T16:06:22+00:00","dateModified":"2016-09-02T11:29:37+00:00","description":"(English) Numerous markets and websites will help you to get your flat furnished. Indian handicrafts are amongs the best. Here some address to find furniture.","breadcrumb":{"@id":"https:\/\/stay.bedandchai.com\/fr\/find-furniture\/#breadcrumb"},"inLanguage":"fr-FR","potentialAction":[{"@type":"ReadAction","target":["https:\/\/stay.bedandchai.com\/fr\/find-furniture\/"]}]},{"@type":"BreadcrumbList","@id":"https:\/\/stay.bedandchai.com\/fr\/find-furniture\/#breadcrumb","itemListElement":[{"@type":"ListItem","position":1,"name":"Home","item":"https:\/\/stay.bedandchai.com\/"},{"@type":"ListItem","position":2,"name":"O\u00f9 se meubler"}]},{"@type":"WebSite","@id":"https:\/\/stay.bedandchai.com\/#website","url":"https:\/\/stay.bedandchai.com\/","name":"S&#039;installer \u00e0 Delhi avec Bed &amp; Chai","description":"Pour une arriv\u00e9e en douceur","potentialAction":[{"@type":"SearchAction","target":{"@type":"EntryPoint","urlTemplate":"https:\/\/stay.bedandchai.com\/?s={search_term_string}"},"query-input":{"@type":"PropertyValueSpecification","valueRequired":true,"valueName":"search_term_string"}}],"inLanguage":"fr-FR"}]}},"_links":{"self":[{"href":"https:\/\/stay.bedandchai.com\/fr\/wp-json\/wp\/v2\/pages\/53","targetHints":{"allow":["GET"]}}],"collection":[{"href":"https:\/\/stay.bedandchai.com\/fr\/wp-json\/wp\/v2\/pages"}],"about":[{"href":"https:\/\/stay.bedandchai.com\/fr\/wp-json\/wp\/v2\/types\/page"}],"author":[{"embeddable":true,"href":"https:\/\/stay.bedandchai.com\/fr\/wp-json\/wp\/v2\/users\/2"}],"replies":[{"embeddable":true,"href":"https:\/\/stay.bedandchai.com\/fr\/wp-json\/wp\/v2\/comments?post=53"}],"version-history":[{"count":11,"href":"https:\/\/stay.bedandchai.com\/fr\/wp-json\/wp\/v2\/pages\/53\/revisions"}],"predecessor-version":[{"id":896,"href":"https:\/\/stay.bedandchai.com\/fr\/wp-json\/wp\/v2\/pages\/53\/revisions\/896"}],"wp:attachment":[{"href":"https:\/\/stay.bedandchai.com\/fr\/wp-json\/wp\/v2\/media?parent=53"}],"curies":[{"name":"wp","href":"https:\/\/api.w.org\/{rel}","templated":true}]}}