{"id":543,"date":"2016-03-03T10:57:56","date_gmt":"2016-03-03T10:57:56","guid":{"rendered":"http:\/\/stay.bedandchai.com\/?page_id=543"},"modified":"2016-06-22T10:21:04","modified_gmt":"2016-06-22T10:21:04","slug":"monuments","status":"publish","type":"page","link":"https:\/\/stay.bedandchai.com\/fr\/monuments\/","title":{"rendered":"Monuments"},"content":{"rendered":"<h2>Qutub Minar<\/h2>\n<p><img loading=\"lazy\" decoding=\"async\" class=\"alignleft size-medium wp-image-552\" src=\"http:\/\/stay.bedandchai.com\/wp-content\/uploads\/2016\/03\/qutub_minar-300x283.jpg\" alt=\"qutub minar\" width=\"300\" height=\"283\" srcset=\"https:\/\/stay.bedandchai.com\/wp-content\/uploads\/2016\/03\/qutub_minar-300x283.jpg 300w, https:\/\/stay.bedandchai.com\/wp-content\/uploads\/2016\/03\/qutub_minar-768x725.jpg 768w, https:\/\/stay.bedandchai.com\/wp-content\/uploads\/2016\/03\/qutub_minar.jpg 1024w\" sizes=\"auto, (max-width: 300px) 100vw, 300px\" \/>Qutub Minar est un site dot\u00e9 d&rsquo;une architecture complexe, m\u00ealant monuments religieux et tombes. Qutub Minar est un complexe architectural des monuments religieux et des tombes. Le monument le plus important, aussi connu sous le nom de Qutub Minar se compose d&rsquo;une tour et d&rsquo;un minaret.<\/p>\n<p>Il mesure 73 m\u00e8tres de haut et a \u00e9t\u00e9 construit en 1193 par le sultan de confession musulmane Qutb ud-Din pour c\u00e9l\u00e9brer sa victoire sur le dernier dirigeant indien de Delhi. Le monument a \u00e9t\u00e9 classifi\u00e9 comme patrimoine mondiale par l&rsquo;UNESCO.<\/p>\n<ul>\n<li>Prix pour les \u00e9trangers*: 250rs<\/li>\n<li>Price pour les ressortissants indiens: 10rs<\/li>\n<li>M\u00e9tro: Qutub Minar<\/li>\n<li>Heures d&rsquo;ouverture: lever du soleil au coucher du soleil<\/li>\n<li>Ouvert tous les jours<\/li>\n<\/ul>\n<h2>Humayun&rsquo;s Tomb<\/h2>\n<p><img loading=\"lazy\" decoding=\"async\" class=\"size-medium wp-image-545 alignright\" src=\"http:\/\/stay.bedandchai.com\/wp-content\/uploads\/2016\/03\/humayun_tomb-300x275.jpg\" alt=\"humayun tomb\" width=\"300\" height=\"275\" srcset=\"https:\/\/stay.bedandchai.com\/wp-content\/uploads\/2016\/03\/humayun_tomb-300x275.jpg 300w, https:\/\/stay.bedandchai.com\/wp-content\/uploads\/2016\/03\/humayun_tomb.jpg 636w\" sizes=\"auto, (max-width: 300px) 100vw, 300px\" \/>Entour\u00e9 de jardins verdoyants, ce mausol\u00e9e est un joyaux d&rsquo;architecture. Il a \u00e9t\u00e9 construit au milieu du 16\u00e8me si\u00e8cle par Haji Begum, premi\u00e8re femme de l&#8217;empereur Mughal Humayun. Pour honorer les origines de sa femme, il a m\u00eal\u00e9 des signes architecturaux d&rsquo;origine perse avec le style locale.<\/p>\n<p>Bien ordonn\u00e9e et raffin\u00e9 au fils des ann\u00e9es, il a servit de model pour le somptueux Tah Mahal. Le monument a \u00e9t\u00e9 class\u00e9 au patrimoine mondial de l&rsquo;UNESCO.<\/p>\n<ul>\n<li>Prix pour les \u00e9trangers: 250rs<\/li>\n<li>Prix pour les ressortissants indiens: 10rs<\/li>\n<li>M\u00e9tro: JLN Stadium<\/li>\n<li>Heures d&rsquo;ouverture: lever du soleil au coucher du soleil<\/li>\n<li>Ouvert tous les jours<\/li>\n<\/ul>\n<h2>Jama Masjid<\/h2>\n<p><img loading=\"lazy\" decoding=\"async\" class=\"size-medium wp-image-547 alignright\" src=\"http:\/\/stay.bedandchai.com\/wp-content\/uploads\/2016\/03\/jama_masjid-300x201.jpg\" alt=\"jama masjid\" width=\"300\" height=\"201\" srcset=\"https:\/\/stay.bedandchai.com\/wp-content\/uploads\/2016\/03\/jama_masjid-300x201.jpg 300w, https:\/\/stay.bedandchai.com\/wp-content\/uploads\/2016\/03\/jama_masjid-768x514.jpg 768w, https:\/\/stay.bedandchai.com\/wp-content\/uploads\/2016\/03\/jama_masjid.jpg 1024w, https:\/\/stay.bedandchai.com\/wp-content\/uploads\/2016\/03\/jama_masjid-750x500.jpg 750w\" sizes=\"auto, (max-width: 300px) 100vw, 300px\" \/>Surplombant Old Delhi, the \u00ab\u00a0Friday Mosque\u00a0\u00bb \u00a0est la derni\u00e8re construction de Shah Jahan, construit entre 1644 et 1658. Sa cour int\u00e9rieure peut acceuillir plus de 25,000 croyants, la classant au rang de plus grande mosqu\u00e9e en Inde.<\/p>\n<p>Pour 100rs de plus, il est possible de monter au sommet du minaret Sud, o\u00f9 la vue est magnifique. Les femmes doivent \u00eatre accompagn\u00e9es. Pour entrer dans la mosqu\u00e9e, vous devez porter de long v\u00eatement et un pantalon.<\/p>\n<ul>\n<li>Appareil photo: 300rs<\/li>\n<li>Pas de touristes pendant les heures de pri\u00e8res<\/li>\n<li>M\u00e9tro: Chawri Bazaar<\/li>\n<li>Heures d&rsquo;ouverture: 7h-12h \/ 13h30-18h30<\/li>\n<li>Ouvert tous les jours<\/li>\n<\/ul>\n<h2>Red Fort<\/h2>\n<p><img loading=\"lazy\" decoding=\"async\" class=\"alignleft size-medium wp-image-554\" src=\"http:\/\/stay.bedandchai.com\/wp-content\/uploads\/2016\/03\/red_fort-300x221.jpg\" alt=\"red fort\" width=\"300\" height=\"221\" srcset=\"https:\/\/stay.bedandchai.com\/wp-content\/uploads\/2016\/03\/red_fort-300x221.jpg 300w, https:\/\/stay.bedandchai.com\/wp-content\/uploads\/2016\/03\/red_fort-768x566.jpg 768w, https:\/\/stay.bedandchai.com\/wp-content\/uploads\/2016\/03\/red_fort.jpg 1024w\" sizes=\"auto, (max-width: 300px) 100vw, 300px\" \/>Entrer dans les vestiges de cet imposant fort vous donnera une id\u00e9e de ce qu&rsquo;\u00e9tait la splendeur de l&#8217;empire Moghol. Ses murs mesurent 18 m\u00e8tres de haut et ses monuments orn\u00e9 de marbre datant de l&rsquo;\u00e2ge d&rsquo;or de cette dynastie, temps de splendeurs sans \u00e9gal.<\/p>\n<p>Le fort a \u00e9t\u00e9 construit en 1638 et 1648 par Shah Jahan pour prot\u00e9ger son nouveau capital. Il n&rsquo;a cependant jamais eu le temps d&rsquo;en profiter, puisqu&rsquo;il a \u00e9t\u00e9 chass\u00e9 du pouvoir par son fils et emprisonn\u00e9 dans le fort d&rsquo;Agra. Le soir, un spectacle de son et lumi\u00e8res recr\u00e9er les \u00e9v\u00e9nements de l&rsquo;histoire de l&rsquo;Inde en lien avec le fort.Vous pouvez r\u00e9server vos tickets en ligne sur\u00a0<a href=\"http:\/\/www.theashokgroup.com\" target=\"_blank\">www.theashokgroup.com<\/a><\/p>\n<ul>\n<li>Prix pour les \u00e9trangers*: 250rs<\/li>\n<li>Prix pour les ressortissants indiens: 10rs<\/li>\n<li>M\u00e9tro: Chandni Chowk<\/li>\n<li>Heures d&rsquo;ouverture: lever du soleil au coucher du soleil<\/li>\n<li>Ouvert tous les jours<\/li>\n<\/ul>\n<h2>Nizamuddin Dargah<\/h2>\n<p><img loading=\"lazy\" decoding=\"async\" class=\"alignleft size-medium wp-image-551\" src=\"http:\/\/stay.bedandchai.com\/wp-content\/uploads\/2016\/03\/nizamuddin_dargah-300x117.jpg\" alt=\"nizamuddin dargah\" width=\"300\" height=\"117\" srcset=\"https:\/\/stay.bedandchai.com\/wp-content\/uploads\/2016\/03\/nizamuddin_dargah-300x117.jpg 300w, https:\/\/stay.bedandchai.com\/wp-content\/uploads\/2016\/03\/nizamuddin_dargah-768x299.jpg 768w, https:\/\/stay.bedandchai.com\/wp-content\/uploads\/2016\/03\/nizamuddin_dargah.jpg 1024w\" sizes=\"auto, (max-width: 300px) 100vw, 300px\" \/>Ce lieu saint est le haut lieu du soufisme \u00e0 Delhi. Il accueille une foule permanente de fid\u00e8les, au milieu des \u00e9tals de fleurs et des \u00e9pices indiennes. Les jeudis soirs, vous pouvez assister aux chants religieux et \u00e7a vaut le d\u00e9placement! Perdez vous ensuite de ce labyrinthe et impr\u00e9gnez vous de l&rsquo;Inde r\u00e9elle.<\/p>\n<p>Les nombreux \u00e9tales de brochettes et viandes sont \u00e0 ne pas manquer. Par respect par les habitants d coin, couvrez vous bien la t\u00eate, les bras et portez un pantalon.<\/p>\n<ul>\n<li>Gratuit pour tous le monde<\/li>\n<li>Jeudis soirs: perfomance de musique soufiste<\/li>\n<li>M\u00e9tro: JLN Stadium<\/li>\n<li>Heures d&rsquo;ouvertures: 24h\/24<\/li>\n<li>Ouvert tous les jours<\/li>\n<\/ul>\n<h2>Akshardham Temple<\/h2>\n<p><a href=\"http:\/\/stay.bedandchai.com\/wp-content\/uploads\/2016\/03\/akshdardam_temple.jpg\" rel=\"attachment wp-att-544\"><img loading=\"lazy\" decoding=\"async\" class=\"size-medium wp-image-544 alignright\" src=\"http:\/\/stay.bedandchai.com\/wp-content\/uploads\/2016\/03\/akshdardam_temple-300x188.jpg\" alt=\"akshdardam temple\" width=\"300\" height=\"188\" srcset=\"https:\/\/stay.bedandchai.com\/wp-content\/uploads\/2016\/03\/akshdardam_temple-300x188.jpg 300w, https:\/\/stay.bedandchai.com\/wp-content\/uploads\/2016\/03\/akshdardam_temple-768x480.jpg 768w, https:\/\/stay.bedandchai.com\/wp-content\/uploads\/2016\/03\/akshdardam_temple.jpg 1024w\" sizes=\"auto, (max-width: 300px) 100vw, 300px\" \/><\/a>Ce temple ostentatoire et somptueux a \u00e9t\u00e9 inaugur\u00e9 en 2005. Construit en gr\u00e8s rouge et de marbre blanc, surmont\u00e9 de d\u00f4mes, il offre un m\u00e9lange d&rsquo;architecture traditionnelle de l&rsquo;Orissa, du Gujarat, du Rajasthan et l&rsquo;Empire moghol.<\/p>\n<p>A l&rsquo;int\u00e9rieur, quelques 20.000 divinit\u00e9s sculpt\u00e9s transportent les visiteurs \u00e0 travers un voyage presque psych\u00e9d\u00e9lique de la mythologie hindoue. Vous n&rsquo;\u00eates pas autoris\u00e9 \u00e0 prendre des photos et apporter quoi que ce soit avec vous \u00e0 l&rsquo;int\u00e9rieur du temple. Il y a des vestiaires o\u00f9 vous pouvez laisser vos effets personnels.<\/p>\n<ul>\n<li>Gratuit<\/li>\n<li>Appareil photo\/portable non autoris\u00e9s<\/li>\n<li>M\u00e9tro: Akshardam<\/li>\n<li>Heures d&rsquo;ouverture: 9h30-17h30 oct-mar \/ 9h30-18h30 apr-sep<\/li>\n<li>Ferm\u00e9 les lundis<\/li>\n<\/ul>\n<h2>India Gate<\/h2>\n<p><img loading=\"lazy\" decoding=\"async\" class=\"alignleft size-medium wp-image-546\" src=\"http:\/\/stay.bedandchai.com\/wp-content\/uploads\/2016\/03\/india_gate-300x169.jpg\" alt=\"india gate\" width=\"300\" height=\"169\" srcset=\"https:\/\/stay.bedandchai.com\/wp-content\/uploads\/2016\/03\/india_gate-300x169.jpg 300w, https:\/\/stay.bedandchai.com\/wp-content\/uploads\/2016\/03\/india_gate-768x432.jpg 768w, https:\/\/stay.bedandchai.com\/wp-content\/uploads\/2016\/03\/india_gate.jpg 1024w\" sizes=\"auto, (max-width: 300px) 100vw, 300px\" \/>Situ\u00e9 \u00e0 l\u2019extr\u00e9mit\u00e9 de Rajpath, ce monument est souvent bond\u00e9s aussi bien de touristes que de familles indiennes.<\/p>\n<p>Ces 42 m\u00e8tres de pierre en forme d&rsquo;arche, con\u00e7u par Lutyens, rend hommage aux 90.000 soldats de l&rsquo;arm\u00e9e indienne qui sont tomb\u00e9s pendant la Premi\u00e8re Guerre mondiale, lors des interventions au Nord-Ouest de la fronti\u00e8re, en m\u00eame temps que la guerre anglo-afghane en 1919.<\/p>\n<ul>\n<li>Gratuit<\/li>\n<li>Porte ferm\u00e9e la nuit<\/li>\n<li>M\u00e9tro: Khan Market<\/li>\n<li>Heures d&rsquo;ouverture: 24h\/24<\/li>\n<li>Ouvert tous les jours<\/li>\n<\/ul>\n<h2>Lotus Temple<\/h2>\n<p><img loading=\"lazy\" decoding=\"async\" class=\"size-medium wp-image-549 alignright\" src=\"http:\/\/stay.bedandchai.com\/wp-content\/uploads\/2016\/03\/lotus_temple-300x300.jpg\" alt=\"lotus temple\" width=\"300\" height=\"300\" srcset=\"https:\/\/stay.bedandchai.com\/wp-content\/uploads\/2016\/03\/lotus_temple-300x300.jpg 300w, https:\/\/stay.bedandchai.com\/wp-content\/uploads\/2016\/03\/lotus_temple-150x150.jpg 150w, https:\/\/stay.bedandchai.com\/wp-content\/uploads\/2016\/03\/lotus_temple-768x768.jpg 768w, https:\/\/stay.bedandchai.com\/wp-content\/uploads\/2016\/03\/lotus_temple-250x250.jpg 250w, https:\/\/stay.bedandchai.com\/wp-content\/uploads\/2016\/03\/lotus_temple-174x174.jpg 174w, https:\/\/stay.bedandchai.com\/wp-content\/uploads\/2016\/03\/lotus_temple.jpg 900w\" sizes=\"auto, (max-width: 300px) 100vw, 300px\" \/>Con\u00e7u par Irano-Architecte canadien Fariborz Sahba, le temple du Lotus (Lieu culte Bahai, 1986) est l&rsquo;endroit id\u00e9al pour appr\u00e9cier le silence &#8211; chose rare \u00e0 Delhi. Le b\u00e2timent en forme de fleur de Lotus avec 27 p\u00e9tales recouvertes de marbre blanc. Le temple accueille des croyants de toutes confessions pour prier ou m\u00e9diter en silence, selon leurs propres croyances.<\/p>\n<ul>\n<li>Gratuit<\/li>\n<li>M\u00e9tro: Kalkaji Mandir<\/li>\n<li>Heures d&rsquo;ouverture: 9h-19h apr-sept \/ 9h-17h30 oct-mar<\/li>\n<li>Ferm\u00e9 les lundis<\/li>\n<\/ul>\n<h2>Lodhi Garden<\/h2>\n<p><img loading=\"lazy\" decoding=\"async\" class=\"alignleft size-medium wp-image-548\" src=\"http:\/\/stay.bedandchai.com\/wp-content\/uploads\/2016\/03\/lodhi_garden-300x219.jpg\" alt=\"lodhi garden\" width=\"300\" height=\"219\" srcset=\"https:\/\/stay.bedandchai.com\/wp-content\/uploads\/2016\/03\/lodhi_garden-300x219.jpg 300w, https:\/\/stay.bedandchai.com\/wp-content\/uploads\/2016\/03\/lodhi_garden-768x561.jpg 768w, https:\/\/stay.bedandchai.com\/wp-content\/uploads\/2016\/03\/lodhi_garden.jpg 1024w\" sizes=\"auto, (max-width: 300px) 100vw, 300px\" \/>\u00a0the astonishingly distinctive<\/p>\n<p>Ce grand, paisible et luxuriant jardin est populaire aupr\u00e8s des marcheurs. Il est calme le matin en semaine, mais souvent bond\u00e9 de pique-niqueurs le dimanche. Il abrite les tombeaux des souverains Sayyid et Lodi, ainsi que l&rsquo;impressionnante mosqu\u00e9eBara Gumbad datant du XVe si\u00e8cle et les incroyables tombes distinctives de Muhammad Shah et Sikander Lodi.<\/p>\n<ul>\n<li>Gratuit<\/li>\n<li>M\u00e9tro: Khan Market<\/li>\n<li>Heures d&rsquo;ouverture: 5h-21h apr-sep \/ 18h-20h oct-mar<\/li>\n<li>Portes ferm\u00e9es la nuit<a href=\"http:\/\/stay.bedandchai.com\/wp-content\/uploads\/2016\/03\/lotus_temple.jpg\" rel=\"attachment wp-att-549\"><br \/>\n<\/a><a href=\"http:\/\/stay.bedandchai.com\/wp-content\/uploads\/2016\/03\/nizamuddin_dargah.jpg\" rel=\"attachment wp-att-551\"><br \/>\n<\/a><a href=\"http:\/\/stay.bedandchai.com\/wp-content\/uploads\/2016\/03\/qutub_minar.jpg\" rel=\"attachment wp-att-552\"><br \/>\n<\/a><\/li>\n<\/ul>\n","protected":false},"excerpt":{"rendered":"<p>Qutub Minar Qutub Minar est un site dot\u00e9 d&rsquo;une architecture complexe, m\u00ealant monuments religieux et tombes. Qutub Minar est un complexe architectural des monuments religieux et des tombes. Le monument le plus important, aussi connu sous le nom de Qutub Minar se compose d&rsquo;une tour et d&rsquo;un minaret. Il mesure [&hellip;]<\/p>\n","protected":false},"author":2,"featured_media":0,"parent":0,"menu_order":0,"comment_status":"closed","ping_status":"closed","template":"","meta":{"_bbp_topic_count":0,"_bbp_reply_count":0,"_bbp_total_topic_count":0,"_bbp_total_reply_count":0,"_bbp_voice_count":0,"_bbp_anonymous_reply_count":0,"_bbp_topic_count_hidden":0,"_bbp_reply_count_hidden":0,"_bbp_forum_subforum_count":0,"_themeisle_gutenberg_block_has_review":false,"footnotes":""},"class_list":["post-543","page","type-page","status-publish","hentry"],"yoast_head":"<!-- This site is optimized with the Yoast SEO plugin v27.4 - https:\/\/yoast.com\/product\/yoast-seo-wordpress\/ -->\n<title>Monuments - S&#039;installer \u00e0 Delhi avec Bed &amp; Chai<\/title>\n<meta name=\"robots\" content=\"index, follow, max-snippet:-1, max-image-preview:large, max-video-preview:-1\" \/>\n<link rel=\"canonical\" href=\"https:\/\/stay.bedandchai.com\/monuments\/\" \/>\n<meta property=\"og:locale\" content=\"fr_FR\" \/>\n<meta property=\"og:type\" content=\"article\" \/>\n<meta property=\"og:title\" content=\"Monuments - S&#039;installer \u00e0 Delhi avec Bed &amp; Chai\" \/>\n<meta property=\"og:description\" content=\"Qutub Minar Qutub Minar est un site dot\u00e9 d&rsquo;une architecture complexe, m\u00ealant monuments religieux et tombes. Qutub Minar est un complexe architectural des monuments religieux et des tombes. Le monument le plus important, aussi connu sous le nom de Qutub Minar se compose d&rsquo;une tour et d&rsquo;un minaret. Il mesure [&hellip;]\" \/>\n<meta property=\"og:url\" content=\"https:\/\/stay.bedandchai.com\/monuments\/\" \/>\n<meta property=\"og:site_name\" content=\"S&#039;installer \u00e0 Delhi avec Bed &amp; Chai\" \/>\n<meta property=\"article:modified_time\" content=\"2016-06-22T10:21:04+00:00\" \/>\n<meta property=\"og:image\" content=\"https:\/\/stay.bedandchai.com\/wp-content\/uploads\/2016\/03\/qutub_minar.jpg\" \/>\n\t<meta property=\"og:image:width\" content=\"1024\" \/>\n\t<meta property=\"og:image:height\" content=\"966\" \/>\n\t<meta property=\"og:image:type\" content=\"image\/jpeg\" \/>\n<meta name=\"twitter:card\" content=\"summary_large_image\" \/>\n<meta name=\"twitter:label1\" content=\"Dur\u00e9e de lecture estim\u00e9e\" \/>\n\t<meta name=\"twitter:data1\" content=\"5 minutes\" \/>\n<script type=\"application\/ld+json\" class=\"yoast-schema-graph\">{\"@context\":\"https:\\\/\\\/schema.org\",\"@graph\":[{\"@type\":\"WebPage\",\"@id\":\"https:\\\/\\\/stay.bedandchai.com\\\/monuments\\\/\",\"url\":\"https:\\\/\\\/stay.bedandchai.com\\\/monuments\\\/\",\"name\":\"Monuments - S&#039;installer \u00e0 Delhi avec Bed &amp; Chai\",\"isPartOf\":{\"@id\":\"https:\\\/\\\/stay.bedandchai.com\\\/#website\"},\"primaryImageOfPage\":{\"@id\":\"https:\\\/\\\/stay.bedandchai.com\\\/monuments\\\/#primaryimage\"},\"image\":{\"@id\":\"https:\\\/\\\/stay.bedandchai.com\\\/monuments\\\/#primaryimage\"},\"thumbnailUrl\":\"http:\\\/\\\/stay.bedandchai.com\\\/wp-content\\\/uploads\\\/2016\\\/03\\\/qutub_minar-300x283.jpg\",\"datePublished\":\"2016-03-03T10:57:56+00:00\",\"dateModified\":\"2016-06-22T10:21:04+00:00\",\"breadcrumb\":{\"@id\":\"https:\\\/\\\/stay.bedandchai.com\\\/monuments\\\/#breadcrumb\"},\"inLanguage\":\"fr-FR\",\"potentialAction\":[{\"@type\":\"ReadAction\",\"target\":[\"https:\\\/\\\/stay.bedandchai.com\\\/monuments\\\/\"]}]},{\"@type\":\"ImageObject\",\"inLanguage\":\"fr-FR\",\"@id\":\"https:\\\/\\\/stay.bedandchai.com\\\/monuments\\\/#primaryimage\",\"url\":\"http:\\\/\\\/stay.bedandchai.com\\\/wp-content\\\/uploads\\\/2016\\\/03\\\/qutub_minar-300x283.jpg\",\"contentUrl\":\"http:\\\/\\\/stay.bedandchai.com\\\/wp-content\\\/uploads\\\/2016\\\/03\\\/qutub_minar-300x283.jpg\"},{\"@type\":\"BreadcrumbList\",\"@id\":\"https:\\\/\\\/stay.bedandchai.com\\\/monuments\\\/#breadcrumb\",\"itemListElement\":[{\"@type\":\"ListItem\",\"position\":1,\"name\":\"Home\",\"item\":\"https:\\\/\\\/stay.bedandchai.com\\\/\"},{\"@type\":\"ListItem\",\"position\":2,\"name\":\"Monuments Delhi\"}]},{\"@type\":\"WebSite\",\"@id\":\"https:\\\/\\\/stay.bedandchai.com\\\/#website\",\"url\":\"https:\\\/\\\/stay.bedandchai.com\\\/\",\"name\":\"S&#039;installer \u00e0 Delhi avec Bed &amp; Chai\",\"description\":\"Pour une arriv\u00e9e en douceur\",\"potentialAction\":[{\"@type\":\"SearchAction\",\"target\":{\"@type\":\"EntryPoint\",\"urlTemplate\":\"https:\\\/\\\/stay.bedandchai.com\\\/?s={search_term_string}\"},\"query-input\":{\"@type\":\"PropertyValueSpecification\",\"valueRequired\":true,\"valueName\":\"search_term_string\"}}],\"inLanguage\":\"fr-FR\"}]}<\/script>\n<!-- \/ Yoast SEO plugin. -->","yoast_head_json":{"title":"Monuments - S&#039;installer \u00e0 Delhi avec Bed &amp; Chai","robots":{"index":"index","follow":"follow","max-snippet":"max-snippet:-1","max-image-preview":"max-image-preview:large","max-video-preview":"max-video-preview:-1"},"canonical":"https:\/\/stay.bedandchai.com\/monuments\/","og_locale":"fr_FR","og_type":"article","og_title":"Monuments - S&#039;installer \u00e0 Delhi avec Bed &amp; Chai","og_description":"Qutub Minar Qutub Minar est un site dot\u00e9 d&rsquo;une architecture complexe, m\u00ealant monuments religieux et tombes. Qutub Minar est un complexe architectural des monuments religieux et des tombes. Le monument le plus important, aussi connu sous le nom de Qutub Minar se compose d&rsquo;une tour et d&rsquo;un minaret. Il mesure [&hellip;]","og_url":"https:\/\/stay.bedandchai.com\/monuments\/","og_site_name":"S&#039;installer \u00e0 Delhi avec Bed &amp; Chai","article_modified_time":"2016-06-22T10:21:04+00:00","og_image":[{"width":1024,"height":966,"url":"https:\/\/stay.bedandchai.com\/wp-content\/uploads\/2016\/03\/qutub_minar.jpg","type":"image\/jpeg"}],"twitter_card":"summary_large_image","twitter_misc":{"Dur\u00e9e de lecture estim\u00e9e":"5 minutes"},"schema":{"@context":"https:\/\/schema.org","@graph":[{"@type":"WebPage","@id":"https:\/\/stay.bedandchai.com\/monuments\/","url":"https:\/\/stay.bedandchai.com\/monuments\/","name":"Monuments - S&#039;installer \u00e0 Delhi avec Bed &amp; Chai","isPartOf":{"@id":"https:\/\/stay.bedandchai.com\/#website"},"primaryImageOfPage":{"@id":"https:\/\/stay.bedandchai.com\/monuments\/#primaryimage"},"image":{"@id":"https:\/\/stay.bedandchai.com\/monuments\/#primaryimage"},"thumbnailUrl":"http:\/\/stay.bedandchai.com\/wp-content\/uploads\/2016\/03\/qutub_minar-300x283.jpg","datePublished":"2016-03-03T10:57:56+00:00","dateModified":"2016-06-22T10:21:04+00:00","breadcrumb":{"@id":"https:\/\/stay.bedandchai.com\/monuments\/#breadcrumb"},"inLanguage":"fr-FR","potentialAction":[{"@type":"ReadAction","target":["https:\/\/stay.bedandchai.com\/monuments\/"]}]},{"@type":"ImageObject","inLanguage":"fr-FR","@id":"https:\/\/stay.bedandchai.com\/monuments\/#primaryimage","url":"http:\/\/stay.bedandchai.com\/wp-content\/uploads\/2016\/03\/qutub_minar-300x283.jpg","contentUrl":"http:\/\/stay.bedandchai.com\/wp-content\/uploads\/2016\/03\/qutub_minar-300x283.jpg"},{"@type":"BreadcrumbList","@id":"https:\/\/stay.bedandchai.com\/monuments\/#breadcrumb","itemListElement":[{"@type":"ListItem","position":1,"name":"Home","item":"https:\/\/stay.bedandchai.com\/"},{"@type":"ListItem","position":2,"name":"Monuments Delhi"}]},{"@type":"WebSite","@id":"https:\/\/stay.bedandchai.com\/#website","url":"https:\/\/stay.bedandchai.com\/","name":"S&#039;installer \u00e0 Delhi avec Bed &amp; Chai","description":"Pour une arriv\u00e9e en douceur","potentialAction":[{"@type":"SearchAction","target":{"@type":"EntryPoint","urlTemplate":"https:\/\/stay.bedandchai.com\/?s={search_term_string}"},"query-input":{"@type":"PropertyValueSpecification","valueRequired":true,"valueName":"search_term_string"}}],"inLanguage":"fr-FR"}]}},"_links":{"self":[{"href":"https:\/\/stay.bedandchai.com\/fr\/wp-json\/wp\/v2\/pages\/543","targetHints":{"allow":["GET"]}}],"collection":[{"href":"https:\/\/stay.bedandchai.com\/fr\/wp-json\/wp\/v2\/pages"}],"about":[{"href":"https:\/\/stay.bedandchai.com\/fr\/wp-json\/wp\/v2\/types\/page"}],"author":[{"embeddable":true,"href":"https:\/\/stay.bedandchai.com\/fr\/wp-json\/wp\/v2\/users\/2"}],"replies":[{"embeddable":true,"href":"https:\/\/stay.bedandchai.com\/fr\/wp-json\/wp\/v2\/comments?post=543"}],"version-history":[{"count":7,"href":"https:\/\/stay.bedandchai.com\/fr\/wp-json\/wp\/v2\/pages\/543\/revisions"}],"predecessor-version":[{"id":887,"href":"https:\/\/stay.bedandchai.com\/fr\/wp-json\/wp\/v2\/pages\/543\/revisions\/887"}],"wp:attachment":[{"href":"https:\/\/stay.bedandchai.com\/fr\/wp-json\/wp\/v2\/media?parent=543"}],"curies":[{"name":"wp","href":"https:\/\/api.w.org\/{rel}","templated":true}]}}