{"id":561,"date":"2016-03-03T12:47:25","date_gmt":"2016-03-03T12:47:25","guid":{"rendered":"http:\/\/stay.bedandchai.com\/?page_id=561"},"modified":"2016-06-14T09:20:25","modified_gmt":"2016-06-14T09:20:25","slug":"museums-delhi","status":"publish","type":"page","link":"https:\/\/stay.bedandchai.com\/fr\/museums-delhi\/","title":{"rendered":"Mus\u00e9es"},"content":{"rendered":"<h2>Mus\u00e9e National de l&rsquo;Artisanat et des m\u00e9tiers \u00e0 tisser<a href=\"http:\/\/stay.bedandchai.com\/wp-content\/uploads\/2016\/03\/craft_museum.jpg\" rel=\"attachment wp-att-562\"><img loading=\"lazy\" decoding=\"async\" class=\"size-medium wp-image-562 alignleft\" src=\"http:\/\/stay.bedandchai.com\/wp-content\/uploads\/2016\/03\/craft_museum-300x225.jpg\" alt=\"craft museum\" width=\"300\" height=\"225\" srcset=\"https:\/\/stay.bedandchai.com\/wp-content\/uploads\/2016\/03\/craft_museum-300x225.jpg 300w, https:\/\/stay.bedandchai.com\/wp-content\/uploads\/2016\/03\/craft_museum-285x214.jpg 285w, https:\/\/stay.bedandchai.com\/wp-content\/uploads\/2016\/03\/craft_museum.jpg 450w\" sizes=\"auto, (max-width: 300px) 100vw, 300px\" \/><\/a><\/h2>\n<h2><\/h2>\n<h2><\/h2>\n<h2><\/h2>\n<h2><\/h2>\n<p>Le mus\u00e9e regroupe l&rsquo;ensemble des m\u00e9tiers \u00ab\u00a0faits mains\u00a0\u00bb \u00e0 travers l&rsquo;Inde. Avec ses airs de petit village artisanal, ce mus\u00e9e vous fera d\u00e9couvrir de nombreux m\u00e9tiers de l&rsquo;artisanat encore en pratique de nos jours. Vous y trouverez \u00e9galement une biblioth\u00e8que contenant plus de 12,000 livres et revues, une salle-audio visuelle et un petit laboratoire de conservation.<\/p>\n<ul>\n<li>Gratuit<\/li>\n<li>M\u00e9tro: Pragati Maidan<\/li>\n<li>Heures d&rsquo;ouvertures: 10h &#8211; 17h<\/li>\n<li>Ferm\u00e9 les lundis<\/li>\n<li>Adresse: Bhairon Marg, Pragati Maidan<\/li>\n<\/ul>\n<h2>Mus\u00e9e national de Gandhi<\/h2>\n<p style=\"line-height: 1.5;\"><img loading=\"lazy\" decoding=\"async\" class=\"alignleft size-medium wp-image-563\" src=\"http:\/\/stay.bedandchai.com\/wp-content\/uploads\/2016\/03\/gandhi_museum-300x225.jpg\" alt=\"gandhi museum\" width=\"300\" height=\"225\" srcset=\"https:\/\/stay.bedandchai.com\/wp-content\/uploads\/2016\/03\/gandhi_museum-300x225.jpg 300w, https:\/\/stay.bedandchai.com\/wp-content\/uploads\/2016\/03\/gandhi_museum-768x576.jpg 768w, https:\/\/stay.bedandchai.com\/wp-content\/uploads\/2016\/03\/gandhi_museum.jpg 1024w, https:\/\/stay.bedandchai.com\/wp-content\/uploads\/2016\/03\/gandhi_museum-285x214.jpg 285w\" sizes=\"auto, (max-width: 300px) 100vw, 300px\" \/>C&rsquo;est un mus\u00e9e passionnant contient d&rsquo;immenses galeries d&rsquo;images relatant la vie de Gandhi, son travail, ses id\u00e9es, des peintures et des reliques. Ainsi qu&rsquo;une biblioth\u00e8que contenant approximativement 40,000 livres, magasines, des correspondances et des livres sur le paix et les religions dans le monde.<\/p>\n<ul>\n<li>Gratuit<\/li>\n<li>M\u00e9tro: New Delhi, pr\u00e8s de Raj Gat<\/li>\n<li>Heures d&rsquo;ouverture: 9h30 &#8211; 17h30<\/li>\n<li>Ferm\u00e9 les lundis<\/li>\n<li>Address: Raj Ghat, Balmiki Basti, Vikram Nagar<\/li>\n<\/ul>\n<h2>Raj Gat<\/h2>\n<p><img loading=\"lazy\" decoding=\"async\" class=\"alignleft size-medium wp-image-566\" src=\"http:\/\/stay.bedandchai.com\/wp-content\/uploads\/2016\/03\/raj_ghat-1-300x266.jpg\" alt=\"raj ghat\" width=\"300\" height=\"266\" srcset=\"https:\/\/stay.bedandchai.com\/wp-content\/uploads\/2016\/03\/raj_ghat-1-300x266.jpg 300w, https:\/\/stay.bedandchai.com\/wp-content\/uploads\/2016\/03\/raj_ghat-1-768x680.jpg 768w, https:\/\/stay.bedandchai.com\/wp-content\/uploads\/2016\/03\/raj_ghat-1.jpg 1024w\" sizes=\"auto, (max-width: 300px) 100vw, 300px\" \/>Le M\u00e9morial de Mahatma Gandhi. C&rsquo;est une place faite en marbre noir qui marque le lieu de la cr\u00e9mation de Mahatma le 31 janvier 1948, un jour apr\u00e8s son assassinat.<\/p>\n<ul>\n<li>Gratuit<\/li>\n<li>M\u00e9tro: New Delhi, pr\u00e9s du Mus\u00e9e de Gandhi<\/li>\n<li>Heures d&rsquo;ouverture : du lever au coucher du soleil<\/li>\n<li>Tous les jours<\/li>\n<li>Adresse: Gandhi Smriti, Raj Ghat<\/li>\n<\/ul>\n<h2><\/h2>\n<h2><\/h2>\n<h2>Mus\u00e9e National<\/h2>\n<p><img loading=\"lazy\" decoding=\"async\" class=\"alignleft size-medium wp-image-565\" src=\"http:\/\/stay.bedandchai.com\/wp-content\/uploads\/2016\/03\/national_museum-300x197.jpg\" alt=\"national museum\" width=\"300\" height=\"197\" srcset=\"https:\/\/stay.bedandchai.com\/wp-content\/uploads\/2016\/03\/national_museum-300x197.jpg 300w, https:\/\/stay.bedandchai.com\/wp-content\/uploads\/2016\/03\/national_museum-768x505.jpg 768w, https:\/\/stay.bedandchai.com\/wp-content\/uploads\/2016\/03\/national_museum.jpg 1024w\" sizes=\"auto, (max-width: 300px) 100vw, 300px\" \/>\u00c9norme mus\u00e9e rassemblant sur 4 \u00e9tages toute l&rsquo;histoire et la culture de l&rsquo;Inde ainsi que des objets d&rsquo;art.<\/p>\n<ul>\n<li>Prix pour les \u00e9trangers* : 300rs<\/li>\n<li>Prix pour les ressortissants indiens : 10rs<\/li>\n<li>M\u00e9tro: Central Secretariat et Udyog Bhawan<\/li>\n<li>Heures d&rsquo;ouverture: 10h &#8211; 17h<\/li>\n<li>Ferm\u00e9 les lundis<\/li>\n<\/ul>\n<p>&nbsp;<\/p>\n<p>&nbsp;<\/p>\n<h2>Galerie Nationale d&rsquo;Art Moderne<\/h2>\n<p><img loading=\"lazy\" decoding=\"async\" class=\"alignleft size-medium wp-image-564\" src=\"http:\/\/stay.bedandchai.com\/wp-content\/uploads\/2016\/03\/national_gallery_modern_art-300x178.jpg\" alt=\"national gallery modern art\" width=\"300\" height=\"178\" srcset=\"https:\/\/stay.bedandchai.com\/wp-content\/uploads\/2016\/03\/national_gallery_modern_art-300x178.jpg 300w, https:\/\/stay.bedandchai.com\/wp-content\/uploads\/2016\/03\/national_gallery_modern_art.jpg 635w\" sizes=\"auto, (max-width: 300px) 100vw, 300px\" \/>C&rsquo;est la premi\u00e8re galerie ouverte gr\u00e2ce au Ministre de la Culture, du gouvernement indien. Sa collection (peintures, sculptures, etc) inclue plusieurs milliers d\u2019\u0153uvres d&rsquo;indiens ainsi que d&rsquo;artistes \u00e9trangers.<\/p>\n<ul>\n<li>Prix pour les \u00e9trangers*: 150rs<\/li>\n<li>Prix pour les ressortisants indiens: 10rs<\/li>\n<li>M\u00e9tro: Rajiv Chowk<\/li>\n<li>Heures d&rsquo;ouverture: 10h &#8211; 17h<\/li>\n<li>Ferm\u00e9e les lundis<\/li>\n<\/ul>\n<p>*Si vous payez des taxes en Inde et poss\u00e9dez un num\u00e9ro de compte permanent, \u00a0vous pouvez payer l&rsquo;entr\u00e9e au m\u00eam prix que les ressortissants indiens! Ne l&rsquo;oubliez pas!<\/p>\n","protected":false},"excerpt":{"rendered":"<p>Mus\u00e9e National de l&rsquo;Artisanat et des m\u00e9tiers \u00e0 tisser Le mus\u00e9e regroupe l&rsquo;ensemble des m\u00e9tiers \u00ab\u00a0faits mains\u00a0\u00bb \u00e0 travers l&rsquo;Inde. Avec ses airs de petit village artisanal, ce mus\u00e9e vous fera d\u00e9couvrir de nombreux m\u00e9tiers de l&rsquo;artisanat encore en pratique de nos jours. Vous y trouverez \u00e9galement une biblioth\u00e8que contenant [&hellip;]<\/p>\n","protected":false},"author":2,"featured_media":0,"parent":0,"menu_order":0,"comment_status":"closed","ping_status":"closed","template":"","meta":{"_bbp_topic_count":0,"_bbp_reply_count":0,"_bbp_total_topic_count":0,"_bbp_total_reply_count":0,"_bbp_voice_count":0,"_bbp_anonymous_reply_count":0,"_bbp_topic_count_hidden":0,"_bbp_reply_count_hidden":0,"_bbp_forum_subforum_count":0,"_themeisle_gutenberg_block_has_review":false,"footnotes":""},"class_list":["post-561","page","type-page","status-publish","hentry"],"yoast_head":"<!-- This site is optimized with the Yoast SEO plugin v27.4 - https:\/\/yoast.com\/product\/yoast-seo-wordpress\/ -->\n<title>Mus\u00e9es - S&#039;installer \u00e0 Delhi avec Bed &amp; Chai<\/title>\n<meta name=\"description\" content=\"(English) The beautiful Delhi let you describe his history through his museum. Come and describe it ! Here some adress to know the most famous museums to visit.\" \/>\n<meta name=\"robots\" content=\"index, follow, max-snippet:-1, max-image-preview:large, max-video-preview:-1\" \/>\n<link rel=\"canonical\" href=\"https:\/\/stay.bedandchai.com\/fr\/museums-delhi\/\" \/>\n<meta property=\"og:locale\" content=\"fr_FR\" \/>\n<meta property=\"og:type\" content=\"article\" \/>\n<meta property=\"og:title\" content=\"Mus\u00e9es - S&#039;installer \u00e0 Delhi avec Bed &amp; Chai\" \/>\n<meta property=\"og:description\" content=\"(English) The beautiful Delhi let you describe his history through his museum. Come and describe it ! Here some adress to know the most famous museums to visit.\" \/>\n<meta property=\"og:url\" content=\"https:\/\/stay.bedandchai.com\/fr\/museums-delhi\/\" \/>\n<meta property=\"og:site_name\" content=\"S&#039;installer \u00e0 Delhi avec Bed &amp; Chai\" \/>\n<meta property=\"article:modified_time\" content=\"2016-06-14T09:20:25+00:00\" \/>\n<meta property=\"og:image\" content=\"https:\/\/stay.bedandchai.com\/wp-content\/uploads\/2016\/03\/craft_museum.jpg\" \/>\n\t<meta property=\"og:image:width\" content=\"450\" \/>\n\t<meta property=\"og:image:height\" content=\"337\" \/>\n\t<meta property=\"og:image:type\" content=\"image\/jpeg\" \/>\n<meta name=\"twitter:card\" content=\"summary_large_image\" \/>\n<meta name=\"twitter:label1\" content=\"Dur\u00e9e de lecture estim\u00e9e\" \/>\n\t<meta name=\"twitter:data1\" content=\"2 minutes\" \/>\n<script type=\"application\/ld+json\" class=\"yoast-schema-graph\">{\"@context\":\"https:\\\/\\\/schema.org\",\"@graph\":[{\"@type\":\"WebPage\",\"@id\":\"https:\\\/\\\/stay.bedandchai.com\\\/fr\\\/museums-delhi\\\/\",\"url\":\"https:\\\/\\\/stay.bedandchai.com\\\/fr\\\/museums-delhi\\\/\",\"name\":\"Mus\u00e9es - S&#039;installer \u00e0 Delhi avec Bed &amp; Chai\",\"isPartOf\":{\"@id\":\"https:\\\/\\\/stay.bedandchai.com\\\/#website\"},\"primaryImageOfPage\":{\"@id\":\"https:\\\/\\\/stay.bedandchai.com\\\/fr\\\/museums-delhi\\\/#primaryimage\"},\"image\":{\"@id\":\"https:\\\/\\\/stay.bedandchai.com\\\/fr\\\/museums-delhi\\\/#primaryimage\"},\"thumbnailUrl\":\"http:\\\/\\\/stay.bedandchai.com\\\/wp-content\\\/uploads\\\/2016\\\/03\\\/craft_museum-300x225.jpg\",\"datePublished\":\"2016-03-03T12:47:25+00:00\",\"dateModified\":\"2016-06-14T09:20:25+00:00\",\"description\":\"(English) The beautiful Delhi let you describe his history through his museum. Come and describe it ! Here some adress to know the most famous museums to visit.\",\"breadcrumb\":{\"@id\":\"https:\\\/\\\/stay.bedandchai.com\\\/fr\\\/museums-delhi\\\/#breadcrumb\"},\"inLanguage\":\"fr-FR\",\"potentialAction\":[{\"@type\":\"ReadAction\",\"target\":[\"https:\\\/\\\/stay.bedandchai.com\\\/fr\\\/museums-delhi\\\/\"]}]},{\"@type\":\"ImageObject\",\"inLanguage\":\"fr-FR\",\"@id\":\"https:\\\/\\\/stay.bedandchai.com\\\/fr\\\/museums-delhi\\\/#primaryimage\",\"url\":\"http:\\\/\\\/stay.bedandchai.com\\\/wp-content\\\/uploads\\\/2016\\\/03\\\/craft_museum-300x225.jpg\",\"contentUrl\":\"http:\\\/\\\/stay.bedandchai.com\\\/wp-content\\\/uploads\\\/2016\\\/03\\\/craft_museum-300x225.jpg\"},{\"@type\":\"BreadcrumbList\",\"@id\":\"https:\\\/\\\/stay.bedandchai.com\\\/fr\\\/museums-delhi\\\/#breadcrumb\",\"itemListElement\":[{\"@type\":\"ListItem\",\"position\":1,\"name\":\"Home\",\"item\":\"https:\\\/\\\/stay.bedandchai.com\\\/\"},{\"@type\":\"ListItem\",\"position\":2,\"name\":\"Mus\u00e9es\"}]},{\"@type\":\"WebSite\",\"@id\":\"https:\\\/\\\/stay.bedandchai.com\\\/#website\",\"url\":\"https:\\\/\\\/stay.bedandchai.com\\\/\",\"name\":\"S&#039;installer \u00e0 Delhi avec Bed &amp; Chai\",\"description\":\"Pour une arriv\u00e9e en douceur\",\"potentialAction\":[{\"@type\":\"SearchAction\",\"target\":{\"@type\":\"EntryPoint\",\"urlTemplate\":\"https:\\\/\\\/stay.bedandchai.com\\\/?s={search_term_string}\"},\"query-input\":{\"@type\":\"PropertyValueSpecification\",\"valueRequired\":true,\"valueName\":\"search_term_string\"}}],\"inLanguage\":\"fr-FR\"}]}<\/script>\n<!-- \/ Yoast SEO plugin. -->","yoast_head_json":{"title":"Mus\u00e9es - S&#039;installer \u00e0 Delhi avec Bed &amp; Chai","description":"(English) The beautiful Delhi let you describe his history through his museum. Come and describe it ! Here some adress to know the most famous museums to visit.","robots":{"index":"index","follow":"follow","max-snippet":"max-snippet:-1","max-image-preview":"max-image-preview:large","max-video-preview":"max-video-preview:-1"},"canonical":"https:\/\/stay.bedandchai.com\/fr\/museums-delhi\/","og_locale":"fr_FR","og_type":"article","og_title":"Mus\u00e9es - S&#039;installer \u00e0 Delhi avec Bed &amp; Chai","og_description":"(English) The beautiful Delhi let you describe his history through his museum. Come and describe it ! Here some adress to know the most famous museums to visit.","og_url":"https:\/\/stay.bedandchai.com\/fr\/museums-delhi\/","og_site_name":"S&#039;installer \u00e0 Delhi avec Bed &amp; Chai","article_modified_time":"2016-06-14T09:20:25+00:00","og_image":[{"width":450,"height":337,"url":"https:\/\/stay.bedandchai.com\/wp-content\/uploads\/2016\/03\/craft_museum.jpg","type":"image\/jpeg"}],"twitter_card":"summary_large_image","twitter_misc":{"Dur\u00e9e de lecture estim\u00e9e":"2 minutes"},"schema":{"@context":"https:\/\/schema.org","@graph":[{"@type":"WebPage","@id":"https:\/\/stay.bedandchai.com\/fr\/museums-delhi\/","url":"https:\/\/stay.bedandchai.com\/fr\/museums-delhi\/","name":"Mus\u00e9es - S&#039;installer \u00e0 Delhi avec Bed &amp; Chai","isPartOf":{"@id":"https:\/\/stay.bedandchai.com\/#website"},"primaryImageOfPage":{"@id":"https:\/\/stay.bedandchai.com\/fr\/museums-delhi\/#primaryimage"},"image":{"@id":"https:\/\/stay.bedandchai.com\/fr\/museums-delhi\/#primaryimage"},"thumbnailUrl":"http:\/\/stay.bedandchai.com\/wp-content\/uploads\/2016\/03\/craft_museum-300x225.jpg","datePublished":"2016-03-03T12:47:25+00:00","dateModified":"2016-06-14T09:20:25+00:00","description":"(English) The beautiful Delhi let you describe his history through his museum. Come and describe it ! Here some adress to know the most famous museums to visit.","breadcrumb":{"@id":"https:\/\/stay.bedandchai.com\/fr\/museums-delhi\/#breadcrumb"},"inLanguage":"fr-FR","potentialAction":[{"@type":"ReadAction","target":["https:\/\/stay.bedandchai.com\/fr\/museums-delhi\/"]}]},{"@type":"ImageObject","inLanguage":"fr-FR","@id":"https:\/\/stay.bedandchai.com\/fr\/museums-delhi\/#primaryimage","url":"http:\/\/stay.bedandchai.com\/wp-content\/uploads\/2016\/03\/craft_museum-300x225.jpg","contentUrl":"http:\/\/stay.bedandchai.com\/wp-content\/uploads\/2016\/03\/craft_museum-300x225.jpg"},{"@type":"BreadcrumbList","@id":"https:\/\/stay.bedandchai.com\/fr\/museums-delhi\/#breadcrumb","itemListElement":[{"@type":"ListItem","position":1,"name":"Home","item":"https:\/\/stay.bedandchai.com\/"},{"@type":"ListItem","position":2,"name":"Mus\u00e9es"}]},{"@type":"WebSite","@id":"https:\/\/stay.bedandchai.com\/#website","url":"https:\/\/stay.bedandchai.com\/","name":"S&#039;installer \u00e0 Delhi avec Bed &amp; Chai","description":"Pour une arriv\u00e9e en douceur","potentialAction":[{"@type":"SearchAction","target":{"@type":"EntryPoint","urlTemplate":"https:\/\/stay.bedandchai.com\/?s={search_term_string}"},"query-input":{"@type":"PropertyValueSpecification","valueRequired":true,"valueName":"search_term_string"}}],"inLanguage":"fr-FR"}]}},"_links":{"self":[{"href":"https:\/\/stay.bedandchai.com\/fr\/wp-json\/wp\/v2\/pages\/561","targetHints":{"allow":["GET"]}}],"collection":[{"href":"https:\/\/stay.bedandchai.com\/fr\/wp-json\/wp\/v2\/pages"}],"about":[{"href":"https:\/\/stay.bedandchai.com\/fr\/wp-json\/wp\/v2\/types\/page"}],"author":[{"embeddable":true,"href":"https:\/\/stay.bedandchai.com\/fr\/wp-json\/wp\/v2\/users\/2"}],"replies":[{"embeddable":true,"href":"https:\/\/stay.bedandchai.com\/fr\/wp-json\/wp\/v2\/comments?post=561"}],"version-history":[{"count":4,"href":"https:\/\/stay.bedandchai.com\/fr\/wp-json\/wp\/v2\/pages\/561\/revisions"}],"predecessor-version":[{"id":608,"href":"https:\/\/stay.bedandchai.com\/fr\/wp-json\/wp\/v2\/pages\/561\/revisions\/608"}],"wp:attachment":[{"href":"https:\/\/stay.bedandchai.com\/fr\/wp-json\/wp\/v2\/media?parent=561"}],"curies":[{"name":"wp","href":"https:\/\/api.w.org\/{rel}","templated":true}]}}