{"id":618,"date":"2016-03-15T10:55:31","date_gmt":"2016-03-15T10:55:31","guid":{"rendered":"http:\/\/stay.bedandchai.com\/?page_id=618"},"modified":"2016-03-15T11:02:15","modified_gmt":"2016-03-15T11:02:15","slug":"guided-tours","status":"publish","type":"page","link":"https:\/\/stay.bedandchai.com\/fr\/guided-tours\/","title":{"rendered":"Visites guid\u00e9es"},"content":{"rendered":"<p>Il y a beaucoup de visite guid\u00e9es de Delhi. Nous aimons :<\/p>\n<ul>\n<li>Delhi par cycle, la meilleure fa\u00e7on de visiter Old Delhi, t\u00f4t le matin. <a href=\"http:\/\/www.delhibycycle.com\" target=\"_blank\">www.delhibycycle.com<\/a><\/li>\n<li>Delhi Food Walks. Visitez et d\u00e9couvrez en m\u00eame temps la c\u00e9l\u00e8bre Delhi Street Food! D\u00e9licieuce! <a href=\"http:\/\/www.delhifoodwalks.com\" target=\"_blank\">www.delhifoodwalks.com<\/a><\/li>\n<li>Visitez Delhi avec un\u00a0local : <a href=\"http:\/\/experiences.seeksherpa.com\" target=\"_blank\">experiences.seeksherpa.com<\/a><\/li>\n<li>Amoureux\u00a0de l&rsquo;Histoire? Delhi Heritage Walks sont des guides professionnels pour des\u00a0visites guid\u00e9es \u00e0 pied d\u00e9taill\u00e9es. <a href=\"http:\/\/www.delhiheritagewalks.com\" target=\"_blank\">www.delhiheritagewalks.com<\/a><\/li>\n<\/ul>\n","protected":false},"excerpt":{"rendered":"<p>Il y a beaucoup de visite guid\u00e9es de Delhi. Nous aimons : Delhi par cycle, la meilleure fa\u00e7on de visiter Old Delhi, t\u00f4t le matin. www.delhibycycle.com Delhi Food Walks. Visitez et d\u00e9couvrez en m\u00eame temps la c\u00e9l\u00e8bre Delhi Street Food! D\u00e9licieuce! www.delhifoodwalks.com Visitez Delhi avec un\u00a0local : experiences.seeksherpa.com Amoureux\u00a0de l&rsquo;Histoire? [&hellip;]<\/p>\n","protected":false},"author":2,"featured_media":0,"parent":0,"menu_order":0,"comment_status":"closed","ping_status":"closed","template":"","meta":{"_bbp_topic_count":0,"_bbp_reply_count":0,"_bbp_total_topic_count":0,"_bbp_total_reply_count":0,"_bbp_voice_count":0,"_bbp_anonymous_reply_count":0,"_bbp_topic_count_hidden":0,"_bbp_reply_count_hidden":0,"_bbp_forum_subforum_count":0,"_themeisle_gutenberg_block_has_review":false,"footnotes":""},"class_list":["post-618","page","type-page","status-publish","hentry"],"yoast_head":"<!-- This site is optimized with the Yoast SEO plugin v27.4 - https:\/\/yoast.com\/product\/yoast-seo-wordpress\/ -->\n<title>Visites guid\u00e9es - S&#039;installer \u00e0 Delhi avec Bed &amp; Chai<\/title>\n<meta name=\"robots\" content=\"index, follow, max-snippet:-1, max-image-preview:large, max-video-preview:-1\" \/>\n<link rel=\"canonical\" href=\"https:\/\/stay.bedandchai.com\/fr\/guided-tours\/\" \/>\n<meta property=\"og:locale\" content=\"fr_FR\" \/>\n<meta property=\"og:type\" content=\"article\" \/>\n<meta property=\"og:title\" content=\"Visites guid\u00e9es - S&#039;installer \u00e0 Delhi avec Bed &amp; Chai\" \/>\n<meta property=\"og:description\" content=\"Il y a beaucoup de visite guid\u00e9es de Delhi. Nous aimons : Delhi par cycle, la meilleure fa\u00e7on de visiter Old Delhi, t\u00f4t le matin. www.delhibycycle.com Delhi Food Walks. Visitez et d\u00e9couvrez en m\u00eame temps la c\u00e9l\u00e8bre Delhi Street Food! D\u00e9licieuce! www.delhifoodwalks.com Visitez Delhi avec un\u00a0local : experiences.seeksherpa.com Amoureux\u00a0de l&rsquo;Histoire? [&hellip;]\" \/>\n<meta property=\"og:url\" content=\"https:\/\/stay.bedandchai.com\/fr\/guided-tours\/\" \/>\n<meta property=\"og:site_name\" content=\"S&#039;installer \u00e0 Delhi avec Bed &amp; Chai\" \/>\n<meta property=\"article:modified_time\" content=\"2016-03-15T11:02:15+00:00\" \/>\n<meta name=\"twitter:card\" content=\"summary_large_image\" \/>\n<script type=\"application\/ld+json\" class=\"yoast-schema-graph\">{\"@context\":\"https:\\\/\\\/schema.org\",\"@graph\":[{\"@type\":\"WebPage\",\"@id\":\"https:\\\/\\\/stay.bedandchai.com\\\/fr\\\/guided-tours\\\/\",\"url\":\"https:\\\/\\\/stay.bedandchai.com\\\/fr\\\/guided-tours\\\/\",\"name\":\"Visites guid\u00e9es - S&#039;installer \u00e0 Delhi avec Bed &amp; Chai\",\"isPartOf\":{\"@id\":\"https:\\\/\\\/stay.bedandchai.com\\\/#website\"},\"datePublished\":\"2016-03-15T10:55:31+00:00\",\"dateModified\":\"2016-03-15T11:02:15+00:00\",\"breadcrumb\":{\"@id\":\"https:\\\/\\\/stay.bedandchai.com\\\/fr\\\/guided-tours\\\/#breadcrumb\"},\"inLanguage\":\"fr-FR\",\"potentialAction\":[{\"@type\":\"ReadAction\",\"target\":[\"https:\\\/\\\/stay.bedandchai.com\\\/fr\\\/guided-tours\\\/\"]}]},{\"@type\":\"BreadcrumbList\",\"@id\":\"https:\\\/\\\/stay.bedandchai.com\\\/fr\\\/guided-tours\\\/#breadcrumb\",\"itemListElement\":[{\"@type\":\"ListItem\",\"position\":1,\"name\":\"Home\",\"item\":\"https:\\\/\\\/stay.bedandchai.com\\\/\"},{\"@type\":\"ListItem\",\"position\":2,\"name\":\"Visites guid\u00e9es\"}]},{\"@type\":\"WebSite\",\"@id\":\"https:\\\/\\\/stay.bedandchai.com\\\/#website\",\"url\":\"https:\\\/\\\/stay.bedandchai.com\\\/\",\"name\":\"S&#039;installer \u00e0 Delhi avec Bed &amp; Chai\",\"description\":\"Pour une arriv\u00e9e en douceur\",\"potentialAction\":[{\"@type\":\"SearchAction\",\"target\":{\"@type\":\"EntryPoint\",\"urlTemplate\":\"https:\\\/\\\/stay.bedandchai.com\\\/?s={search_term_string}\"},\"query-input\":{\"@type\":\"PropertyValueSpecification\",\"valueRequired\":true,\"valueName\":\"search_term_string\"}}],\"inLanguage\":\"fr-FR\"}]}<\/script>\n<!-- \/ Yoast SEO plugin. -->","yoast_head_json":{"title":"Visites guid\u00e9es - S&#039;installer \u00e0 Delhi avec Bed &amp; Chai","robots":{"index":"index","follow":"follow","max-snippet":"max-snippet:-1","max-image-preview":"max-image-preview:large","max-video-preview":"max-video-preview:-1"},"canonical":"https:\/\/stay.bedandchai.com\/fr\/guided-tours\/","og_locale":"fr_FR","og_type":"article","og_title":"Visites guid\u00e9es - S&#039;installer \u00e0 Delhi avec Bed &amp; Chai","og_description":"Il y a beaucoup de visite guid\u00e9es de Delhi. Nous aimons : Delhi par cycle, la meilleure fa\u00e7on de visiter Old Delhi, t\u00f4t le matin. www.delhibycycle.com Delhi Food Walks. Visitez et d\u00e9couvrez en m\u00eame temps la c\u00e9l\u00e8bre Delhi Street Food! D\u00e9licieuce! www.delhifoodwalks.com Visitez Delhi avec un\u00a0local : experiences.seeksherpa.com Amoureux\u00a0de l&rsquo;Histoire? [&hellip;]","og_url":"https:\/\/stay.bedandchai.com\/fr\/guided-tours\/","og_site_name":"S&#039;installer \u00e0 Delhi avec Bed &amp; Chai","article_modified_time":"2016-03-15T11:02:15+00:00","twitter_card":"summary_large_image","schema":{"@context":"https:\/\/schema.org","@graph":[{"@type":"WebPage","@id":"https:\/\/stay.bedandchai.com\/fr\/guided-tours\/","url":"https:\/\/stay.bedandchai.com\/fr\/guided-tours\/","name":"Visites guid\u00e9es - S&#039;installer \u00e0 Delhi avec Bed &amp; Chai","isPartOf":{"@id":"https:\/\/stay.bedandchai.com\/#website"},"datePublished":"2016-03-15T10:55:31+00:00","dateModified":"2016-03-15T11:02:15+00:00","breadcrumb":{"@id":"https:\/\/stay.bedandchai.com\/fr\/guided-tours\/#breadcrumb"},"inLanguage":"fr-FR","potentialAction":[{"@type":"ReadAction","target":["https:\/\/stay.bedandchai.com\/fr\/guided-tours\/"]}]},{"@type":"BreadcrumbList","@id":"https:\/\/stay.bedandchai.com\/fr\/guided-tours\/#breadcrumb","itemListElement":[{"@type":"ListItem","position":1,"name":"Home","item":"https:\/\/stay.bedandchai.com\/"},{"@type":"ListItem","position":2,"name":"Visites guid\u00e9es"}]},{"@type":"WebSite","@id":"https:\/\/stay.bedandchai.com\/#website","url":"https:\/\/stay.bedandchai.com\/","name":"S&#039;installer \u00e0 Delhi avec Bed &amp; Chai","description":"Pour une arriv\u00e9e en douceur","potentialAction":[{"@type":"SearchAction","target":{"@type":"EntryPoint","urlTemplate":"https:\/\/stay.bedandchai.com\/?s={search_term_string}"},"query-input":{"@type":"PropertyValueSpecification","valueRequired":true,"valueName":"search_term_string"}}],"inLanguage":"fr-FR"}]}},"_links":{"self":[{"href":"https:\/\/stay.bedandchai.com\/fr\/wp-json\/wp\/v2\/pages\/618","targetHints":{"allow":["GET"]}}],"collection":[{"href":"https:\/\/stay.bedandchai.com\/fr\/wp-json\/wp\/v2\/pages"}],"about":[{"href":"https:\/\/stay.bedandchai.com\/fr\/wp-json\/wp\/v2\/types\/page"}],"author":[{"embeddable":true,"href":"https:\/\/stay.bedandchai.com\/fr\/wp-json\/wp\/v2\/users\/2"}],"replies":[{"embeddable":true,"href":"https:\/\/stay.bedandchai.com\/fr\/wp-json\/wp\/v2\/comments?post=618"}],"version-history":[{"count":3,"href":"https:\/\/stay.bedandchai.com\/fr\/wp-json\/wp\/v2\/pages\/618\/revisions"}],"predecessor-version":[{"id":621,"href":"https:\/\/stay.bedandchai.com\/fr\/wp-json\/wp\/v2\/pages\/618\/revisions\/621"}],"wp:attachment":[{"href":"https:\/\/stay.bedandchai.com\/fr\/wp-json\/wp\/v2\/media?parent=618"}],"curies":[{"name":"wp","href":"https:\/\/api.w.org\/{rel}","templated":true}]}}