{"id":660,"date":"2016-03-15T15:17:30","date_gmt":"2016-03-15T15:17:30","guid":{"rendered":"http:\/\/stay.bedandchai.com\/?page_id=660"},"modified":"2016-09-02T11:26:17","modified_gmt":"2016-09-02T11:26:17","slug":"the-classics","status":"publish","type":"page","link":"https:\/\/stay.bedandchai.com\/fr\/the-classics\/","title":{"rendered":"Les Classiques"},"content":{"rendered":"<h1 style=\"text-align: center;\">Rajasthan<\/h1>\n<h3>Jaipur \u00ab\u00a0la ville rose\u00a0\u00bb<\/h3>\n<p><a href=\"http:\/\/stay.bedandchai.com\/wp-content\/uploads\/2015\/11\/DSC05995.jpg\" rel=\"attachment wp-att-320\"><img loading=\"lazy\" decoding=\"async\" class=\"wp-image-320 size-thumbnail alignleft\" src=\"http:\/\/stay.bedandchai.com\/wp-content\/uploads\/2015\/11\/DSC05995-150x150.jpg\" alt=\"inde destinations\" width=\"150\" height=\"150\" srcset=\"https:\/\/stay.bedandchai.com\/wp-content\/uploads\/2015\/11\/DSC05995-150x150.jpg 150w, https:\/\/stay.bedandchai.com\/wp-content\/uploads\/2015\/11\/DSC05995-250x250.jpg 250w, https:\/\/stay.bedandchai.com\/wp-content\/uploads\/2015\/11\/DSC05995-174x174.jpg 174w\" sizes=\"auto, (max-width: 150px) 100vw, 150px\" \/><\/a><\/p>\n<p>Jaipur est la capitale de l\u2019Etat\u00a0indien du Rajashtan. Elle\u00a0se trouve \u00e0\u00a0<span class=\"nowrap\">260\u00a0km<\/span>\u00a0de Delhi et\u00a0est une destination touristique majeure en Inde faisant partie du Triangle d\u2019Or. Les principaux monuments \u00e0 voir sont le Hawal Mahal, Jal Malah, City Palace , Fort Amber et Jantar Mantar.<\/p>\n<p>Train Delhi \u2013 Jaipur : 5 heures environs<\/p>\n<p>&nbsp;<\/p>\n<hr \/>\n<h3>Pushkar<\/h3>\n<p><a href=\"http:\/\/stay.bedandchai.com\/wp-content\/uploads\/2015\/11\/pushkar-1.jpg\" rel=\"attachment wp-att-413\"><img loading=\"lazy\" decoding=\"async\" class=\"wp-image-413 size-thumbnail alignleft\" src=\"http:\/\/stay.bedandchai.com\/wp-content\/uploads\/2015\/11\/pushkar-1-150x150.jpg\" alt=\"Endroit Inde\" width=\"150\" height=\"150\" srcset=\"https:\/\/stay.bedandchai.com\/wp-content\/uploads\/2015\/11\/pushkar-1-150x150.jpg 150w, https:\/\/stay.bedandchai.com\/wp-content\/uploads\/2015\/11\/pushkar-1-250x250.jpg 250w, https:\/\/stay.bedandchai.com\/wp-content\/uploads\/2015\/11\/pushkar-1-174x174.jpg 174w\" sizes=\"auto, (max-width: 150px) 100vw, 150px\" \/><\/a><\/p>\n<p>La ville est situ\u00e9e \u00e0 135km de Jaipur et 391 km de New Dehli et un centre important pour les p\u00e8lerins musulmans. Elle est cern\u00e9e par les montagnes \u00c2r\u00e2valli.<\/p>\n<p>La Pushkar Camel Fair is a Must to do!<\/p>\n<p>Train Delhi &#8211; Ajmer puis\u00a0bus: 10\u00a0heures<\/p>\n<p>&nbsp;<\/p>\n<hr \/>\n<h3>Udaipur<\/h3>\n<p><a href=\"http:\/\/stay.bedandchai.com\/wp-content\/uploads\/2015\/11\/Udaipur.jpg\" rel=\"attachment wp-att-449\"><img loading=\"lazy\" decoding=\"async\" class=\"wp-image-449 size-thumbnail alignleft\" src=\"http:\/\/stay.bedandchai.com\/wp-content\/uploads\/2015\/11\/Udaipur-150x150.jpg\" alt=\"Udaipur\" width=\"150\" height=\"150\" srcset=\"https:\/\/stay.bedandchai.com\/wp-content\/uploads\/2015\/11\/Udaipur-150x150.jpg 150w, https:\/\/stay.bedandchai.com\/wp-content\/uploads\/2015\/11\/Udaipur-250x250.jpg 250w, https:\/\/stay.bedandchai.com\/wp-content\/uploads\/2015\/11\/Udaipur-174x174.jpg 174w\" sizes=\"auto, (max-width: 150px) 100vw, 150px\" \/><\/a><\/p>\n<p>Udaipur est la capitale de l\u2019ancien \u00e9tat princier du Mewar, une belle ville au Rajasthan, c\u00e9l\u00e8bre pour ses lacs et ses palais. Elle est situ\u00e9e \u00e0\u00a0670 km de Delhi.<\/p>\n<p>Train Delhi &#8211; Udaipur: 12\u00a0heures<\/p>\n<p>&nbsp;<\/p>\n<p>&nbsp;<\/p>\n<hr \/>\n<h3>Jodhpur<\/h3>\n<p><a href=\"http:\/\/stay.bedandchai.com\/wp-content\/uploads\/2015\/11\/jodhpur-blue-city.jpg\" rel=\"attachment wp-att-440\"><img loading=\"lazy\" decoding=\"async\" class=\"wp-image-440 size-thumbnail alignleft\" src=\"http:\/\/stay.bedandchai.com\/wp-content\/uploads\/2015\/11\/jodhpur-blue-city-150x150.jpg\" alt=\"week end india\" width=\"150\" height=\"150\" srcset=\"https:\/\/stay.bedandchai.com\/wp-content\/uploads\/2015\/11\/jodhpur-blue-city-150x150.jpg 150w, https:\/\/stay.bedandchai.com\/wp-content\/uploads\/2015\/11\/jodhpur-blue-city-250x250.jpg 250w, https:\/\/stay.bedandchai.com\/wp-content\/uploads\/2015\/11\/jodhpur-blue-city-174x174.jpg 174w\" sizes=\"auto, (max-width: 150px) 100vw, 150px\" \/><\/a><\/p>\n<p>Jodhpur est commun\u00e9ment surnomm\u00e9e la \u00ab\u00a0ville bleue\u00a0\u00bb car la plupart des maisons de la vieille ville sont peintes de cette couleur. Vous pourrez y visiter le Fort Mehrangarh, Balsamand Lake, Jaswant Tada, Sardar Bazar et pleins d\u2019autres sites historiques pr\u00e9sents.<\/p>\n<p>Train Delhi-Jodhpur : 12 \u00e0 13 heures<\/p>\n<p>&nbsp;<\/p>\n<hr \/>\n<h1 style=\"text-align: center;\">Uttar Pradesh<\/h1>\n<h3>Agra<\/h3>\n<p><a href=\"http:\/\/stay.bedandchai.com\/wp-content\/uploads\/2015\/11\/ImageReader.jpg\" rel=\"attachment wp-att-459\"><img loading=\"lazy\" decoding=\"async\" class=\"wp-image-459 size-thumbnail alignleft\" src=\"http:\/\/stay.bedandchai.com\/wp-content\/uploads\/2015\/11\/ImageReader-150x150.jpg\" alt=\"Taj Mahal \" width=\"150\" height=\"150\" srcset=\"https:\/\/stay.bedandchai.com\/wp-content\/uploads\/2015\/11\/ImageReader-150x150.jpg 150w, https:\/\/stay.bedandchai.com\/wp-content\/uploads\/2015\/11\/ImageReader-250x250.jpg 250w, https:\/\/stay.bedandchai.com\/wp-content\/uploads\/2015\/11\/ImageReader-174x174.jpg 174w\" sizes=\"auto, (max-width: 150px) 100vw, 150px\" \/><\/a><\/p>\n<p>Agra est la ville du Taj Mahal, dans l\u2019etat \u00a0de l\u2019Uttar Pradesh, \u00e0 environ 200 km de Delhi.<\/p>\n<p>Train Delhi &#8211; Agra: 2\u00a0heures<\/p>\n<p>Par la route, prenez bien l&rsquo;Express way!<\/p>\n<p>&nbsp;<\/p>\n<p>&nbsp;<\/p>\n<hr \/>\n<h3>Varanasi<\/h3>\n<p><a href=\"http:\/\/stay.bedandchai.com\/wp-content\/uploads\/2015\/11\/1.jpg\" rel=\"attachment wp-att-460\"><img loading=\"lazy\" decoding=\"async\" class=\"alignleft wp-image-460 size-thumbnail\" src=\"http:\/\/stay.bedandchai.com\/wp-content\/uploads\/2015\/11\/1-150x150.jpg\" alt=\"Voyage gange\" width=\"150\" height=\"150\" srcset=\"https:\/\/stay.bedandchai.com\/wp-content\/uploads\/2015\/11\/1-150x150.jpg 150w, https:\/\/stay.bedandchai.com\/wp-content\/uploads\/2015\/11\/1-250x250.jpg 250w, https:\/\/stay.bedandchai.com\/wp-content\/uploads\/2015\/11\/1-174x174.jpg 174w\" sizes=\"auto, (max-width: 150px) 100vw, 150px\" \/><\/a><\/p>\n<p>Situ\u00e9e sur la rive gauche du Gange, la ville est consid\u00e9r\u00e9e comme l\u2019une des villes les plus anciennement habit\u00e9es du monde.\u00a0D\u00e9di\u00e9e principalement \u00e0 Shiva, elle est la cit\u00e9 qui accueille le plus de p\u00e8lerins en Inde, et, fait partie des sept villes sacr\u00e9es\u00a0de l\u2019hindouisme.\u00a0La ville de B\u00e9nar\u00e8s est surtout c\u00e9l\u00e8bre pour ses ghats, berges recouvertes de marches de pierres.\u00a0Le temple majeur de la ville est le Vishvanatha ou \u00ab\u00a0temple d\u2019or\u00a0\u00bb.\u00a0La ville est fameuse aussi pour son artisanat\u00a0: saris de soie brod\u00e9s, enluminures, joaillerie, bronzes.<\/p>\n<p>Train Delhi \u2013 Varanasi : 15 heures, reservez votre train \u00e0 l&rsquo;avance<\/p>\n","protected":false},"excerpt":{"rendered":"<p>Rajasthan Jaipur \u00ab\u00a0la ville rose\u00a0\u00bb Jaipur est la capitale de l\u2019Etat\u00a0indien du Rajashtan. Elle\u00a0se trouve \u00e0\u00a0260\u00a0km\u00a0de Delhi et\u00a0est une destination touristique majeure en Inde faisant partie du Triangle d\u2019Or. Les principaux monuments \u00e0 voir sont le Hawal Mahal, Jal Malah, City Palace , Fort Amber et Jantar Mantar. Train Delhi [&hellip;]<\/p>\n","protected":false},"author":2,"featured_media":0,"parent":0,"menu_order":0,"comment_status":"closed","ping_status":"closed","template":"","meta":{"_bbp_topic_count":0,"_bbp_reply_count":0,"_bbp_total_topic_count":0,"_bbp_total_reply_count":0,"_bbp_voice_count":0,"_bbp_anonymous_reply_count":0,"_bbp_topic_count_hidden":0,"_bbp_reply_count_hidden":0,"_bbp_forum_subforum_count":0,"_themeisle_gutenberg_block_has_review":false,"footnotes":""},"class_list":["post-660","page","type-page","status-publish","hentry"],"yoast_head":"<!-- This site is optimized with the Yoast SEO plugin v27.3 - https:\/\/yoast.com\/product\/yoast-seo-wordpress\/ -->\n<title>Les Classiques - S&#039;installer \u00e0 Delhi avec Bed &amp; Chai<\/title>\n<meta name=\"description\" content=\"Which places you must visit in India? Rajasthan with Jaipur the pink city or Uttar pradesh with Varanasie?... Let us help you to visit this beautiful India.\" \/>\n<meta name=\"robots\" content=\"index, follow, max-snippet:-1, max-image-preview:large, max-video-preview:-1\" \/>\n<link rel=\"canonical\" href=\"https:\/\/stay.bedandchai.com\/the-classics\/\" \/>\n<meta property=\"og:locale\" content=\"fr_FR\" \/>\n<meta property=\"og:type\" content=\"article\" \/>\n<meta property=\"og:title\" content=\"Les Classiques - S&#039;installer \u00e0 Delhi avec Bed &amp; Chai\" \/>\n<meta property=\"og:description\" content=\"Which places you must visit in India? Rajasthan with Jaipur the pink city or Uttar pradesh with Varanasie?... Let us help you to visit this beautiful India.\" \/>\n<meta property=\"og:url\" content=\"https:\/\/stay.bedandchai.com\/the-classics\/\" \/>\n<meta property=\"og:site_name\" content=\"S&#039;installer \u00e0 Delhi avec Bed &amp; Chai\" \/>\n<meta property=\"article:modified_time\" content=\"2016-09-02T11:26:17+00:00\" \/>\n<meta property=\"og:image\" content=\"https:\/\/stay.bedandchai.com\/wp-content\/uploads\/2015\/11\/DSC05995.jpg\" \/>\n\t<meta property=\"og:image:width\" content=\"1280\" \/>\n\t<meta property=\"og:image:height\" content=\"853\" \/>\n\t<meta property=\"og:image:type\" content=\"image\/jpeg\" \/>\n<meta name=\"twitter:card\" content=\"summary_large_image\" \/>\n<meta name=\"twitter:label1\" content=\"Dur\u00e9e de lecture estim\u00e9e\" \/>\n\t<meta name=\"twitter:data1\" content=\"2 minutes\" \/>\n<script type=\"application\/ld+json\" class=\"yoast-schema-graph\">{\"@context\":\"https:\\\/\\\/schema.org\",\"@graph\":[{\"@type\":\"WebPage\",\"@id\":\"https:\\\/\\\/stay.bedandchai.com\\\/the-classics\\\/\",\"url\":\"https:\\\/\\\/stay.bedandchai.com\\\/the-classics\\\/\",\"name\":\"Les Classiques - S&#039;installer \u00e0 Delhi avec Bed &amp; Chai\",\"isPartOf\":{\"@id\":\"https:\\\/\\\/stay.bedandchai.com\\\/#website\"},\"primaryImageOfPage\":{\"@id\":\"https:\\\/\\\/stay.bedandchai.com\\\/the-classics\\\/#primaryimage\"},\"image\":{\"@id\":\"https:\\\/\\\/stay.bedandchai.com\\\/the-classics\\\/#primaryimage\"},\"thumbnailUrl\":\"http:\\\/\\\/stay.bedandchai.com\\\/wp-content\\\/uploads\\\/2015\\\/11\\\/DSC05995-150x150.jpg\",\"datePublished\":\"2016-03-15T15:17:30+00:00\",\"dateModified\":\"2016-09-02T11:26:17+00:00\",\"description\":\"Which places you must visit in India? Rajasthan with Jaipur the pink city or Uttar pradesh with Varanasie?... Let us help you to visit this beautiful India.\",\"breadcrumb\":{\"@id\":\"https:\\\/\\\/stay.bedandchai.com\\\/the-classics\\\/#breadcrumb\"},\"inLanguage\":\"fr-FR\",\"potentialAction\":[{\"@type\":\"ReadAction\",\"target\":[\"https:\\\/\\\/stay.bedandchai.com\\\/the-classics\\\/\"]}]},{\"@type\":\"ImageObject\",\"inLanguage\":\"fr-FR\",\"@id\":\"https:\\\/\\\/stay.bedandchai.com\\\/the-classics\\\/#primaryimage\",\"url\":\"http:\\\/\\\/stay.bedandchai.com\\\/wp-content\\\/uploads\\\/2015\\\/11\\\/DSC05995-150x150.jpg\",\"contentUrl\":\"http:\\\/\\\/stay.bedandchai.com\\\/wp-content\\\/uploads\\\/2015\\\/11\\\/DSC05995-150x150.jpg\"},{\"@type\":\"BreadcrumbList\",\"@id\":\"https:\\\/\\\/stay.bedandchai.com\\\/the-classics\\\/#breadcrumb\",\"itemListElement\":[{\"@type\":\"ListItem\",\"position\":1,\"name\":\"Home\",\"item\":\"https:\\\/\\\/stay.bedandchai.com\\\/\"},{\"@type\":\"ListItem\",\"position\":2,\"name\":\"The Classics\"}]},{\"@type\":\"WebSite\",\"@id\":\"https:\\\/\\\/stay.bedandchai.com\\\/#website\",\"url\":\"https:\\\/\\\/stay.bedandchai.com\\\/\",\"name\":\"S&#039;installer \u00e0 Delhi avec Bed &amp; Chai\",\"description\":\"Pour une arriv\u00e9e en douceur\",\"potentialAction\":[{\"@type\":\"SearchAction\",\"target\":{\"@type\":\"EntryPoint\",\"urlTemplate\":\"https:\\\/\\\/stay.bedandchai.com\\\/?s={search_term_string}\"},\"query-input\":{\"@type\":\"PropertyValueSpecification\",\"valueRequired\":true,\"valueName\":\"search_term_string\"}}],\"inLanguage\":\"fr-FR\"}]}<\/script>\n<!-- \/ Yoast SEO plugin. -->","yoast_head_json":{"title":"Les Classiques - S&#039;installer \u00e0 Delhi avec Bed &amp; Chai","description":"Which places you must visit in India? Rajasthan with Jaipur the pink city or Uttar pradesh with Varanasie?... Let us help you to visit this beautiful India.","robots":{"index":"index","follow":"follow","max-snippet":"max-snippet:-1","max-image-preview":"max-image-preview:large","max-video-preview":"max-video-preview:-1"},"canonical":"https:\/\/stay.bedandchai.com\/the-classics\/","og_locale":"fr_FR","og_type":"article","og_title":"Les Classiques - S&#039;installer \u00e0 Delhi avec Bed &amp; Chai","og_description":"Which places you must visit in India? Rajasthan with Jaipur the pink city or Uttar pradesh with Varanasie?... Let us help you to visit this beautiful India.","og_url":"https:\/\/stay.bedandchai.com\/the-classics\/","og_site_name":"S&#039;installer \u00e0 Delhi avec Bed &amp; Chai","article_modified_time":"2016-09-02T11:26:17+00:00","og_image":[{"width":1280,"height":853,"url":"https:\/\/stay.bedandchai.com\/wp-content\/uploads\/2015\/11\/DSC05995.jpg","type":"image\/jpeg"}],"twitter_card":"summary_large_image","twitter_misc":{"Dur\u00e9e de lecture estim\u00e9e":"2 minutes"},"schema":{"@context":"https:\/\/schema.org","@graph":[{"@type":"WebPage","@id":"https:\/\/stay.bedandchai.com\/the-classics\/","url":"https:\/\/stay.bedandchai.com\/the-classics\/","name":"Les Classiques - S&#039;installer \u00e0 Delhi avec Bed &amp; Chai","isPartOf":{"@id":"https:\/\/stay.bedandchai.com\/#website"},"primaryImageOfPage":{"@id":"https:\/\/stay.bedandchai.com\/the-classics\/#primaryimage"},"image":{"@id":"https:\/\/stay.bedandchai.com\/the-classics\/#primaryimage"},"thumbnailUrl":"http:\/\/stay.bedandchai.com\/wp-content\/uploads\/2015\/11\/DSC05995-150x150.jpg","datePublished":"2016-03-15T15:17:30+00:00","dateModified":"2016-09-02T11:26:17+00:00","description":"Which places you must visit in India? Rajasthan with Jaipur the pink city or Uttar pradesh with Varanasie?... Let us help you to visit this beautiful India.","breadcrumb":{"@id":"https:\/\/stay.bedandchai.com\/the-classics\/#breadcrumb"},"inLanguage":"fr-FR","potentialAction":[{"@type":"ReadAction","target":["https:\/\/stay.bedandchai.com\/the-classics\/"]}]},{"@type":"ImageObject","inLanguage":"fr-FR","@id":"https:\/\/stay.bedandchai.com\/the-classics\/#primaryimage","url":"http:\/\/stay.bedandchai.com\/wp-content\/uploads\/2015\/11\/DSC05995-150x150.jpg","contentUrl":"http:\/\/stay.bedandchai.com\/wp-content\/uploads\/2015\/11\/DSC05995-150x150.jpg"},{"@type":"BreadcrumbList","@id":"https:\/\/stay.bedandchai.com\/the-classics\/#breadcrumb","itemListElement":[{"@type":"ListItem","position":1,"name":"Home","item":"https:\/\/stay.bedandchai.com\/"},{"@type":"ListItem","position":2,"name":"The Classics"}]},{"@type":"WebSite","@id":"https:\/\/stay.bedandchai.com\/#website","url":"https:\/\/stay.bedandchai.com\/","name":"S&#039;installer \u00e0 Delhi avec Bed &amp; Chai","description":"Pour une arriv\u00e9e en douceur","potentialAction":[{"@type":"SearchAction","target":{"@type":"EntryPoint","urlTemplate":"https:\/\/stay.bedandchai.com\/?s={search_term_string}"},"query-input":{"@type":"PropertyValueSpecification","valueRequired":true,"valueName":"search_term_string"}}],"inLanguage":"fr-FR"}]}},"_links":{"self":[{"href":"https:\/\/stay.bedandchai.com\/fr\/wp-json\/wp\/v2\/pages\/660","targetHints":{"allow":["GET"]}}],"collection":[{"href":"https:\/\/stay.bedandchai.com\/fr\/wp-json\/wp\/v2\/pages"}],"about":[{"href":"https:\/\/stay.bedandchai.com\/fr\/wp-json\/wp\/v2\/types\/page"}],"author":[{"embeddable":true,"href":"https:\/\/stay.bedandchai.com\/fr\/wp-json\/wp\/v2\/users\/2"}],"replies":[{"embeddable":true,"href":"https:\/\/stay.bedandchai.com\/fr\/wp-json\/wp\/v2\/comments?post=660"}],"version-history":[{"count":13,"href":"https:\/\/stay.bedandchai.com\/fr\/wp-json\/wp\/v2\/pages\/660\/revisions"}],"predecessor-version":[{"id":895,"href":"https:\/\/stay.bedandchai.com\/fr\/wp-json\/wp\/v2\/pages\/660\/revisions\/895"}],"wp:attachment":[{"href":"https:\/\/stay.bedandchai.com\/fr\/wp-json\/wp\/v2\/media?parent=660"}],"curies":[{"name":"wp","href":"https:\/\/api.w.org\/{rel}","templated":true}]}}