{"id":662,"date":"2016-03-15T15:18:44","date_gmt":"2016-03-15T15:18:44","guid":{"rendered":"http:\/\/stay.bedandchai.com\/?page_id=662"},"modified":"2016-06-22T11:24:39","modified_gmt":"2016-06-22T11:24:39","slug":"nature","status":"publish","type":"page","link":"https:\/\/stay.bedandchai.com\/fr\/nature\/","title":{"rendered":"Nature"},"content":{"rendered":"<h3 style=\"text-align: left;\">Manali<\/h3>\n<p><a href=\"http:\/\/stay.bedandchai.com\/wp-content\/uploads\/2015\/11\/Manali.jpg\" rel=\"attachment wp-att-431\"><img loading=\"lazy\" decoding=\"async\" class=\"wp-image-431 size-thumbnail alignleft\" src=\"http:\/\/stay.bedandchai.com\/wp-content\/uploads\/2015\/11\/Manali-150x150.jpg\" alt=\"Mountains India\" width=\"150\" height=\"150\" srcset=\"https:\/\/stay.bedandchai.com\/wp-content\/uploads\/2015\/11\/Manali-150x150.jpg 150w, https:\/\/stay.bedandchai.com\/wp-content\/uploads\/2015\/11\/Manali-250x250.jpg 250w, https:\/\/stay.bedandchai.com\/wp-content\/uploads\/2015\/11\/Manali-174x174.jpg 174w\" sizes=\"auto, (max-width: 150px) 100vw, 150px\" \/><\/a><\/p>\n<p>Manali est une ville\u00a0de l\u2019\u00c9tat de l\u2019Himachal Pradesh\u00a0en Inde, situ\u00e9e dans le district de Kullu.\u00a0De nombreuses randonn\u00e9es sont possibles au d\u00e9part de Manali et les sites d\u2019Old Manali\u00a0ou de Vashist\u00a0constituent des destinations privil\u00e9gi\u00e9es.<\/p>\n<p>Bus Delhi \u2013 Manali : 13 heures<\/p>\n<p>&nbsp;<\/p>\n<hr \/>\n<h3>Lansdowne<\/h3>\n<p><a href=\"http:\/\/stay.bedandchai.com\/wp-content\/uploads\/2015\/11\/lansdowne-1.jpg\" rel=\"attachment wp-att-446\"><img loading=\"lazy\" decoding=\"async\" class=\"alignleft wp-image-446 size-thumbnail\" src=\"http:\/\/stay.bedandchai.com\/wp-content\/uploads\/2015\/11\/lansdowne-1-150x150.jpg\" alt=\"Hotel Delhi\" width=\"150\" height=\"150\" srcset=\"https:\/\/stay.bedandchai.com\/wp-content\/uploads\/2015\/11\/lansdowne-1-150x150.jpg 150w, https:\/\/stay.bedandchai.com\/wp-content\/uploads\/2015\/11\/lansdowne-1-250x250.jpg 250w, https:\/\/stay.bedandchai.com\/wp-content\/uploads\/2015\/11\/lansdowne-1-174x174.jpg 174w\" sizes=\"auto, (max-width: 150px) 100vw, 150px\" \/><\/a><\/p>\n<p>Lansdowne est une ville dans le district de Pauri Garhwal dans l&rsquo;Etat indien d&rsquo;Uttarakhand.<\/p>\n<p>Train ou voiture\u00a0: 6\u00a0heures<\/p>\n<p>&nbsp;<\/p>\n<p>&nbsp;<\/p>\n<hr \/>\n<h3>Rishikesh<\/h3>\n<p><a href=\"http:\/\/stay.bedandchai.com\/wp-content\/uploads\/2015\/11\/laxman-jhula-scene_optimized.jpg\" rel=\"attachment wp-att-622\"><img loading=\"lazy\" decoding=\"async\" class=\"wp-image-622 size-thumbnail alignleft\" src=\"http:\/\/stay.bedandchai.com\/wp-content\/uploads\/2015\/11\/laxman-jhula-scene_optimized-150x150.jpg\" alt=\"Rishikesh\" width=\"150\" height=\"150\" srcset=\"https:\/\/stay.bedandchai.com\/wp-content\/uploads\/2015\/11\/laxman-jhula-scene_optimized-150x150.jpg 150w, https:\/\/stay.bedandchai.com\/wp-content\/uploads\/2015\/11\/laxman-jhula-scene_optimized-250x250.jpg 250w, https:\/\/stay.bedandchai.com\/wp-content\/uploads\/2015\/11\/laxman-jhula-scene_optimized-174x174.jpg 174w\" sizes=\"auto, (max-width: 150px) 100vw, 150px\" \/><\/a><\/p>\n<p>Rishikesh est une ville de l\u2019etat de l\u2019Uttarakhand.\u00a0Elle est connue en occident depuis que les Beatles y s\u00e9journ\u00e8rent en F\u00e9vrier 1968<\/p>\n<p>Rafting possible en \u00e9t\u00e9!<\/p>\n<p>Train Delhi &#8211; Haridwar puis bus :\u00a07\u00a0&#8211;\u00a010\u00a0heures<\/p>\n<p>&nbsp;<\/p>\n<hr \/>\n<h3>Mussoorie<\/h3>\n<p><a href=\"http:\/\/stay.bedandchai.com\/wp-content\/uploads\/2015\/11\/Mussoorie.jpg\" rel=\"attachment wp-att-445\"><img loading=\"lazy\" decoding=\"async\" class=\"alignleft wp-image-445 size-thumbnail\" src=\"http:\/\/stay.bedandchai.com\/wp-content\/uploads\/2015\/11\/Mussoorie-150x150.jpg\" alt=\"Delhi guesthouse\" width=\"150\" height=\"150\" srcset=\"https:\/\/stay.bedandchai.com\/wp-content\/uploads\/2015\/11\/Mussoorie-150x150.jpg 150w, https:\/\/stay.bedandchai.com\/wp-content\/uploads\/2015\/11\/Mussoorie-250x250.jpg 250w, https:\/\/stay.bedandchai.com\/wp-content\/uploads\/2015\/11\/Mussoorie-174x174.jpg 174w\" sizes=\"auto, (max-width: 150px) 100vw, 150px\" \/><\/a><\/p>\n<p>Mussoorie est une petite ville de montagne pr\u00e8s de Dehradun.<\/p>\n<p>Train Delhi &#8211; Dehardun puis\u00a0bus: 12\u00a0heures<\/p>\n<p>&nbsp;<\/p>\n<p>&nbsp;<\/p>\n<hr \/>\n<h3>Shimla<\/h3>\n<p>S<a href=\"http:\/\/stay.bedandchai.com\/wp-content\/uploads\/2016\/03\/St._Michaels_Catholic_Church_Shimla.jpg\" rel=\"attachment wp-att-690\"><img loading=\"lazy\" decoding=\"async\" class=\"alignleft size-thumbnail wp-image-690\" src=\"http:\/\/stay.bedandchai.com\/wp-content\/uploads\/2016\/03\/St._Michaels_Catholic_Church_Shimla-150x150.jpg\" alt=\"Shimla\" width=\"150\" height=\"150\" srcset=\"https:\/\/stay.bedandchai.com\/wp-content\/uploads\/2016\/03\/St._Michaels_Catholic_Church_Shimla-150x150.jpg 150w, https:\/\/stay.bedandchai.com\/wp-content\/uploads\/2016\/03\/St._Michaels_Catholic_Church_Shimla-250x250.jpg 250w, https:\/\/stay.bedandchai.com\/wp-content\/uploads\/2016\/03\/St._Michaels_Catholic_Church_Shimla-174x174.jpg 174w\" sizes=\"auto, (max-width: 150px) 100vw, 150px\" \/><\/a>himla\u00a0est une petite ville de montagne et \u00e9tait la capitale d\u2019\u00e9t\u00e9 des Britanniques. Village tr\u00e8s propre. Le\u00a0toy train\u00a0est excellent!<\/p>\n<p>Train Delhi &#8211; Kalka puis\u00a0bus ou le Toy Train : 12\u00a0&#8211; 16 hours<\/p>\n<p>&nbsp;<\/p>\n<p>&nbsp;<\/p>\n<hr \/>\n<h3>Bir<\/h3>\n<p><img loading=\"lazy\" decoding=\"async\" class=\"alignleft size-thumbnail wp-image-689\" src=\"http:\/\/stay.bedandchai.com\/wp-content\/uploads\/2016\/03\/toy-train-1024x681-150x150.jpg\" alt=\"Bir billing\" width=\"150\" height=\"150\" srcset=\"https:\/\/stay.bedandchai.com\/wp-content\/uploads\/2016\/03\/toy-train-1024x681-150x150.jpg 150w, https:\/\/stay.bedandchai.com\/wp-content\/uploads\/2016\/03\/toy-train-1024x681-250x250.jpg 250w, https:\/\/stay.bedandchai.com\/wp-content\/uploads\/2016\/03\/toy-train-1024x681-174x174.jpg 174w\" sizes=\"auto, (max-width: 150px) 100vw, 150px\" \/>Meilleur\u00a0spot de parapente d&rsquo;Asie entoure par les temples bouddhistes.<\/p>\n<p>Plus d&rsquo;infos\u00a0:\u00a0<a href=\"http:\/\/blog.bedandchai.com\/fr\/bir-paragliding-paradise\">http:\/\/blog.bedandchai.com\/fr\/bir-paragliding-paradise<\/a>\/<\/p>\n<p>&nbsp;<\/p>\n<p>&nbsp;<\/p>\n<hr \/>\n<h3>Gulmarg<\/h3>\n<p><a href=\"http:\/\/stay.bedandchai.com\/wp-content\/uploads\/2016\/03\/gulmarg.jpg\" rel=\"attachment wp-att-691\"><img loading=\"lazy\" decoding=\"async\" class=\"alignleft size-thumbnail wp-image-691\" src=\"http:\/\/stay.bedandchai.com\/wp-content\/uploads\/2016\/03\/gulmarg-150x150.jpg\" alt=\"gulmarg\" width=\"150\" height=\"150\" srcset=\"https:\/\/stay.bedandchai.com\/wp-content\/uploads\/2016\/03\/gulmarg-150x150.jpg 150w, https:\/\/stay.bedandchai.com\/wp-content\/uploads\/2016\/03\/gulmarg-250x250.jpg 250w, https:\/\/stay.bedandchai.com\/wp-content\/uploads\/2016\/03\/gulmarg-174x174.jpg 174w\" sizes=\"auto, (max-width: 150px) 100vw, 150px\" \/><\/a>Meilleure station de ski de l&rsquo;Himalaya!<\/p>\n<p>Vol vers\u00a0Srinaagar + 3 heures de voiture<\/p>\n","protected":false},"excerpt":{"rendered":"<p>Manali Manali est une ville\u00a0de l\u2019\u00c9tat de l\u2019Himachal Pradesh\u00a0en Inde, situ\u00e9e dans le district de Kullu.\u00a0De nombreuses randonn\u00e9es sont possibles au d\u00e9part de Manali et les sites d\u2019Old Manali\u00a0ou de Vashist\u00a0constituent des destinations privil\u00e9gi\u00e9es. Bus Delhi \u2013 Manali : 13 heures &nbsp; Lansdowne Lansdowne est une ville dans le district [&hellip;]<\/p>\n","protected":false},"author":2,"featured_media":0,"parent":0,"menu_order":0,"comment_status":"closed","ping_status":"closed","template":"","meta":{"_bbp_topic_count":0,"_bbp_reply_count":0,"_bbp_total_topic_count":0,"_bbp_total_reply_count":0,"_bbp_voice_count":0,"_bbp_anonymous_reply_count":0,"_bbp_topic_count_hidden":0,"_bbp_reply_count_hidden":0,"_bbp_forum_subforum_count":0,"_themeisle_gutenberg_block_has_review":false,"footnotes":""},"class_list":["post-662","page","type-page","status-publish","hentry"],"yoast_head":"<!-- This site is optimized with the Yoast SEO plugin v27.4 - https:\/\/yoast.com\/product\/yoast-seo-wordpress\/ -->\n<title>Nature - S&#039;installer \u00e0 Delhi avec Bed &amp; Chai<\/title>\n<meta name=\"description\" content=\"(English) India has a lot of natural beautiful places to show you. Here you will find some advices and adress to enjoy your trip to the fullest.\" \/>\n<meta name=\"robots\" content=\"index, follow, max-snippet:-1, max-image-preview:large, max-video-preview:-1\" \/>\n<link rel=\"canonical\" href=\"https:\/\/stay.bedandchai.com\/fr\/nature\/\" \/>\n<meta property=\"og:locale\" content=\"fr_FR\" \/>\n<meta property=\"og:type\" content=\"article\" \/>\n<meta property=\"og:title\" content=\"Nature - S&#039;installer \u00e0 Delhi avec Bed &amp; Chai\" \/>\n<meta property=\"og:description\" content=\"(English) India has a lot of natural beautiful places to show you. Here you will find some advices and adress to enjoy your trip to the fullest.\" \/>\n<meta property=\"og:url\" content=\"https:\/\/stay.bedandchai.com\/fr\/nature\/\" \/>\n<meta property=\"og:site_name\" content=\"S&#039;installer \u00e0 Delhi avec Bed &amp; Chai\" \/>\n<meta property=\"article:modified_time\" content=\"2016-06-22T11:24:39+00:00\" \/>\n<meta property=\"og:image\" content=\"https:\/\/stay.bedandchai.com\/wp-content\/uploads\/2015\/11\/Manali.jpg\" \/>\n\t<meta property=\"og:image:width\" content=\"938\" \/>\n\t<meta property=\"og:image:height\" content=\"410\" \/>\n\t<meta property=\"og:image:type\" content=\"image\/jpeg\" \/>\n<meta name=\"twitter:card\" content=\"summary_large_image\" \/>\n<meta name=\"twitter:label1\" content=\"Dur\u00e9e de lecture estim\u00e9e\" \/>\n\t<meta name=\"twitter:data1\" content=\"1 minute\" \/>\n<script type=\"application\/ld+json\" class=\"yoast-schema-graph\">{\"@context\":\"https:\\\/\\\/schema.org\",\"@graph\":[{\"@type\":\"WebPage\",\"@id\":\"https:\\\/\\\/stay.bedandchai.com\\\/fr\\\/nature\\\/\",\"url\":\"https:\\\/\\\/stay.bedandchai.com\\\/fr\\\/nature\\\/\",\"name\":\"Nature - S&#039;installer \u00e0 Delhi avec Bed &amp; Chai\",\"isPartOf\":{\"@id\":\"https:\\\/\\\/stay.bedandchai.com\\\/#website\"},\"primaryImageOfPage\":{\"@id\":\"https:\\\/\\\/stay.bedandchai.com\\\/fr\\\/nature\\\/#primaryimage\"},\"image\":{\"@id\":\"https:\\\/\\\/stay.bedandchai.com\\\/fr\\\/nature\\\/#primaryimage\"},\"thumbnailUrl\":\"http:\\\/\\\/stay.bedandchai.com\\\/wp-content\\\/uploads\\\/2015\\\/11\\\/Manali-150x150.jpg\",\"datePublished\":\"2016-03-15T15:18:44+00:00\",\"dateModified\":\"2016-06-22T11:24:39+00:00\",\"description\":\"(English) India has a lot of natural beautiful places to show you. Here you will find some advices and adress to enjoy your trip to the fullest.\",\"breadcrumb\":{\"@id\":\"https:\\\/\\\/stay.bedandchai.com\\\/fr\\\/nature\\\/#breadcrumb\"},\"inLanguage\":\"fr-FR\",\"potentialAction\":[{\"@type\":\"ReadAction\",\"target\":[\"https:\\\/\\\/stay.bedandchai.com\\\/fr\\\/nature\\\/\"]}]},{\"@type\":\"ImageObject\",\"inLanguage\":\"fr-FR\",\"@id\":\"https:\\\/\\\/stay.bedandchai.com\\\/fr\\\/nature\\\/#primaryimage\",\"url\":\"http:\\\/\\\/stay.bedandchai.com\\\/wp-content\\\/uploads\\\/2015\\\/11\\\/Manali-150x150.jpg\",\"contentUrl\":\"http:\\\/\\\/stay.bedandchai.com\\\/wp-content\\\/uploads\\\/2015\\\/11\\\/Manali-150x150.jpg\"},{\"@type\":\"BreadcrumbList\",\"@id\":\"https:\\\/\\\/stay.bedandchai.com\\\/fr\\\/nature\\\/#breadcrumb\",\"itemListElement\":[{\"@type\":\"ListItem\",\"position\":1,\"name\":\"Home\",\"item\":\"https:\\\/\\\/stay.bedandchai.com\\\/\"},{\"@type\":\"ListItem\",\"position\":2,\"name\":\"Nature\"}]},{\"@type\":\"WebSite\",\"@id\":\"https:\\\/\\\/stay.bedandchai.com\\\/#website\",\"url\":\"https:\\\/\\\/stay.bedandchai.com\\\/\",\"name\":\"S&#039;installer \u00e0 Delhi avec Bed &amp; Chai\",\"description\":\"Pour une arriv\u00e9e en douceur\",\"potentialAction\":[{\"@type\":\"SearchAction\",\"target\":{\"@type\":\"EntryPoint\",\"urlTemplate\":\"https:\\\/\\\/stay.bedandchai.com\\\/?s={search_term_string}\"},\"query-input\":{\"@type\":\"PropertyValueSpecification\",\"valueRequired\":true,\"valueName\":\"search_term_string\"}}],\"inLanguage\":\"fr-FR\"}]}<\/script>\n<!-- \/ Yoast SEO plugin. -->","yoast_head_json":{"title":"Nature - S&#039;installer \u00e0 Delhi avec Bed &amp; Chai","description":"(English) India has a lot of natural beautiful places to show you. Here you will find some advices and adress to enjoy your trip to the fullest.","robots":{"index":"index","follow":"follow","max-snippet":"max-snippet:-1","max-image-preview":"max-image-preview:large","max-video-preview":"max-video-preview:-1"},"canonical":"https:\/\/stay.bedandchai.com\/fr\/nature\/","og_locale":"fr_FR","og_type":"article","og_title":"Nature - S&#039;installer \u00e0 Delhi avec Bed &amp; Chai","og_description":"(English) India has a lot of natural beautiful places to show you. Here you will find some advices and adress to enjoy your trip to the fullest.","og_url":"https:\/\/stay.bedandchai.com\/fr\/nature\/","og_site_name":"S&#039;installer \u00e0 Delhi avec Bed &amp; Chai","article_modified_time":"2016-06-22T11:24:39+00:00","og_image":[{"width":938,"height":410,"url":"https:\/\/stay.bedandchai.com\/wp-content\/uploads\/2015\/11\/Manali.jpg","type":"image\/jpeg"}],"twitter_card":"summary_large_image","twitter_misc":{"Dur\u00e9e de lecture estim\u00e9e":"1 minute"},"schema":{"@context":"https:\/\/schema.org","@graph":[{"@type":"WebPage","@id":"https:\/\/stay.bedandchai.com\/fr\/nature\/","url":"https:\/\/stay.bedandchai.com\/fr\/nature\/","name":"Nature - S&#039;installer \u00e0 Delhi avec Bed &amp; Chai","isPartOf":{"@id":"https:\/\/stay.bedandchai.com\/#website"},"primaryImageOfPage":{"@id":"https:\/\/stay.bedandchai.com\/fr\/nature\/#primaryimage"},"image":{"@id":"https:\/\/stay.bedandchai.com\/fr\/nature\/#primaryimage"},"thumbnailUrl":"http:\/\/stay.bedandchai.com\/wp-content\/uploads\/2015\/11\/Manali-150x150.jpg","datePublished":"2016-03-15T15:18:44+00:00","dateModified":"2016-06-22T11:24:39+00:00","description":"(English) India has a lot of natural beautiful places to show you. Here you will find some advices and adress to enjoy your trip to the fullest.","breadcrumb":{"@id":"https:\/\/stay.bedandchai.com\/fr\/nature\/#breadcrumb"},"inLanguage":"fr-FR","potentialAction":[{"@type":"ReadAction","target":["https:\/\/stay.bedandchai.com\/fr\/nature\/"]}]},{"@type":"ImageObject","inLanguage":"fr-FR","@id":"https:\/\/stay.bedandchai.com\/fr\/nature\/#primaryimage","url":"http:\/\/stay.bedandchai.com\/wp-content\/uploads\/2015\/11\/Manali-150x150.jpg","contentUrl":"http:\/\/stay.bedandchai.com\/wp-content\/uploads\/2015\/11\/Manali-150x150.jpg"},{"@type":"BreadcrumbList","@id":"https:\/\/stay.bedandchai.com\/fr\/nature\/#breadcrumb","itemListElement":[{"@type":"ListItem","position":1,"name":"Home","item":"https:\/\/stay.bedandchai.com\/"},{"@type":"ListItem","position":2,"name":"Nature"}]},{"@type":"WebSite","@id":"https:\/\/stay.bedandchai.com\/#website","url":"https:\/\/stay.bedandchai.com\/","name":"S&#039;installer \u00e0 Delhi avec Bed &amp; Chai","description":"Pour une arriv\u00e9e en douceur","potentialAction":[{"@type":"SearchAction","target":{"@type":"EntryPoint","urlTemplate":"https:\/\/stay.bedandchai.com\/?s={search_term_string}"},"query-input":{"@type":"PropertyValueSpecification","valueRequired":true,"valueName":"search_term_string"}}],"inLanguage":"fr-FR"}]}},"_links":{"self":[{"href":"https:\/\/stay.bedandchai.com\/fr\/wp-json\/wp\/v2\/pages\/662","targetHints":{"allow":["GET"]}}],"collection":[{"href":"https:\/\/stay.bedandchai.com\/fr\/wp-json\/wp\/v2\/pages"}],"about":[{"href":"https:\/\/stay.bedandchai.com\/fr\/wp-json\/wp\/v2\/types\/page"}],"author":[{"embeddable":true,"href":"https:\/\/stay.bedandchai.com\/fr\/wp-json\/wp\/v2\/users\/2"}],"replies":[{"embeddable":true,"href":"https:\/\/stay.bedandchai.com\/fr\/wp-json\/wp\/v2\/comments?post=662"}],"version-history":[{"count":10,"href":"https:\/\/stay.bedandchai.com\/fr\/wp-json\/wp\/v2\/pages\/662\/revisions"}],"predecessor-version":[{"id":889,"href":"https:\/\/stay.bedandchai.com\/fr\/wp-json\/wp\/v2\/pages\/662\/revisions\/889"}],"wp:attachment":[{"href":"https:\/\/stay.bedandchai.com\/fr\/wp-json\/wp\/v2\/media?parent=662"}],"curies":[{"name":"wp","href":"https:\/\/api.w.org\/{rel}","templated":true}]}}