{"id":665,"date":"2016-03-15T15:19:34","date_gmt":"2016-03-15T15:19:34","guid":{"rendered":"http:\/\/stay.bedandchai.com\/?page_id=665"},"modified":"2016-06-15T06:59:14","modified_gmt":"2016-06-15T06:59:14","slug":"off-the-beaten-tracks","status":"publish","type":"page","link":"https:\/\/stay.bedandchai.com\/fr\/off-the-beaten-tracks\/","title":{"rendered":"Hors des sentiers battus"},"content":{"rendered":"<h3 style=\"text-align: left;\">Khajuraho<\/h3>\n<p><img loading=\"lazy\" decoding=\"async\" class=\"alignleft wp-image-441 size-thumbnail\" src=\"http:\/\/stay.bedandchai.com\/wp-content\/uploads\/2015\/11\/khajurahojpg-150x150.jpg\" alt=\"Khajuraho hotel\" width=\"150\" height=\"150\" srcset=\"https:\/\/stay.bedandchai.com\/wp-content\/uploads\/2015\/11\/khajurahojpg-150x150.jpg 150w, https:\/\/stay.bedandchai.com\/wp-content\/uploads\/2015\/11\/khajurahojpg-174x174.jpg 174w\" sizes=\"auto, (max-width: 150px) 100vw, 150px\" \/><\/p>\n<p>Les Temples du Kamasutra ! Beau groupe de monuments avec des temples hindous et ja\u00efns dans le Madhya Pradesh.<\/p>\n<p>TrainDelhi &#8211; Khajuraho: 12 heures<\/p>\n<p>&nbsp;<\/p>\n<p>&nbsp;<\/p>\n<hr \/>\n<h3 style=\"text-align: left;\">Neemrana Fort-Palace<\/h3>\n<p><a href=\"http:\/\/stay.bedandchai.com\/wp-content\/uploads\/2015\/11\/02-neemarana_fort01__details_page_1.jpg\" rel=\"attachment wp-att-422\"><img loading=\"lazy\" decoding=\"async\" class=\"alignleft wp-image-422 size-thumbnail\" src=\"http:\/\/stay.bedandchai.com\/wp-content\/uploads\/2015\/11\/02-neemarana_fort01__details_page_1-150x150.jpg\" alt=\"Destinations Inde\" width=\"150\" height=\"150\" srcset=\"https:\/\/stay.bedandchai.com\/wp-content\/uploads\/2015\/11\/02-neemarana_fort01__details_page_1-150x150.jpg 150w, https:\/\/stay.bedandchai.com\/wp-content\/uploads\/2015\/11\/02-neemarana_fort01__details_page_1-250x250.jpg 250w, https:\/\/stay.bedandchai.com\/wp-content\/uploads\/2015\/11\/02-neemarana_fort01__details_page_1-174x174.jpg 174w\" sizes=\"auto, (max-width: 150px) 100vw, 150px\" \/><\/a><\/p>\n<p>Neemrana Fort Palace \u00e0 2 heures de Delhi. Un petit paradis, un peu cher quand m\u00eame!<\/p>\n<p>&nbsp;<\/p>\n<p>&nbsp;<\/p>\n<p>&nbsp;<\/p>\n<p>&nbsp;<\/p>\n<hr \/>\n<h3>Bundi<\/h3>\n<p><img loading=\"lazy\" decoding=\"async\" class=\"wp-image-428 size-thumbnail alignleft\" src=\"http:\/\/stay.bedandchai.com\/wp-content\/uploads\/2015\/11\/NYR_3430_0046-150x150.jpg\" alt=\"Ville Rajasthan\" width=\"150\" height=\"150\" srcset=\"https:\/\/stay.bedandchai.com\/wp-content\/uploads\/2015\/11\/NYR_3430_0046-150x150.jpg 150w, https:\/\/stay.bedandchai.com\/wp-content\/uploads\/2015\/11\/NYR_3430_0046-250x250.jpg 250w, https:\/\/stay.bedandchai.com\/wp-content\/uploads\/2015\/11\/NYR_3430_0046-174x174.jpg 174w\" sizes=\"auto, (max-width: 150px) 100vw, 150px\" \/><\/p>\n<p>Une ville captivante avec des ruelles \u00e9troites de \u00a0maisons bleues de brahmanes, des lacs, des collines, des bazars et un temple \u00e0 chaque coin de rue, Bundi est domin\u00e9e par un petit palais.<\/p>\n<p>Train Delhi &#8211; Bundi: 12 heures, ou par Kota<\/p>\n<p>&nbsp;<\/p>\n<p>&nbsp;<\/p>\n<hr \/>\n<h3>Kalakho<\/h3>\n<p><a href=\"http:\/\/stay.bedandchai.com\/wp-content\/uploads\/2015\/11\/Kalakho.jpg\" rel=\"attachment wp-att-425\"><img loading=\"lazy\" decoding=\"async\" class=\"alignleft wp-image-425 size-thumbnail\" src=\"http:\/\/stay.bedandchai.com\/wp-content\/uploads\/2015\/11\/Kalakho-150x150.jpg\" alt=\"Around Delhi\" width=\"150\" height=\"150\" srcset=\"https:\/\/stay.bedandchai.com\/wp-content\/uploads\/2015\/11\/Kalakho-150x150.jpg 150w, https:\/\/stay.bedandchai.com\/wp-content\/uploads\/2015\/11\/Kalakho-250x250.jpg 250w, https:\/\/stay.bedandchai.com\/wp-content\/uploads\/2015\/11\/Kalakho-174x174.jpg 174w\" sizes=\"auto, (max-width: 150px) 100vw, 150px\" \/><\/a><\/p>\n<p>Un superbe puit\u00a0dans ce petit village. Vous pouvez dormir au Fort Madhogarh, l&rsquo;un des moins chers du Rajasthan.<\/p>\n<p>Train Delhi &#8211; Jaipur ou Bandikui: 5\u00a0heures<\/p>\n<p>&nbsp;<\/p>\n<p>&nbsp;<\/p>\n<hr \/>\n<h3>Gwalior<\/h3>\n<p><a href=\"http:\/\/stay.bedandchai.com\/wp-content\/uploads\/2015\/11\/Gwalior_-_Inde.jpg\" rel=\"attachment wp-att-450\"><img loading=\"lazy\" decoding=\"async\" class=\"wp-image-450 size-thumbnail alignleft\" src=\"http:\/\/stay.bedandchai.com\/wp-content\/uploads\/2015\/11\/Gwalior_-_Inde-150x150.jpg\" alt=\"Delhi hotel\" width=\"150\" height=\"150\" srcset=\"https:\/\/stay.bedandchai.com\/wp-content\/uploads\/2015\/11\/Gwalior_-_Inde-150x150.jpg 150w, https:\/\/stay.bedandchai.com\/wp-content\/uploads\/2015\/11\/Gwalior_-_Inde-250x250.jpg 250w, https:\/\/stay.bedandchai.com\/wp-content\/uploads\/2015\/11\/Gwalior_-_Inde-174x174.jpg 174w\" sizes=\"auto, (max-width: 150px) 100vw, 150px\" \/><\/a><\/p>\n<p>C\u00e9l\u00e8bre pour son fort m\u00e9di\u00e9val, et d\u00e9crit par l&#8217;empereur moghol Babur comme \u00ab\u00a0la perle des forteresses\u00a0\u00bb en Inde.<\/p>\n<p>Train Delhi &#8211; Gwalior: 8 heures<\/p>\n<p>&nbsp;<\/p>\n<p>&nbsp;<\/p>\n<hr \/>\n<h3>Orchha<strong>\u00a0<\/strong><\/h3>\n<p><a href=\"http:\/\/stay.bedandchai.com\/wp-content\/uploads\/2015\/11\/orchha-chatris.jpg\" rel=\"attachment wp-att-451\"><img loading=\"lazy\" decoding=\"async\" class=\"wp-image-451 size-thumbnail alignleft\" src=\"http:\/\/stay.bedandchai.com\/wp-content\/uploads\/2015\/11\/orchha-chatris-150x150.jpg\" alt=\"Orchha\" width=\"150\" height=\"150\" srcset=\"https:\/\/stay.bedandchai.com\/wp-content\/uploads\/2015\/11\/orchha-chatris-150x150.jpg 150w, https:\/\/stay.bedandchai.com\/wp-content\/uploads\/2015\/11\/orchha-chatris-250x250.jpg 250w, https:\/\/stay.bedandchai.com\/wp-content\/uploads\/2015\/11\/orchha-chatris-174x174.jpg 174w\" sizes=\"auto, (max-width: 150px) 100vw, 150px\" \/><\/a>Orchha signifie litt\u00e9ralement \u00ablieu cach\u00e9\u00bb et il reste fid\u00e8le \u00e0 son nom! Situ\u00e9 dans le Madhya Pradesh, Orchha n&rsquo;est pas sur la plupart des tours. Mais avec de beaux monuments, r\u00e9v\u00e9lant des histoires de batailles entre les rois et les empereurs, Orchha m\u00e9rite le\u00a0d\u00e9tour!<\/p>\n<p>Train Delhi &#8211; Jhansi: 10\u00a0heures<\/p>\n","protected":false},"excerpt":{"rendered":"<p>Khajuraho Les Temples du Kamasutra ! Beau groupe de monuments avec des temples hindous et ja\u00efns dans le Madhya Pradesh. TrainDelhi &#8211; Khajuraho: 12 heures &nbsp; &nbsp; Neemrana Fort-Palace Neemrana Fort Palace \u00e0 2 heures de Delhi. Un petit paradis, un peu cher quand m\u00eame! &nbsp; &nbsp; &nbsp; &nbsp; Bundi [&hellip;]<\/p>\n","protected":false},"author":2,"featured_media":0,"parent":0,"menu_order":0,"comment_status":"closed","ping_status":"closed","template":"","meta":{"_bbp_topic_count":0,"_bbp_reply_count":0,"_bbp_total_topic_count":0,"_bbp_total_reply_count":0,"_bbp_voice_count":0,"_bbp_anonymous_reply_count":0,"_bbp_topic_count_hidden":0,"_bbp_reply_count_hidden":0,"_bbp_forum_subforum_count":0,"_themeisle_gutenberg_block_has_review":false,"footnotes":""},"class_list":["post-665","page","type-page","status-publish","hentry"],"yoast_head":"<!-- This site is optimized with the Yoast SEO plugin v27.4 - https:\/\/yoast.com\/product\/yoast-seo-wordpress\/ -->\n<title>Hors des sentiers battus - S&#039;installer \u00e0 Delhi avec Bed &amp; Chai<\/title>\n<meta name=\"description\" content=\"Want to visit beautiful places outside the city ? Here you will find some advices for a visit of wonderful places in India off the beaten tracks\" \/>\n<meta name=\"robots\" content=\"index, follow, max-snippet:-1, max-image-preview:large, max-video-preview:-1\" \/>\n<link rel=\"canonical\" href=\"https:\/\/stay.bedandchai.com\/off-the-beaten-tracks\/\" \/>\n<meta property=\"og:locale\" content=\"fr_FR\" \/>\n<meta property=\"og:type\" content=\"article\" \/>\n<meta property=\"og:title\" content=\"Hors des sentiers battus - S&#039;installer \u00e0 Delhi avec Bed &amp; Chai\" \/>\n<meta property=\"og:description\" content=\"Want to visit beautiful places outside the city ? Here you will find some advices for a visit of wonderful places in India off the beaten tracks\" \/>\n<meta property=\"og:url\" content=\"https:\/\/stay.bedandchai.com\/off-the-beaten-tracks\/\" \/>\n<meta property=\"og:site_name\" content=\"S&#039;installer \u00e0 Delhi avec Bed &amp; Chai\" \/>\n<meta property=\"article:modified_time\" content=\"2016-06-15T06:59:14+00:00\" \/>\n<meta property=\"og:image\" content=\"https:\/\/stay.bedandchai.com\/wp-content\/uploads\/2015\/11\/khajurahojpg.jpg\" \/>\n\t<meta property=\"og:image:width\" content=\"590\" \/>\n\t<meta property=\"og:image:height\" content=\"229\" \/>\n\t<meta property=\"og:image:type\" content=\"image\/jpeg\" \/>\n<meta name=\"twitter:card\" content=\"summary_large_image\" \/>\n<meta name=\"twitter:label1\" content=\"Dur\u00e9e de lecture estim\u00e9e\" \/>\n\t<meta name=\"twitter:data1\" content=\"1 minute\" \/>\n<script type=\"application\/ld+json\" class=\"yoast-schema-graph\">{\"@context\":\"https:\\\/\\\/schema.org\",\"@graph\":[{\"@type\":\"WebPage\",\"@id\":\"https:\\\/\\\/stay.bedandchai.com\\\/off-the-beaten-tracks\\\/\",\"url\":\"https:\\\/\\\/stay.bedandchai.com\\\/off-the-beaten-tracks\\\/\",\"name\":\"Hors des sentiers battus - S&#039;installer \u00e0 Delhi avec Bed &amp; Chai\",\"isPartOf\":{\"@id\":\"https:\\\/\\\/stay.bedandchai.com\\\/#website\"},\"primaryImageOfPage\":{\"@id\":\"https:\\\/\\\/stay.bedandchai.com\\\/off-the-beaten-tracks\\\/#primaryimage\"},\"image\":{\"@id\":\"https:\\\/\\\/stay.bedandchai.com\\\/off-the-beaten-tracks\\\/#primaryimage\"},\"thumbnailUrl\":\"http:\\\/\\\/stay.bedandchai.com\\\/wp-content\\\/uploads\\\/2015\\\/11\\\/khajurahojpg-150x150.jpg\",\"datePublished\":\"2016-03-15T15:19:34+00:00\",\"dateModified\":\"2016-06-15T06:59:14+00:00\",\"description\":\"Want to visit beautiful places outside the city ? Here you will find some advices for a visit of wonderful places in India off the beaten tracks\",\"breadcrumb\":{\"@id\":\"https:\\\/\\\/stay.bedandchai.com\\\/off-the-beaten-tracks\\\/#breadcrumb\"},\"inLanguage\":\"fr-FR\",\"potentialAction\":[{\"@type\":\"ReadAction\",\"target\":[\"https:\\\/\\\/stay.bedandchai.com\\\/off-the-beaten-tracks\\\/\"]}]},{\"@type\":\"ImageObject\",\"inLanguage\":\"fr-FR\",\"@id\":\"https:\\\/\\\/stay.bedandchai.com\\\/off-the-beaten-tracks\\\/#primaryimage\",\"url\":\"http:\\\/\\\/stay.bedandchai.com\\\/wp-content\\\/uploads\\\/2015\\\/11\\\/khajurahojpg-150x150.jpg\",\"contentUrl\":\"http:\\\/\\\/stay.bedandchai.com\\\/wp-content\\\/uploads\\\/2015\\\/11\\\/khajurahojpg-150x150.jpg\"},{\"@type\":\"BreadcrumbList\",\"@id\":\"https:\\\/\\\/stay.bedandchai.com\\\/off-the-beaten-tracks\\\/#breadcrumb\",\"itemListElement\":[{\"@type\":\"ListItem\",\"position\":1,\"name\":\"Home\",\"item\":\"https:\\\/\\\/stay.bedandchai.com\\\/\"},{\"@type\":\"ListItem\",\"position\":2,\"name\":\"Off the Beaten Tracks\"}]},{\"@type\":\"WebSite\",\"@id\":\"https:\\\/\\\/stay.bedandchai.com\\\/#website\",\"url\":\"https:\\\/\\\/stay.bedandchai.com\\\/\",\"name\":\"S&#039;installer \u00e0 Delhi avec Bed &amp; Chai\",\"description\":\"Pour une arriv\u00e9e en douceur\",\"potentialAction\":[{\"@type\":\"SearchAction\",\"target\":{\"@type\":\"EntryPoint\",\"urlTemplate\":\"https:\\\/\\\/stay.bedandchai.com\\\/?s={search_term_string}\"},\"query-input\":{\"@type\":\"PropertyValueSpecification\",\"valueRequired\":true,\"valueName\":\"search_term_string\"}}],\"inLanguage\":\"fr-FR\"}]}<\/script>\n<!-- \/ Yoast SEO plugin. -->","yoast_head_json":{"title":"Hors des sentiers battus - S&#039;installer \u00e0 Delhi avec Bed &amp; Chai","description":"Want to visit beautiful places outside the city ? Here you will find some advices for a visit of wonderful places in India off the beaten tracks","robots":{"index":"index","follow":"follow","max-snippet":"max-snippet:-1","max-image-preview":"max-image-preview:large","max-video-preview":"max-video-preview:-1"},"canonical":"https:\/\/stay.bedandchai.com\/off-the-beaten-tracks\/","og_locale":"fr_FR","og_type":"article","og_title":"Hors des sentiers battus - S&#039;installer \u00e0 Delhi avec Bed &amp; Chai","og_description":"Want to visit beautiful places outside the city ? Here you will find some advices for a visit of wonderful places in India off the beaten tracks","og_url":"https:\/\/stay.bedandchai.com\/off-the-beaten-tracks\/","og_site_name":"S&#039;installer \u00e0 Delhi avec Bed &amp; Chai","article_modified_time":"2016-06-15T06:59:14+00:00","og_image":[{"width":590,"height":229,"url":"https:\/\/stay.bedandchai.com\/wp-content\/uploads\/2015\/11\/khajurahojpg.jpg","type":"image\/jpeg"}],"twitter_card":"summary_large_image","twitter_misc":{"Dur\u00e9e de lecture estim\u00e9e":"1 minute"},"schema":{"@context":"https:\/\/schema.org","@graph":[{"@type":"WebPage","@id":"https:\/\/stay.bedandchai.com\/off-the-beaten-tracks\/","url":"https:\/\/stay.bedandchai.com\/off-the-beaten-tracks\/","name":"Hors des sentiers battus - S&#039;installer \u00e0 Delhi avec Bed &amp; Chai","isPartOf":{"@id":"https:\/\/stay.bedandchai.com\/#website"},"primaryImageOfPage":{"@id":"https:\/\/stay.bedandchai.com\/off-the-beaten-tracks\/#primaryimage"},"image":{"@id":"https:\/\/stay.bedandchai.com\/off-the-beaten-tracks\/#primaryimage"},"thumbnailUrl":"http:\/\/stay.bedandchai.com\/wp-content\/uploads\/2015\/11\/khajurahojpg-150x150.jpg","datePublished":"2016-03-15T15:19:34+00:00","dateModified":"2016-06-15T06:59:14+00:00","description":"Want to visit beautiful places outside the city ? Here you will find some advices for a visit of wonderful places in India off the beaten tracks","breadcrumb":{"@id":"https:\/\/stay.bedandchai.com\/off-the-beaten-tracks\/#breadcrumb"},"inLanguage":"fr-FR","potentialAction":[{"@type":"ReadAction","target":["https:\/\/stay.bedandchai.com\/off-the-beaten-tracks\/"]}]},{"@type":"ImageObject","inLanguage":"fr-FR","@id":"https:\/\/stay.bedandchai.com\/off-the-beaten-tracks\/#primaryimage","url":"http:\/\/stay.bedandchai.com\/wp-content\/uploads\/2015\/11\/khajurahojpg-150x150.jpg","contentUrl":"http:\/\/stay.bedandchai.com\/wp-content\/uploads\/2015\/11\/khajurahojpg-150x150.jpg"},{"@type":"BreadcrumbList","@id":"https:\/\/stay.bedandchai.com\/off-the-beaten-tracks\/#breadcrumb","itemListElement":[{"@type":"ListItem","position":1,"name":"Home","item":"https:\/\/stay.bedandchai.com\/"},{"@type":"ListItem","position":2,"name":"Off the Beaten Tracks"}]},{"@type":"WebSite","@id":"https:\/\/stay.bedandchai.com\/#website","url":"https:\/\/stay.bedandchai.com\/","name":"S&#039;installer \u00e0 Delhi avec Bed &amp; Chai","description":"Pour une arriv\u00e9e en douceur","potentialAction":[{"@type":"SearchAction","target":{"@type":"EntryPoint","urlTemplate":"https:\/\/stay.bedandchai.com\/?s={search_term_string}"},"query-input":{"@type":"PropertyValueSpecification","valueRequired":true,"valueName":"search_term_string"}}],"inLanguage":"fr-FR"}]}},"_links":{"self":[{"href":"https:\/\/stay.bedandchai.com\/fr\/wp-json\/wp\/v2\/pages\/665","targetHints":{"allow":["GET"]}}],"collection":[{"href":"https:\/\/stay.bedandchai.com\/fr\/wp-json\/wp\/v2\/pages"}],"about":[{"href":"https:\/\/stay.bedandchai.com\/fr\/wp-json\/wp\/v2\/types\/page"}],"author":[{"embeddable":true,"href":"https:\/\/stay.bedandchai.com\/fr\/wp-json\/wp\/v2\/users\/2"}],"replies":[{"embeddable":true,"href":"https:\/\/stay.bedandchai.com\/fr\/wp-json\/wp\/v2\/comments?post=665"}],"version-history":[{"count":8,"href":"https:\/\/stay.bedandchai.com\/fr\/wp-json\/wp\/v2\/pages\/665\/revisions"}],"predecessor-version":[{"id":988,"href":"https:\/\/stay.bedandchai.com\/fr\/wp-json\/wp\/v2\/pages\/665\/revisions\/988"}],"wp:attachment":[{"href":"https:\/\/stay.bedandchai.com\/fr\/wp-json\/wp\/v2\/media?parent=665"}],"curies":[{"name":"wp","href":"https:\/\/api.w.org\/{rel}","templated":true}]}}