{"id":667,"date":"2016-03-15T15:20:39","date_gmt":"2016-03-15T15:20:39","guid":{"rendered":"http:\/\/stay.bedandchai.com\/?page_id=667"},"modified":"2016-06-15T06:33:56","modified_gmt":"2016-06-15T06:33:56","slug":"national-parks","status":"publish","type":"page","link":"https:\/\/stay.bedandchai.com\/fr\/national-parks\/","title":{"rendered":"Parc nationaux"},"content":{"rendered":"<h3 style=\"text-align: left;\">The Great Himalayan National Park<\/h3>\n<p><a href=\"http:\/\/stay.bedandchai.com\/wp-content\/uploads\/2016\/03\/great-himalayan-national-park.jpg\" rel=\"attachment wp-att-697\"><img loading=\"lazy\" decoding=\"async\" class=\"alignleft size-thumbnail wp-image-697\" src=\"http:\/\/stay.bedandchai.com\/wp-content\/uploads\/2016\/03\/great-himalayan-national-park-150x150.jpg\" alt=\"great himalayan national park\" width=\"150\" height=\"150\" srcset=\"https:\/\/stay.bedandchai.com\/wp-content\/uploads\/2016\/03\/great-himalayan-national-park-150x150.jpg 150w, https:\/\/stay.bedandchai.com\/wp-content\/uploads\/2016\/03\/great-himalayan-national-park-250x250.jpg 250w, https:\/\/stay.bedandchai.com\/wp-content\/uploads\/2016\/03\/great-himalayan-national-park-174x174.jpg 174w\" sizes=\"auto, (max-width: 150px) 100vw, 150px\" \/><\/a><\/p>\n<p>Class\u00e9 \u00e0 l&rsquo;Unesco depuis 2014, le GHNP\u00a0est un endroit parfait pour \u00e9chapper \u00e0 la chaleur!<\/p>\n<p>Plus de details\u00a0:\u00a0http:\/\/blog.bedandchai.com\/fr\/need-beat-heat-delhi-visit-great-himalayan-national-park\/<\/p>\n<p>Bus Delhi &#8211; Aut: 12 heures+ 1 heure vers Gushaini<\/p>\n<p>&nbsp;<\/p>\n<hr \/>\n<h3>Keoladeo National Park\u00a0or Bharatpur Bird Sanctuary<\/h3>\n<p><a href=\"http:\/\/stay.bedandchai.com\/wp-content\/uploads\/2016\/03\/Keoladeo-NationalPark-Rajasthan.jpeg\" rel=\"attachment wp-att-698\"><img loading=\"lazy\" decoding=\"async\" class=\"alignleft size-thumbnail wp-image-698\" src=\"http:\/\/stay.bedandchai.com\/wp-content\/uploads\/2016\/03\/Keoladeo-NationalPark-Rajasthan-150x150.jpeg\" alt=\"bharatpur\" width=\"150\" height=\"150\" srcset=\"https:\/\/stay.bedandchai.com\/wp-content\/uploads\/2016\/03\/Keoladeo-NationalPark-Rajasthan-150x150.jpeg 150w, https:\/\/stay.bedandchai.com\/wp-content\/uploads\/2016\/03\/Keoladeo-NationalPark-Rajasthan-250x250.jpeg 250w, https:\/\/stay.bedandchai.com\/wp-content\/uploads\/2016\/03\/Keoladeo-NationalPark-Rajasthan-174x174.jpeg 174w\" sizes=\"auto, (max-width: 150px) 100vw, 150px\" \/><\/a>Faites du v\u00e9lo\u00a0toute la journ\u00e9e dans ce sanctuaire aux oiseaux!<\/p>\n<p>Train Delhi &#8211; Bharatpur: 3\u00a0heures<\/p>\n<p>&nbsp;<\/p>\n<p>&nbsp;<\/p>\n<p>&nbsp;<\/p>\n<hr \/>\n<h3>Rathambore National Park<\/h3>\n<p><a href=\"http:\/\/stay.bedandchai.com\/wp-content\/uploads\/2015\/11\/corbett-may1.jpg\" rel=\"attachment wp-att-447\"><img loading=\"lazy\" decoding=\"async\" class=\"wp-image-447 size-thumbnail alignleft\" src=\"http:\/\/stay.bedandchai.com\/wp-content\/uploads\/2015\/11\/corbett-may1-150x150.jpg\" alt=\"Park India\" width=\"150\" height=\"150\" srcset=\"https:\/\/stay.bedandchai.com\/wp-content\/uploads\/2015\/11\/corbett-may1-150x150.jpg 150w, https:\/\/stay.bedandchai.com\/wp-content\/uploads\/2015\/11\/corbett-may1-250x250.jpg 250w, https:\/\/stay.bedandchai.com\/wp-content\/uploads\/2015\/11\/corbett-may1-174x174.jpg 174w\" sizes=\"auto, (max-width: 150px) 100vw, 150px\" \/><\/a>Le c\u00e9l\u00e8bre parc aux tigres \u00e0 seulement 3 heures de Delhi! Ferm\u00e9 pendant la mousson.<\/p>\n<p>Train Delhi &#8211; Sawai Madhopur: 3 heures<\/p>\n<p>&nbsp;<\/p>\n<p>&nbsp;<\/p>\n<p>&nbsp;<\/p>\n<hr \/>\n<h3>Corbett National Park<\/h3>\n<p><a href=\"http:\/\/stay.bedandchai.com\/wp-content\/uploads\/2016\/03\/corbett.png\" rel=\"attachment wp-att-700\"><img loading=\"lazy\" decoding=\"async\" class=\"alignleft size-thumbnail wp-image-700\" src=\"http:\/\/stay.bedandchai.com\/wp-content\/uploads\/2016\/03\/corbett-150x150.png\" alt=\"corbett\" width=\"150\" height=\"150\" srcset=\"https:\/\/stay.bedandchai.com\/wp-content\/uploads\/2016\/03\/corbett-150x150.png 150w, https:\/\/stay.bedandchai.com\/wp-content\/uploads\/2016\/03\/corbett-250x250.png 250w, https:\/\/stay.bedandchai.com\/wp-content\/uploads\/2016\/03\/corbett-174x174.png 174w\" sizes=\"auto, (max-width: 150px) 100vw, 150px\" \/><\/a>Jim Corbett National Park est le plus ancien parc national en Inde et a \u00e9t\u00e9 cr\u00e9\u00e9 en 1936 comme le Hailey National Park pour prot\u00e9ger le tigre du Bengale en danger.<\/p>\n<p>Train Delhi &#8211;\u00a0Ramanagar: 10 heures<\/p>\n","protected":false},"excerpt":{"rendered":"<p>The Great Himalayan National Park Class\u00e9 \u00e0 l&rsquo;Unesco depuis 2014, le GHNP\u00a0est un endroit parfait pour \u00e9chapper \u00e0 la chaleur! Plus de details\u00a0:\u00a0http:\/\/blog.bedandchai.com\/fr\/need-beat-heat-delhi-visit-great-himalayan-national-park\/ Bus Delhi &#8211; Aut: 12 heures+ 1 heure vers Gushaini &nbsp; Keoladeo National Park\u00a0or Bharatpur Bird Sanctuary Faites du v\u00e9lo\u00a0toute la journ\u00e9e dans ce sanctuaire aux oiseaux! [&hellip;]<\/p>\n","protected":false},"author":2,"featured_media":0,"parent":0,"menu_order":0,"comment_status":"closed","ping_status":"closed","template":"","meta":{"_bbp_topic_count":0,"_bbp_reply_count":0,"_bbp_total_topic_count":0,"_bbp_total_reply_count":0,"_bbp_voice_count":0,"_bbp_anonymous_reply_count":0,"_bbp_topic_count_hidden":0,"_bbp_reply_count_hidden":0,"_bbp_forum_subforum_count":0,"_themeisle_gutenberg_block_has_review":false,"footnotes":""},"class_list":["post-667","page","type-page","status-publish","hentry"],"yoast_head":"<!-- This site is optimized with the Yoast SEO plugin v27.4 - https:\/\/yoast.com\/product\/yoast-seo-wordpress\/ -->\n<title>Parc nationaux - S&#039;installer \u00e0 Delhi avec Bed &amp; Chai<\/title>\n<meta name=\"description\" content=\"National Parks you must visit in India ! The Great Himalayan National Park Unesco classified since 2014, the GHNP is a perfect place to escape the heat!\" \/>\n<meta name=\"robots\" content=\"index, follow, max-snippet:-1, max-image-preview:large, max-video-preview:-1\" \/>\n<link rel=\"canonical\" href=\"https:\/\/stay.bedandchai.com\/national-parks\/\" \/>\n<meta property=\"og:locale\" content=\"fr_FR\" \/>\n<meta property=\"og:type\" content=\"article\" \/>\n<meta property=\"og:title\" content=\"Parc nationaux - S&#039;installer \u00e0 Delhi avec Bed &amp; Chai\" \/>\n<meta property=\"og:description\" content=\"National Parks you must visit in India ! The Great Himalayan National Park Unesco classified since 2014, the GHNP is a perfect place to escape the heat!\" \/>\n<meta property=\"og:url\" content=\"https:\/\/stay.bedandchai.com\/national-parks\/\" \/>\n<meta property=\"og:site_name\" content=\"S&#039;installer \u00e0 Delhi avec Bed &amp; Chai\" \/>\n<meta property=\"article:modified_time\" content=\"2016-06-15T06:33:56+00:00\" \/>\n<meta property=\"og:image\" content=\"https:\/\/stay.bedandchai.com\/wp-content\/uploads\/2016\/03\/great-himalayan-national-park.jpg\" \/>\n\t<meta property=\"og:image:width\" content=\"1024\" \/>\n\t<meta property=\"og:image:height\" content=\"681\" \/>\n\t<meta property=\"og:image:type\" content=\"image\/jpeg\" \/>\n<meta name=\"twitter:card\" content=\"summary_large_image\" \/>\n<meta name=\"twitter:label1\" content=\"Dur\u00e9e de lecture estim\u00e9e\" \/>\n\t<meta name=\"twitter:data1\" content=\"1 minute\" \/>\n<script type=\"application\/ld+json\" class=\"yoast-schema-graph\">{\"@context\":\"https:\\\/\\\/schema.org\",\"@graph\":[{\"@type\":\"WebPage\",\"@id\":\"https:\\\/\\\/stay.bedandchai.com\\\/national-parks\\\/\",\"url\":\"https:\\\/\\\/stay.bedandchai.com\\\/national-parks\\\/\",\"name\":\"Parc nationaux - S&#039;installer \u00e0 Delhi avec Bed &amp; Chai\",\"isPartOf\":{\"@id\":\"https:\\\/\\\/stay.bedandchai.com\\\/#website\"},\"primaryImageOfPage\":{\"@id\":\"https:\\\/\\\/stay.bedandchai.com\\\/national-parks\\\/#primaryimage\"},\"image\":{\"@id\":\"https:\\\/\\\/stay.bedandchai.com\\\/national-parks\\\/#primaryimage\"},\"thumbnailUrl\":\"http:\\\/\\\/stay.bedandchai.com\\\/wp-content\\\/uploads\\\/2016\\\/03\\\/great-himalayan-national-park-150x150.jpg\",\"datePublished\":\"2016-03-15T15:20:39+00:00\",\"dateModified\":\"2016-06-15T06:33:56+00:00\",\"description\":\"National Parks you must visit in India ! The Great Himalayan National Park Unesco classified since 2014, the GHNP is a perfect place to escape the heat!\",\"breadcrumb\":{\"@id\":\"https:\\\/\\\/stay.bedandchai.com\\\/national-parks\\\/#breadcrumb\"},\"inLanguage\":\"fr-FR\",\"potentialAction\":[{\"@type\":\"ReadAction\",\"target\":[\"https:\\\/\\\/stay.bedandchai.com\\\/national-parks\\\/\"]}]},{\"@type\":\"ImageObject\",\"inLanguage\":\"fr-FR\",\"@id\":\"https:\\\/\\\/stay.bedandchai.com\\\/national-parks\\\/#primaryimage\",\"url\":\"http:\\\/\\\/stay.bedandchai.com\\\/wp-content\\\/uploads\\\/2016\\\/03\\\/great-himalayan-national-park-150x150.jpg\",\"contentUrl\":\"http:\\\/\\\/stay.bedandchai.com\\\/wp-content\\\/uploads\\\/2016\\\/03\\\/great-himalayan-national-park-150x150.jpg\"},{\"@type\":\"BreadcrumbList\",\"@id\":\"https:\\\/\\\/stay.bedandchai.com\\\/national-parks\\\/#breadcrumb\",\"itemListElement\":[{\"@type\":\"ListItem\",\"position\":1,\"name\":\"Home\",\"item\":\"https:\\\/\\\/stay.bedandchai.com\\\/\"},{\"@type\":\"ListItem\",\"position\":2,\"name\":\"National Parks\"}]},{\"@type\":\"WebSite\",\"@id\":\"https:\\\/\\\/stay.bedandchai.com\\\/#website\",\"url\":\"https:\\\/\\\/stay.bedandchai.com\\\/\",\"name\":\"S&#039;installer \u00e0 Delhi avec Bed &amp; Chai\",\"description\":\"Pour une arriv\u00e9e en douceur\",\"potentialAction\":[{\"@type\":\"SearchAction\",\"target\":{\"@type\":\"EntryPoint\",\"urlTemplate\":\"https:\\\/\\\/stay.bedandchai.com\\\/?s={search_term_string}\"},\"query-input\":{\"@type\":\"PropertyValueSpecification\",\"valueRequired\":true,\"valueName\":\"search_term_string\"}}],\"inLanguage\":\"fr-FR\"}]}<\/script>\n<!-- \/ Yoast SEO plugin. -->","yoast_head_json":{"title":"Parc nationaux - S&#039;installer \u00e0 Delhi avec Bed &amp; Chai","description":"National Parks you must visit in India ! The Great Himalayan National Park Unesco classified since 2014, the GHNP is a perfect place to escape the heat!","robots":{"index":"index","follow":"follow","max-snippet":"max-snippet:-1","max-image-preview":"max-image-preview:large","max-video-preview":"max-video-preview:-1"},"canonical":"https:\/\/stay.bedandchai.com\/national-parks\/","og_locale":"fr_FR","og_type":"article","og_title":"Parc nationaux - S&#039;installer \u00e0 Delhi avec Bed &amp; Chai","og_description":"National Parks you must visit in India ! The Great Himalayan National Park Unesco classified since 2014, the GHNP is a perfect place to escape the heat!","og_url":"https:\/\/stay.bedandchai.com\/national-parks\/","og_site_name":"S&#039;installer \u00e0 Delhi avec Bed &amp; Chai","article_modified_time":"2016-06-15T06:33:56+00:00","og_image":[{"width":1024,"height":681,"url":"https:\/\/stay.bedandchai.com\/wp-content\/uploads\/2016\/03\/great-himalayan-national-park.jpg","type":"image\/jpeg"}],"twitter_card":"summary_large_image","twitter_misc":{"Dur\u00e9e de lecture estim\u00e9e":"1 minute"},"schema":{"@context":"https:\/\/schema.org","@graph":[{"@type":"WebPage","@id":"https:\/\/stay.bedandchai.com\/national-parks\/","url":"https:\/\/stay.bedandchai.com\/national-parks\/","name":"Parc nationaux - S&#039;installer \u00e0 Delhi avec Bed &amp; Chai","isPartOf":{"@id":"https:\/\/stay.bedandchai.com\/#website"},"primaryImageOfPage":{"@id":"https:\/\/stay.bedandchai.com\/national-parks\/#primaryimage"},"image":{"@id":"https:\/\/stay.bedandchai.com\/national-parks\/#primaryimage"},"thumbnailUrl":"http:\/\/stay.bedandchai.com\/wp-content\/uploads\/2016\/03\/great-himalayan-national-park-150x150.jpg","datePublished":"2016-03-15T15:20:39+00:00","dateModified":"2016-06-15T06:33:56+00:00","description":"National Parks you must visit in India ! The Great Himalayan National Park Unesco classified since 2014, the GHNP is a perfect place to escape the heat!","breadcrumb":{"@id":"https:\/\/stay.bedandchai.com\/national-parks\/#breadcrumb"},"inLanguage":"fr-FR","potentialAction":[{"@type":"ReadAction","target":["https:\/\/stay.bedandchai.com\/national-parks\/"]}]},{"@type":"ImageObject","inLanguage":"fr-FR","@id":"https:\/\/stay.bedandchai.com\/national-parks\/#primaryimage","url":"http:\/\/stay.bedandchai.com\/wp-content\/uploads\/2016\/03\/great-himalayan-national-park-150x150.jpg","contentUrl":"http:\/\/stay.bedandchai.com\/wp-content\/uploads\/2016\/03\/great-himalayan-national-park-150x150.jpg"},{"@type":"BreadcrumbList","@id":"https:\/\/stay.bedandchai.com\/national-parks\/#breadcrumb","itemListElement":[{"@type":"ListItem","position":1,"name":"Home","item":"https:\/\/stay.bedandchai.com\/"},{"@type":"ListItem","position":2,"name":"National Parks"}]},{"@type":"WebSite","@id":"https:\/\/stay.bedandchai.com\/#website","url":"https:\/\/stay.bedandchai.com\/","name":"S&#039;installer \u00e0 Delhi avec Bed &amp; Chai","description":"Pour une arriv\u00e9e en douceur","potentialAction":[{"@type":"SearchAction","target":{"@type":"EntryPoint","urlTemplate":"https:\/\/stay.bedandchai.com\/?s={search_term_string}"},"query-input":{"@type":"PropertyValueSpecification","valueRequired":true,"valueName":"search_term_string"}}],"inLanguage":"fr-FR"}]}},"_links":{"self":[{"href":"https:\/\/stay.bedandchai.com\/fr\/wp-json\/wp\/v2\/pages\/667","targetHints":{"allow":["GET"]}}],"collection":[{"href":"https:\/\/stay.bedandchai.com\/fr\/wp-json\/wp\/v2\/pages"}],"about":[{"href":"https:\/\/stay.bedandchai.com\/fr\/wp-json\/wp\/v2\/types\/page"}],"author":[{"embeddable":true,"href":"https:\/\/stay.bedandchai.com\/fr\/wp-json\/wp\/v2\/users\/2"}],"replies":[{"embeddable":true,"href":"https:\/\/stay.bedandchai.com\/fr\/wp-json\/wp\/v2\/comments?post=667"}],"version-history":[{"count":11,"href":"https:\/\/stay.bedandchai.com\/fr\/wp-json\/wp\/v2\/pages\/667\/revisions"}],"predecessor-version":[{"id":857,"href":"https:\/\/stay.bedandchai.com\/fr\/wp-json\/wp\/v2\/pages\/667\/revisions\/857"}],"wp:attachment":[{"href":"https:\/\/stay.bedandchai.com\/fr\/wp-json\/wp\/v2\/media?parent=667"}],"curies":[{"name":"wp","href":"https:\/\/api.w.org\/{rel}","templated":true}]}}