{"id":793,"date":"2016-05-17T11:59:15","date_gmt":"2016-05-17T11:59:15","guid":{"rendered":"http:\/\/stay.bedandchai.com\/?page_id=793"},"modified":"2016-05-17T11:59:15","modified_gmt":"2016-05-17T11:59:15","slug":"pay-bill","status":"publish","type":"page","link":"https:\/\/stay.bedandchai.com\/fr\/pay-bill\/","title":{"rendered":"Payez vos factures"},"content":{"rendered":"<h2>Comment payer votre facture de la maison\u00a0?<\/h2>\n<p><a href=\"http:\/\/stay.bedandchai.com\/wp-content\/uploads\/2016\/02\/bills.png\"><img loading=\"lazy\" decoding=\"async\" class=\"alignleft wp-image-397 size-thumbnail\" src=\"http:\/\/stay.bedandchai.com\/wp-content\/uploads\/2016\/02\/bills-150x150.png\" alt=\"bill\" width=\"150\" height=\"150\" srcset=\"https:\/\/stay.bedandchai.com\/wp-content\/uploads\/2016\/02\/bills-150x150.png 150w, https:\/\/stay.bedandchai.com\/wp-content\/uploads\/2016\/02\/bills-300x300.png 300w, https:\/\/stay.bedandchai.com\/wp-content\/uploads\/2016\/02\/bills-250x250.png 250w, https:\/\/stay.bedandchai.com\/wp-content\/uploads\/2016\/02\/bills-174x174.png 174w, https:\/\/stay.bedandchai.com\/wp-content\/uploads\/2016\/02\/bills.png 625w\" sizes=\"auto, (max-width: 150px) 100vw, 150px\" \/><\/a><\/p>\n<p>La plupart des factures, recharge de t\u00e9l\u00e9phone ou billets de train peuvent \u00eatre pay\u00e9s en ligne. Mais un compte bancaire indien est demand\u00e9 dans 90% des cas.<\/p>\n<h4>Vous pr\u00e9voyez de rester plus de 6 mois ?\u00a0Ouvrez un compte en banque indien<\/h4>\n<p>Pas facile, mais il vous permettra d&rsquo;\u00e9conomiser du temps. Nous recommandons les banques priv\u00e9es comme HDFC ou Axis bank. Le plus important, choisir une banque \u00e0 proximit\u00e9 de votre bureau ou de votre\u00a0domicile, vous devrez y retourner \u00e0 plusieurs\u00a0reprises&#8230;<\/p>\n<h4>Moins de 6 mois? Une solution est d&rsquo;avoir un compte Paytm.<\/h4>\n<ol>\n<li>Allez sur <a href=\"http:\/\/www.paytm.com\">www.paytm.com<\/a>, ouvrez un compte avec votre num\u00e9ro de t\u00e9l\u00e9phone indien et email.<\/li>\n<li>Ensuite, vous pouvez recharger votre compte dans un petit magasin avec le logo Paytm.<\/li>\n<li>Si vous ne faites pas v\u00e9rifier votre adresse, vous serez autoris\u00e9 \u00e0 recharger seulement 5000rs \/ mois.\u00a0Cela suffit pour\u00a0payer votre facture de t\u00e9l\u00e9phone, mais cela sera surement insuffisant pour une facture\u00a0d&rsquo;\u00e9lectricit\u00e9 en \u00e9t\u00e9.<\/li>\n<li>Vous serez alors en mesure de recharger votre t\u00e9l\u00e9phone, payer votre facture d&rsquo;\u00e9lectricit\u00e9, acheter des\u00a0billets de train sur le site Web de l&rsquo;IRCTC, ou m\u00eame pour r\u00e9server des billets de cin\u00e9ma.<\/li>\n<\/ol>\n","protected":false},"excerpt":{"rendered":"<p>Comment payer votre facture de la maison\u00a0? La plupart des factures, recharge de t\u00e9l\u00e9phone ou billets de train peuvent \u00eatre pay\u00e9s en ligne. Mais un compte bancaire indien est demand\u00e9 dans 90% des cas. Vous pr\u00e9voyez de rester plus de 6 mois ?\u00a0Ouvrez un compte en banque indien Pas facile, [&hellip;]<\/p>\n","protected":false},"author":2,"featured_media":0,"parent":0,"menu_order":0,"comment_status":"closed","ping_status":"closed","template":"","meta":{"_bbp_topic_count":0,"_bbp_reply_count":0,"_bbp_total_topic_count":0,"_bbp_total_reply_count":0,"_bbp_voice_count":0,"_bbp_anonymous_reply_count":0,"_bbp_topic_count_hidden":0,"_bbp_reply_count_hidden":0,"_bbp_forum_subforum_count":0,"_themeisle_gutenberg_block_has_review":false,"footnotes":""},"class_list":["post-793","page","type-page","status-publish","hentry"],"yoast_head":"<!-- This site is optimized with the Yoast SEO plugin v27.4 - https:\/\/yoast.com\/product\/yoast-seo-wordpress\/ -->\n<title>Payez vos factures - S&#039;installer \u00e0 Delhi avec Bed &amp; Chai<\/title>\n<meta name=\"description\" content=\"(English) How to pay your bill from home without Indian bank account? Most of the bills, phone recharge or train tickets can be paid online.\" \/>\n<meta name=\"robots\" content=\"index, follow, max-snippet:-1, max-image-preview:large, max-video-preview:-1\" \/>\n<link rel=\"canonical\" href=\"https:\/\/stay.bedandchai.com\/fr\/pay-bill\/\" \/>\n<meta property=\"og:locale\" content=\"fr_FR\" \/>\n<meta property=\"og:type\" content=\"article\" \/>\n<meta property=\"og:title\" content=\"Payez vos factures - S&#039;installer \u00e0 Delhi avec Bed &amp; Chai\" \/>\n<meta property=\"og:description\" content=\"(English) How to pay your bill from home without Indian bank account? Most of the bills, phone recharge or train tickets can be paid online.\" \/>\n<meta property=\"og:url\" content=\"https:\/\/stay.bedandchai.com\/fr\/pay-bill\/\" \/>\n<meta property=\"og:site_name\" content=\"S&#039;installer \u00e0 Delhi avec Bed &amp; Chai\" \/>\n<meta property=\"og:image\" content=\"https:\/\/stay.bedandchai.com\/wp-content\/uploads\/2016\/02\/bills.png\" \/>\n\t<meta property=\"og:image:width\" content=\"625\" \/>\n\t<meta property=\"og:image:height\" content=\"625\" \/>\n\t<meta property=\"og:image:type\" content=\"image\/png\" \/>\n<meta name=\"twitter:card\" content=\"summary_large_image\" \/>\n<meta name=\"twitter:label1\" content=\"Dur\u00e9e de lecture estim\u00e9e\" \/>\n\t<meta name=\"twitter:data1\" content=\"1 minute\" \/>\n<script type=\"application\/ld+json\" class=\"yoast-schema-graph\">{\"@context\":\"https:\\\/\\\/schema.org\",\"@graph\":[{\"@type\":\"WebPage\",\"@id\":\"https:\\\/\\\/stay.bedandchai.com\\\/fr\\\/pay-bill\\\/\",\"url\":\"https:\\\/\\\/stay.bedandchai.com\\\/fr\\\/pay-bill\\\/\",\"name\":\"Payez vos factures - S&#039;installer \u00e0 Delhi avec Bed &amp; Chai\",\"isPartOf\":{\"@id\":\"https:\\\/\\\/stay.bedandchai.com\\\/#website\"},\"primaryImageOfPage\":{\"@id\":\"https:\\\/\\\/stay.bedandchai.com\\\/fr\\\/pay-bill\\\/#primaryimage\"},\"image\":{\"@id\":\"https:\\\/\\\/stay.bedandchai.com\\\/fr\\\/pay-bill\\\/#primaryimage\"},\"thumbnailUrl\":\"http:\\\/\\\/stay.bedandchai.com\\\/wp-content\\\/uploads\\\/2016\\\/02\\\/bills-150x150.png\",\"datePublished\":\"2016-05-17T11:59:15+00:00\",\"description\":\"(English) How to pay your bill from home without Indian bank account? Most of the bills, phone recharge or train tickets can be paid online.\",\"breadcrumb\":{\"@id\":\"https:\\\/\\\/stay.bedandchai.com\\\/fr\\\/pay-bill\\\/#breadcrumb\"},\"inLanguage\":\"fr-FR\",\"potentialAction\":[{\"@type\":\"ReadAction\",\"target\":[\"https:\\\/\\\/stay.bedandchai.com\\\/fr\\\/pay-bill\\\/\"]}]},{\"@type\":\"ImageObject\",\"inLanguage\":\"fr-FR\",\"@id\":\"https:\\\/\\\/stay.bedandchai.com\\\/fr\\\/pay-bill\\\/#primaryimage\",\"url\":\"http:\\\/\\\/stay.bedandchai.com\\\/wp-content\\\/uploads\\\/2016\\\/02\\\/bills-150x150.png\",\"contentUrl\":\"http:\\\/\\\/stay.bedandchai.com\\\/wp-content\\\/uploads\\\/2016\\\/02\\\/bills-150x150.png\"},{\"@type\":\"BreadcrumbList\",\"@id\":\"https:\\\/\\\/stay.bedandchai.com\\\/fr\\\/pay-bill\\\/#breadcrumb\",\"itemListElement\":[{\"@type\":\"ListItem\",\"position\":1,\"name\":\"Home\",\"item\":\"https:\\\/\\\/stay.bedandchai.com\\\/\"},{\"@type\":\"ListItem\",\"position\":2,\"name\":\"Payez vos factures\"}]},{\"@type\":\"WebSite\",\"@id\":\"https:\\\/\\\/stay.bedandchai.com\\\/#website\",\"url\":\"https:\\\/\\\/stay.bedandchai.com\\\/\",\"name\":\"S&#039;installer \u00e0 Delhi avec Bed &amp; Chai\",\"description\":\"Pour une arriv\u00e9e en douceur\",\"potentialAction\":[{\"@type\":\"SearchAction\",\"target\":{\"@type\":\"EntryPoint\",\"urlTemplate\":\"https:\\\/\\\/stay.bedandchai.com\\\/?s={search_term_string}\"},\"query-input\":{\"@type\":\"PropertyValueSpecification\",\"valueRequired\":true,\"valueName\":\"search_term_string\"}}],\"inLanguage\":\"fr-FR\"}]}<\/script>\n<!-- \/ Yoast SEO plugin. -->","yoast_head_json":{"title":"Payez vos factures - S&#039;installer \u00e0 Delhi avec Bed &amp; Chai","description":"(English) How to pay your bill from home without Indian bank account? Most of the bills, phone recharge or train tickets can be paid online.","robots":{"index":"index","follow":"follow","max-snippet":"max-snippet:-1","max-image-preview":"max-image-preview:large","max-video-preview":"max-video-preview:-1"},"canonical":"https:\/\/stay.bedandchai.com\/fr\/pay-bill\/","og_locale":"fr_FR","og_type":"article","og_title":"Payez vos factures - S&#039;installer \u00e0 Delhi avec Bed &amp; Chai","og_description":"(English) How to pay your bill from home without Indian bank account? Most of the bills, phone recharge or train tickets can be paid online.","og_url":"https:\/\/stay.bedandchai.com\/fr\/pay-bill\/","og_site_name":"S&#039;installer \u00e0 Delhi avec Bed &amp; Chai","og_image":[{"width":625,"height":625,"url":"https:\/\/stay.bedandchai.com\/wp-content\/uploads\/2016\/02\/bills.png","type":"image\/png"}],"twitter_card":"summary_large_image","twitter_misc":{"Dur\u00e9e de lecture estim\u00e9e":"1 minute"},"schema":{"@context":"https:\/\/schema.org","@graph":[{"@type":"WebPage","@id":"https:\/\/stay.bedandchai.com\/fr\/pay-bill\/","url":"https:\/\/stay.bedandchai.com\/fr\/pay-bill\/","name":"Payez vos factures - S&#039;installer \u00e0 Delhi avec Bed &amp; Chai","isPartOf":{"@id":"https:\/\/stay.bedandchai.com\/#website"},"primaryImageOfPage":{"@id":"https:\/\/stay.bedandchai.com\/fr\/pay-bill\/#primaryimage"},"image":{"@id":"https:\/\/stay.bedandchai.com\/fr\/pay-bill\/#primaryimage"},"thumbnailUrl":"http:\/\/stay.bedandchai.com\/wp-content\/uploads\/2016\/02\/bills-150x150.png","datePublished":"2016-05-17T11:59:15+00:00","description":"(English) How to pay your bill from home without Indian bank account? Most of the bills, phone recharge or train tickets can be paid online.","breadcrumb":{"@id":"https:\/\/stay.bedandchai.com\/fr\/pay-bill\/#breadcrumb"},"inLanguage":"fr-FR","potentialAction":[{"@type":"ReadAction","target":["https:\/\/stay.bedandchai.com\/fr\/pay-bill\/"]}]},{"@type":"ImageObject","inLanguage":"fr-FR","@id":"https:\/\/stay.bedandchai.com\/fr\/pay-bill\/#primaryimage","url":"http:\/\/stay.bedandchai.com\/wp-content\/uploads\/2016\/02\/bills-150x150.png","contentUrl":"http:\/\/stay.bedandchai.com\/wp-content\/uploads\/2016\/02\/bills-150x150.png"},{"@type":"BreadcrumbList","@id":"https:\/\/stay.bedandchai.com\/fr\/pay-bill\/#breadcrumb","itemListElement":[{"@type":"ListItem","position":1,"name":"Home","item":"https:\/\/stay.bedandchai.com\/"},{"@type":"ListItem","position":2,"name":"Payez vos factures"}]},{"@type":"WebSite","@id":"https:\/\/stay.bedandchai.com\/#website","url":"https:\/\/stay.bedandchai.com\/","name":"S&#039;installer \u00e0 Delhi avec Bed &amp; Chai","description":"Pour une arriv\u00e9e en douceur","potentialAction":[{"@type":"SearchAction","target":{"@type":"EntryPoint","urlTemplate":"https:\/\/stay.bedandchai.com\/?s={search_term_string}"},"query-input":{"@type":"PropertyValueSpecification","valueRequired":true,"valueName":"search_term_string"}}],"inLanguage":"fr-FR"}]}},"_links":{"self":[{"href":"https:\/\/stay.bedandchai.com\/fr\/wp-json\/wp\/v2\/pages\/793","targetHints":{"allow":["GET"]}}],"collection":[{"href":"https:\/\/stay.bedandchai.com\/fr\/wp-json\/wp\/v2\/pages"}],"about":[{"href":"https:\/\/stay.bedandchai.com\/fr\/wp-json\/wp\/v2\/types\/page"}],"author":[{"embeddable":true,"href":"https:\/\/stay.bedandchai.com\/fr\/wp-json\/wp\/v2\/users\/2"}],"replies":[{"embeddable":true,"href":"https:\/\/stay.bedandchai.com\/fr\/wp-json\/wp\/v2\/comments?post=793"}],"version-history":[{"count":10,"href":"https:\/\/stay.bedandchai.com\/fr\/wp-json\/wp\/v2\/pages\/793\/revisions"}],"predecessor-version":[{"id":803,"href":"https:\/\/stay.bedandchai.com\/fr\/wp-json\/wp\/v2\/pages\/793\/revisions\/803"}],"wp:attachment":[{"href":"https:\/\/stay.bedandchai.com\/fr\/wp-json\/wp\/v2\/media?parent=793"}],"curies":[{"name":"wp","href":"https:\/\/api.w.org\/{rel}","templated":true}]}}