{"id":818,"date":"2016-05-30T07:09:01","date_gmt":"2016-05-30T07:09:01","guid":{"rendered":"http:\/\/stay.bedandchai.com\/?page_id=818"},"modified":"2016-06-20T07:39:43","modified_gmt":"2016-06-20T07:39:43","slug":"plug-india","status":"publish","type":"page","link":"https:\/\/stay.bedandchai.com\/fr\/plug-india\/","title":{"rendered":"Restez branch\u00e9 en Inde !"},"content":{"rendered":"<h2>Les prises \u00e9lectriques en Inde<\/h2>\n<p style=\"text-align: justify;\">L\u2019Inde est pleine de richesses que vous serez ravis de d\u00e9couvrir. N\u00e9anmoins les outils technologiques deviennent souvent une n\u00e9cessit\u00e9 une fois que nous partons loin de chez nous\u00a0: pour appeler nos proches, chercher un itin\u00e9raire sur internet etc. Mais pour cela il faut de l\u2019\u00e9lectricit\u00e9.\u00a0 Nous avons trouv\u00e9 int\u00e9ressant de nous arr\u00eater sur les prises \u00e9lectriques en Inde. En effet peu importe le mod\u00e8le et la marque de votre t\u00e9l\u00e9phone, tablette ou ordinateur, il ne vous sera utile que si vous avez acc\u00e8s \u00e0 des prises \u00e9lectriques capables de les recharger.<\/p>\n<p style=\"text-align: justify;\">Toutes les prises europ\u00e9ennes sont compatibles except\u00e9es les prises anglaises. Si vous poss\u00e9dez un chargeur comme celui apparaissant sur la photo ci-dessous, il vous faudra pr\u00e9voir un adaptateur pour les prises indiennes.<\/p>\n<p><img loading=\"lazy\" decoding=\"async\" class=\"aligncenter wp-image-823 size-medium\" title=\"american charger \" src=\"http:\/\/stay.bedandchai.com\/wp-content\/uploads\/2016\/05\/thumbnail_20160524_094346-e1464609223308-300x218.jpg\" alt=\"hotel delhi\" width=\"300\" height=\"218\" srcset=\"https:\/\/stay.bedandchai.com\/wp-content\/uploads\/2016\/05\/thumbnail_20160524_094346-e1464609223308-300x218.jpg 300w, https:\/\/stay.bedandchai.com\/wp-content\/uploads\/2016\/05\/thumbnail_20160524_094346-e1464609223308.jpg 662w\" sizes=\"auto, (max-width: 300px) 100vw, 300px\" \/><\/p>\n<p style=\"text-align: justify;\">Leur utilisation est prot\u00e9g\u00e9e pour la s\u00e9curit\u00e9 des enfants et pour \u00e9viter les \u00e9tincelles. Afin d\u2019avoir de l\u2019\u00e9lectricit\u00e9 vous devez enfoncer un crayon dans trou sup\u00e9rieur\u00a0(terre) et brancher simultan\u00e9ment votre chargeur.<\/p>\n<p><a href=\"http:\/\/stay.bedandchai.com\/wp-content\/uploads\/2016\/05\/thumbnail_DSC_1053.jpg\"><img loading=\"lazy\" decoding=\"async\" class=\"aligncenter wp-image-819\" title=\"prise \u00e9lectrique inde\" src=\"http:\/\/stay.bedandchai.com\/wp-content\/uploads\/2016\/05\/thumbnail_DSC_1053-300x169.jpg\" alt=\"plug india\" width=\"389\" height=\"219\" srcset=\"https:\/\/stay.bedandchai.com\/wp-content\/uploads\/2016\/05\/thumbnail_DSC_1053-300x169.jpg 300w, https:\/\/stay.bedandchai.com\/wp-content\/uploads\/2016\/05\/thumbnail_DSC_1053-768x432.jpg 768w, https:\/\/stay.bedandchai.com\/wp-content\/uploads\/2016\/05\/thumbnail_DSC_1053-1024x576.jpg 1024w, https:\/\/stay.bedandchai.com\/wp-content\/uploads\/2016\/05\/thumbnail_DSC_1053.jpg 1280w\" sizes=\"auto, (max-width: 389px) 100vw, 389px\" \/><\/a><\/p>\n<p style=\"text-align: justify;\">Les prises sont toutes associ\u00e9es \u00e0 un\u00a0interrupteur placer juste \u00e0 c\u00f4t\u00e9 (au milieu sur la photo).\u00a0N&rsquo;oubliez pas de le mettre en position \u00ab\u00a0on\u00a0\u00bb pour avoir du courant.<\/p>\n<p style=\"text-align: justify;\">Enfin, le courant n&rsquo;est pas stable. Evitez de brancher ordinateurs et t\u00e9l\u00e9phones trop longtemps au risque d&rsquo;abimer votre batterie tr\u00e8s rapidement.<\/p>\n<p>&nbsp;<\/p>\n","protected":false},"excerpt":{"rendered":"<p>Les prises \u00e9lectriques en Inde L\u2019Inde est pleine de richesses que vous serez ravis de d\u00e9couvrir. N\u00e9anmoins les outils technologiques deviennent souvent une n\u00e9cessit\u00e9 une fois que nous partons loin de chez nous\u00a0: pour appeler nos proches, chercher un itin\u00e9raire sur internet etc. Mais pour cela il faut de l\u2019\u00e9lectricit\u00e9.\u00a0 [&hellip;]<\/p>\n","protected":false},"author":2,"featured_media":0,"parent":0,"menu_order":0,"comment_status":"closed","ping_status":"closed","template":"","meta":{"_bbp_topic_count":0,"_bbp_reply_count":0,"_bbp_total_topic_count":0,"_bbp_total_reply_count":0,"_bbp_voice_count":0,"_bbp_anonymous_reply_count":0,"_bbp_topic_count_hidden":0,"_bbp_reply_count_hidden":0,"_bbp_forum_subforum_count":0,"_themeisle_gutenberg_block_has_review":false,"footnotes":""},"class_list":["post-818","page","type-page","status-publish","hentry"],"yoast_head":"<!-- This site is optimized with the Yoast SEO plugin v27.3 - https:\/\/yoast.com\/product\/yoast-seo-wordpress\/ -->\n<title>Restez branch\u00e9 en Inde ! - S&#039;installer \u00e0 Delhi avec Bed &amp; Chai<\/title>\n<meta name=\"description\" content=\"Plug in India look like European Standard. English and American plugs need an adaptator. Here some informations about them.\" \/>\n<meta name=\"robots\" content=\"index, follow, max-snippet:-1, max-image-preview:large, max-video-preview:-1\" \/>\n<link rel=\"canonical\" href=\"https:\/\/stay.bedandchai.com\/plug-india\/\" \/>\n<meta property=\"og:locale\" content=\"fr_FR\" \/>\n<meta property=\"og:type\" content=\"article\" \/>\n<meta property=\"og:title\" content=\"Restez branch\u00e9 en Inde ! - S&#039;installer \u00e0 Delhi avec Bed &amp; Chai\" \/>\n<meta property=\"og:description\" content=\"Plug in India look like European Standard. English and American plugs need an adaptator. Here some informations about them.\" \/>\n<meta property=\"og:url\" content=\"https:\/\/stay.bedandchai.com\/plug-india\/\" \/>\n<meta property=\"og:site_name\" content=\"S&#039;installer \u00e0 Delhi avec Bed &amp; Chai\" \/>\n<meta property=\"article:modified_time\" content=\"2016-06-20T07:39:43+00:00\" \/>\n<meta property=\"og:image\" content=\"https:\/\/stay.bedandchai.com\/wp-content\/uploads\/2016\/05\/thumbnail_20160524_094346-e1464609223308.jpg\" \/>\n\t<meta property=\"og:image:width\" content=\"662\" \/>\n\t<meta property=\"og:image:height\" content=\"480\" \/>\n\t<meta property=\"og:image:type\" content=\"image\/jpeg\" \/>\n<meta name=\"twitter:card\" content=\"summary_large_image\" \/>\n<meta name=\"twitter:label1\" content=\"Dur\u00e9e de lecture estim\u00e9e\" \/>\n\t<meta name=\"twitter:data1\" content=\"1 minute\" \/>\n<script type=\"application\/ld+json\" class=\"yoast-schema-graph\">{\"@context\":\"https:\\\/\\\/schema.org\",\"@graph\":[{\"@type\":\"WebPage\",\"@id\":\"https:\\\/\\\/stay.bedandchai.com\\\/plug-india\\\/\",\"url\":\"https:\\\/\\\/stay.bedandchai.com\\\/plug-india\\\/\",\"name\":\"Restez branch\u00e9 en Inde ! - S&#039;installer \u00e0 Delhi avec Bed &amp; Chai\",\"isPartOf\":{\"@id\":\"https:\\\/\\\/stay.bedandchai.com\\\/#website\"},\"primaryImageOfPage\":{\"@id\":\"https:\\\/\\\/stay.bedandchai.com\\\/plug-india\\\/#primaryimage\"},\"image\":{\"@id\":\"https:\\\/\\\/stay.bedandchai.com\\\/plug-india\\\/#primaryimage\"},\"thumbnailUrl\":\"http:\\\/\\\/stay.bedandchai.com\\\/wp-content\\\/uploads\\\/2016\\\/05\\\/thumbnail_20160524_094346-e1464609223308-300x218.jpg\",\"datePublished\":\"2016-05-30T07:09:01+00:00\",\"dateModified\":\"2016-06-20T07:39:43+00:00\",\"description\":\"Plug in India look like European Standard. English and American plugs need an adaptator. Here some informations about them.\",\"breadcrumb\":{\"@id\":\"https:\\\/\\\/stay.bedandchai.com\\\/plug-india\\\/#breadcrumb\"},\"inLanguage\":\"fr-FR\",\"potentialAction\":[{\"@type\":\"ReadAction\",\"target\":[\"https:\\\/\\\/stay.bedandchai.com\\\/plug-india\\\/\"]}]},{\"@type\":\"ImageObject\",\"inLanguage\":\"fr-FR\",\"@id\":\"https:\\\/\\\/stay.bedandchai.com\\\/plug-india\\\/#primaryimage\",\"url\":\"http:\\\/\\\/stay.bedandchai.com\\\/wp-content\\\/uploads\\\/2016\\\/05\\\/thumbnail_20160524_094346-e1464609223308-300x218.jpg\",\"contentUrl\":\"http:\\\/\\\/stay.bedandchai.com\\\/wp-content\\\/uploads\\\/2016\\\/05\\\/thumbnail_20160524_094346-e1464609223308-300x218.jpg\"},{\"@type\":\"BreadcrumbList\",\"@id\":\"https:\\\/\\\/stay.bedandchai.com\\\/plug-india\\\/#breadcrumb\",\"itemListElement\":[{\"@type\":\"ListItem\",\"position\":1,\"name\":\"Home\",\"item\":\"https:\\\/\\\/stay.bedandchai.com\\\/\"},{\"@type\":\"ListItem\",\"position\":2,\"name\":\"Plug it!\"}]},{\"@type\":\"WebSite\",\"@id\":\"https:\\\/\\\/stay.bedandchai.com\\\/#website\",\"url\":\"https:\\\/\\\/stay.bedandchai.com\\\/\",\"name\":\"S&#039;installer \u00e0 Delhi avec Bed &amp; Chai\",\"description\":\"Pour une arriv\u00e9e en douceur\",\"potentialAction\":[{\"@type\":\"SearchAction\",\"target\":{\"@type\":\"EntryPoint\",\"urlTemplate\":\"https:\\\/\\\/stay.bedandchai.com\\\/?s={search_term_string}\"},\"query-input\":{\"@type\":\"PropertyValueSpecification\",\"valueRequired\":true,\"valueName\":\"search_term_string\"}}],\"inLanguage\":\"fr-FR\"}]}<\/script>\n<!-- \/ Yoast SEO plugin. -->","yoast_head_json":{"title":"Restez branch\u00e9 en Inde ! - S&#039;installer \u00e0 Delhi avec Bed &amp; Chai","description":"Plug in India look like European Standard. English and American plugs need an adaptator. Here some informations about them.","robots":{"index":"index","follow":"follow","max-snippet":"max-snippet:-1","max-image-preview":"max-image-preview:large","max-video-preview":"max-video-preview:-1"},"canonical":"https:\/\/stay.bedandchai.com\/plug-india\/","og_locale":"fr_FR","og_type":"article","og_title":"Restez branch\u00e9 en Inde ! - S&#039;installer \u00e0 Delhi avec Bed &amp; Chai","og_description":"Plug in India look like European Standard. English and American plugs need an adaptator. Here some informations about them.","og_url":"https:\/\/stay.bedandchai.com\/plug-india\/","og_site_name":"S&#039;installer \u00e0 Delhi avec Bed &amp; Chai","article_modified_time":"2016-06-20T07:39:43+00:00","og_image":[{"width":662,"height":480,"url":"https:\/\/stay.bedandchai.com\/wp-content\/uploads\/2016\/05\/thumbnail_20160524_094346-e1464609223308.jpg","type":"image\/jpeg"}],"twitter_card":"summary_large_image","twitter_misc":{"Dur\u00e9e de lecture estim\u00e9e":"1 minute"},"schema":{"@context":"https:\/\/schema.org","@graph":[{"@type":"WebPage","@id":"https:\/\/stay.bedandchai.com\/plug-india\/","url":"https:\/\/stay.bedandchai.com\/plug-india\/","name":"Restez branch\u00e9 en Inde ! - S&#039;installer \u00e0 Delhi avec Bed &amp; Chai","isPartOf":{"@id":"https:\/\/stay.bedandchai.com\/#website"},"primaryImageOfPage":{"@id":"https:\/\/stay.bedandchai.com\/plug-india\/#primaryimage"},"image":{"@id":"https:\/\/stay.bedandchai.com\/plug-india\/#primaryimage"},"thumbnailUrl":"http:\/\/stay.bedandchai.com\/wp-content\/uploads\/2016\/05\/thumbnail_20160524_094346-e1464609223308-300x218.jpg","datePublished":"2016-05-30T07:09:01+00:00","dateModified":"2016-06-20T07:39:43+00:00","description":"Plug in India look like European Standard. English and American plugs need an adaptator. Here some informations about them.","breadcrumb":{"@id":"https:\/\/stay.bedandchai.com\/plug-india\/#breadcrumb"},"inLanguage":"fr-FR","potentialAction":[{"@type":"ReadAction","target":["https:\/\/stay.bedandchai.com\/plug-india\/"]}]},{"@type":"ImageObject","inLanguage":"fr-FR","@id":"https:\/\/stay.bedandchai.com\/plug-india\/#primaryimage","url":"http:\/\/stay.bedandchai.com\/wp-content\/uploads\/2016\/05\/thumbnail_20160524_094346-e1464609223308-300x218.jpg","contentUrl":"http:\/\/stay.bedandchai.com\/wp-content\/uploads\/2016\/05\/thumbnail_20160524_094346-e1464609223308-300x218.jpg"},{"@type":"BreadcrumbList","@id":"https:\/\/stay.bedandchai.com\/plug-india\/#breadcrumb","itemListElement":[{"@type":"ListItem","position":1,"name":"Home","item":"https:\/\/stay.bedandchai.com\/"},{"@type":"ListItem","position":2,"name":"Plug it!"}]},{"@type":"WebSite","@id":"https:\/\/stay.bedandchai.com\/#website","url":"https:\/\/stay.bedandchai.com\/","name":"S&#039;installer \u00e0 Delhi avec Bed &amp; Chai","description":"Pour une arriv\u00e9e en douceur","potentialAction":[{"@type":"SearchAction","target":{"@type":"EntryPoint","urlTemplate":"https:\/\/stay.bedandchai.com\/?s={search_term_string}"},"query-input":{"@type":"PropertyValueSpecification","valueRequired":true,"valueName":"search_term_string"}}],"inLanguage":"fr-FR"}]}},"_links":{"self":[{"href":"https:\/\/stay.bedandchai.com\/fr\/wp-json\/wp\/v2\/pages\/818","targetHints":{"allow":["GET"]}}],"collection":[{"href":"https:\/\/stay.bedandchai.com\/fr\/wp-json\/wp\/v2\/pages"}],"about":[{"href":"https:\/\/stay.bedandchai.com\/fr\/wp-json\/wp\/v2\/types\/page"}],"author":[{"embeddable":true,"href":"https:\/\/stay.bedandchai.com\/fr\/wp-json\/wp\/v2\/users\/2"}],"replies":[{"embeddable":true,"href":"https:\/\/stay.bedandchai.com\/fr\/wp-json\/wp\/v2\/comments?post=818"}],"version-history":[{"count":15,"href":"https:\/\/stay.bedandchai.com\/fr\/wp-json\/wp\/v2\/pages\/818\/revisions"}],"predecessor-version":[{"id":866,"href":"https:\/\/stay.bedandchai.com\/fr\/wp-json\/wp\/v2\/pages\/818\/revisions\/866"}],"wp:attachment":[{"href":"https:\/\/stay.bedandchai.com\/fr\/wp-json\/wp\/v2\/media?parent=818"}],"curies":[{"name":"wp","href":"https:\/\/api.w.org\/{rel}","templated":true}]}}