{"id":948,"date":"2018-06-26T10:13:49","date_gmt":"2018-06-26T10:13:49","guid":{"rendered":"http:\/\/stay.bedandchai.com\/?page_id=948"},"modified":"2020-06-27T14:21:42","modified_gmt":"2020-06-27T14:21:42","slug":"palaces-out-the-tracks","status":"publish","type":"page","link":"https:\/\/stay.bedandchai.com\/fr\/palaces-out-the-tracks\/","title":{"rendered":"Des palais hors des sentiers"},"content":{"rendered":"<h2>H\u00f4tels et patrimoine se retrouvent partout en Inde<\/h2>\n<p>Gr\u00e2ce \u00e0 des programmes de l&rsquo;\u00e9tat encourageant les propri\u00e9taires de vieux palais \u00e0 convertir leurs propri\u00e9t\u00e9s en h\u00f4tels, l&rsquo;Inde voit son offre de s\u00e9jours luxueux mais abordables augmenter chaque jour!<\/p>\n<p>Bien que ce type de propri\u00e9t\u00e9s\u00a0en villes co\u00fbte au moins 15000rs, vous pouvez facilement trouver de beaux endroits\u00a0\u00e0 la campagne \u00e0 partir de 2000rs! Planifiez correctement votre voyage et s\u00e9journez dans un palais du Maharaja \u00e0 un prix doux!<\/p>\n<p>Ci-dessous une petite s\u00e9lection et une carte pour les localiser!<\/p>\n<p><iframe loading=\"lazy\" src=\"https:\/\/www.google.com\/maps\/d\/embed?mid=1oPG8nA4VXwopxZ9RDJKfOiFuTUo3yVoj\" width=\"640\" height=\"480\"><\/iframe><\/p>\n<p>Tous les lieux sont \u00e9galement accessibles depuis Delhi pour un court week-end!<\/p>\n<h3><img loading=\"lazy\" decoding=\"async\" class=\"size-medium wp-image-4261 alignleft\" src=\"http:\/\/blog.bedandchai.com\/wp-content\/uploads\/2018\/03\/kalakho-300x200.jpg\" alt=\"\" width=\"300\" height=\"200\" \/>Fort Madhogarh<\/h3>\n<p>A une heure de Jaipur.<\/p>\n<p><a href=\"http:\/\/www.fortmadhogarh.in\">www.fortmadhogarh.in<\/a><\/p>\n<p>Village Madhogarh, Tehsil Bassi,\u00a0 Jaipur (Raj.) INDIA<br \/>\nTel: +91-98290-56676<br \/>\nreservation@FortMadhogarh.in<\/p>\n<p>Mieux vaut appeler pour confirmer la r\u00e9servation.<\/p>\n<h3><\/h3>\n<p>&nbsp;<\/p>\n<h3>Ghanerao Royal Castle<img loading=\"lazy\" decoding=\"async\" class=\"alignright size-medium wp-image-4256\" src=\"http:\/\/blog.bedandchai.com\/wp-content\/uploads\/2018\/03\/ghanerao-300x148.jpg\" alt=\"ghanerao\" width=\"300\" height=\"148\" \/><\/h3>\n<p>A une heure d&rsquo;Udaipur sur la route des temples de Ranakpur.<\/p>\n<p><a href=\"http:\/\/www.ghanerao.com\">www.ghanerao.com<\/a><\/p>\n<p>Village Post Ghanerao<br \/>\nTel: +91 9829784035<br \/>\nbookghaneraocastle@gmail.com<\/p>\n<h3><a href=\"http:\/\/blog.bedandchai.com\/wp-content\/uploads\/2018\/03\/bijay-palace.jpg\"><img loading=\"lazy\" decoding=\"async\" class=\"alignleft size-medium wp-image-4248\" src=\"http:\/\/blog.bedandchai.com\/wp-content\/uploads\/2018\/03\/bijay-palace-300x225.jpg\" alt=\"bijay palace\" width=\"300\" height=\"225\" \/><\/a>Bijay Niwas Palace<\/h3>\n<p><a href=\"http:\/\/www.bijayniwaspalace.com\/\">www.bijayniwaspalace.com<\/a><\/p>\n<p>Model Farm, Bijaynagar, Ajmer, Rajasthan<br \/>\nTel: 9983929266<br \/>\nbookbijayniwas@gmail.com<\/p>\n<p>Avec piscine<\/p>\n<p>Depuis Delhi,\u00a0prendre le train vers Bilwara.<\/p>\n<p>&nbsp;<\/p>\n<p>&nbsp;<\/p>\n<h3><\/h3>\n<h3>Ram Bihari Palace<a href=\"http:\/\/blog.bedandchai.com\/wp-content\/uploads\/2018\/03\/rambiharipalace.jpg\"><img loading=\"lazy\" decoding=\"async\" class=\"alignright size-medium wp-image-4268\" src=\"http:\/\/blog.bedandchai.com\/wp-content\/uploads\/2018\/03\/rambiharipalace-300x200.jpg\" alt=\"rambiharipalace\" width=\"300\" height=\"200\" \/><\/a><\/h3>\n<p><a href=\"http:\/\/rambiharipalace.com\/\">www.rambiharipalace.com<\/a><\/p>\n<p>Village Kishanpur, Siliserh, Alwar, Rajasthan<br \/>\nTel: (+91) 9461872671 \/ (+91) 9414317942<br \/>\nexplore@rambiharipalace.com<\/p>\n<p>Vous pouvez sur la route le mus\u00e9e du train de Rewari.<\/p>\n<p>A seulement 15 km d&rsquo;Alwar, l&rsquo;h\u00f4tel est en face d&rsquo;un lac, au milieu de nulle part. Allez rendre visite aux p\u00eacheurs!<\/p>\n<h3><a href=\"http:\/\/blog.bedandchai.com\/wp-content\/uploads\/2018\/03\/roopangarh.jpg\"><img loading=\"lazy\" decoding=\"async\" class=\"alignleft size-medium wp-image-4269\" src=\"http:\/\/blog.bedandchai.com\/wp-content\/uploads\/2018\/03\/roopangarh-300x200.jpg\" alt=\"roopangarh\" width=\"300\" height=\"200\" \/><\/a>Roopangarh Fort<\/h3>\n<p><a href=\"http:\/\/roopangarh.royalkishangarh.com\/\">http:\/\/roopangarh.royalkishangarh.com<\/a><\/p>\n<p>Roopangarh &#8211; 305814, Rajasthan, India<br \/>\nTel:\u00a001497-225217,225444<br \/>\nMob:\u00a0+91 9414670193<br \/>\nroopangarhfort@yahoo.co.uk<\/p>\n<p>Mieux vaut appeler pour confirmer la r\u00e9servation.<\/p>\n<p>Pas loin de Sambhar lake qui vaut le d\u00e9tour!<\/p>\n<h3>Guler Heritage Nature Camp<a href=\"http:\/\/blog.bedandchai.com\/wp-content\/uploads\/2018\/03\/guler-heritage.jpg\"><img loading=\"lazy\" decoding=\"async\" class=\"alignright size-medium wp-image-4257\" src=\"http:\/\/blog.bedandchai.com\/wp-content\/uploads\/2018\/03\/guler-heritage-300x225.jpg\" alt=\"guler heritage\" width=\"300\" height=\"225\" \/><\/a><\/h3>\n<p><a href=\"https:\/\/www.facebook.com\/Guler-Heritage-Nature-Camp-761239320585222\/\">www.facebook.com\/Guler-Heritage-Nature-Camp-761239320585222\/<\/a><\/p>\n<p>Tel:\u00a0094180 60202<\/p>\n<p>Prendre le bus pour Haripur et s&rsquo;arr\u00eater \u00e0 Gaddal airport. Accessible \u00e9galement par le toy train de Pathankot \u00e0 Nandpur.<\/p>\n<p>En cours de r\u00e9novation. Possibilit\u00e9 de camper. Un endroit super pour les amoureux de la nature!<\/p>\n<p>&nbsp;<\/p>\n<p>&nbsp;<\/p>\n<h3><a href=\"http:\/\/blog.bedandchai.com\/wp-content\/uploads\/2018\/03\/bijaipur.jpg\"><img loading=\"lazy\" decoding=\"async\" class=\"alignleft size-medium wp-image-4245\" src=\"http:\/\/blog.bedandchai.com\/wp-content\/uploads\/2018\/03\/bijaipur-300x200.jpg\" alt=\"bijaipur\" width=\"300\" height=\"200\" \/><\/a>Castle Bijaipur<\/h3>\n<p>H\u00f4tel pr\u00e8s de Chittorgarh<\/p>\n<p>Avec pishine<\/p>\n<p><a href=\"http:\/\/www.castlebijaipur.co.in\/\">www.castlebijaipur.co.in<\/a><\/p>\n<p>Village\/Post \u2013 Bijaipur<br \/>\nVia \u2013 Bassi, District \u2013 Chittorgarh<br \/>\nRajasthan<br \/>\nTel: +91 1472 276351<br \/>\nMob: +91 94141 11510<br \/>\nhpratapp@hotmail.com,\u00a0hcbsales@gmail.com<\/p>\n<h3>Bhairon Vilas, Bikaner<a href=\"http:\/\/blog.bedandchai.com\/wp-content\/uploads\/2018\/03\/bikaner.jpg\"><img loading=\"lazy\" decoding=\"async\" class=\"alignright size-medium wp-image-4249\" src=\"http:\/\/blog.bedandchai.com\/wp-content\/uploads\/2018\/03\/bikaner-300x200.jpg\" alt=\"bikaner\" width=\"300\" height=\"200\" \/><\/a><\/h3>\n<p><a href=\"http:\/\/www.bhaironvilas.com\">www.bhaironvilas.com<\/a><\/p>\n<p>D\u00e9tenu par le cousin du Raja de Bikaner, un grand collectionneur. Endroit vraiment original!<\/p>\n<p>Avec piscine<br \/>\nNear Junagarh Fort, Bikaner<br \/>\nTel:0151-2544751<br \/>\nMob: Anand Singh&#8211;9928312283, Ajay Sharma\u20149414500269<br \/>\nhbhairon@rediffmail.com<\/p>\n<p>Mieux vaut appeler pour confirmer la r\u00e9servation.<\/p>\n<h3><a href=\"http:\/\/blog.bedandchai.com\/wp-content\/uploads\/2018\/03\/bundi.jpg\"><img loading=\"lazy\" decoding=\"async\" class=\"alignleft size-medium wp-image-4251\" src=\"http:\/\/blog.bedandchai.com\/wp-content\/uploads\/2018\/03\/bundi-300x225.jpg\" alt=\"\" width=\"300\" height=\"225\" \/><\/a>Haveli Braj Bhushanjee<\/h3>\n<p>Bundi a de nombreuses havelis h\u00f4tels!<\/p>\n<p><a href=\"http:\/\/www.kiplingsbundi.com\">www.kiplingsbundi.com<\/a><\/p>\n<p>Below Palace, Opp. Ayurvedic Hospital,<br \/>\nBUNDI, Rajasthan<br \/>\nTel: +91 747-2442322<br \/>\nhavelibb@gmail.com\u00a0or res@kiplingsbundi.com<\/p>\n<p>&nbsp;<\/p>\n<p>&nbsp;<\/p>\n<h3><\/h3>\n<h3>Walterre, Dehradun<a href=\"http:\/\/blog.bedandchai.com\/wp-content\/uploads\/2018\/03\/walterre.jpg\"><img loading=\"lazy\" decoding=\"async\" class=\"alignright size-medium wp-image-4275\" src=\"http:\/\/blog.bedandchai.com\/wp-content\/uploads\/2018\/03\/walterre-300x300.jpg\" alt=\"walterre\" width=\"300\" height=\"300\" \/><\/a><\/h3>\n<p><a href=\"http:\/\/www.walterre.co.in\">www.walterre.co.in<\/a><\/p>\n<p>Tel: +91-9266519519<br \/>\ninfo@asianadventures.in<\/p>\n<p>&nbsp;<\/p>\n<p>&nbsp;<\/p>\n<p>&nbsp;<\/p>\n<p>&nbsp;<\/p>\n<p>&nbsp;<\/p>\n<p>&nbsp;<\/p>\n<p>&nbsp;<\/p>\n<h3><a href=\"http:\/\/blog.bedandchai.com\/wp-content\/uploads\/2018\/03\/bharatpur.jpg\"><img loading=\"lazy\" decoding=\"async\" class=\"alignleft size-medium wp-image-4244\" src=\"http:\/\/blog.bedandchai.com\/wp-content\/uploads\/2018\/03\/bharatpur-300x225.jpg\" alt=\"bharatpur\" width=\"300\" height=\"225\" \/><\/a>Bharatpur heritage, The\u00a0birders\u00a0inn<\/h3>\n<p>Magnifique parc national pour oiseaux \u00e0 Bharatpur<\/p>\n<p>Avec piscine<\/p>\n<p><a href=\"http:\/\/www.birdersinn.com\">www.birdersinn.com<\/a><\/p>\n<p>Bird Sanctuary Road<br \/>\nBharatpur, Rajasthan<\/p>\n<p>Tel: \u00a0+915644297050<br \/>\nbookings@birdersinn.com<\/p>\n<h3><\/h3>\n<p>&nbsp;<\/p>\n<h3>The Judge&rsquo;s court, Pragpur, heritage village<a href=\"http:\/\/blog.bedandchai.com\/wp-content\/uploads\/2018\/03\/pragpur.jpg\"><img loading=\"lazy\" decoding=\"async\" class=\"alignright size-medium wp-image-4266\" src=\"http:\/\/blog.bedandchai.com\/wp-content\/uploads\/2018\/03\/pragpur-300x225.jpg\" alt=\"pragpur\" width=\"300\" height=\"225\" \/><\/a><\/h3>\n<p>Pragpur est l&rsquo;unique village h\u00e9ritage d&rsquo;Inde<\/p>\n<p><a href=\"http:\/\/www.judgescourt.com\">www.judgescourt.com<\/a><\/p>\n<p>Jai Bhawan, Pragpur, Dist Kangra Himachal Pradesh<br \/>\nTel: +91(1970) 245035, 245335<br \/>\ninfo@judgescourt.com<\/p>\n<p>&nbsp;<\/p>\n<p>&nbsp;<\/p>\n<h3><a href=\"http:\/\/blog.bedandchai.com\/wp-content\/uploads\/2018\/03\/andretta.jpg\"><img loading=\"lazy\" decoding=\"async\" class=\"alignleft size-medium wp-image-4243\" src=\"http:\/\/blog.bedandchai.com\/wp-content\/uploads\/2018\/03\/andretta-300x198.jpg\" alt=\"andretta\" width=\"300\" height=\"198\" \/><\/a>Mirage, Andretta<\/h3>\n<p>Visitez l&rsquo;atelier de potterie de Mimi! Village parfait pour des cours de yoga ou de potterie!<\/p>\n<p><a href=\"http:\/\/www.mirageandretta.com\">www.mirageandretta.com<\/a><\/p>\n<p>District Kangra, Himachal Pradesh<br \/>\nTel: +91 9805702026<br \/>\nmirageandretta@gmail.com<\/p>\n<p>&nbsp;<\/p>\n<h3>Clouds end Villa<a href=\"http:\/\/blog.bedandchai.com\/wp-content\/uploads\/2018\/03\/cloud-end-villa.gif\"><img loading=\"lazy\" decoding=\"async\" class=\"alignright size-medium wp-image-4253\" src=\"http:\/\/blog.bedandchai.com\/wp-content\/uploads\/2018\/03\/cloud-end-villa-300x225.gif\" alt=\"cloud end villa\" width=\"300\" height=\"225\" \/><\/a><\/h3>\n<p>Pr\u00e8s de Mcleodganj mais beaucoup plus calme.<\/p>\n<p><a href=\"http:\/\/www.kangragroup.com\/cloudsendvilla.shtml\">www.kangragroup.com\/cloudsendvilla.shtml<\/a><\/p>\n<p>Contact Person: Mr. Raghuveer Singh<br \/>\nMob: 01892 &#8211; 224904 \/ 222109<br \/>\nsales@cloudsendvilla.com<\/p>\n<p>&nbsp;<\/p>\n<h3><a href=\"http:\/\/blog.bedandchai.com\/wp-content\/uploads\/2018\/03\/surajfort-pool.gif\"><img loading=\"lazy\" decoding=\"async\" class=\"alignleft size-medium wp-image-4272\" src=\"http:\/\/blog.bedandchai.com\/wp-content\/uploads\/2018\/03\/surajfort-pool-300x151.gif\" alt=\"surajfort pool\" width=\"300\" height=\"151\" \/><\/a>Surajgarh Fort<\/h3>\n<p><a href=\"http:\/\/www.kangragroup.com\/surajgarhfort.shtml\">www.kangragroup.com\/surajgarhfort.shtml<\/a><br \/>\nTel\u00a0: \u00a0+91-98102 19991 \/ +91-93512 21226<br \/>\nbooking@royalkangra.com<\/p>\n<h3><\/h3>\n<p>&nbsp;<\/p>\n<p>&nbsp;<\/p>\n<p>&nbsp;<\/p>\n<h3>Deo Bagh, Gwalior<a href=\"http:\/\/blog.bedandchai.com\/wp-content\/uploads\/2018\/03\/deo-bagh.jpg\"><img loading=\"lazy\" decoding=\"async\" class=\"alignright size-medium wp-image-4276\" src=\"http:\/\/blog.bedandchai.com\/wp-content\/uploads\/2018\/03\/deo-bagh-300x171.jpg\" alt=\"deo bagh\" width=\"300\" height=\"171\" \/><\/a><\/h3>\n<p><a href=\"http:\/\/www.neemranahotels.com\/deo-bagh-gwalior-madhya-pradesh\/\">www.neemranahotels.com\/deo-bagh-gwalior-madhya-pradesh\/<\/a><\/p>\n<p>Neemrana a de nombreuses propri\u00e9t\u00e9s en Inde. Gwalior fait partie des plus abordables.<\/p>\n<p>&nbsp;<\/p>\n<p>&nbsp;<\/p>\n<h3><a href=\"http:\/\/blog.bedandchai.com\/wp-content\/uploads\/2018\/03\/fort-barli.jpg\"><img loading=\"lazy\" decoding=\"async\" class=\"alignleft size-medium wp-image-4255\" src=\"http:\/\/blog.bedandchai.com\/wp-content\/uploads\/2018\/03\/fort-barli-300x208.jpg\" alt=\"fort barli\" width=\"300\" height=\"208\" \/><\/a>Fort Barli<\/h3>\n<p>Avec piscine<\/p>\n<p><a href=\"http:\/\/www.fortbarli.com\">www.fortbarli.com<\/a><\/p>\n<p>Village Barli, District Ajmer, Rajasthan, INDIA<br \/>\nTel: +91-141-220 0770<br \/>\nservice@fortbarli.com \/ reservations@fortbarli.com<\/p>\n<p>&nbsp;<\/p>\n<p>&nbsp;<\/p>\n<h3>Devpur homestay, in Kutch<a href=\"http:\/\/blog.bedandchai.com\/wp-content\/uploads\/2018\/03\/devpur-homestay.jpg\"><img loading=\"lazy\" decoding=\"async\" class=\"alignright size-medium wp-image-4254\" src=\"http:\/\/blog.bedandchai.com\/wp-content\/uploads\/2018\/03\/devpur-homestay-300x199.jpg\" alt=\"devpur homestay\" width=\"300\" height=\"199\" \/><\/a><\/h3>\n<p><a href=\"https:\/\/sites.google.com\/site\/devpurhomestay\/\">https:\/\/sites.google.com\/site\/devpurhomestay\/<\/a><\/p>\n<p>Krutarthsinh Jadeja, Darbargadh<br \/>\nDevpur, Kutch<br \/>\nTel: +91 2835 283065<br \/>\nks.devpur@gmail.com<\/p>\n<p>&nbsp;<\/p>\n<h3><a href=\"http:\/\/blog.bedandchai.com\/wp-content\/uploads\/2018\/03\/lebua.jpg\"><img loading=\"lazy\" decoding=\"async\" class=\"alignleft size-medium wp-image-4263\" src=\"http:\/\/blog.bedandchai.com\/wp-content\/uploads\/2018\/03\/lebua-300x152.jpg\" alt=\"lebua\" width=\"300\" height=\"152\" \/><\/a>Lebua Lucknow<\/h3>\n<p>Avec piscine<\/p>\n<p><a href=\"http:\/\/www.lebua.com\/lebua-lucknow\">www.lebua.com\/lebua-lucknow<\/a><\/p>\n<p>Saraca Estate, 19, Mall Avenue, Lucknow<br \/>\nTel: (91) 5222 238 333<br \/>\nreservationslucknow@lebua.com<\/p>\n<h3>Sheikpura koti<a href=\"http:\/\/blog.bedandchai.com\/wp-content\/uploads\/2018\/03\/sheikpura.jpg\"><img loading=\"lazy\" decoding=\"async\" class=\"alignright size-medium wp-image-4271\" src=\"http:\/\/blog.bedandchai.com\/wp-content\/uploads\/2018\/03\/sheikpura-225x300.jpg\" alt=\"sheikpura\" width=\"225\" height=\"300\" \/><\/a><\/h3>\n<p><a href=\"http:\/\/www.welcomheritagehotels.in\/hotel-details\/sheikhpura-kothi-hansi\">www.welcomheritagehotels.in\/hotel-details\/sheikhpura-kothi-hansi<\/a><\/p>\n<p>Hansi, Dist. Hissar<br \/>\nHansi \u00a0Haryana \u00a0 122002\u00a0 India<br \/>\nTel.+91 1663 295855<\/p>\n<p>&nbsp;<\/p>\n<p>&nbsp;<\/p>\n<p>&nbsp;<\/p>\n<p>&nbsp;<\/p>\n<p>&nbsp;<\/p>\n<h3><a href=\"http:\/\/blog.bedandchai.com\/wp-content\/uploads\/2018\/03\/leprincehaveli.jpg\"><img loading=\"lazy\" decoding=\"async\" class=\"size-medium wp-image-4305 alignleft\" src=\"http:\/\/blog.bedandchai.com\/wp-content\/uploads\/2018\/03\/leprincehaveli-214x300.jpg\" alt=\"le prince haveli\" width=\"214\" height=\"300\" \/><\/a>Nadine Le Prince Haveli<\/h3>\n<p><a href=\"https:\/\/www.leprincehaveli.com\/\">www.leprincehaveli.com<\/a><\/p>\n<p>Near Chauhan Well<br \/>\nFatehpur Shekhawati<br \/>\nDistrict Sikar, Rajasthan<br \/>\nMobile :\u00a008094 880977<br \/>\ninfo@leprincehaveli.net<\/p>\n<p>Homestay et atelier de restauration, ce haveli est magnifiquement peint et d\u00e9cor\u00e9.<br \/>\nAvec piscine et bar<\/p>\n<p>Accessible en train depuis Churu. Vous pouvez \u00e9galement visiter Ramgarh et Mandawa. Sheikhawati est le paradis pour les amateurs d&rsquo;architecture et de fresques!<\/p>\n","protected":false},"excerpt":{"rendered":"<p>H\u00f4tels et patrimoine se retrouvent partout en Inde Gr\u00e2ce \u00e0 des programmes de l&rsquo;\u00e9tat encourageant les propri\u00e9taires de vieux palais \u00e0 convertir leurs propri\u00e9t\u00e9s en h\u00f4tels, l&rsquo;Inde voit son offre de s\u00e9jours luxueux mais abordables augmenter chaque jour! Bien que ce type de propri\u00e9t\u00e9s\u00a0en villes co\u00fbte au moins 15000rs, vous [&hellip;]<\/p>\n","protected":false},"author":2,"featured_media":0,"parent":0,"menu_order":0,"comment_status":"closed","ping_status":"closed","template":"","meta":{"_bbp_topic_count":0,"_bbp_reply_count":0,"_bbp_total_topic_count":0,"_bbp_total_reply_count":0,"_bbp_voice_count":0,"_bbp_anonymous_reply_count":0,"_bbp_topic_count_hidden":0,"_bbp_reply_count_hidden":0,"_bbp_forum_subforum_count":0,"_themeisle_gutenberg_block_has_review":false,"footnotes":""},"class_list":["post-948","page","type-page","status-publish","hentry"],"yoast_head":"<!-- This site is optimized with the Yoast SEO plugin v27.4 - https:\/\/yoast.com\/product\/yoast-seo-wordpress\/ -->\n<title>Des palais hors des sentiers - S&#039;installer \u00e0 Delhi avec Bed &amp; Chai<\/title>\n<meta name=\"robots\" content=\"index, follow, max-snippet:-1, max-image-preview:large, max-video-preview:-1\" \/>\n<link rel=\"canonical\" href=\"https:\/\/stay.bedandchai.com\/fr\/palaces-out-the-tracks\/\" \/>\n<meta property=\"og:locale\" content=\"fr_FR\" \/>\n<meta property=\"og:type\" content=\"article\" \/>\n<meta property=\"og:title\" content=\"Des palais hors des sentiers - S&#039;installer \u00e0 Delhi avec Bed &amp; Chai\" \/>\n<meta property=\"og:description\" content=\"H\u00f4tels et patrimoine se retrouvent partout en Inde Gr\u00e2ce \u00e0 des programmes de l&rsquo;\u00e9tat encourageant les propri\u00e9taires de vieux palais \u00e0 convertir leurs propri\u00e9t\u00e9s en h\u00f4tels, l&rsquo;Inde voit son offre de s\u00e9jours luxueux mais abordables augmenter chaque jour! Bien que ce type de propri\u00e9t\u00e9s\u00a0en villes co\u00fbte au moins 15000rs, vous [&hellip;]\" \/>\n<meta property=\"og:url\" content=\"https:\/\/stay.bedandchai.com\/fr\/palaces-out-the-tracks\/\" \/>\n<meta property=\"og:site_name\" content=\"S&#039;installer \u00e0 Delhi avec Bed &amp; Chai\" \/>\n<meta property=\"article:modified_time\" content=\"2020-06-27T14:21:42+00:00\" \/>\n<meta name=\"twitter:card\" content=\"summary_large_image\" \/>\n<meta name=\"twitter:label1\" content=\"Dur\u00e9e de lecture estim\u00e9e\" \/>\n\t<meta name=\"twitter:data1\" content=\"4 minutes\" \/>\n<script type=\"application\/ld+json\" class=\"yoast-schema-graph\">{\"@context\":\"https:\\\/\\\/schema.org\",\"@graph\":[{\"@type\":\"WebPage\",\"@id\":\"https:\\\/\\\/stay.bedandchai.com\\\/fr\\\/palaces-out-the-tracks\\\/\",\"url\":\"https:\\\/\\\/stay.bedandchai.com\\\/fr\\\/palaces-out-the-tracks\\\/\",\"name\":\"Des palais hors des sentiers - S&#039;installer \u00e0 Delhi avec Bed &amp; Chai\",\"isPartOf\":{\"@id\":\"https:\\\/\\\/stay.bedandchai.com\\\/#website\"},\"primaryImageOfPage\":{\"@id\":\"https:\\\/\\\/stay.bedandchai.com\\\/fr\\\/palaces-out-the-tracks\\\/#primaryimage\"},\"image\":{\"@id\":\"https:\\\/\\\/stay.bedandchai.com\\\/fr\\\/palaces-out-the-tracks\\\/#primaryimage\"},\"thumbnailUrl\":\"http:\\\/\\\/blog.bedandchai.com\\\/wp-content\\\/uploads\\\/2018\\\/03\\\/kalakho-300x200.jpg\",\"datePublished\":\"2018-06-26T10:13:49+00:00\",\"dateModified\":\"2020-06-27T14:21:42+00:00\",\"breadcrumb\":{\"@id\":\"https:\\\/\\\/stay.bedandchai.com\\\/fr\\\/palaces-out-the-tracks\\\/#breadcrumb\"},\"inLanguage\":\"fr-FR\",\"potentialAction\":[{\"@type\":\"ReadAction\",\"target\":[\"https:\\\/\\\/stay.bedandchai.com\\\/fr\\\/palaces-out-the-tracks\\\/\"]}]},{\"@type\":\"ImageObject\",\"inLanguage\":\"fr-FR\",\"@id\":\"https:\\\/\\\/stay.bedandchai.com\\\/fr\\\/palaces-out-the-tracks\\\/#primaryimage\",\"url\":\"http:\\\/\\\/blog.bedandchai.com\\\/wp-content\\\/uploads\\\/2018\\\/03\\\/kalakho-300x200.jpg\",\"contentUrl\":\"http:\\\/\\\/blog.bedandchai.com\\\/wp-content\\\/uploads\\\/2018\\\/03\\\/kalakho-300x200.jpg\"},{\"@type\":\"BreadcrumbList\",\"@id\":\"https:\\\/\\\/stay.bedandchai.com\\\/fr\\\/palaces-out-the-tracks\\\/#breadcrumb\",\"itemListElement\":[{\"@type\":\"ListItem\",\"position\":1,\"name\":\"Home\",\"item\":\"https:\\\/\\\/stay.bedandchai.com\\\/\"},{\"@type\":\"ListItem\",\"position\":2,\"name\":\"Des palais hors des sentiers\"}]},{\"@type\":\"WebSite\",\"@id\":\"https:\\\/\\\/stay.bedandchai.com\\\/#website\",\"url\":\"https:\\\/\\\/stay.bedandchai.com\\\/\",\"name\":\"S&#039;installer \u00e0 Delhi avec Bed &amp; Chai\",\"description\":\"Pour une arriv\u00e9e en douceur\",\"potentialAction\":[{\"@type\":\"SearchAction\",\"target\":{\"@type\":\"EntryPoint\",\"urlTemplate\":\"https:\\\/\\\/stay.bedandchai.com\\\/?s={search_term_string}\"},\"query-input\":{\"@type\":\"PropertyValueSpecification\",\"valueRequired\":true,\"valueName\":\"search_term_string\"}}],\"inLanguage\":\"fr-FR\"}]}<\/script>\n<!-- \/ Yoast SEO plugin. -->","yoast_head_json":{"title":"Des palais hors des sentiers - S&#039;installer \u00e0 Delhi avec Bed &amp; Chai","robots":{"index":"index","follow":"follow","max-snippet":"max-snippet:-1","max-image-preview":"max-image-preview:large","max-video-preview":"max-video-preview:-1"},"canonical":"https:\/\/stay.bedandchai.com\/fr\/palaces-out-the-tracks\/","og_locale":"fr_FR","og_type":"article","og_title":"Des palais hors des sentiers - S&#039;installer \u00e0 Delhi avec Bed &amp; Chai","og_description":"H\u00f4tels et patrimoine se retrouvent partout en Inde Gr\u00e2ce \u00e0 des programmes de l&rsquo;\u00e9tat encourageant les propri\u00e9taires de vieux palais \u00e0 convertir leurs propri\u00e9t\u00e9s en h\u00f4tels, l&rsquo;Inde voit son offre de s\u00e9jours luxueux mais abordables augmenter chaque jour! Bien que ce type de propri\u00e9t\u00e9s\u00a0en villes co\u00fbte au moins 15000rs, vous [&hellip;]","og_url":"https:\/\/stay.bedandchai.com\/fr\/palaces-out-the-tracks\/","og_site_name":"S&#039;installer \u00e0 Delhi avec Bed &amp; Chai","article_modified_time":"2020-06-27T14:21:42+00:00","twitter_card":"summary_large_image","twitter_misc":{"Dur\u00e9e de lecture estim\u00e9e":"4 minutes"},"schema":{"@context":"https:\/\/schema.org","@graph":[{"@type":"WebPage","@id":"https:\/\/stay.bedandchai.com\/fr\/palaces-out-the-tracks\/","url":"https:\/\/stay.bedandchai.com\/fr\/palaces-out-the-tracks\/","name":"Des palais hors des sentiers - S&#039;installer \u00e0 Delhi avec Bed &amp; Chai","isPartOf":{"@id":"https:\/\/stay.bedandchai.com\/#website"},"primaryImageOfPage":{"@id":"https:\/\/stay.bedandchai.com\/fr\/palaces-out-the-tracks\/#primaryimage"},"image":{"@id":"https:\/\/stay.bedandchai.com\/fr\/palaces-out-the-tracks\/#primaryimage"},"thumbnailUrl":"http:\/\/blog.bedandchai.com\/wp-content\/uploads\/2018\/03\/kalakho-300x200.jpg","datePublished":"2018-06-26T10:13:49+00:00","dateModified":"2020-06-27T14:21:42+00:00","breadcrumb":{"@id":"https:\/\/stay.bedandchai.com\/fr\/palaces-out-the-tracks\/#breadcrumb"},"inLanguage":"fr-FR","potentialAction":[{"@type":"ReadAction","target":["https:\/\/stay.bedandchai.com\/fr\/palaces-out-the-tracks\/"]}]},{"@type":"ImageObject","inLanguage":"fr-FR","@id":"https:\/\/stay.bedandchai.com\/fr\/palaces-out-the-tracks\/#primaryimage","url":"http:\/\/blog.bedandchai.com\/wp-content\/uploads\/2018\/03\/kalakho-300x200.jpg","contentUrl":"http:\/\/blog.bedandchai.com\/wp-content\/uploads\/2018\/03\/kalakho-300x200.jpg"},{"@type":"BreadcrumbList","@id":"https:\/\/stay.bedandchai.com\/fr\/palaces-out-the-tracks\/#breadcrumb","itemListElement":[{"@type":"ListItem","position":1,"name":"Home","item":"https:\/\/stay.bedandchai.com\/"},{"@type":"ListItem","position":2,"name":"Des palais hors des sentiers"}]},{"@type":"WebSite","@id":"https:\/\/stay.bedandchai.com\/#website","url":"https:\/\/stay.bedandchai.com\/","name":"S&#039;installer \u00e0 Delhi avec Bed &amp; Chai","description":"Pour une arriv\u00e9e en douceur","potentialAction":[{"@type":"SearchAction","target":{"@type":"EntryPoint","urlTemplate":"https:\/\/stay.bedandchai.com\/?s={search_term_string}"},"query-input":{"@type":"PropertyValueSpecification","valueRequired":true,"valueName":"search_term_string"}}],"inLanguage":"fr-FR"}]}},"_links":{"self":[{"href":"https:\/\/stay.bedandchai.com\/fr\/wp-json\/wp\/v2\/pages\/948","targetHints":{"allow":["GET"]}}],"collection":[{"href":"https:\/\/stay.bedandchai.com\/fr\/wp-json\/wp\/v2\/pages"}],"about":[{"href":"https:\/\/stay.bedandchai.com\/fr\/wp-json\/wp\/v2\/types\/page"}],"author":[{"embeddable":true,"href":"https:\/\/stay.bedandchai.com\/fr\/wp-json\/wp\/v2\/users\/2"}],"replies":[{"embeddable":true,"href":"https:\/\/stay.bedandchai.com\/fr\/wp-json\/wp\/v2\/comments?post=948"}],"version-history":[{"count":9,"href":"https:\/\/stay.bedandchai.com\/fr\/wp-json\/wp\/v2\/pages\/948\/revisions"}],"predecessor-version":[{"id":991,"href":"https:\/\/stay.bedandchai.com\/fr\/wp-json\/wp\/v2\/pages\/948\/revisions\/991"}],"wp:attachment":[{"href":"https:\/\/stay.bedandchai.com\/fr\/wp-json\/wp\/v2\/media?parent=948"}],"curies":[{"name":"wp","href":"https:\/\/api.w.org\/{rel}","templated":true}]}}