{"id":953,"date":"2018-06-26T10:19:01","date_gmt":"2018-06-26T10:19:01","guid":{"rendered":"http:\/\/stay.bedandchai.com\/?page_id=953"},"modified":"2020-06-27T14:20:28","modified_gmt":"2020-06-27T14:20:28","slug":"echapper-la-chaleur-de-delhi","status":"publish","type":"page","link":"https:\/\/stay.bedandchai.com\/fr\/echapper-la-chaleur-de-delhi\/","title":{"rendered":"\u00c9chapper \u00e0 la chaleur de Delhi"},"content":{"rendered":"<h2>Vous voulez \u00e9chapper \u00e0 la chaleur de Delhi et respirer un peu d&rsquo;air frais?<\/h2>\n<p>Voici notre s\u00e9lection de destinations week-end d\u00e9cal\u00e9es! Tous les lieux peuvent \u00eatre atteints en bus en une nuit. Parfait pour \u00e9chapper \u00e0 la ville, \u00e0 un prix abordable!<\/p>\n<p><iframe loading=\"lazy\" src=\"https:\/\/www.google.com\/maps\/d\/embed?mid=1XwOtAGRQOpTh1lPvUioNyGvXxVcSjEHr\" width=\"640\" height=\"480\"><\/iframe><\/p>\n<h3>Kolti Camp<\/h3>\n<p><a href=\"http:\/\/blog.bedandchai.com\/wp-content\/uploads\/2018\/06\/kolti.jpg\"><img loading=\"lazy\" decoding=\"async\" class=\"alignleft size-medium wp-image-4323\" src=\"http:\/\/blog.bedandchai.com\/wp-content\/uploads\/2018\/06\/kolti-300x225.jpg\" alt=\"kolti camp\" width=\"300\" height=\"225\" \/><\/a>Installez votre tente pr\u00e8s de Landour. Ce beau village est \u00e0 2 heures de trek du fameux chardukan de Mussoorie.<\/p>\n<p><a href=\"http:\/\/www.kolticamp.com\/\" target=\"_blank\" rel=\"noopener noreferrer\">www.kolticamp.com<\/a><\/p>\n<p>Environ 2500rs pour la tente et 3 repas.<\/p>\n<p>&nbsp;<\/p>\n<p>&nbsp;<\/p>\n<p>&nbsp;<\/p>\n<p>&nbsp;<\/p>\n<hr \/>\n<h3>Bir Billing Paragliding<a href=\"http:\/\/blog.bedandchai.com\/wp-content\/uploads\/2018\/06\/bir.jpg\"><img loading=\"lazy\" decoding=\"async\" class=\"alignright size-medium wp-image-4324\" src=\"http:\/\/blog.bedandchai.com\/wp-content\/uploads\/2018\/06\/bir-300x200.jpg\" alt=\"bir billing\" width=\"300\" height=\"200\" \/><\/a><\/h3>\n<p>Himachal tourism a maintenant des bus directs vers le meilleur spot de parapente en Asie! De nombreuses maisons d&rsquo;h\u00f4tes ont ouvert.<\/p>\n<p>Nous aimons <a href=\"http:\/\/www.namlanghimaltourism.org\" target=\"_blank\" rel=\"noopener noreferrer\">www.namlanghimaltourism.org<\/a>\u00a0qui aide les r\u00e9fugi\u00e9s tib\u00e9tains et les populations locales avec ses 12 chalets. \u00c0 1200rs \/ nuit.<\/p>\n<p>Le toy train au d\u00e9part de Pathankot (7 heures de trajet) est un must-to-do \u00e9galement!<\/p>\n<p>&nbsp;<\/p>\n<p>&nbsp;<\/p>\n<hr \/>\n<h3>Gaunap &#8211; Idyllic Haven Homestay<\/h3>\n<p><a href=\"http:\/\/blog.bedandchai.com\/wp-content\/uploads\/2018\/06\/gaunap.jpg\"><img loading=\"lazy\" decoding=\"async\" class=\"alignleft size-medium wp-image-4325\" src=\"http:\/\/blog.bedandchai.com\/wp-content\/uploads\/2018\/06\/gaunap-300x225.jpg\" alt=\"gaunap\" width=\"300\" height=\"225\" \/><\/a>Cet ecostay est \u00e0 1 heure de trek de Binsar Wildlife Sanctuary. Ouvert en 2005, d\u00e9couvrez ce beau village avec ses l\u00e9gumes bio et ses plantes ayurv\u00e9diques. Un vrai paradis!<\/p>\n<p><a href=\"http:\/\/www.outdoers.in\/eco-stays\/\" target=\"_blank\" rel=\"noopener noreferrer\">www.outdoers.in\/eco-stays<\/a><\/p>\n<p>1700rs par personne avec tous les repas inclus.<\/p>\n<p>&nbsp;<\/p>\n<p>&nbsp;<\/p>\n<p>&nbsp;<\/p>\n<p>&nbsp;<\/p>\n<hr \/>\n<h3>Not on Map<a href=\"http:\/\/blog.bedandchai.com\/wp-content\/uploads\/2018\/06\/h20.jpg\"><img loading=\"lazy\" decoding=\"async\" class=\"alignright size-medium wp-image-4327\" src=\"http:\/\/blog.bedandchai.com\/wp-content\/uploads\/2018\/06\/h20-300x225.jpg\" alt=\"h20\" width=\"300\" height=\"225\" \/><\/a><\/h3>\n<p><a href=\"http:\/\/www.notonmap.com\" target=\"_blank\" rel=\"noopener noreferrer\">www.notonmap.com<\/a> a diff\u00e9rents s\u00e9jours int\u00e9ressants \u00e0 vous offrir. Nous avons essay\u00e9 :<\/p>\n<h3>H20 House<\/h3>\n<p>Pr\u00e8s de Chamba avec une petite rivi\u00e8re qui traverse litt\u00e9ralement la maison d&rsquo;h\u00f4tes. Ils produisent leur propre farine, meilleur chapatti! Vous pouvez prendre un bain frais dans la rivi\u00e8re juste en bas de votre chalet.<\/p>\n<h3><\/h3>\n<h3><\/h3>\n<p>&nbsp;<\/p>\n<h3>The Clay Muse<a href=\"http:\/\/blog.bedandchai.com\/wp-content\/uploads\/2018\/06\/clay-muse.jpg\"><img loading=\"lazy\" decoding=\"async\" class=\"alignright size-medium wp-image-4326\" src=\"http:\/\/blog.bedandchai.com\/wp-content\/uploads\/2018\/06\/clay-muse-300x225.jpg\" alt=\"clay muse\" width=\"300\" height=\"225\" \/><\/a><\/h3>\n<p>pr\u00e8s de Dalhousie, \u00e0 30 minutes de marche de Panchpula. Pour dormir pr\u00e8s des ours!<\/p>\n<p>Environ 2000rs.<\/p>\n<p>&nbsp;<\/p>\n<p>&nbsp;<\/p>\n<p>&nbsp;<\/p>\n<p>&nbsp;<\/p>\n<hr \/>\n<h3><a href=\"http:\/\/blog.bedandchai.com\/wp-content\/uploads\/2018\/06\/guler.jpg\"><img loading=\"lazy\" decoding=\"async\" class=\"alignleft size-medium wp-image-4328\" src=\"http:\/\/blog.bedandchai.com\/wp-content\/uploads\/2018\/06\/guler-300x225.jpg\" alt=\"guler\" width=\"300\" height=\"225\" \/><\/a>Guler Heritage Nature Camp<\/h3>\n<p>Ce camping est \u00e0 l&rsquo;int\u00e9rieur d&rsquo;un manoiir que le propri\u00e9taire tente de restaurer lentement.<\/p>\n<p>Vous pouvez camper ou rester dans l&rsquo;une des chambres qui a \u00e9t\u00e9 restaur\u00e9e.<\/p>\n<p>Parfait pour observer la faune. Faites un tour en bateau sur le barrage de Pong, le plus grand lac artificiel d&rsquo;Inde et observez les oiseaux.<\/p>\n<p><a href=\"https:\/\/www.facebook.com\/Guler-Heritage-Nature-Camp-761239320585222\/\" target=\"_blank\" rel=\"noopener noreferrer\">www.facebook.com\/Guler-Heritage-Nature-Camp<\/a><\/p>\n<p>Environ 2000rs.<\/p>\n<hr \/>\n<h3>Jilling Estate<a href=\"http:\/\/blog.bedandchai.com\/wp-content\/uploads\/2018\/06\/jilling.jpg\"><img loading=\"lazy\" decoding=\"async\" class=\"alignright size-medium wp-image-4329\" src=\"http:\/\/blog.bedandchai.com\/wp-content\/uploads\/2018\/06\/jilling-300x225.jpg\" alt=\"jilling estate\" width=\"300\" height=\"225\" \/><\/a><\/h3>\n<p>\u00c0 45 min de la route la plus proche, Jilling n&rsquo;est pas loin de Nainital. L&rsquo;Estate est parfait pour une longue journ\u00e9e de trek. Rencontrez le propri\u00e9taire Steve Lall, un ancien pilote de chasse, un ancien planteur de th\u00e9, un rebelle, un \u00e9cologiste et un v\u00e9t\u00e9tiste! Il a beaucoup d&rsquo;histoires \u00e0 raconter!<\/p>\n<p>Cottage tout en haut est si mignon!<\/p>\n<p><a href=\"http:\/\/www.jilling.net\" target=\"_blank\" rel=\"noopener noreferrer\">www.jilling.net<\/a><\/p>\n<p>3500rs par personne tous les repas inclus.<\/p>\n<hr \/>\n<h3><a href=\"http:\/\/blog.bedandchai.com\/wp-content\/uploads\/2018\/06\/jeolikot.jpg\"><img loading=\"lazy\" decoding=\"async\" class=\"alignleft size-medium wp-image-4331\" src=\"http:\/\/blog.bedandchai.com\/wp-content\/uploads\/2018\/06\/jeolikot-300x300.jpg\" alt=\"jeolikot\" width=\"300\" height=\"300\" \/><\/a>The Cottage Jeolikot<\/h3>\n<p>Pr\u00e8s de Pathankot, ce chalet est un endroit facile \u00e0 visiter pour un court week-end.<\/p>\n<p>L&rsquo;h\u00f4tesse est l&rsquo;architecte elle-m\u00eame de cette maison originale.<\/p>\n<p><a href=\"http:\/\/www.thecottagejeolikot.com\/\" target=\"_blank\" rel=\"noopener noreferrer\">www.thecottagejeolikot.com<\/a><\/p>\n<p>Entre 4500\u00a0et 6000rs.<\/p>\n<p>&nbsp;<\/p>\n<p>&nbsp;<\/p>\n<p>&nbsp;<\/p>\n<p>&nbsp;<\/p>\n<hr \/>\n<h3>Seclude<a href=\"http:\/\/blog.bedandchai.com\/wp-content\/uploads\/2018\/06\/palampur.jpg\"><img loading=\"lazy\" decoding=\"async\" class=\"alignright size-medium wp-image-4332\" src=\"http:\/\/blog.bedandchai.com\/wp-content\/uploads\/2018\/06\/palampur-300x225.jpg\" alt=\"palampur\" width=\"300\" height=\"225\" \/><\/a><\/h3>\n<p><a href=\"http:\/\/www.seclude.in\" target=\"_blank\" rel=\"noopener noreferrer\">www.seclude.in<\/a>\u00a0est un autre site sp\u00e9cialis\u00e9 dans les destinations hors des sentiers battus.<\/p>\n<p>Nous avons essay\u00e9 celui de Palampur, nich\u00e9 au milieu des plantations de th\u00e9. Jolie maison!<\/p>\n<p>Environ 4500rs.<\/p>\n<p>&nbsp;<\/p>\n<p>&nbsp;<\/p>\n<p>&nbsp;<\/p>\n<hr \/>\n<h3><a href=\"http:\/\/blog.bedandchai.com\/wp-content\/uploads\/2018\/06\/walterre.jpg\"><img loading=\"lazy\" decoding=\"async\" class=\"alignleft size-medium wp-image-4333\" src=\"http:\/\/blog.bedandchai.com\/wp-content\/uploads\/2018\/06\/walterre-300x225.jpg\" alt=\"walterre\" width=\"300\" height=\"225\" \/><\/a>Walterre\u00a0resort<\/h3>\n<p>\u00c0 Dehradun, dans le cantonnement, ce lieu de vill\u00e9giature est parfait pour un week-end paresseux \u00e0 lire des livres dans le jardin.<\/p>\n<p><a href=\"http:\/\/www.walterre.co.in\/\" target=\"_blank\" rel=\"noopener noreferrer\">www.walterre.co.in<\/a><\/p>\n<p>Environ 3500rs pour une chambre double.<\/p>\n<p>&nbsp;<\/p>\n<p>&nbsp;<\/p>\n<p>&nbsp;<\/p>\n<hr \/>\n<h3>Andretta<a href=\"http:\/\/blog.bedandchai.com\/wp-content\/uploads\/2018\/06\/andretta.jpg\"><img loading=\"lazy\" decoding=\"async\" class=\"alignright size-medium wp-image-4334\" src=\"http:\/\/blog.bedandchai.com\/wp-content\/uploads\/2018\/06\/andretta-300x225.jpg\" alt=\"andretta\" width=\"300\" height=\"225\" \/><\/a><\/h3>\n<p>Andretta est un village d&rsquo;artistes nich\u00e9 dans les contreforts de la cha\u00eene de Dhauladhar.<\/p>\n<p>S\u00e9journez au Mirage pour une retraite de yoga ou prenez un cours de poterie chez Andretta Pottery avec Mansimran Singh.<\/p>\n<p><a href=\"http:\/\/www.mirageandretta.com\/\" target=\"_blank\" rel=\"noopener noreferrer\">www.mirageandretta.com<\/a><\/p>\n<p><a href=\"http:\/\/andretta-pottery.business.site\/\" target=\"_blank\" rel=\"noopener noreferrer\">andretta-pottery.business.site<\/a><\/p>\n<p>&nbsp;<\/p>\n<p>&nbsp;<\/p>\n<hr \/>\n<h3><a href=\"http:\/\/blog.bedandchai.com\/wp-content\/uploads\/2018\/06\/naggar.jpg\"><img loading=\"lazy\" decoding=\"async\" class=\"alignleft size-medium wp-image-4335\" src=\"http:\/\/blog.bedandchai.com\/wp-content\/uploads\/2018\/06\/naggar-300x225.jpg\" alt=\"naggar\" width=\"300\" height=\"225\" \/><\/a>Naggar<\/h3>\n<p>Avant Manali et sa foule, d\u00e9couvrez le Naggar moins connu et son ch\u00e2teau!<\/p>\n<p><a href=\"http:\/\/www.raginicottagesnaggar.com\" target=\"_blank\" rel=\"noopener noreferrer\">www.raginicottagesnaggar.com<\/a>\u00a0a un excellent chef!<\/p>\n<p>Environ 2500rs.<\/p>\n<p>&nbsp;<\/p>\n<p>&nbsp;<\/p>\n<p>&nbsp;<\/p>\n<hr \/>\n<h3>Pragpur<a href=\"http:\/\/blog.bedandchai.com\/wp-content\/uploads\/2018\/06\/pragpur.jpg\"><img loading=\"lazy\" decoding=\"async\" class=\"alignright size-medium wp-image-4336\" src=\"http:\/\/blog.bedandchai.com\/wp-content\/uploads\/2018\/06\/pragpur-300x225.jpg\" alt=\"pragpur\" width=\"300\" height=\"225\" \/><\/a><\/h3>\n<p>Village\u00a0class\u00e9 patrimoine dans la vall\u00e9e de Kangra, Pragpur n&rsquo;est comme aucun autre village en Inde! Un incontournable!<\/p>\n<p>Le Judge Court est un beau manoir pour y s\u00e9journer ou d\u00e9jeuner, avec une piscine!<\/p>\n<p>Environ 6000rs \/ nuit<\/p>\n<p><a href=\"http:\/\/judgescourt.com\/\" target=\"_blank\" rel=\"noopener noreferrer\">www.judgescourt.com<\/a><\/p>\n<p>&nbsp;<\/p>\n<p>&nbsp;<\/p>\n<hr \/>\n<h3><a href=\"http:\/\/blog.bedandchai.com\/wp-content\/uploads\/2018\/06\/raju.jpg\"><img loading=\"lazy\" decoding=\"async\" class=\"size-medium wp-image-4337 alignleft\" src=\"http:\/\/blog.bedandchai.com\/wp-content\/uploads\/2018\/06\/raju-225x300.jpg\" alt=\"raju guesthouse\" width=\"225\" height=\"300\" \/><\/a>Tirthan Valley<\/h3>\n<p>Pr\u00e8s du Great Himalayan National Park, la vall\u00e9e offre de nombreux h\u00e9bergements agr\u00e9ables.<\/p>\n<p>La Guest House de Raju Bharti est au milieu de la rivi\u00e8re que vous devez traverser dans un trolley!<\/p>\n<p><a href=\"https:\/\/www.facebook.com\/rajuscottage.goshaini\" target=\"_blank\" rel=\"noopener noreferrer\">www.facebook.com\/rajuscottage.goshaini<\/a><\/p>\n<p>Environ 2000rs par personne tous les repas inclus.<\/p>\n<p>Ou allez camper \u00e0 l&rsquo;int\u00e9rieur du parc! <a href=\"http:\/\/himalayanecotourism.in\" target=\"_blank\" rel=\"noopener noreferrer\">himalayanecotourism.in<\/a> propose diff\u00e9rentes options de randonn\u00e9es dans le respect de la nature et des hommes.<\/p>\n<p>&nbsp;<\/p>\n<p>&nbsp;<\/p>\n<hr \/>\n<h3>Landour<a href=\"http:\/\/blog.bedandchai.com\/wp-content\/uploads\/2018\/06\/landour.jpg\"><img loading=\"lazy\" decoding=\"async\" class=\"size-medium wp-image-4338 alignright\" src=\"http:\/\/blog.bedandchai.com\/wp-content\/uploads\/2018\/06\/landour-300x200.jpg\" alt=\"landour\" width=\"300\" height=\"200\" \/><\/a><\/h3>\n<p>Au-dessus de Mussoorie, la zone de cantonnement, Landour, est beaucoup plus calme avec un je-ne-sais-quoi tr\u00e8s britannique.<br \/>\nDomas Inn est une excellente maison d&rsquo;h\u00f4tes, avec une touche tib\u00e9taine!<\/p>\n<p><a href=\"http:\/\/www.momotours.com\/doma-inn.html\" target=\"_blank\" rel=\"noopener noreferrer\">www.momotours.com\/doma-inn.html<\/a><\/p>\n<p>environ 3000rs\/night.<\/p>\n<p>Char Dukan est le meilleur endroit pour un petit d\u00e9jeuner t\u00f4t le matin ou un plat de Maggi!<\/p>\n<hr \/>\n<h3><a href=\"http:\/\/blog.bedandchai.com\/wp-content\/uploads\/2018\/06\/pahadihouse.jpg\"><img loading=\"lazy\" decoding=\"async\" class=\"alignleft size-medium wp-image-4339\" src=\"http:\/\/blog.bedandchai.com\/wp-content\/uploads\/2018\/06\/pahadihouse-300x225.jpg\" alt=\"pahadi\" width=\"300\" height=\"225\" \/><\/a>Pahadi house<\/h3>\n<p>Un logement \u00e9cologique pr\u00e8s de Mussoorie. Autour de 6000 rs avec le petit d\u00e9jeuner et le d\u00eener<\/p>\n<p><a href=\"https:\/\/pahadihouse.com\/\" target=\"_blank\" rel=\"noopener noreferrer\">www.pahadihouse.com<\/a><\/p>\n<p>&nbsp;<\/p>\n<p>&nbsp;<\/p>\n<p>&nbsp;<\/p>\n<p>&nbsp;<\/p>\n<p>&nbsp;<\/p>\n<hr \/>\n<h3>Sonapani Himalayan village<a href=\"http:\/\/blog.bedandchai.com\/wp-content\/uploads\/2018\/06\/sonapani.jpg\"><img loading=\"lazy\" decoding=\"async\" class=\"size-medium wp-image-4340 alignright\" src=\"http:\/\/blog.bedandchai.com\/wp-content\/uploads\/2018\/06\/sonapani-300x225.jpg\" alt=\"sonapani\" width=\"300\" height=\"225\" \/><\/a><\/h3>\n<p>Pr\u00e8s de Mukteshwar, profitez d&rsquo;un endroit pittoresque loin\u00a0des touristes.\u00a0Les h\u00f4tes sont extr\u00eamement sympatiques!<\/p>\n<p><a href=\"http:\/\/www.sonapani.in\/\" target=\"_blank\" rel=\"noopener noreferrer\">www.sonapani.in<\/a><\/p>\n<p>Environ 6000rs avec tous les repas.<\/p>\n","protected":false},"excerpt":{"rendered":"<p>Vous voulez \u00e9chapper \u00e0 la chaleur de Delhi et respirer un peu d&rsquo;air frais? Voici notre s\u00e9lection de destinations week-end d\u00e9cal\u00e9es! Tous les lieux peuvent \u00eatre atteints en bus en une nuit. Parfait pour \u00e9chapper \u00e0 la ville, \u00e0 un prix abordable! Kolti Camp Installez votre tente pr\u00e8s de Landour. [&hellip;]<\/p>\n","protected":false},"author":2,"featured_media":0,"parent":0,"menu_order":0,"comment_status":"closed","ping_status":"closed","template":"","meta":{"_bbp_topic_count":0,"_bbp_reply_count":0,"_bbp_total_topic_count":0,"_bbp_total_reply_count":0,"_bbp_voice_count":0,"_bbp_anonymous_reply_count":0,"_bbp_topic_count_hidden":0,"_bbp_reply_count_hidden":0,"_bbp_forum_subforum_count":0,"_themeisle_gutenberg_block_has_review":false,"footnotes":""},"class_list":["post-953","page","type-page","status-publish","hentry"],"yoast_head":"<!-- This site is optimized with the Yoast SEO plugin v27.4 - https:\/\/yoast.com\/product\/yoast-seo-wordpress\/ -->\n<title>\u00c9chapper \u00e0 la chaleur de Delhi - S&#039;installer \u00e0 Delhi avec Bed &amp; Chai<\/title>\n<meta name=\"description\" content=\"(English) Want to escape Delhi heat and breathe some fresh air? Here our selection of offbeat weekend destinations! All the places can be reached by bus.\" \/>\n<meta name=\"robots\" content=\"index, follow, max-snippet:-1, max-image-preview:large, max-video-preview:-1\" \/>\n<link rel=\"canonical\" href=\"https:\/\/stay.bedandchai.com\/fr\/echapper-la-chaleur-de-delhi\/\" \/>\n<meta property=\"og:locale\" content=\"fr_FR\" \/>\n<meta property=\"og:type\" content=\"article\" \/>\n<meta property=\"og:title\" content=\"\u00c9chapper \u00e0 la chaleur de Delhi - S&#039;installer \u00e0 Delhi avec Bed &amp; Chai\" \/>\n<meta property=\"og:description\" content=\"(English) Want to escape Delhi heat and breathe some fresh air? Here our selection of offbeat weekend destinations! All the places can be reached by bus.\" \/>\n<meta property=\"og:url\" content=\"https:\/\/stay.bedandchai.com\/fr\/echapper-la-chaleur-de-delhi\/\" \/>\n<meta property=\"og:site_name\" content=\"S&#039;installer \u00e0 Delhi avec Bed &amp; Chai\" \/>\n<meta property=\"article:modified_time\" content=\"2020-06-27T14:20:28+00:00\" \/>\n<meta name=\"twitter:card\" content=\"summary_large_image\" \/>\n<meta name=\"twitter:label1\" content=\"Dur\u00e9e de lecture estim\u00e9e\" \/>\n\t<meta name=\"twitter:data1\" content=\"4 minutes\" \/>\n<script type=\"application\/ld+json\" class=\"yoast-schema-graph\">{\"@context\":\"https:\\\/\\\/schema.org\",\"@graph\":[{\"@type\":\"WebPage\",\"@id\":\"https:\\\/\\\/stay.bedandchai.com\\\/fr\\\/echapper-la-chaleur-de-delhi\\\/\",\"url\":\"https:\\\/\\\/stay.bedandchai.com\\\/fr\\\/echapper-la-chaleur-de-delhi\\\/\",\"name\":\"\u00c9chapper \u00e0 la chaleur de Delhi - S&#039;installer \u00e0 Delhi avec Bed &amp; Chai\",\"isPartOf\":{\"@id\":\"https:\\\/\\\/stay.bedandchai.com\\\/#website\"},\"primaryImageOfPage\":{\"@id\":\"https:\\\/\\\/stay.bedandchai.com\\\/fr\\\/echapper-la-chaleur-de-delhi\\\/#primaryimage\"},\"image\":{\"@id\":\"https:\\\/\\\/stay.bedandchai.com\\\/fr\\\/echapper-la-chaleur-de-delhi\\\/#primaryimage\"},\"thumbnailUrl\":\"http:\\\/\\\/blog.bedandchai.com\\\/wp-content\\\/uploads\\\/2018\\\/06\\\/kolti-300x225.jpg\",\"datePublished\":\"2018-06-26T10:19:01+00:00\",\"dateModified\":\"2020-06-27T14:20:28+00:00\",\"description\":\"(English) Want to escape Delhi heat and breathe some fresh air? Here our selection of offbeat weekend destinations! All the places can be reached by bus.\",\"breadcrumb\":{\"@id\":\"https:\\\/\\\/stay.bedandchai.com\\\/fr\\\/echapper-la-chaleur-de-delhi\\\/#breadcrumb\"},\"inLanguage\":\"fr-FR\",\"potentialAction\":[{\"@type\":\"ReadAction\",\"target\":[\"https:\\\/\\\/stay.bedandchai.com\\\/fr\\\/echapper-la-chaleur-de-delhi\\\/\"]}]},{\"@type\":\"ImageObject\",\"inLanguage\":\"fr-FR\",\"@id\":\"https:\\\/\\\/stay.bedandchai.com\\\/fr\\\/echapper-la-chaleur-de-delhi\\\/#primaryimage\",\"url\":\"http:\\\/\\\/blog.bedandchai.com\\\/wp-content\\\/uploads\\\/2018\\\/06\\\/kolti-300x225.jpg\",\"contentUrl\":\"http:\\\/\\\/blog.bedandchai.com\\\/wp-content\\\/uploads\\\/2018\\\/06\\\/kolti-300x225.jpg\"},{\"@type\":\"BreadcrumbList\",\"@id\":\"https:\\\/\\\/stay.bedandchai.com\\\/fr\\\/echapper-la-chaleur-de-delhi\\\/#breadcrumb\",\"itemListElement\":[{\"@type\":\"ListItem\",\"position\":1,\"name\":\"Home\",\"item\":\"https:\\\/\\\/stay.bedandchai.com\\\/\"},{\"@type\":\"ListItem\",\"position\":2,\"name\":\"\u00c9chapper \u00e0 la chaleur de Delhi\"}]},{\"@type\":\"WebSite\",\"@id\":\"https:\\\/\\\/stay.bedandchai.com\\\/#website\",\"url\":\"https:\\\/\\\/stay.bedandchai.com\\\/\",\"name\":\"S&#039;installer \u00e0 Delhi avec Bed &amp; Chai\",\"description\":\"Pour une arriv\u00e9e en douceur\",\"potentialAction\":[{\"@type\":\"SearchAction\",\"target\":{\"@type\":\"EntryPoint\",\"urlTemplate\":\"https:\\\/\\\/stay.bedandchai.com\\\/?s={search_term_string}\"},\"query-input\":{\"@type\":\"PropertyValueSpecification\",\"valueRequired\":true,\"valueName\":\"search_term_string\"}}],\"inLanguage\":\"fr-FR\"}]}<\/script>\n<!-- \/ Yoast SEO plugin. -->","yoast_head_json":{"title":"\u00c9chapper \u00e0 la chaleur de Delhi - S&#039;installer \u00e0 Delhi avec Bed &amp; Chai","description":"(English) Want to escape Delhi heat and breathe some fresh air? Here our selection of offbeat weekend destinations! All the places can be reached by bus.","robots":{"index":"index","follow":"follow","max-snippet":"max-snippet:-1","max-image-preview":"max-image-preview:large","max-video-preview":"max-video-preview:-1"},"canonical":"https:\/\/stay.bedandchai.com\/fr\/echapper-la-chaleur-de-delhi\/","og_locale":"fr_FR","og_type":"article","og_title":"\u00c9chapper \u00e0 la chaleur de Delhi - S&#039;installer \u00e0 Delhi avec Bed &amp; Chai","og_description":"(English) Want to escape Delhi heat and breathe some fresh air? Here our selection of offbeat weekend destinations! All the places can be reached by bus.","og_url":"https:\/\/stay.bedandchai.com\/fr\/echapper-la-chaleur-de-delhi\/","og_site_name":"S&#039;installer \u00e0 Delhi avec Bed &amp; Chai","article_modified_time":"2020-06-27T14:20:28+00:00","twitter_card":"summary_large_image","twitter_misc":{"Dur\u00e9e de lecture estim\u00e9e":"4 minutes"},"schema":{"@context":"https:\/\/schema.org","@graph":[{"@type":"WebPage","@id":"https:\/\/stay.bedandchai.com\/fr\/echapper-la-chaleur-de-delhi\/","url":"https:\/\/stay.bedandchai.com\/fr\/echapper-la-chaleur-de-delhi\/","name":"\u00c9chapper \u00e0 la chaleur de Delhi - S&#039;installer \u00e0 Delhi avec Bed &amp; Chai","isPartOf":{"@id":"https:\/\/stay.bedandchai.com\/#website"},"primaryImageOfPage":{"@id":"https:\/\/stay.bedandchai.com\/fr\/echapper-la-chaleur-de-delhi\/#primaryimage"},"image":{"@id":"https:\/\/stay.bedandchai.com\/fr\/echapper-la-chaleur-de-delhi\/#primaryimage"},"thumbnailUrl":"http:\/\/blog.bedandchai.com\/wp-content\/uploads\/2018\/06\/kolti-300x225.jpg","datePublished":"2018-06-26T10:19:01+00:00","dateModified":"2020-06-27T14:20:28+00:00","description":"(English) Want to escape Delhi heat and breathe some fresh air? Here our selection of offbeat weekend destinations! All the places can be reached by bus.","breadcrumb":{"@id":"https:\/\/stay.bedandchai.com\/fr\/echapper-la-chaleur-de-delhi\/#breadcrumb"},"inLanguage":"fr-FR","potentialAction":[{"@type":"ReadAction","target":["https:\/\/stay.bedandchai.com\/fr\/echapper-la-chaleur-de-delhi\/"]}]},{"@type":"ImageObject","inLanguage":"fr-FR","@id":"https:\/\/stay.bedandchai.com\/fr\/echapper-la-chaleur-de-delhi\/#primaryimage","url":"http:\/\/blog.bedandchai.com\/wp-content\/uploads\/2018\/06\/kolti-300x225.jpg","contentUrl":"http:\/\/blog.bedandchai.com\/wp-content\/uploads\/2018\/06\/kolti-300x225.jpg"},{"@type":"BreadcrumbList","@id":"https:\/\/stay.bedandchai.com\/fr\/echapper-la-chaleur-de-delhi\/#breadcrumb","itemListElement":[{"@type":"ListItem","position":1,"name":"Home","item":"https:\/\/stay.bedandchai.com\/"},{"@type":"ListItem","position":2,"name":"\u00c9chapper \u00e0 la chaleur de Delhi"}]},{"@type":"WebSite","@id":"https:\/\/stay.bedandchai.com\/#website","url":"https:\/\/stay.bedandchai.com\/","name":"S&#039;installer \u00e0 Delhi avec Bed &amp; Chai","description":"Pour une arriv\u00e9e en douceur","potentialAction":[{"@type":"SearchAction","target":{"@type":"EntryPoint","urlTemplate":"https:\/\/stay.bedandchai.com\/?s={search_term_string}"},"query-input":{"@type":"PropertyValueSpecification","valueRequired":true,"valueName":"search_term_string"}}],"inLanguage":"fr-FR"}]}},"_links":{"self":[{"href":"https:\/\/stay.bedandchai.com\/fr\/wp-json\/wp\/v2\/pages\/953","targetHints":{"allow":["GET"]}}],"collection":[{"href":"https:\/\/stay.bedandchai.com\/fr\/wp-json\/wp\/v2\/pages"}],"about":[{"href":"https:\/\/stay.bedandchai.com\/fr\/wp-json\/wp\/v2\/types\/page"}],"author":[{"embeddable":true,"href":"https:\/\/stay.bedandchai.com\/fr\/wp-json\/wp\/v2\/users\/2"}],"replies":[{"embeddable":true,"href":"https:\/\/stay.bedandchai.com\/fr\/wp-json\/wp\/v2\/comments?post=953"}],"version-history":[{"count":3,"href":"https:\/\/stay.bedandchai.com\/fr\/wp-json\/wp\/v2\/pages\/953\/revisions"}],"predecessor-version":[{"id":990,"href":"https:\/\/stay.bedandchai.com\/fr\/wp-json\/wp\/v2\/pages\/953\/revisions\/990"}],"wp:attachment":[{"href":"https:\/\/stay.bedandchai.com\/fr\/wp-json\/wp\/v2\/media?parent=953"}],"curies":[{"name":"wp","href":"https:\/\/api.w.org\/{rel}","templated":true}]}}